{"id":689,"date":"2018-12-21T17:00:50","date_gmt":"2018-12-21T20:00:50","guid":{"rendered":"https:\/\/frsnweb2.frsn.utn.edu.ar\/?page_id=689"},"modified":"2018-12-21T17:00:50","modified_gmt":"2018-12-21T20:00:50","slug":"aula-chacabuco","status":"publish","type":"page","link":"https:\/\/www.frsn.utn.edu.ar\/?page_id=689","title":{"rendered":"Aula Chacabuco"},"content":{"rendered":"<p>La FRSN de la UTN comenz\u00f3 sus actividades en la ciudad de Chacabuco hace m\u00e1s 25 a\u00f1os cuando, hacia los a\u00f1os 1985-1986, comenzaron a realizarse estudios preliminares conjuntamente entre la Facultad y la Municipalidad, destinados a evaluar la posibilidad de inserci\u00f3n en la ciudad de Chacabuco.<\/p>\n<p>En el a\u00f1o 1986, la Facultad elabor\u00f3 un\u00a0Plan de Formaci\u00f3n de Docentes Universitarios, destinado a crear en el futuro condiciones para el desarrollo de educaci\u00f3n universitaria en la ciudad, con el convencimiento que una actividad de ese tipo y por las caracter\u00edsticas de la localidad, su desarrollo implicaba gran parte del cuerpo de docentes locales. En el a\u00f1o 1989 se desarroll\u00f3 en la ciudad el primer curso de ingreso a la FRSN, que sigui\u00f3 implement\u00e1ndose hasta el a\u00f1o 1996, cuando se abri\u00f3 la primera carrera universitaria de la Facultad en Chacabuco. Cuando comenz\u00f3 sus actividades, el Aula Chacabuco de la FRSN ocupaba \u2013a contraturno- las instalaciones del Colegio Industrial de Chacabuco.<\/p>\n<p>En 1990 se firm\u00f3 el primer convenio entre la FRSN y la Municipalidad de Chacabuco para el desarrollo de\u00a0Cursos de Formaci\u00f3n Docente para Niveles Universitario, Terciario y Medio, con el objeto de articular niveles y formar un equipo docente capaz de llevar adelante la ense\u00f1anza universitaria.\u00a0 Estos cursos se realizaron entre los a\u00f1os 1991 y 1995. Mientras tanto, en 1992 tambi\u00e9n se comenz\u00f3 a desarrollar en el marco de la FRSN el\u00a0Curso de Formaci\u00f3n Universitariadestinado a estudiantes del \u00faltimo a\u00f1o del nivel medio, fomentando la inserci\u00f3n y permanencia en las instituciones universitarias.\u00a0 Estos cursos, de duraci\u00f3n entre seis y ocho meses, configuraron modelos de integraci\u00f3n siguiendo el enfoque del nuevo dise\u00f1o curricular de la UTN, y se implementaron con este formato hasta el a\u00f1o 1997.\u00a0\u00a0 De ah\u00ed en adelante siguieron haci\u00e9ndose pero con menos duraci\u00f3n.<\/p>\n<p>Entre los a\u00f1os 1994 y 1995 la FRSN desarroll\u00f3 \u00edntegramente en la ciudad de Chacabuco y a ciclo cerrado el\u00a0Curso de Posgrado de Especializaci\u00f3n en Ingenier\u00eda de la Calidad. En el a\u00f1o 1995, se firma un convenio de Articulaci\u00f3n en la FRSN con el Colegio Nacional Superior de la ciudad, que incluye actividades educativas de niveles Polimodal y Superior. En 1996, la FRSN abre en la ciudad de Chacabuco la primera carrera universitaria: la\u00a0Tecnicatura Superior en Industrias Alimentarias (TSIA), carrera corta que se pens\u00f3 inicialmente para dos ciclos, pero la creciente demanda de sus egresados sobrepas\u00f3 las expectativas al punto de hoy d\u00eda seguir abierta, siendo la carrera con mayor continuidad de la FRSN en la ciudad (salvo algunos a\u00f1os que no se abri\u00f3).<\/p>\n<p>Durante los a\u00f1os 1996-2001 continuaron las actividades ininterrumpidas del Aula en la ciudad, y en el 2001 se produce la apertura de la segunda carrera universitaria y primera carrera de grado: la\u00a0Licenciatura en Organizaci\u00f3n Industrial (LOI), carrera de 4 a\u00f1os que forma a un profesional ligado a tareas de organizaci\u00f3n de la producci\u00f3n de bienes y servicios.\u00a0 La LOI se reabri\u00f3 tambi\u00e9n en los a\u00f1os 2004, 2005, 2008 y 2009.<\/p>\n<p>Entre los a\u00f1os 2002 y 2003, comienza una segunda etapa de inserci\u00f3n en las tareas productivas de la regi\u00f3n.\u00a0 Trabajos de Mapeo Econ\u00f3mico y Actualizaci\u00f3n de Estudios de Demanda Regional.\u00a0 Trabajos de Diagn\u00f3stico de Empresas.\u00a0 Desarrollo de Proyectos de Cr\u00e9dito Fiscal con empresas de la ciudad. Con la firma del convenio de Articulaci\u00f3n con el Colegio Nacional Superior, las actividades pasaron a desarrollarse en el edificio del colegio, hasta el a\u00f1o 2010 que, por una cuesti\u00f3n de espacios, el Aula Chacabuco pas\u00f3 a funcionar provisoriamente a la Escuela de Educaci\u00f3n Primaria N\u00ba14 (Calle 12 de Febrero y Avenida Saavedra).<\/p>\n<p>Cabe destacar que en a\u00f1o 2005, la FRSN adquiere una casa en la calle\u00a0Remedios Escalada de San Mart\u00edn N\u00ba136-138, como pago de una deuda que la Municipalidad de Chacabuco manten\u00eda con la Facultad.\u00a0 En el a\u00f1o 2009 comenzaron las remodelaciones gracias al esfuerzo conjunto de profesores y alumnos, y el aporte de empresas locales.\u00a0 En sesi\u00f3n del 6 de mayo de 2010, el Honorable Concejo Deliberante de Chacabuco declara de Inter\u00e9s Municipal el \u201cReciclado y Puesta en Valor\u201d de la Sede Universitaria, seg\u00fan ordenanza 5113\/10.<\/p>\n<p>A partir de estas acciones de autogesti\u00f3n comunitaria, en marzo de 2010 se forma espont\u00e1neamente la Asociaci\u00f3n Civil UTN Aula Chacabuco con la idea de culminar la obra en la casa mencionada.\u00a0 A partir de su accionar, la misma recibe un importante subsidio de $214.000- por parte del Poder Ejecutivo Nacional a los fines de fortalecer las actividades de capacitaci\u00f3n del Aula. Gracias a ese aporte, las obras en la Sede Universitaria avanzaron considerablemente.<\/p>\n<p>En el a\u00f1o 2010 se abre la primera cohorte de la carrera\u00a0Licenciatura en Administraci\u00f3n Rural (LAR).\u00a0 Para desarrollar las pr\u00e1cticas a campo se realiz\u00f3 un convenio entre la Facultad Regional San Nicol\u00e1s y la Escuela de Educaci\u00f3n Cat\u00f3lica.\u00a0 El convenio contempla la acci\u00f3n de actividades pedag\u00f3gicas conjuntas entre la Licenciatura y la Escuela Agrot\u00e9cnica, y la utilizaci\u00f3n conjunta del predio La Colmena, perteneciente a la instituci\u00f3n escolar. Tambi\u00e9n durante el 2010 se elabora y eleva en conjunto con la FRSN el proyecto para crear la carrera\u00a0Licenciatura en Industrias Alimentarias\u00a0a dictarse en Chacabuco.\u00a0 Seg\u00fan ordenanza 5114\/10, del HCD de la ciudad este proyecto fue declarado de Inter\u00e9s Municipal.\u00a0 El proyecto actualmente sigue los caminos institucionales necesarios para su acreditaci\u00f3n en la CONEAU.<\/p>\n<p>Durante el a\u00f1o 2011 se dio continuidad a la TSIA, con una nueva cohorte de ingresantes.\u00a0 Adem\u00e1s se dictaron el 3\u00b0 y 4\u00b0 a\u00f1o de la LOI y el 2\u00b0 de la LAR.\u00a0 Se continu\u00f3 con la capacitaci\u00f3n docente para profesionales mediante los ciclos de\u00a0Profesorado en Docencia Superior\u00a0y\u00a0Profesorado en Disciplinas Industriales, en conjunto con el Instituto Nacional Superior de Profesorado T\u00e9cnico de la UTN. Para el a\u00f1o 2012 se abrieron nuevos cursos de la Tecnicatura Superior en Industrias Alimentarias, y de las dos licenciaturas, la de Organizaci\u00f3n Industrial y la de Administraci\u00f3n Rural. Tambi\u00e9n en ese a\u00f1o se retomaron las obras de refacci\u00f3n del edificio propio, con vistas a realizar la mudanza a la brevedad posible.<\/p>\n<p>En enero del 2013 se present\u00f3 ante el Ministerio de Educaci\u00f3n de la Naci\u00f3n, con la gestion personal del Intendente de la ciudad de Chacabuco y del Rector de la Facultad Regional San Nicol\u00e1s,\u00a0 un expediente para la solicitud de un subsidio para el dictado de una nueva tecnicatura en nuestra ciudad, la Tecnicatura Superior en Mantenimiento Industrial. Dicho subsidio fue aprobado y efectivizado a trav\u00e9s del Rectorado de la Universidad Tecnol\u00f3gica Nacional.<\/p>\n<p>En septiembre de 2013, finalmente,\u00a0 se inauguro la Sede Propia de la UTN en Chacabuco, cita en la calle Remedios Escalada de San Mart\u00edn 138, con la presencia del Intendente Municipal Doctor Mauricio Barrientos, y autoridades de la Facultad Regional San Nicol\u00e1s, destacando la presencia del Decano, Ingeniero Haroldo Avetta y del Coordinador Regional Ingeniero Hugo Buttigliero, entre otros asistentes al evento. Este acto es de vital importancia ya que aspiramos a que el Aula sea referencia para toda actividad universitaria en nuestra ciudad y un punto de referencia educativa, productiva y cultural para la comunidad.<\/p>\n<p>En marzo de 2014 hemos abierto la primer cohorte de la\u00a0Tecnicatura Superior en Mantenimiento Industrial (TSMI), previa firma de un Convenio con el Colegio Industrial de la ciudad de Chacabuco, para realizar en sus talleres las practicas de los laboratorios de mec\u00e1nica y electricidad necesarios para el dictado de la carrera. En agosto de 2014 hemos puesto en funcionamiento una\u00a0Caldera Marca Surrey de 34000 kcal\/h\u00a0para calefaccionar el Edificio, gracias a la financiaci\u00f3n de la Municipalidad de Chacabuco, de la Facultad Regional de San Nicol\u00e1s y de aportes voluntarios de la Cooperadora de Alumnos del Aula.<\/p>\n<p>Carreras que se dictan<\/p>\n<p>Licenciatura en Organizaci\u00f3n Industrial (LOI)<br \/>\nLicenciatura en Administraci\u00f3n Rural (LAR)<br \/>\nTecnicatura Superior en Industrias Alimentarias.<br \/>\nTecnicatura en Bromatolog\u00eda y Medio Ambiente.<br \/>\nTecnicatura Superior en Mantenimiento Industrial.<br \/>\nTecnicatura Superior en Higiene y Seguridad del Trabajo.<br \/>\nCiclo de Licenciatura en Administraci\u00f3n de Empresas.<br \/>\nEquipo de Gesti\u00f3n local<\/p>\n<p>Director:\u00a0Lic. Pablo Pannunzio<br \/>\nCoordinaci\u00f3n Licenciaturas:\u00a0CPN\u00a0Elisa Fern\u00e1ndez<br \/>\nCoordinaci\u00f3n\u00a0Tecnicaturas:\u00a0Lic. Natalia Salom\u00f3n<br \/>\nSecretaria Administrativa:\u00a0Sandra Eliceyri<br \/>\nSecretaria:\u00a0Sofia Pavese<br \/>\nContacto<\/p>\n<p>Remedios de Escalada de San Mart\u00edn 138<\/p>\n<p>Horario de atenci\u00f3n:\u00a018.30 a 22.00 hs<\/p>\n<p>Tel:\u00a002352-471777<\/p>\n<p>Correo electr\u00f3nico:\u00a0utnchacabuco@gmail.com<\/p>\n","protected":false},"excerpt":{"rendered":"<p>La FRSN de la UTN comenz\u00f3 sus actividades en la ciudad de Chacabuco hace m\u00e1s 25 a\u00f1os cuando, hacia los a\u00f1os 1985-1986, comenzaron a realizarse estudios preliminares conjuntamente entre la<\/p>\n","protected":false},"author":2,"featured_media":0,"parent":681,"menu_order":0,"comment_status":"closed","ping_status":"closed","template":"","meta":[],"_links":{"self":[{"href":"https:\/\/www.frsn.utn.edu.ar\/index.php?rest_route=\/wp\/v2\/pages\/689"}],"collection":[{"href":"https:\/\/www.frsn.utn.edu.ar\/index.php?rest_route=\/wp\/v2\/pages"}],"about":[{"href":"https:\/\/www.frsn.utn.edu.ar\/index.php?rest_route=\/wp\/v2\/types\/page"}],"author":[{"embeddable":true,"href":"https:\/\/www.frsn.utn.edu.ar\/index.php?rest_route=\/wp\/v2\/users\/2"}],"replies":[{"embeddable":true,"href":"https:\/\/www.frsn.utn.edu.ar\/index.php?rest_route=%2Fwp%2Fv2%2Fcomments&post=689"}],"version-history":[{"count":1,"href":"https:\/\/www.frsn.utn.edu.ar\/index.php?rest_route=\/wp\/v2\/pages\/689\/revisions"}],"predecessor-version":[{"id":690,"href":"https:\/\/www.frsn.utn.edu.ar\/index.php?rest_route=\/wp\/v2\/pages\/689\/revisions\/690"}],"up":[{"embeddable":true,"href":"https:\/\/www.frsn.utn.edu.ar\/index.php?rest_route=\/wp\/v2\/pages\/681"}],"wp:attachment":[{"href":"https:\/\/www.frsn.utn.edu.ar\/index.php?rest_route=%2Fwp%2Fv2%2Fmedia&parent=689"}],"curies":[{"name":"wp","href":"https:\/\/api.w.org\/{rel}","templated":true}]}}