{"id":6786,"date":"2026-04-06T09:50:02","date_gmt":"2026-04-06T12:50:02","guid":{"rendered":"https:\/\/www.frsn.utn.edu.ar\/?page_id=6786"},"modified":"2026-04-06T09:51:11","modified_gmt":"2026-04-06T12:51:11","slug":"aviso","status":"publish","type":"page","link":"https:\/\/www.frsn.utn.edu.ar\/?page_id=6786","title":{"rendered":"AVISO"},"content":{"rendered":"\n<p><strong>Alerta de seguridad<\/strong><\/p>\n\n\n\n<p>Detectamos circulaci\u00f3n de correos electr\u00f3nicos fraudulentos que intentan suplantar nuestra identidad.<strong>&nbsp;Protege tu informaci\u00f3n siguiendo estas recomendaciones:<\/strong><\/p>\n\n\n\n<ul>\n<li><strong>No responder mensajes sospechosos ni hacer clic en enlaces o archivos adjuntos.<\/strong><\/li>\n\n\n\n<li><strong>Verificar cuidadosamente la direcci\u00f3n del remitente.<\/strong><\/li>\n\n\n\n<li><strong>No compartir contrase\u00f1as ni informaci\u00f3n personal por correo.<\/strong><\/li>\n<\/ul>\n\n\n\n<p>Recordamos que desde la organizaci\u00f3n <strong>nunca solicitaremos contrase\u00f1as ni informaci\u00f3n sensible por correo electr\u00f3nico.<\/strong><\/p>\n\n\n\n<p>Ante cualquier consulta o sospecha ,<strong>reenviar el correo a <a href=\"mailto:soportetic@frsn.utn.edu.ar\">soportetic@frsn.utn.edu.ar<\/a>&nbsp;<\/strong><\/p>\n\n\n\n<p><strong>ACCESO AL CORREO: <\/strong><\/p>\n\n\n\n<p><a href=\"https:\/\/portal.office.com\/\">https:\/\/portal.office.com\/<\/a><\/p>\n","protected":false},"excerpt":{"rendered":"<p>Alerta de seguridad Detectamos circulaci\u00f3n de correos electr\u00f3nicos fraudulentos que intentan suplantar nuestra identidad.&nbsp;Protege tu informaci\u00f3n siguiendo estas recomendaciones: Recordamos que desde la organizaci\u00f3n nunca solicitaremos contrase\u00f1as ni informaci\u00f3n sensible<\/p>\n","protected":false},"author":2,"featured_media":0,"parent":0,"menu_order":0,"comment_status":"closed","ping_status":"closed","template":"","meta":[],"_links":{"self":[{"href":"https:\/\/www.frsn.utn.edu.ar\/index.php?rest_route=\/wp\/v2\/pages\/6786"}],"collection":[{"href":"https:\/\/www.frsn.utn.edu.ar\/index.php?rest_route=\/wp\/v2\/pages"}],"about":[{"href":"https:\/\/www.frsn.utn.edu.ar\/index.php?rest_route=\/wp\/v2\/types\/page"}],"author":[{"embeddable":true,"href":"https:\/\/www.frsn.utn.edu.ar\/index.php?rest_route=\/wp\/v2\/users\/2"}],"replies":[{"embeddable":true,"href":"https:\/\/www.frsn.utn.edu.ar\/index.php?rest_route=%2Fwp%2Fv2%2Fcomments&post=6786"}],"version-history":[{"count":3,"href":"https:\/\/www.frsn.utn.edu.ar\/index.php?rest_route=\/wp\/v2\/pages\/6786\/revisions"}],"predecessor-version":[{"id":6789,"href":"https:\/\/www.frsn.utn.edu.ar\/index.php?rest_route=\/wp\/v2\/pages\/6786\/revisions\/6789"}],"wp:attachment":[{"href":"https:\/\/www.frsn.utn.edu.ar\/index.php?rest_route=%2Fwp%2Fv2%2Fmedia&parent=6786"}],"curies":[{"name":"wp","href":"https:\/\/api.w.org\/{rel}","templated":true}]}}