{"id":6496,"date":"2025-12-12T10:13:03","date_gmt":"2025-12-12T13:13:03","guid":{"rendered":"https:\/\/www.frsn.utn.edu.ar\/?page_id=6496"},"modified":"2026-04-22T18:35:18","modified_gmt":"2026-04-22T21:35:18","slug":"tecnicatura-universitaria-en-administracion","status":"publish","type":"page","link":"https:\/\/www.frsn.utn.edu.ar\/?page_id=6496","title":{"rendered":"Tecnicatura Universitaria en Administraci\u00f3n"},"content":{"rendered":"\n<p><strong>Tecnicatura Universitaria<\/strong><\/p>\n\n\n\n<p><strong>Alcance<\/strong><\/p>\n\n\n\n<ol type=\"1\" start=\"1\">\n<li>Supervisar procesos de gesti\u00f3n administrativa en instituciones p\u00fablicas y privadas.<\/li>\n\n\n\n<li>Colaborar en el dise\u00f1o de programas de gesti\u00f3n financiera y contable.<\/li>\n\n\n\n<li>Colaborar en el dise\u00f1o e implementaci\u00f3n de procesos de evaluaci\u00f3n y costos, tiempos y efectividad relativos de los tr\u00e1mites para medir la productividad de los servidos contratados.<\/li>\n\n\n\n<li>Colaborar en el dise\u00f1o e implementaci\u00f3n de metodolog\u00edas de control para la realizaci\u00f3n de auditor\u00edas en dependencias de la organizaci\u00f3n que sirvan como insumo para confirmar o corregir flujos de trabajo.<\/li>\n\n\n\n<li>Producir documentaci\u00f3n vinculada a la implementaci\u00f3n y control de las normativas vigentes.<\/li>\n\n\n\n<li>Planificar y ejecutar programas subalternos de gesti\u00f3n administrativa.<\/li>\n\n\n\n<li>Procesar datos y generar informaci\u00f3n clasificada.<\/li>\n\n\n\n<li>Coordinar equipos de trabajo vinculados a procesos de gesti\u00f3n administrativa<\/li>\n<\/ol>\n\n\n\n<p><strong>Requisitos<\/strong><\/p>\n\n\n\n<p>Las personas que aspiren a ingresar a esta carrera deber\u00e1n poseer t\u00edtulo reconocido correspondiente al nivel medio de ense\u00f1anza. Excepcionalmente, las y los aspirantes mayores de veinticinco (25) a\u00f1os que no posean t\u00edtulo de nivel medio podr\u00e1n ingresar de acuerdo con las normas vigentes dictadas por el Consejo Superior Universitario.<\/p>\n\n\n\n<p><strong>Duraci\u00f3n<\/strong><\/p>\n\n\n\n<p>La duraci\u00f3n de la carrera es de DOS a\u00f1os (2), con una carga horaria total de 1296 horas<\/p>\n\n\n\n<p><strong>Documentaci\u00f3n<\/strong><\/p>\n\n\n\n<p><a href=\"http:\/\/csu.rec.utn.edu.ar\/CSU\/ORD\/2111.pdf\" target=\"_blank\" rel=\"noreferrer noopener\">Ordenanza CS N\u00ba 2111<\/a><\/p>\n\n\n\n<p><a href=\"http:\/\/csu.rec.utn.edu.ar\/CSU\/ORD\/2112.pdf\" target=\"_blank\" rel=\"noreferrer noopener\">Ordenanza CS N\u00ba 2112<\/a><\/p>\n\n\n\n<p><a rel=\"noreferrer noopener\" href=\"https:\/\/utn.edu.ar\/images\/oferta_academica\/planes_estudio\/Plan-de-estudios-TUA.pdf\" target=\"_blank\">Plan de estudio N\u00ba 1113<\/a><\/p>\n\n\n\n<p><strong>Inscripci\u00f3n<\/strong><\/p>\n\n\n\n<p>1 \u2013 Ingres\u00e1 al siguiente link:\u00a0Solicitud de Ingreso\u00a0y complet\u00e1 con tu n\u00famero de DNI y t\u00fa direcci\u00f3n de mail.<\/p>\n\n\n\n<p>Una vez que completaste esos datos&nbsp;<strong>te llegar\u00e1 un correo electr\u00f3nico<\/strong>&nbsp;a esa direcci\u00f3n de correo que colocaste anteriormente&nbsp;<strong>con un link<\/strong>&nbsp;para&nbsp;<strong>continuar<\/strong>&nbsp;con la&nbsp;<strong>inscripci\u00f3n<\/strong>.<\/p>\n\n\n\n<p>2 \u2013 Deber\u00e1s&nbsp;<strong>completar todos los datos solicitados<\/strong>&nbsp;y adjuntar la siguiente&nbsp;<strong>documentaci\u00f3n&nbsp;<\/strong>en formato&nbsp;<strong>.pdf<\/strong>&nbsp;(Los archivos deben ser guardados y adjuntados con el siguiente formato de nombre: ApellidoNombre_tipodedocumento (Ejemplo PerezJuan_Foto, PerezJuan_Partidadenac)<\/p>\n\n\n\n<ul>\n<li>El&nbsp;<strong>DNI&nbsp;<\/strong>de ambos lados<\/li>\n\n\n\n<li><strong>Constancia&nbsp;<\/strong>de&nbsp;<strong>CUIL&nbsp;<\/strong>(descargar de web de ANSES)<\/li>\n\n\n\n<li><strong>Acta<\/strong>&nbsp;o&nbsp;<strong>partida de nacimiento<\/strong><\/li>\n\n\n\n<li>Si a\u00fan estas cursando el \u00faltimo a\u00f1o de la Escuela Secundaria, el&nbsp;<strong>Certificado de alumno regular&nbsp;<\/strong>del \u00faltimo a\u00f1o del nivel medio.<br>Si ya terminaste la Escuela secundaria y estas recibido, el&nbsp;<strong>T\u00edtulo o Certificado Anal\u00edtico de Estudios Secundarios<\/strong>, de lo contrario,&nbsp;<strong>Certificado de T\u00edtulo en Tr\u00e1mite.<\/strong><\/li>\n<\/ul>\n\n\n\n<p><strong>Tutorial escaneo de documentos<\/strong><\/p>\n\n\n\n<p><a href=\"https:\/\/www.youtube.com\/watch?v=Va0s_i6FjDc\">https:\/\/www.youtube.com\/watch?v=Va0s_i6FjDc<\/a><\/p>\n\n\n\n<p><strong>Costos<\/strong><\/p>\n\n\n\n<p>Matr\u00edcula: $100.000<br>Cuota: $120.000 (monto actualizable)*<\/p>\n\n\n\n<p>*Cantidad de cuotas igual a la duraci\u00f3n de la carrera<\/p>\n\n\n\n<p><\/p>\n\n\n\n<p><strong>CONSULTAS A: <\/strong><a href=\"mailto:posgrado@frsn.utn.edu.ar\"><strong>posgrado@frsn.utn.edu.ar<\/strong><\/a><strong><\/strong><\/p>\n","protected":false},"excerpt":{"rendered":"<p>Tecnicatura Universitaria Alcance Requisitos Las personas que aspiren a ingresar a esta carrera deber\u00e1n poseer t\u00edtulo reconocido correspondiente al nivel medio de ense\u00f1anza. Excepcionalmente, las y los aspirantes mayores de<\/p>\n","protected":false},"author":2,"featured_media":0,"parent":37,"menu_order":0,"comment_status":"closed","ping_status":"closed","template":"","meta":[],"_links":{"self":[{"href":"https:\/\/www.frsn.utn.edu.ar\/index.php?rest_route=\/wp\/v2\/pages\/6496"}],"collection":[{"href":"https:\/\/www.frsn.utn.edu.ar\/index.php?rest_route=\/wp\/v2\/pages"}],"about":[{"href":"https:\/\/www.frsn.utn.edu.ar\/index.php?rest_route=\/wp\/v2\/types\/page"}],"author":[{"embeddable":true,"href":"https:\/\/www.frsn.utn.edu.ar\/index.php?rest_route=\/wp\/v2\/users\/2"}],"replies":[{"embeddable":true,"href":"https:\/\/www.frsn.utn.edu.ar\/index.php?rest_route=%2Fwp%2Fv2%2Fcomments&post=6496"}],"version-history":[{"count":5,"href":"https:\/\/www.frsn.utn.edu.ar\/index.php?rest_route=\/wp\/v2\/pages\/6496\/revisions"}],"predecessor-version":[{"id":6842,"href":"https:\/\/www.frsn.utn.edu.ar\/index.php?rest_route=\/wp\/v2\/pages\/6496\/revisions\/6842"}],"up":[{"embeddable":true,"href":"https:\/\/www.frsn.utn.edu.ar\/index.php?rest_route=\/wp\/v2\/pages\/37"}],"wp:attachment":[{"href":"https:\/\/www.frsn.utn.edu.ar\/index.php?rest_route=%2Fwp%2Fv2%2Fmedia&parent=6496"}],"curies":[{"name":"wp","href":"https:\/\/api.w.org\/{rel}","templated":true}]}}