{"id":639,"date":"2018-12-21T16:09:09","date_gmt":"2018-12-21T19:09:09","guid":{"rendered":"https:\/\/frsnweb2.frsn.utn.edu.ar\/?page_id=639"},"modified":"2023-03-22T10:06:05","modified_gmt":"2023-03-22T13:06:05","slug":"bolsa-de-trabajo","status":"publish","type":"page","link":"https:\/\/www.frsn.utn.edu.ar\/?page_id=639","title":{"rendered":"B\u00fasquedas laborales"},"content":{"rendered":"\n<p>La UTN San Nicolas ofrece a las empresas de la regi\u00f3n un servicio de b\u00fasqueda laboral invertido. Es decir, es la Regional la que recepciona las solicitudes por parte de las empresas y las difunde entre los posibles aspirantes al puesto.<\/p>\n\n\n\n<p>De esta manera, cada compa\u00f1\u00eda tiene la posibilidad de realizar b\u00fasquedas personalizadas, de acuerdo a los intereses y necesidades puntuales del cargo disponible, optimizando el proceso de postulaci\u00f3n.<\/p>\n\n\n\n<p>El procedimiento de recopilaci\u00f3n de informaci\u00f3n de las b\u00fasquedas se inicia cuando la empresa se contacta con la Facultad Regional San Nicol\u00e1s mediante su Subsecretar\u00eda del Graduado a trav\u00e9s de un correo electr\u00f3nico enviado a <a href=\"mailto:dptograduados@frsn.utn.edu.ar\" target=\"_blank\" rel=\"noopener\" title=\"\">dptograduados@frsn.utn.edu.ar<\/a>. Luego, el \u00e1rea solicita a la empresa completar un formulario donde se determinan las particularidades de la b\u00fasqueda laboral. Una vez que la Facultad cuenta con esos datos, se confecciona un flyer, que es enviado por correo electr\u00f3nico a los graduados y, adem\u00e1s, es difundido por las redes sociales de la Regional.<\/p>\n","protected":false},"excerpt":{"rendered":"<p>La UTN San Nicolas ofrece a las empresas de la regi\u00f3n un servicio de b\u00fasqueda laboral invertido. Es decir, es la Regional la que recepciona las solicitudes por parte de<\/p>\n","protected":false},"author":2,"featured_media":2514,"parent":273,"menu_order":0,"comment_status":"closed","ping_status":"closed","template":"","meta":[],"_links":{"self":[{"href":"https:\/\/www.frsn.utn.edu.ar\/index.php?rest_route=\/wp\/v2\/pages\/639"}],"collection":[{"href":"https:\/\/www.frsn.utn.edu.ar\/index.php?rest_route=\/wp\/v2\/pages"}],"about":[{"href":"https:\/\/www.frsn.utn.edu.ar\/index.php?rest_route=\/wp\/v2\/types\/page"}],"author":[{"embeddable":true,"href":"https:\/\/www.frsn.utn.edu.ar\/index.php?rest_route=\/wp\/v2\/users\/2"}],"replies":[{"embeddable":true,"href":"https:\/\/www.frsn.utn.edu.ar\/index.php?rest_route=%2Fwp%2Fv2%2Fcomments&post=639"}],"version-history":[{"count":5,"href":"https:\/\/www.frsn.utn.edu.ar\/index.php?rest_route=\/wp\/v2\/pages\/639\/revisions"}],"predecessor-version":[{"id":2979,"href":"https:\/\/www.frsn.utn.edu.ar\/index.php?rest_route=\/wp\/v2\/pages\/639\/revisions\/2979"}],"up":[{"embeddable":true,"href":"https:\/\/www.frsn.utn.edu.ar\/index.php?rest_route=\/wp\/v2\/pages\/273"}],"wp:featuredmedia":[{"embeddable":true,"href":"https:\/\/www.frsn.utn.edu.ar\/index.php?rest_route=\/wp\/v2\/media\/2514"}],"wp:attachment":[{"href":"https:\/\/www.frsn.utn.edu.ar\/index.php?rest_route=%2Fwp%2Fv2%2Fmedia&parent=639"}],"curies":[{"name":"wp","href":"https:\/\/api.w.org\/{rel}","templated":true}]}}