{"id":637,"date":"2018-12-21T16:08:30","date_gmt":"2018-12-21T19:08:30","guid":{"rendered":"https:\/\/frsnweb2.frsn.utn.edu.ar\/?page_id=637"},"modified":"2023-09-11T17:22:11","modified_gmt":"2023-09-11T20:22:11","slug":"graduados-por-carrera","status":"publish","type":"page","link":"https:\/\/www.frsn.utn.edu.ar\/?page_id=637","title":{"rendered":"Graduados por carrera"},"content":{"rendered":"<p>Este canal de comunicaci\u00f3n se encuentra a disposici\u00f3n de nuestros graduados como una nueva v\u00eda de acceso donde podr\u00e1n volcar no solo su curr\u00edculo sino tambi\u00e9n sus inquietudes y necesidades de manera tal que se transforme en un ida y vuelta entre la instituci\u00f3n y aquellos que por una raz\u00f3n u otra no pueden acercarse a ella.<\/p>\n<p>Adem\u00e1s pueden acceder a la informaci\u00f3n sobre distintas actividades que se realizan en la Facultad Regional o en otras instituciones ( entre ellas ofertas laborales, cursos, congresos, becas en el pa\u00eds y el exterior, etc.).<\/p>\n<p><a href=\"https:\/\/wwwsi.frsn.utn.edu.ar\/INTRANET\/Selec_Seccion.asp?IDSeccion=260&amp;IDSub=407\">Ingresar al listado&#8230;<\/a><\/p>\n","protected":false},"excerpt":{"rendered":"<p>Este canal de comunicaci\u00f3n se encuentra a disposici\u00f3n de nuestros graduados como una nueva v\u00eda de acceso donde podr\u00e1n volcar no solo su curr\u00edculo sino tambi\u00e9n sus inquietudes y necesidades<\/p>\n","protected":false},"author":2,"featured_media":2514,"parent":273,"menu_order":0,"comment_status":"closed","ping_status":"closed","template":"","meta":[],"_links":{"self":[{"href":"https:\/\/www.frsn.utn.edu.ar\/index.php?rest_route=\/wp\/v2\/pages\/637"}],"collection":[{"href":"https:\/\/www.frsn.utn.edu.ar\/index.php?rest_route=\/wp\/v2\/pages"}],"about":[{"href":"https:\/\/www.frsn.utn.edu.ar\/index.php?rest_route=\/wp\/v2\/types\/page"}],"author":[{"embeddable":true,"href":"https:\/\/www.frsn.utn.edu.ar\/index.php?rest_route=\/wp\/v2\/users\/2"}],"replies":[{"embeddable":true,"href":"https:\/\/www.frsn.utn.edu.ar\/index.php?rest_route=%2Fwp%2Fv2%2Fcomments&post=637"}],"version-history":[{"count":6,"href":"https:\/\/www.frsn.utn.edu.ar\/index.php?rest_route=\/wp\/v2\/pages\/637\/revisions"}],"predecessor-version":[{"id":3737,"href":"https:\/\/www.frsn.utn.edu.ar\/index.php?rest_route=\/wp\/v2\/pages\/637\/revisions\/3737"}],"up":[{"embeddable":true,"href":"https:\/\/www.frsn.utn.edu.ar\/index.php?rest_route=\/wp\/v2\/pages\/273"}],"wp:featuredmedia":[{"embeddable":true,"href":"https:\/\/www.frsn.utn.edu.ar\/index.php?rest_route=\/wp\/v2\/media\/2514"}],"wp:attachment":[{"href":"https:\/\/www.frsn.utn.edu.ar\/index.php?rest_route=%2Fwp%2Fv2%2Fmedia&parent=637"}],"curies":[{"name":"wp","href":"https:\/\/api.w.org\/{rel}","templated":true}]}}