{"id":6357,"date":"2025-11-07T11:33:11","date_gmt":"2025-11-07T14:33:11","guid":{"rendered":"https:\/\/www.frsn.utn.edu.ar\/?page_id=6357"},"modified":"2026-02-11T19:10:10","modified_gmt":"2026-02-11T22:10:10","slug":"cursos-1o-cuatrimestre-2026","status":"publish","type":"page","link":"https:\/\/www.frsn.utn.edu.ar\/?page_id=6357","title":{"rendered":"Cursos 1\u00ba Cuatrimestre 2026"},"content":{"rendered":"\n<p><strong>Cursos del 1er CUATRIMESTRE 2026: del lunes 2 de marzo al martes 30 de junio<\/strong><\/p>\n\n\n\n<hr class=\"wp-block-separator has-alpha-channel-opacity\"\/>\n\n\n\n<p><strong>* \u00c1REA ARTE AUDIOVISUAL<\/strong><\/p>\n\n\n\n<ul>\n<li><strong>HISTORIA DEL ARTE: El pincel de la fe y el renacer del humanismo desde Bizancio hasta el Renacimiento<\/strong><\/li>\n<\/ul>\n\n\n\n<p>Curso 111: lunes de 14:30 a 16:30 h<\/p>\n\n\n\n<p>Prof. MATHIEU, Silvia y BALBIS, Pablo<\/p>\n\n\n\n<p><a href=\"https:\/\/www.frsn.utn.edu.ar\/wp-content\/uploads\/2025\/11\/Curso-111-HISTORIA-DEL-ARTE.pdf\" target=\"_blank\" rel=\"noreferrer noopener\">Ver programa&#8230;<\/a><\/p>\n\n\n\n<ul>\n<li><strong>TALLER DIBUJO Y PINTURA: pongamos color a nuestras vidas<\/strong><\/li>\n<\/ul>\n\n\n\n<p>Curso 116: viernes de 14:30 a 16:30 h<\/p>\n\n\n\n<p>Prof. BALBIS, Pablo<\/p>\n\n\n\n<p><a href=\"https:\/\/www.frsn.utn.edu.ar\/wp-content\/uploads\/2025\/11\/Curso-115-TALLER-DE-DIBUJO-Y-PINTURA.pdf\" target=\"_blank\" rel=\"noreferrer noopener\">Ver programa&#8230;<\/a><\/p>\n\n\n\n<ul>\n<li><strong>TALLER DE TEATRO: del juego a la escena<\/strong><\/li>\n<\/ul>\n\n\n\n<p>Curso 122 Inicial: mi\u00e9rcoles 9,30 a 11,30 h <strong><em>NUEVO<\/em><\/strong><\/p>\n\n\n\n<p><a href=\"https:\/\/www.frsn.utn.edu.ar\/wp-content\/uploads\/2025\/11\/Curso-122-TEATRO-INICIAL.pdf\" target=\"_blank\" rel=\"noreferrer noopener\">Ver programa&#8230;<\/a><\/p>\n\n\n\n<p>Curso 123 Avanzado: jueves de 14:30 a 16:30 h<\/p>\n\n\n\n<p><a href=\"https:\/\/www.frsn.utn.edu.ar\/wp-content\/uploads\/2025\/11\/Curso-123-TEATRO.pdf\" target=\"_blank\" rel=\"noreferrer noopener\">Ver programa&#8230;<\/a><\/p>\n\n\n\n<p>Prof. PUSTERLA, Sebasti\u00e1n<\/p>\n\n\n\n<hr class=\"wp-block-separator has-alpha-channel-opacity\"\/>\n\n\n\n<p><strong>* \u00c1REA M\u00daSICA Y DANZA <\/strong><\/p>\n\n\n\n<ul>\n<li><strong>CORO: CANTAR JUNTOS EN UN TALLER CORAL<\/strong><\/li>\n<\/ul>\n\n\n\n<p>Curso 130: mi\u00e9rcoles de 14:45 a 16:45 h<\/p>\n\n\n\n<p><a href=\"https:\/\/www.frsn.utn.edu.ar\/wp-content\/uploads\/2025\/11\/Curso-130-CORO.pdf\" target=\"_blank\" rel=\"noreferrer noopener\">Ver programa&#8230;<\/a><\/p>\n\n\n\n<p>Prof. C\u00c1MPORA, M Julieta<\/p>\n\n\n\n<ul>\n<li><strong>TALLER DE T\u00c9CNICA VOCAL<\/strong><\/li>\n<\/ul>\n\n\n\n<p>Curso 131: viernes de 14 a 16 h<\/p>\n\n\n\n<p><a href=\"https:\/\/www.frsn.utn.edu.ar\/wp-content\/uploads\/2025\/11\/Curso-131-TALLER-DE-TECNICA-VOCAL.pdf\" target=\"_blank\" rel=\"noreferrer noopener\">Ver programa&#8230;<\/a><\/p>\n\n\n\n<p>Prof. MANSILLA, Eduardo<\/p>\n\n\n\n<ul>\n<li><strong>TALLER DE GUITARRA CRIOLLA: nunca es tarde para aprender.<\/strong><\/li>\n<\/ul>\n\n\n\n<p>Curso 132 Inicial 1: viernes de 15 a 17 h <strong><em>NUEVO<\/em><\/strong><\/p>\n\n\n\n<p><a href=\"https:\/\/www.frsn.utn.edu.ar\/wp-content\/uploads\/2025\/11\/Curso-132-GUITARRA-Inicial-1.pdf\" target=\"_blank\" rel=\"noreferrer noopener\">Ver  programa&#8230;<\/a><\/p>\n\n\n\n<p>Curso 133 Inicial 2: lunes de 15 a 17 h<\/p>\n\n\n\n<p><a href=\"https:\/\/www.frsn.utn.edu.ar\/wp-content\/uploads\/2025\/11\/Curso-133-GUITARRA-Inicial-2.pdf\" target=\"_blank\" rel=\"noreferrer noopener\">Ver  programa&#8230;<\/a><\/p>\n\n\n\n<p>Curso 134 Inicial 3: martes de 15 a 17 h<\/p>\n\n\n\n<p><a href=\"https:\/\/www.frsn.utn.edu.ar\/wp-content\/uploads\/2025\/11\/Curso-134-GUITARRA-Inicial-3.pdf\" target=\"_blank\" rel=\"noreferrer noopener\">Ver  programa&#8230;<\/a><\/p>\n\n\n\n<p>Curso 135 Intermedio: jueves de 15 a 17 h<\/p>\n\n\n\n<p><a href=\"https:\/\/www.frsn.utn.edu.ar\/wp-content\/uploads\/2025\/11\/Curso-135-GUITARRA-Intermedio.pdf\" target=\"_blank\" rel=\"noreferrer noopener\">Ver  programa&#8230;<\/a><\/p>\n\n\n\n<p>Curso 136 Avanzado: mi\u00e9rcoles 15 a 17 h<\/p>\n\n\n\n<p><a href=\"https:\/\/www.frsn.utn.edu.ar\/wp-content\/uploads\/2025\/11\/Curso-136-GUITARRA-Avanzado.pdf\" target=\"_blank\" rel=\"noreferrer noopener\">Ver  programa&#8230;<\/a><\/p>\n\n\n\n<p>Prof. SCORCHELLI, Silvio<\/p>\n\n\n\n<ul>\n<li><strong>TALLER DE FOLKLORE: los ritmos de mi tierra<\/strong><\/li>\n<\/ul>\n\n\n\n<p>Curso 137 Inicial: martes de 10,15 a 12 h<\/p>\n\n\n\n<p><a href=\"https:\/\/www.frsn.utn.edu.ar\/wp-content\/uploads\/2025\/11\/Curso-137-FOLKLORE-inicial.pdf\" target=\"_blank\" rel=\"noreferrer noopener\">Ver  programa&#8230;<\/a><\/p>\n\n\n\n<p>Curso 138 Avanzado: viernes de 10 a 12 h<\/p>\n\n\n\n<p><a href=\"https:\/\/www.frsn.utn.edu.ar\/wp-content\/uploads\/2025\/11\/Curso-138-FOLKLORE-TM-Nivel-Intermedio.pdf\" target=\"_blank\" rel=\"noreferrer noopener\">Ver  programa&#8230;<\/a><\/p>\n\n\n\n<p>Curso 139 Avanzado: viernes de 14 a 16 h<\/p>\n\n\n\n<p><a href=\"https:\/\/www.frsn.utn.edu.ar\/wp-content\/uploads\/2025\/11\/Curso-139-FOLKLORE-TT-Nivel-Intermedio.pdf\" target=\"_blank\" rel=\"noreferrer noopener\">Ver  programa&#8230;<\/a><\/p>\n\n\n\n<p>Prof. SCHNACK, Carina<\/p>\n\n\n\n<ul>\n<li><strong>MUSICOMAN\u00cdA: la m\u00fasica contada, sentida y disfrutada<\/strong><\/li>\n<\/ul>\n\n\n\n<p>Curso 140: jueves de 14,30 a 16,30 h <strong><em>NUEVO<\/em><\/strong><\/p>\n\n\n\n<p><a href=\"https:\/\/www.frsn.utn.edu.ar\/wp-content\/uploads\/2025\/11\/Curso-140-MUSICOMANIA.pdf\" target=\"_blank\" rel=\"noreferrer noopener\">Ver  programa&#8230;<\/a><\/p>\n\n\n\n<p>Prof. MORI, Claudia<\/p>\n\n\n\n<hr class=\"wp-block-separator has-alpha-channel-opacity\"\/>\n\n\n\n<p><strong>* \u00c1REA DISE\u00d1O Y ARTESAN\u00cdAS<\/strong><\/p>\n\n\n\n<ul>\n<li><strong>PAISAJISMO\/HUERTA\/JARDINER\u00cdA<\/strong><\/li>\n<\/ul>\n\n\n\n<p>Curso 145: Nivel 1: viernes de 14 a 16 h<\/p>\n\n\n\n<p><a href=\"https:\/\/www.frsn.utn.edu.ar\/wp-content\/uploads\/2025\/11\/Curso-145-PAISAJISMO-y-HUERTA-I.pdf\" target=\"_blank\" rel=\"noreferrer noopener\">Ver  programa&#8230;<\/a><\/p>\n\n\n\n<p>Curso 146: Nivel 2: viernes de 10 a 12 h<\/p>\n\n\n\n<p><a href=\"https:\/\/www.frsn.utn.edu.ar\/wp-content\/uploads\/2025\/11\/Curso-146-PAISAJISMO-II.pdf\" target=\"_blank\" rel=\"noreferrer noopener\">Ver  programa&#8230;<\/a><\/p>\n\n\n\n<p>Prof. MADARIAGA CARRE\u00d1O, Margarita<\/p>\n\n\n\n<ul>\n<li><strong>TALLER DE MARROQUINER\u00cdA<\/strong><\/li>\n<\/ul>\n\n\n\n<p>Curso 151: jueves de 9:30 a 11:30 h<\/p>\n\n\n\n<p><a href=\"https:\/\/www.frsn.utn.edu.ar\/wp-content\/uploads\/2025\/11\/Curso-151-MARROQUINERIA.pdf\" target=\"_blank\" rel=\"noreferrer noopener\">Ver  programa&#8230;<\/a><\/p>\n\n\n\n<p>Prof. MU\u00d1OZ, Anal\u00eda<\/p>\n\n\n\n<ul>\n<li><strong>T\u00c9CNICAS TEXTILES: macram\u00e9, bordado mexicano e hind\u00fa, y otras. Estampado textil con distintas t\u00e9cnicas <\/strong><\/li>\n<\/ul>\n\n\n\n<p>Curso 152: martes 14,30 a 16,30 h <strong><em>NUEVO<\/em><\/strong><\/p>\n\n\n\n<p><a href=\"https:\/\/www.frsn.utn.edu.ar\/wp-content\/uploads\/2025\/11\/Curso-152-TECNICAS-TEXTILES.pdf\" target=\"_blank\" rel=\"noreferrer noopener\">Ver  programa&#8230;<\/a><\/p>\n\n\n\n<p>Prof. DUKARDT, Patricia<\/p>\n\n\n\n<ul>\n<li><strong>ARTESAN\u00cdAS EN CROCHET: de lo b\u00e1sico al amigurumi <\/strong><\/li>\n<\/ul>\n\n\n\n<p>Curso 153: lunes de 14,30 a 16,30 h <strong><em>NUEVO<\/em><\/strong><\/p>\n\n\n\n<p><a href=\"https:\/\/www.frsn.utn.edu.ar\/wp-content\/uploads\/2025\/11\/Curso-153-ARTESANIAS-EN-CROCHET.pdf\" target=\"_blank\" rel=\"noreferrer noopener\">Ver  programa&#8230;<\/a><\/p>\n\n\n\n<p>Prof. GOMEZ, M Noelia<\/p>\n\n\n\n<hr class=\"wp-block-separator has-alpha-channel-opacity\"\/>\n\n\n\n<p><strong>*\u00c1REA LITERATURA, REFLEXI\u00d3N Y COMUNICACI\u00d3N<\/strong><\/p>\n\n\n\n<ul>\n<li><strong>BIENESTAR EMOCIONAL Y MEDITACI\u00d3N<\/strong><\/li>\n<\/ul>\n\n\n\n<p>Curso 401: mi\u00e9rcoles de 14,30 a 16,30 h<\/p>\n\n\n\n<p><a href=\"https:\/\/www.frsn.utn.edu.ar\/wp-content\/uploads\/2025\/11\/Curso-401-BIENESTAR-Emocional-y-Meditacion.pdf\" target=\"_blank\" rel=\"noreferrer noopener\">Ver  programa&#8230;<\/a><\/p>\n\n\n\n<p>Prof. NOZZI, Domingo <\/p>\n\n\n\n<ul>\n<li><strong>TALLER DE NARRACI\u00d3N ORAL Y ESCRITURA CREATIVA \u201cCuento con voz\u201d<\/strong><\/li>\n<\/ul>\n\n\n\n<p>Curso 402: martes de 14,30 a 16,30 h<\/p>\n\n\n\n<p><a href=\"https:\/\/www.frsn.utn.edu.ar\/wp-content\/uploads\/2025\/11\/Curso-402-NARRACION-ORAL-Y-ESCRITA.pdf\" target=\"_blank\" rel=\"noreferrer noopener\">Ver  programa&#8230;<\/a><\/p>\n\n\n\n<p>Prof. ROTEMBERG, Irene<\/p>\n\n\n\n<ul>\n<li><strong>AN\u00c1LISIS LITERARIO: el lector cr\u00edtico<\/strong><\/li>\n<\/ul>\n\n\n\n<p>Curso 403: jueves de 15 a 17 h<\/p>\n\n\n\n<p><a href=\"https:\/\/www.frsn.utn.edu.ar\/wp-content\/uploads\/2025\/11\/Curso-403-ANALISIS-LITERARIO.pdf\" target=\"_blank\" rel=\"noreferrer noopener\">Ver  programa&#8230;<\/a><\/p>\n\n\n\n<p>Prof. CAIRO, Miriam<\/p>\n\n\n\n<ul>\n<li><strong>EL TALLER DE LA RISA: juegos de improvisaci\u00f3n<\/strong><\/li>\n<\/ul>\n\n\n\n<p>Curso 404: jueves de 15 a 17 h<\/p>\n\n\n\n<p><a href=\"https:\/\/www.frsn.utn.edu.ar\/wp-content\/uploads\/2025\/11\/Curso-404-TALLER-DE-LA-RISA.pdf\" target=\"_blank\" rel=\"noreferrer noopener\">Ver  programa&#8230;<\/a><\/p>\n\n\n\n<p>Prof. GIROLAMI, Bel\u00e9n<\/p>\n\n\n\n<ul>\n<li><strong>EMPRENDER DESPU\u00c9S DE LOS 50: convertir tu hobby en un negocio rentable NUEVO<\/strong><\/li>\n<\/ul>\n\n\n\n<p>Curso 410: viernes de 14,30 a 16,30 h <strong><em>NUEVO<\/em><\/strong><\/p>\n\n\n\n<p><a href=\"https:\/\/www.frsn.utn.edu.ar\/wp-content\/uploads\/2025\/11\/Curso-410-EMPRENDER-despues-de-los-50.pdf\" target=\"_blank\" rel=\"noreferrer noopener\">Ver  programa&#8230;<\/a><\/p>\n\n\n\n<p>Prof. GRANDA, Romina y PONZI, M Luz<\/p>\n\n\n\n<hr class=\"wp-block-separator has-alpha-channel-opacity\"\/>\n\n\n\n<p><strong>*\u00c1REA IDIOMA INGL\u00c9S<\/strong><\/p>\n\n\n\n<p>Curso 501 Inicial 1: martes de 9,30 a 11,30 h<\/p>\n\n\n\n<p><a href=\"https:\/\/www.frsn.utn.edu.ar\/wp-content\/uploads\/2026\/02\/PUAPAM-INGLES-501-inicial-Prof.Valeria-Genovesi-corregido-.docx\" target=\"_blank\" rel=\"noreferrer noopener\">Ver  programa&#8230;<\/a><\/p>\n\n\n\n<p>Prof. GENOVESI, Valeria <strong><em>NUEVO<\/em><\/strong><\/p>\n\n\n\n<p>Curso 502 Inicial 2: mi\u00e9rcoles de 9,30 a 11,30 h<\/p>\n\n\n\n<p><a href=\"https:\/\/www.frsn.utn.edu.ar\/wp-content\/uploads\/2025\/11\/Curso-502-INGLES-INICIAL-2-Enrico.pdf\" target=\"_blank\" rel=\"noreferrer noopener\">Ver  programa&#8230;<\/a><\/p>\n\n\n\n<p>Prof. ENRICO, Alejandra<\/p>\n\n\n\n<p>Curso 503 Inicial 3: jueves 14,30 a 16,30 h<\/p>\n\n\n\n<p><a href=\"https:\/\/www.frsn.utn.edu.ar\/wp-content\/uploads\/2025\/11\/Curso-503-INGLES-Inicial-3-Agusti.pdf\" target=\"_blank\" rel=\"noreferrer noopener\">Ver  programa&#8230;<\/a><\/p>\n\n\n\n<p>Prof. AGUSTI, Candela<\/p>\n\n\n\n<p>Curso 504 Intermedio: jueves de 14 a 16 h<\/p>\n\n\n\n<p><a href=\"https:\/\/www.frsn.utn.edu.ar\/wp-content\/uploads\/2025\/11\/Curso-504-INGLES-Intermedio-Genovesi.pdf\" target=\"_blank\" rel=\"noreferrer noopener\">Ver  programa&#8230;<\/a><\/p>\n\n\n\n<p>Prof. GENOVESI, Valeria<\/p>\n\n\n\n<p>Curso 505 intermedio: martes de 14,15 a 16,15 h<\/p>\n\n\n\n<p><a href=\"https:\/\/www.frsn.utn.edu.ar\/wp-content\/uploads\/2025\/11\/Curso-505-INGLES-Intermedio-Agusti.pdf\" target=\"_blank\" rel=\"noreferrer noopener\">Ver  programa&#8230;<\/a><\/p>\n\n\n\n<p>Prof. AGUSTI, Candela<\/p>\n\n\n\n<p>Curso 506 Intermedio: jueves de 14 a 16 h<\/p>\n\n\n\n<p><a href=\"https:\/\/www.frsn.utn.edu.ar\/wp-content\/uploads\/2025\/11\/Curso-506-INGLES-INTERMEDIO-Enrico.pdf\" target=\"_blank\" rel=\"noreferrer noopener\">Ver  programa&#8230;<\/a><\/p>\n\n\n\n<p>Prof. ENRICO, Alejandra<\/p>\n\n\n\n<p>Curso 507 Intermedio: viernes de 9,30 a 11,30 h<\/p>\n\n\n\n<p><a href=\"https:\/\/www.frsn.utn.edu.ar\/wp-content\/uploads\/2025\/11\/Curso-507-INGLES-INTERMEDIO.pdf\" target=\"_blank\" rel=\"noreferrer noopener\">Ver  programa&#8230;<\/a><\/p>\n\n\n\n<p>Prof. ENRICO, Alejandra<\/p>\n\n\n\n<hr class=\"wp-block-separator has-alpha-channel-opacity\"\/>\n\n\n\n<p><strong>*\u00c1REA IDIOMA ITALIANO<\/strong><\/p>\n\n\n\n<p>Curso 521 Inicial 1: martes 14,30 a 16,30 h<\/p>\n\n\n\n<p><a href=\"https:\/\/www.frsn.utn.edu.ar\/wp-content\/uploads\/2025\/11\/Curso-521-ITALIANO-Inicial-1-Perez.pdf\" target=\"_blank\" rel=\"noreferrer noopener\">Ver  programa&#8230;<\/a><\/p>\n\n\n\n<p>Prof. PEREZ, Serena <strong><em>NUEVO<\/em><\/strong><\/p>\n\n\n\n<p>Curso 522 Inicial 2: lunes 9,30 a 11,30 h<\/p>\n\n\n\n<p><a href=\"https:\/\/www.frsn.utn.edu.ar\/wp-content\/uploads\/2025\/11\/Curso-522-ITALIANO-Inicial-2-Perez.pdf\" target=\"_blank\" rel=\"noreferrer noopener\">Ver  programa&#8230;<\/a><\/p>\n\n\n\n<p>Prof. PEREZ, Serena<\/p>\n\n\n\n<p>Curso 523 Inicial 3: viernes de 9:30 a 11:30 h<\/p>\n\n\n\n<p><a href=\"https:\/\/www.frsn.utn.edu.ar\/wp-content\/uploads\/2025\/11\/Curso-523-ITALIANO-Incial-3-Perez.pdf\" target=\"_blank\" rel=\"noreferrer noopener\">Ver  programa&#8230;<\/a><\/p>\n\n\n\n<p>Prof. PEREZ, Serena<\/p>\n\n\n\n<p>Curso 524 Intermedio 1: jueves de 9,30 a 11,30 h<\/p>\n\n\n\n<p><a href=\"https:\/\/www.frsn.utn.edu.ar\/wp-content\/uploads\/2025\/11\/Curso-524-ITALIANO-Intermedio-1-Perez.pdf\" target=\"_blank\" rel=\"noreferrer noopener\">Ver  programa&#8230;<\/a><\/p>\n\n\n\n<p>Prof. PEREZ, Serena<\/p>\n\n\n\n<p>Curso 525 Intermedio 2: martes de 14 a 16 h<\/p>\n\n\n\n<p><a href=\"https:\/\/www.frsn.utn.edu.ar\/wp-content\/uploads\/2025\/11\/Curso-525-ITALIANO-Intermedio-Clerici.pdf\" target=\"_blank\" rel=\"noreferrer noopener\">Ver  programa&#8230;<\/a><\/p>\n\n\n\n<p>Prof. CLERICI Luisa<\/p>\n\n\n\n<p>Curso 526 Intermedio 4: mi\u00e9rcoles de 9:30 a 11:30 h<\/p>\n\n\n\n<p><a href=\"https:\/\/www.frsn.utn.edu.ar\/wp-content\/uploads\/2025\/11\/Curso-526-ITALIANO-Intermedio-4-Perez.pdf\" target=\"_blank\" rel=\"noreferrer noopener\">Ver  programa&#8230;<\/a><\/p>\n\n\n\n<p>Prof. PEREZ, Serena<\/p>\n\n\n\n<p>Curso 527 Avanzado: jueves de 14 a 16 h<\/p>\n\n\n\n<p><a href=\"https:\/\/www.frsn.utn.edu.ar\/wp-content\/uploads\/2025\/11\/Curso-527-ITALIANO-Avanzado-1-Perez.pdf\" target=\"_blank\" rel=\"noreferrer noopener\">Ver  programa&#8230;<\/a><\/p>\n\n\n\n<p>Prof. PEREZ, Serena<\/p>\n\n\n\n<hr class=\"wp-block-separator has-alpha-channel-opacity\"\/>\n\n\n\n<p><strong>* \u00c1REA IDIOMA FRANC\u00c9S<\/strong><\/p>\n\n\n\n<p>Curso 533 Intermedio: mi\u00e9rcoles de 14:30 a 16:30 h<\/p>\n\n\n\n<p><a href=\"https:\/\/www.frsn.utn.edu.ar\/wp-content\/uploads\/2025\/11\/Curso-533-FRANCES-Intermedio.pdf\" target=\"_blank\" rel=\"noreferrer noopener\">Ver  programa&#8230;<\/a><\/p>\n\n\n\n<p>Prof. GARC\u00cdA Sof\u00eda<\/p>\n\n\n\n<hr class=\"wp-block-separator has-alpha-channel-opacity\"\/>\n\n\n\n<p><strong>*\u00c1REA INFORM\u00c1TICA<\/strong><\/p>\n\n\n\n<ul>\n<li><strong>INFORM\u00c1TICA INICIAL <\/strong><\/li>\n<\/ul>\n\n\n\n<p>Curso 601: martes de 14 a 16 h <em><strong>NUEVO<\/strong><\/em><\/p>\n\n\n\n<p><a href=\"https:\/\/www.frsn.utn.edu.ar\/wp-content\/uploads\/2025\/11\/Curso-601-INFORMATICA-Inicial.pdf\" target=\"_blank\" rel=\"noreferrer noopener\">Ver  programa&#8230;<\/a><\/p>\n\n\n\n<p>Prof. BERTETTI, Virginia<\/p>\n\n\n\n<ul>\n<li><strong>USO CELULARES ANDROID: desde cero<\/strong><\/li>\n<\/ul>\n\n\n\n<p>Curso 602: lunes de 9,30 a 11,30 h<\/p>\n\n\n\n<p><a href=\"https:\/\/www.frsn.utn.edu.ar\/wp-content\/uploads\/2025\/11\/Curso-602-USO-INICIAL-DE-CELULARES-desde-cero.pdf\" target=\"_blank\" rel=\"noreferrer noopener\">Ver  programa&#8230;<\/a><\/p>\n\n\n\n<p>Prof. MENIN, Esteban<\/p>\n\n\n\n<ul>\n<li><strong>INFORM\u00c1TICA PARA ESCRITORES <\/strong><\/li>\n<\/ul>\n\n\n\n<p>Curso 603: jueves de 9,30 a 11,30 h <strong><em>NUEVO<\/em><\/strong><\/p>\n\n\n\n<p><a href=\"https:\/\/www.frsn.utn.edu.ar\/wp-content\/uploads\/2025\/11\/Curso-603-INFORMATICA-para-Escritores.pdf\" target=\"_blank\" rel=\"noreferrer noopener\">Ver  programa&#8230;<\/a><\/p>\n\n\n\n<p>Prof. BER\u00d3N, Vanina<\/p>\n\n\n\n<ul>\n<li><strong>FOTOGRAF\u00cdA DIGITAL + Inteligencia Artificial: con tu celular Android<\/strong><\/li>\n<\/ul>\n\n\n\n<p>Curso 604: mi\u00e9rcoles de 15 a 17 h <strong><em>NUEVO<\/em><\/strong><\/p>\n\n\n\n<p><a href=\"https:\/\/www.frsn.utn.edu.ar\/wp-content\/uploads\/2025\/11\/Curso-604-FOTOGRAFIA-CON-CELULAR.pdf\" target=\"_blank\" rel=\"noreferrer noopener\">Ver  programa&#8230;<\/a><\/p>\n\n\n\n<p>Prof. ABAD, Mariano<\/p>\n\n\n\n<ul>\n<li><strong>DESCUBRIENDO LA INTELIGENCIA ARTIFICIAL: la IA en la vida diaria NUEVO<\/strong><\/li>\n<\/ul>\n\n\n\n<p>Curso 606: lunes de 14,30 a 16,30 h<\/p>\n\n\n\n<p><a href=\"https:\/\/www.frsn.utn.edu.ar\/wp-content\/uploads\/2025\/11\/Curso-606-Descubriendo-IA.pdf\" target=\"_blank\" rel=\"noreferrer noopener\">Ver  programa&#8230;<\/a><\/p>\n\n\n\n<p>Prof. MENIN, Esteban<\/p>\n\n\n\n<hr class=\"wp-block-separator has-alpha-channel-opacity\"\/>\n\n\n\n<p><strong>*\u00c1REA SALUD FISICA Y MENTAL <\/strong><\/p>\n\n\n\n<ul>\n<li><strong>MEMORIA SIEMPRE JOVEN<\/strong><\/li>\n<\/ul>\n\n\n\n<p>Curso 701 Nivel 1: martes 14:30 a 16:30 h <strong><em>NUEVO<\/em><\/strong><\/p>\n\n\n\n<p><a href=\"https:\/\/www.frsn.utn.edu.ar\/wp-content\/uploads\/2025\/11\/Curso-701-MEMORIA-Nivel-1.pdf\" target=\"_blank\" rel=\"noreferrer noopener\">Ver  programa&#8230;<\/a><\/p>\n\n\n\n<p>Curso 702 Nivel 3: mi\u00e9rcoles 14:30 a 16:30 h<\/p>\n\n\n\n<p><a href=\"https:\/\/www.frsn.utn.edu.ar\/wp-content\/uploads\/2025\/11\/Curso-702-MEMORIA-Nivel-3.pdf\" target=\"_blank\" rel=\"noreferrer noopener\">Ver  programa&#8230;<\/a><\/p>\n\n\n\n<p>Prof. BANDE, Alejandra<\/p>\n\n\n\n<ul>\n<li><strong>RECUERDOS: Taller de Estimulaci\u00f3n Cognitiva<\/strong><\/li>\n<\/ul>\n\n\n\n<p>Curso 703: martes de 9,30 a 11,30 h<\/p>\n\n\n\n<p><a href=\"https:\/\/www.frsn.utn.edu.ar\/wp-content\/uploads\/2025\/11\/Curso-703-RECUERDO-Estimulacion-Cognitiva.pdf\" target=\"_blank\" rel=\"noreferrer noopener\">Ver  programa&#8230;<\/a><\/p>\n\n\n\n<p>Prof. BONAVIDE, Mar\u00eda del Carmen<\/p>\n\n\n\n<ul>\n<li><strong>TALLER DE AJEDREZ nivel inicial: estimula tu cerebro <\/strong><\/li>\n<\/ul>\n\n\n\n<p>Curso 710: mi\u00e9rcoles de 9,30 a 11,30 h <strong><em>NUEVO<\/em><\/strong><\/p>\n\n\n\n<p><a href=\"https:\/\/www.frsn.utn.edu.ar\/wp-content\/uploads\/2025\/11\/Curso-710-Taller-de-ajedrez.pdf\" target=\"_blank\" rel=\"noreferrer noopener\">Ver  programa&#8230;<\/a><\/p>\n\n\n\n<p>Prof. NOZZI, Domingo <\/p>\n\n\n\n<ul>\n<li><strong>GIMNASIA DE FUERZA MUSCULAR Y MOVILIDAD GENERAL<\/strong><\/li>\n<\/ul>\n\n\n\n<p>Curso 721: Mar y Jue de 10:20 a 11:20 h<\/p>\n\n\n\n<p><a href=\"https:\/\/www.frsn.utn.edu.ar\/wp-content\/uploads\/2025\/11\/Curso-721-GIMNASIA-CARDIO.pdf\" target=\"_blank\" rel=\"noreferrer noopener\">Ver  programa&#8230;<\/a><\/p>\n\n\n\n<p>Prof. BALDARENAS, Jessica<\/p>\n\n\n\n<ul>\n<li><strong>GIMNASIA Y BAILE: actividades f\u00edsicas adaptadas<\/strong><\/li>\n<\/ul>\n\n\n\n<p>Curso 722: mi\u00e9rcoles de 10 a 12 h<\/p>\n\n\n\n<p><a href=\"https:\/\/www.frsn.utn.edu.ar\/wp-content\/uploads\/2025\/11\/Curso-722-GIMNASIA-Y-BAILE.pdf\" target=\"_blank\" rel=\"noreferrer noopener\">Ver  programa&#8230;<\/a><\/p>\n\n\n\n<p>Curso 723: mi\u00e9rcoles de 14:30 a 16:30 h<\/p>\n\n\n\n<p><a href=\"https:\/\/www.frsn.utn.edu.ar\/wp-content\/uploads\/2025\/11\/Curso-723-GIMNASIA-Y-BAILE.pdf\" target=\"_blank\" rel=\"noreferrer noopener\">Ver  programa&#8230;<\/a><\/p>\n\n\n\n<p>Prof. PRIMO, Laura<\/p>\n\n\n\n<ul>\n<li><strong>GYROKINESIS en silla: estimulaci\u00f3n de los sentidos a trav\u00e9s del movimiento<\/strong><\/li>\n<\/ul>\n\n\n\n<p>Curso 724: lunes de 10 a 12 h<\/p>\n\n\n\n<p><a href=\"https:\/\/www.frsn.utn.edu.ar\/wp-content\/uploads\/2025\/11\/Curso-724-GYROKINESIS-EN-SILLA.pdf\" target=\"_blank\" rel=\"noreferrer noopener\">Ver  programa&#8230;<\/a><\/p>\n\n\n\n<p>Curso 725: lunes 14:30 a 16:30 h<\/p>\n\n\n\n<p><a href=\"https:\/\/www.frsn.utn.edu.ar\/wp-content\/uploads\/2025\/11\/Curso-725-GYROKINESIS-EN-SILLA.pdf\" target=\"_blank\" rel=\"noreferrer noopener\">Ver  programa&#8230;<\/a><\/p>\n\n\n\n<p>Prof. PRIMO, Laura<\/p>\n\n\n\n<ul>\n<li><strong>YOGA Y BIENESTAR<\/strong><\/li>\n<\/ul>\n\n\n\n<p>Curso 732: martes y jueves de 9 a 10 h<\/p>\n\n\n\n<p><a href=\"https:\/\/www.frsn.utn.edu.ar\/wp-content\/uploads\/2025\/11\/Curso-732-YOGA-Y-BIENESTAR.pdf\" target=\"_blank\" rel=\"noreferrer noopener\">Ver  programa&#8230;<\/a><\/p>\n\n\n\n<p>Curso 733: martes y jueves de 15,45 a 16,45 h<\/p>\n\n\n\n<p><a href=\"https:\/\/www.frsn.utn.edu.ar\/wp-content\/uploads\/2025\/11\/Curso-733-YOGA-Y-BIENESTAR.pdf\" target=\"_blank\" rel=\"noreferrer noopener\">Ver  programa&#8230;<\/a><\/p>\n\n\n\n<p>Prof. HERRERA, Silvana<\/p>\n\n\n\n<ul>\n<li><strong>TALLER DE TAI CHI: ejercicios milenarios que mejoran la salud<\/strong><\/li>\n<\/ul>\n\n\n\n<p>Curso 741: martes y jueves de 14:30 a 15:30 h<\/p>\n\n\n\n<p><a href=\"https:\/\/www.frsn.utn.edu.ar\/wp-content\/uploads\/2025\/11\/Curso-741-TALLER-DE-TAI-CHI.pdf\" target=\"_blank\" rel=\"noreferrer noopener\">Ver  programa&#8230;<\/a><\/p>\n\n\n\n<p>Prof. FRITZLER, Fabian<\/p>\n\n\n\n<ul>\n<li><strong>GIMNASIA CHINA PARA LA SALUD: T\u00e0ij\u00edqu\u00e1n y Q\u00ecg\u014dng <\/strong><\/li>\n<\/ul>\n\n\n\n<p>Curso 742: lunes y mi\u00e9rcoles de 9 a 10 h <strong><em>NUEVO<\/em><\/strong><\/p>\n\n\n\n<p><a href=\"https:\/\/www.frsn.utn.edu.ar\/wp-content\/uploads\/2025\/11\/Curso-742-GIMNASIA-CHINA-2026.pdf\" target=\"_blank\" rel=\"noreferrer noopener\">Ver  programa&#8230;<\/a><\/p>\n\n\n\n<p>Prof. MAR\u00cdN, Renzo<\/p>\n","protected":false},"excerpt":{"rendered":"<p>Cursos del 1er CUATRIMESTRE 2026: del lunes 2 de marzo al martes 30 de junio * \u00c1REA ARTE AUDIOVISUAL Curso 111: lunes de 14:30 a 16:30 h Prof. MATHIEU, Silvia<\/p>\n","protected":false},"author":2,"featured_media":0,"parent":0,"menu_order":0,"comment_status":"closed","ping_status":"closed","template":"","meta":[],"_links":{"self":[{"href":"https:\/\/www.frsn.utn.edu.ar\/index.php?rest_route=\/wp\/v2\/pages\/6357"}],"collection":[{"href":"https:\/\/www.frsn.utn.edu.ar\/index.php?rest_route=\/wp\/v2\/pages"}],"about":[{"href":"https:\/\/www.frsn.utn.edu.ar\/index.php?rest_route=\/wp\/v2\/types\/page"}],"author":[{"embeddable":true,"href":"https:\/\/www.frsn.utn.edu.ar\/index.php?rest_route=\/wp\/v2\/users\/2"}],"replies":[{"embeddable":true,"href":"https:\/\/www.frsn.utn.edu.ar\/index.php?rest_route=%2Fwp%2Fv2%2Fcomments&post=6357"}],"version-history":[{"count":6,"href":"https:\/\/www.frsn.utn.edu.ar\/index.php?rest_route=\/wp\/v2\/pages\/6357\/revisions"}],"predecessor-version":[{"id":6600,"href":"https:\/\/www.frsn.utn.edu.ar\/index.php?rest_route=\/wp\/v2\/pages\/6357\/revisions\/6600"}],"wp:attachment":[{"href":"https:\/\/www.frsn.utn.edu.ar\/index.php?rest_route=%2Fwp%2Fv2%2Fmedia&parent=6357"}],"curies":[{"name":"wp","href":"https:\/\/api.w.org\/{rel}","templated":true}]}}