{"id":629,"date":"2018-12-21T16:04:32","date_gmt":"2018-12-21T19:04:32","guid":{"rendered":"https:\/\/frsnweb2.frsn.utn.edu.ar\/?page_id=629"},"modified":"2025-06-30T14:37:52","modified_gmt":"2025-06-30T17:37:52","slug":"sysacad","status":"publish","type":"page","link":"https:\/\/www.frsn.utn.edu.ar\/?page_id=629","title":{"rendered":"SysAdmin WEB"},"content":{"rendered":"<p>Desde aqu\u00ed los no docentes podr\u00e1n acceder al SysadminWEB que es el m\u00f3dulo de autogesti\u00f3n del persona. Para ello, haga click en el logo.<\/p>\n<h1 style=\"text-align: center;\"><a href=\"https:\/\/wwwsi.frsn.utn.edu.ar\/sysadminweb\/\">\u00a0SysAdminWEB<\/a><\/h1>\n<p>En este sistema, los no docentes podr\u00e1n acceder a<span data-olk-copy-source=\"MessageBody\"> informaci\u00f3n tales como, datos personales, recibo de haberes, control de asistencia y otr<\/span>as notificaciones de RRHH.<\/p>\n<p>Para acceder al sistema, se requiere el n\u00famero de legajo y una contrase\u00f1a personal e intransferible.<\/p>\n","protected":false},"excerpt":{"rendered":"<p>Desde aqu\u00ed los no docentes podr\u00e1n acceder al SysadminWEB que es el m\u00f3dulo de autogesti\u00f3n del persona. Para ello, haga click en el logo. \u00a0SysAdminWEB En este sistema, los no<\/p>\n","protected":false},"author":2,"featured_media":0,"parent":271,"menu_order":0,"comment_status":"closed","ping_status":"closed","template":"","meta":[],"_links":{"self":[{"href":"https:\/\/www.frsn.utn.edu.ar\/index.php?rest_route=\/wp\/v2\/pages\/629"}],"collection":[{"href":"https:\/\/www.frsn.utn.edu.ar\/index.php?rest_route=\/wp\/v2\/pages"}],"about":[{"href":"https:\/\/www.frsn.utn.edu.ar\/index.php?rest_route=\/wp\/v2\/types\/page"}],"author":[{"embeddable":true,"href":"https:\/\/www.frsn.utn.edu.ar\/index.php?rest_route=\/wp\/v2\/users\/2"}],"replies":[{"embeddable":true,"href":"https:\/\/www.frsn.utn.edu.ar\/index.php?rest_route=%2Fwp%2Fv2%2Fcomments&post=629"}],"version-history":[{"count":5,"href":"https:\/\/www.frsn.utn.edu.ar\/index.php?rest_route=\/wp\/v2\/pages\/629\/revisions"}],"predecessor-version":[{"id":5915,"href":"https:\/\/www.frsn.utn.edu.ar\/index.php?rest_route=\/wp\/v2\/pages\/629\/revisions\/5915"}],"up":[{"embeddable":true,"href":"https:\/\/www.frsn.utn.edu.ar\/index.php?rest_route=\/wp\/v2\/pages\/271"}],"wp:attachment":[{"href":"https:\/\/www.frsn.utn.edu.ar\/index.php?rest_route=%2Fwp%2Fv2%2Fmedia&parent=629"}],"curies":[{"name":"wp","href":"https:\/\/api.w.org\/{rel}","templated":true}]}}