{"id":6281,"date":"2025-10-07T09:53:59","date_gmt":"2025-10-07T12:53:59","guid":{"rendered":"https:\/\/www.frsn.utn.edu.ar\/?page_id=6281"},"modified":"2026-03-06T10:10:40","modified_gmt":"2026-03-06T13:10:40","slug":"investigadores-utn","status":"publish","type":"page","link":"https:\/\/www.frsn.utn.edu.ar\/?page_id=6281","title":{"rendered":"Investigadores UTN"},"content":{"rendered":"\n<p>\u201cLa Carrera de Investigadores en Ciencia y Tecnolog\u00eda de la Universidad Tecnol\u00f3gica Nacional tiene como objetivo favorecer la dedicaci\u00f3n de las personas que investigan, las actividades cient\u00edficas y tecnol\u00f3gicas con el objeto de aportar a la generaci\u00f3n de nuevos conocimientos, formar recursos humanos, fortalecer la docencia de grado y posgrado, transferir tecnolog\u00edas al sector productor de bienes y servicios, y contribuir a la resoluci\u00f3n de problem\u00e1ticas y demandas sociales, entre otros.<\/p>\n\n\n\n<p>El Reglamento de la Carrera de Investigadores en Ciencia y Tecnolog\u00eda de la Universidad Tecnol\u00f3gica Nacional (Anexo I &#8211; Ordenanza 2122\/2025) regula los derechos, deberes y obligaciones de quienes participen y permanezcan en la misma.\u201d<\/p>\n\n\n\n<div class=\"wp-block-file\"><object class=\"wp-block-file__embed\" data=\"https:\/\/www.frsn.utn.edu.ar\/wp-content\/uploads\/2025\/10\/CSU_ORD__0__2122.pdf\" type=\"application\/pdf\" style=\"width:100%;height:600px\" aria-label=\"Incrustado de CSU_ORD__0__2122.\"><\/object><a id=\"wp-block-file--media-a95970dc-9889-4a46-86bd-ebede41072a7\" href=\"https:\/\/www.frsn.utn.edu.ar\/wp-content\/uploads\/2025\/10\/CSU_ORD__0__2122.pdf\">CSU_ORD__0__2122<\/a><a href=\"https:\/\/www.frsn.utn.edu.ar\/wp-content\/uploads\/2025\/10\/CSU_ORD__0__2122.pdf\" class=\"wp-block-file__button wp-element-button\" download aria-describedby=\"wp-block-file--media-a95970dc-9889-4a46-86bd-ebede41072a7\">Descarga<\/a><\/div>\n\n\n\n<ul>\n<li><a href=\"https:\/\/www.frsn.utn.edu.ar\/wp-content\/uploads\/2026\/03\/PLANTILLA-GRILLA-UNICA-DE-EVALUACION.doc\" target=\"_blank\" rel=\"noreferrer noopener\">Grilla \u00fanica de evaluaci\u00f3n<\/a><\/li>\n\n\n\n<li><a rel=\"noreferrer noopener\" href=\"https:\/\/www.frsn.utn.edu.ar\/wp-content\/uploads\/2026\/03\/Curriculo-Unico-de-Evaluacion-Version-2.docx\" target=\"_blank\">Curr\u00edculo \u00fanico de evaluaci\u00f3n<\/a><\/li>\n\n\n\n<li><a href=\"https:\/\/www.frsn.utn.edu.ar\/wp-content\/uploads\/2026\/03\/Requisitos-minimos-Ord.-2122-1.pdf\" target=\"_blank\" rel=\"noreferrer noopener\">Requisitos m\u00ednimos (Ord. 2122)<\/a><\/li>\n\n\n\n<li><a href=\"https:\/\/www.frsn.utn.edu.ar\/wp-content\/uploads\/2026\/03\/PLANTILLA-FORMULARIO-DE-INSCRIPCION-CARRERA.docx\" target=\"_blank\" rel=\"noreferrer noopener\">Formulario de inscripci\u00f3n<\/a><\/li>\n<\/ul>\n\n\n\n<p><strong>Investigadores de la FRSN (por categor\u00eda UTN)<\/strong><\/p>\n\n\n\n<p>Categor\u00eda A<\/p>\n\n\n\n<figure class=\"wp-block-table\"><table><tbody><tr><td><strong>APELLIDO, Nombres<\/strong><\/td><td><strong>Resoluci\u00f3n del CSU &nbsp;&nbsp;(fecha)<\/strong><\/td><\/tr><tr><td>BRANDALEZE, Elena<\/td><td>1806\/2011&nbsp; &nbsp;(15\/12\/2011)<\/td><\/tr><\/tbody><\/table><\/figure>\n\n\n\n<p>Categor\u00eda B<\/p>\n\n\n\n<figure class=\"wp-block-table\"><table><tbody><tr><td><strong>APELLIDO, Nombres<\/strong><\/td><td><strong>Resoluci\u00f3n del CSU &nbsp;&nbsp;(fecha)<\/strong><\/td><\/tr><tr><td>BENAVIDEZ, Edgardo Roque<\/td><td>367\/2007 &nbsp;&nbsp;(26\/04\/2007)<\/td><\/tr><tr><td>CIONCO, Rodolfo Gustavo<\/td><td>84\/2021 &nbsp;&nbsp;(05\/03\/2021)<\/td><\/tr><tr><td>MANSILLA, Graciela Anal\u00eda<\/td><td>2511\/2016&nbsp; &nbsp;(15\/12\/2016)<\/td><\/tr><tr><td>PONCE, Sergio Dami\u00e1n<\/td><td>84\/2021&nbsp; &nbsp;(05\/03\/2021)<\/td><\/tr><tr><td>RODRIGUEZ, Georgina Beatriz<\/td><td>2675\/2023&nbsp;&nbsp; (13\/12\/2023)<\/td><\/tr><tr><td>SPIEGEL, Alejandro Daniel<\/td><td>2095\/2017 &nbsp;&nbsp;(23\/11\/2017)<\/td><\/tr><\/tbody><\/table><\/figure>\n\n\n\n<p>Categor\u00eda C<\/p>\n\n\n\n<figure class=\"wp-block-table\"><table><tbody><tr><td><strong>APELLIDO, Nombres<\/strong><\/td><td><strong>Resoluci\u00f3n del CSU &nbsp;&nbsp;(fecha)<\/strong><\/td><\/tr><tr><td>ARCE, D\u00e9bora Pamela<\/td><td>1293\/2023&nbsp;&nbsp; (24\/08\/2023)<\/td><\/tr><tr><td>BAQUELA, Enrique Gabriel<\/td><td>1084\/2025 &nbsp;&nbsp;(25\/06\/2025)<\/td><\/tr><tr><td>CAMPOMAR, Guillermo Daniel<\/td><td>1293\/2023&nbsp; &nbsp;(24\/08\/2023)<\/td><\/tr><tr><td>IN\u00c9S, Mariano Nicol\u00e1s<\/td><td>84\/2021&nbsp;&nbsp; (05\/03\/2021)<\/td><\/tr><tr><td>LAUGERO, Lorena Fernanda<\/td><td>1084\/2025 &nbsp;&nbsp;(25\/06\/2025)<\/td><\/tr><tr><td>L\u00d3PEZ, Hugo Arbelio<\/td><td>1704\/2009&nbsp;&nbsp; (16\/12\/2009)<\/td><\/tr><tr><td>MARCONI, C\u00e9sar David<\/td><td>84\/2021&nbsp;&nbsp; (05\/03\/2021)<\/td><\/tr><tr><td>ORELLANO, Pablo Wenceslao<\/td><td>84\/2021&nbsp; &nbsp;(05\/03\/2021)<\/td><\/tr><tr><td>PELOZO, Gisela<\/td><td>1134\/2021 &nbsp;&nbsp;(07\/12\/2021)<\/td><\/tr><tr><td>SANTINI, Leandro Mat\u00edas<\/td><td>614\/2022&nbsp; &nbsp;(15\/06\/2022)<\/td><\/tr><tr><td>UNSEN, Miguel \u00c1ngel<\/td><td>366\/2021&nbsp; &nbsp;(30\/06\/2021)<\/td><\/tr><\/tbody><\/table><\/figure>\n\n\n\n<p>Categor\u00eda D<\/p>\n\n\n\n<figure class=\"wp-block-table\"><table><tbody><tr><td><strong>APELLIDO, Nombres<\/strong><\/td><td><strong>Resoluci\u00f3n del CSU &nbsp;&nbsp;(fecha)<\/strong><\/td><\/tr><tr><td>BARBARO, Laura<\/td><td>647\/2025&nbsp;&nbsp; (16\/04\/2025)<\/td><\/tr><tr><td>BLUME, Mario<\/td><td>176\/2021&nbsp;&nbsp; (07\/05\/2021)<\/td><\/tr><tr><td>CHIAPPAROLI, Wadi Paul<\/td><td>2097\/2017&nbsp; &nbsp;(23\/11\/2017)<\/td><\/tr><tr><td>CINALLI, Marcelo<\/td><td>129\/2024&nbsp;&nbsp; (28\/02\/2024)<\/td><\/tr><tr><td>DELPUPO, Mar\u00eda Noelia<\/td><td>366\/2021&nbsp;&nbsp; (30\/06\/2021)<\/td><\/tr><tr><td>FERNANDEZ, Ricardo Mart\u00edn<\/td><td>2097\/2017 &nbsp;&nbsp;(23\/11\/2017)<\/td><\/tr><tr><td>GALLEGOS, Mar\u00eda Laura<\/td><td>129\/2024&nbsp;&nbsp; (28\/02\/2024)<\/td><\/tr><tr><td>GIORDANO, Walter Fabi\u00e1n<\/td><td>1095\/2011&nbsp; &nbsp;(01\/09\/2011)<\/td><\/tr><tr><td>G\u00d3MEZ, Leonardo Favio<\/td><td>1667\/2013 &nbsp;&nbsp;(19\/12\/2013)<\/td><\/tr><tr><td>LUCCHESI, Alejandro<\/td><td>2458\/25 (11-12-2025)<\/td><\/tr><tr><td>MARTIN, Alejandro Andr\u00e9s<\/td><td>1490\/2010 &nbsp;&nbsp;(16\/12\/2010)<\/td><\/tr><tr><td>MERETTA, Javier \u00c1ngel<\/td><td>2729\/2024&nbsp;&nbsp; (11\/12\/2024)<\/td><\/tr><tr><td>PALMIERI, Fernando Daniel<\/td><td>2097\/2017&nbsp; &nbsp;(23\/11\/2017)<\/td><\/tr><tr><td>RAMIREZ, Mat\u00edas Ezequiel<\/td><td>176\/2021 &nbsp;&nbsp;(07\/05\/2021)<\/td><\/tr><tr><td>ROBERTI, Mart\u00edn<\/td><td>2458\/25 (11-12-2025)<\/td><\/tr><tr><td>ROMANYUK, Mykhaylo<\/td><td>366\/2021&nbsp;&nbsp; (30\/06\/2021)<\/td><\/tr><tr><td>RUBIO, D\u00e9bora<\/td><td>2458\/25 (11-12-2025)<\/td><\/tr><tr><td>RULLO, Pablo<\/td><td>366\/2021&nbsp;&nbsp; (30\/06\/2021)<\/td><\/tr><tr><td>SACCO, Lucia Carlota<\/td><td>2097\/2017&nbsp;&nbsp; (23\/11\/2017)<\/td><\/tr><tr><td>SPARVOLI, Valeria<\/td><td>602\/2018&nbsp;&nbsp; (19\/04\/2018)<\/td><\/tr><tr><td>VALENTINI, Marcelo Alejandro<\/td><td>1490\/2010&nbsp;&nbsp; (16\/12\/2010)<\/td><\/tr><\/tbody><\/table><\/figure>\n\n\n\n<p>Categor\u00eda E<\/p>\n\n\n\n<figure class=\"wp-block-table\"><table><tbody><tr><td><strong>APELLIDO, Nombres<\/strong><\/td><td><strong>Resoluci\u00f3n del CSU &nbsp;&nbsp;(fecha)<\/strong><\/td><\/tr><tr><td>ANTONELLI, Sof\u00eda Lara<\/td><td>375\/2022 &nbsp;&nbsp;(07\/04\/2022)<\/td><\/tr><tr><td>AR\u00c9VALO, V\u00edctor Rodolfo<\/td><td>1809\/2011 &nbsp;&nbsp;(15\/12\/2011)<\/td><\/tr><tr><td>CABO, Natalia Carolina<\/td><td>603\/2018 &nbsp;&nbsp;(19\/04\/2018)<\/td><\/tr><tr><td>CAGGIOLI, Mauricio Sebasti\u00e1n<\/td><td>1490\/2010&nbsp; &nbsp;(16\/12\/2010)<\/td><\/tr><tr><td>C\u00c9SARI, Andrea<\/td><td>647\/2025&nbsp; &nbsp;(16\/04\/2025)<\/td><\/tr><tr><td>DOMINGUEZ, Cristian Pablo<\/td><td>1095\/2011&nbsp; &nbsp;(01\/09\/2011)<\/td><\/tr><tr><td>FRANCO, Neoren Germ\u00e1n<\/td><td>1095\/2011&nbsp; &nbsp;(01\/09\/2011)<\/td><\/tr><tr><td>GARBEROGLIO, Leonardo<\/td><td>692\/2020 &nbsp;&nbsp;(03\/09\/2020)<\/td><\/tr><tr><td>GARC\u00cdA, Maximiliano<\/td><td>2729\/2024&nbsp; &nbsp;(11\/12\/2024)<\/td><\/tr><tr><td>GARC\u00cdA D\u00cdAZ, Carolina<\/td><td>1084\/2025 &nbsp;&nbsp;(25\/06\/2025)<\/td><\/tr><tr><td>HETZE, Vanesa Betiana<\/td><td>129\/2024 &nbsp;&nbsp;(28\/02\/2024)<\/td><\/tr><tr><td>LAGORIO, Yamila Soledad<\/td><td>921\/2018&nbsp; &nbsp;(28\/06\/2018)<\/td><\/tr><tr><td>MAZZOLA, Cecilia<\/td><td>647\/2025 &nbsp;&nbsp;(16\/04\/2025)<\/td><\/tr><tr><td>MELIA, Mariela<\/td><td>611\/2024 (24\/04\/2024)<\/td><\/tr><tr><td>PACINI, Carina Daniela<\/td><td>56\/2015&nbsp; &nbsp;(19\/03\/2015)<\/td><\/tr><tr><td>PASQUINI, Juan Pablo<\/td><td>647\/2025 (16\/04\/2025)<\/td><\/tr><tr><td>PEIRANI, Mar\u00eda Valeria<\/td><td>811\/2011 &nbsp;&nbsp;(07\/07\/2011)<\/td><\/tr><tr><td>SOSA, Daniel Obdulio<\/td><td>611\/2024 &nbsp;&nbsp;(24\/04\/2024)<\/td><\/tr><tr><td>TIELLI, Mat\u00edas Ezequiel<\/td><td>129\/2024&nbsp; &nbsp;(28\/02\/2024)<\/td><\/tr><tr><td>VALENTINI, Jos\u00e9 Ernesto<\/td><td>176\/2021&nbsp; &nbsp;(07\/05\/2021)<\/td><\/tr><tr><td>VIOLANTE, Luis Dar\u00edo<\/td><td>1095\/2011&nbsp;&nbsp; (01\/09\/2011)<\/td><\/tr><\/tbody><\/table><\/figure>\n\n\n\n<p>Categor\u00eda F<\/p>\n\n\n\n<figure class=\"wp-block-table\"><table><tbody><tr><td><strong>APELLIDO, Nombres<\/strong><\/td><td><strong>Resoluci\u00f3n del CSU &nbsp;&nbsp;(fecha)<\/strong><\/td><\/tr><tr><td>AGUILERA, Walter C\u00e9sar<\/td><td>603\/2018 &nbsp;&nbsp;(19\/04\/2018)<\/td><\/tr><tr><td>ANDRIN, Luciana Gabriela<\/td><td>603\/2018&nbsp;&nbsp; (19\/04\/2018)<\/td><\/tr><tr><td>ASMUS, Carolina Andrea<\/td><td>1876\/2022 &nbsp;&nbsp;(06\/12\/2022)<\/td><\/tr><tr><td>BALDINI, Jos\u00e9 Andr\u00e9s<\/td><td>603\/2018&nbsp; &nbsp;(19\/04\/2018)<\/td><\/tr><tr><td>BERTERO, Gabriel Alejandro<\/td><td>1876\/2022 &nbsp;&nbsp;(06\/12\/2022)<\/td><\/tr><tr><td>CONSIGLI, Carlos Fernando<\/td><td>1204\/2020&nbsp; &nbsp;(11\/12\/2020)<\/td><\/tr><tr><td>DOQUE, Susana<\/td><td>366\/2021 &nbsp;&nbsp;(30\/06\/2021)<\/td><\/tr><tr><td>GOROSITO, Iv\u00e1n Ezequiel<\/td><td>1095\/2011&nbsp; &nbsp;(01\/09\/2011)<\/td><\/tr><tr><td>GRASSI, Mariano Cruz<\/td><td>129\/2024 &nbsp;&nbsp;(28\/02\/2024)<\/td><\/tr><tr><td>INZEO, Facundo Pascual<\/td><td>1134\/2021&nbsp; &nbsp;(07\/12\/2021)<\/td><\/tr><tr><td>LALLI, Camila Giselle<\/td><td>2458\/25 (11-12-2025)<\/td><\/tr><tr><td>MARTIN, Juan Pablo<\/td><td>1635\/2016&nbsp; &nbsp;(15\/09\/2016)<\/td><\/tr><tr><td>PEREZ, Julio C\u00e9sar<\/td><td>1635\/2016 &nbsp;&nbsp;(15\/09\/2016)<\/td><\/tr><tr><td>PLATTONI, Germ\u00e1n Claudio<\/td><td>1945\/2015 &nbsp;&nbsp;(22\/10\/2015)<\/td><\/tr><tr><td>RAM\u00cdREZ YOS, Mauricio<\/td><td>2458\/25 (11-12-2025)<\/td><\/tr><tr><td>SALGUERO, Mar\u00eda Guadalupe<\/td><td>129\/2024 &nbsp;&nbsp;(28\/02\/2024)<\/td><\/tr><tr><td>VEGA, Franco Nicol\u00e1s<\/td><td>2458\/25 (11-12-2025)<\/td><\/tr><\/tbody><\/table><\/figure>\n\n\n\n<p>Categor\u00eda G<\/p>\n\n\n\n<figure class=\"wp-block-table\"><table><tbody><tr><td><strong>APELLIDO, Nombres<\/strong><\/td><td><strong>Resoluci\u00f3n del CSU &nbsp;&nbsp;(fecha)<\/strong><\/td><\/tr><tr><td>BASTONE, Juliana Emilia<\/td><td>129\/2024&nbsp;&nbsp; (28\/02\/2024)<\/td><\/tr><tr><td>BERTERO, Ramiro Leandro<\/td><td>2729\/2024&nbsp;&nbsp; (11\/12\/2024)<\/td><\/tr><tr><td>CAMPEROS, Cristian Ezequiel<\/td><td>1204\/2020&nbsp;&nbsp; (11\/12\/2020)<\/td><\/tr><tr><td>CASTA\u00d1EIRA, Mat\u00edas Nicol\u00e1s<\/td><td>129\/2024&nbsp;&nbsp; (28\/02\/2024)<\/td><\/tr><tr><td>CORIA, Mirko<\/td><td>129\/2024&nbsp;&nbsp; (28\/02\/2024)<\/td><\/tr><tr><td>DORSCH, Mauro Santiago<\/td><td>1957\/2023&nbsp;&nbsp; (04\/10\/2023)<\/td><\/tr><tr><td>FABBI, Nicol\u00e1s Emanuel<\/td><td>2097\/2017&nbsp;&nbsp; (23\/11\/2017)<\/td><\/tr><tr><td>FOLONIER, Mat\u00edas Federico<\/td><td>922\/2018&nbsp;&nbsp; (28\/06\/2018)<\/td><\/tr><tr><td>GARCIA, Bruno Ezequiel<\/td><td>2097\/2017&nbsp;&nbsp; (23\/11\/2017)<\/td><\/tr><tr><td>GONZALEZ CONOSCIUTO, Guillermo<\/td><td>1764\/2018&nbsp;&nbsp; (25\/10\/2018)<\/td><\/tr><tr><td>GRANDOLI, Leila Aime<\/td><td>129\/2024&nbsp;&nbsp; (28\/02\/2024)<\/td><\/tr><tr><td>HERRERA, Hern\u00e1n Flavio<\/td><td>1957\/2023&nbsp;&nbsp; (4\/10\/2023)<\/td><\/tr><tr><td>LOPEZ, Pedro Manuel<\/td><td>1764\/2018&nbsp;&nbsp; (25\/10\/2018)<\/td><\/tr><tr><td>PALMIERI, Marcos<\/td><td>2097\/2017&nbsp;&nbsp; (23\/11\/2017)<\/td><\/tr><tr><td>PIERETTI, Juli\u00e1n<\/td><td>1976\/2014&nbsp;&nbsp; (20\/11\/2014)<\/td><\/tr><tr><td>PORFIRI, Diego Orlando<\/td><td>1976\/2014&nbsp;&nbsp; (20\/11\/2014)<\/td><\/tr><tr><td>RIOLFO, Mart\u00edn Gabriel<\/td><td>1764\/2018&nbsp;&nbsp; (25\/10\/2018)<\/td><\/tr><tr><td>SANTONI, Diego Nicol\u00e1s<\/td><td>129\/2024&nbsp;&nbsp; (28\/02\/2024)<\/td><\/tr><tr><td>SFILIGOY, Celeste<\/td><td>2729\/2024&nbsp;&nbsp; (11\/12\/2024)<\/td><\/tr><tr><td>TROFFE, V\u00edctor Emilio<\/td><td>1204\/2020&nbsp;&nbsp; (11\/12\/2020)<\/td><\/tr><\/tbody><\/table><\/figure>\n","protected":false},"excerpt":{"rendered":"<p>\u201cLa Carrera de Investigadores en Ciencia y Tecnolog\u00eda de la Universidad Tecnol\u00f3gica Nacional tiene como objetivo favorecer la dedicaci\u00f3n de las personas que investigan, las actividades cient\u00edficas y tecnol\u00f3gicas con<\/p>\n","protected":false},"author":2,"featured_media":0,"parent":0,"menu_order":0,"comment_status":"closed","ping_status":"closed","template":"","meta":[],"_links":{"self":[{"href":"https:\/\/www.frsn.utn.edu.ar\/index.php?rest_route=\/wp\/v2\/pages\/6281"}],"collection":[{"href":"https:\/\/www.frsn.utn.edu.ar\/index.php?rest_route=\/wp\/v2\/pages"}],"about":[{"href":"https:\/\/www.frsn.utn.edu.ar\/index.php?rest_route=\/wp\/v2\/types\/page"}],"author":[{"embeddable":true,"href":"https:\/\/www.frsn.utn.edu.ar\/index.php?rest_route=\/wp\/v2\/users\/2"}],"replies":[{"embeddable":true,"href":"https:\/\/www.frsn.utn.edu.ar\/index.php?rest_route=%2Fwp%2Fv2%2Fcomments&post=6281"}],"version-history":[{"count":8,"href":"https:\/\/www.frsn.utn.edu.ar\/index.php?rest_route=\/wp\/v2\/pages\/6281\/revisions"}],"predecessor-version":[{"id":6662,"href":"https:\/\/www.frsn.utn.edu.ar\/index.php?rest_route=\/wp\/v2\/pages\/6281\/revisions\/6662"}],"wp:attachment":[{"href":"https:\/\/www.frsn.utn.edu.ar\/index.php?rest_route=%2Fwp%2Fv2%2Fmedia&parent=6281"}],"curies":[{"name":"wp","href":"https:\/\/api.w.org\/{rel}","templated":true}]}}