{"id":627,"date":"2018-12-21T16:02:57","date_gmt":"2018-12-21T19:02:57","guid":{"rendered":"https:\/\/frsnweb2.frsn.utn.edu.ar\/?page_id=627"},"modified":"2026-02-05T10:56:51","modified_gmt":"2026-02-05T13:56:51","slug":"beneficios","status":"publish","type":"page","link":"https:\/\/www.frsn.utn.edu.ar\/?page_id=627","title":{"rendered":"Beneficios y promociones para la comunidad FRSN"},"content":{"rendered":"\n<p><strong>La Subsecretar\u00eda del Graduado trabaja para que todos los miembros de la comunidad universitaria FRSN tengan descuentos en comercios adheridos.<\/strong><\/p>\n\n\n\n<p>Si a\u00fan no se ha tramitado la Tarjeta-Credencial Universitaria, consultar el procedimiento al correo electr\u00f3nico&nbsp;<a href=\"mailto:anoe@frsn.utn.edu.ar\">anoe@frsn.utn.edu.ar<\/a><\/p>\n\n\n\n<ul>\n<li><strong>LK Librerias &#8211; Mitre 214 \/\/ Av. Savio 441 \/\/ Rivadavia 699 (Showroom: Rivadavia 1043)<\/strong><\/li>\n<\/ul>\n\n\n\n<p>15% pago en efectivo \/\/ 10% pago con d\u00e9bito<br>Muebles: 10% pago en efectivo \/\/ 5% pago con d\u00e9bito<\/p>\n\n\n\n<ul>\n<li><strong>Antigua Cava &#8211; Alvear 199<\/strong><\/li>\n<\/ul>\n\n\n\n<p>10% pago en efectivo \/\/ 5% pago con d\u00e9bito\/cr\u00e9dito<\/p>\n\n\n\n<ul>\n<li><strong>Autoservicio Joki &#8211; Rivadavia 797<\/strong><\/li>\n<\/ul>\n\n\n\n<p>16% pago en efectivo \/\/ 12% pafo con d\u00e9bito\/cr\u00e9dito<\/p>\n\n\n\n<ul>\n<li><strong>Pilchas &#8211; Naci\u00f3n y Sarmiento<\/strong><\/li>\n<\/ul>\n\n\n\n<p>15% lunes, martes y mi\u00e9rcoles en efectivo (los descuentos no son acumulables con otras ofertas o promociones)<\/p>\n\n\n\n<ul>\n<li><strong>Pinturer\u00edas Arcoiris &#8211; Bolivar esq. Falc\u00f3n \/\/ Avda. Savio 1220 \/\/ Parque Industrial Comirsa Calle 6 N\u00b0 1115 \/\/ Irigoyen 861 (Villa Ramallo)<\/strong><\/li>\n<\/ul>\n\n\n\n<p>15% martes y mi\u00e9rcoles para pago en efectivo o con d\u00e9bito o cr\u00e9dito (hasta 3 pagos sin inter\u00e9s). En l\u00ednea Color\u00edn 25% m\u00e1s tres cuotas sin inter\u00e9s por pago en efectivo o con d\u00e9bito o cr\u00e9dito<\/p>\n\n\n\n<ul>\n<li><strong>Digital Center &#8211; Bolivar y Pellegrini<\/strong><\/li>\n<\/ul>\n\n\n\n<p>10% de descuento para accesorios de PC comunes (auriculares, teclados, mouses, parlantes de PC, c\u00e1maras de seguridad, Sistema de gesti\u00f3n administrativa DCSoft).<br>5% de descuento en servidores, notebooks, PC, monitores, conectividad, controladores fiscales, productos gamer, impresoras, calculadoras, parlantes port\u00e1tiles, insumos (los descuentos no son acumulables con otras ofertas o promociones)<\/p>\n\n\n\n<ul>\n<li><strong>Instituto de ense\u00f1anza de la Lengua Inglesa Bridge &#8211; 9 de Julio 19<\/strong><\/li>\n<\/ul>\n\n\n\n<p>15% de descuento en los cursos regulares para ni\u00f1as y ni\u00f1os hasta 15 a\u00f1os que sean hijas e hijos de docentes, no docentes, alumnos o graduados de la UTN San Nicol\u00e1s.<\/p>\n\n\n\n<p>15% de descuento en los cursos para docentes, no docentes, alumnos y graduados de la UTN San Nicol\u00e1s que por razones laborales, por viajes, entre otras razones, necesiten tomar un curso personalizado intensivo.<\/p>\n\n\n\n<ul>\n<li><strong>Apidelta &#8211; Rivadavia 706 (promoci\u00f3n s\u00f3lo v\u00e1lida en este local)<\/strong><\/li>\n<\/ul>\n\n\n\n<p>20% de descuento en pagos en efectivo y un 10% de descuento para pagos con medios digitales (QR, tarjetas, transferencias, billeteras virtuales, entre otros). La promoci\u00f3n se aplicar\u00e1 a compras superiores a $1000, con tope de reintegro de hasta $3000, de lunes a jueves. Se exceptuan los productos a granel y ofertas.<\/p>\n\n\n\n<ul>\n<li><strong>Torres Herrajes &#8211; Av. Savio 540<\/strong><\/li>\n<\/ul>\n\n\n\n<p>10% descuento pago efectivo \/\/ 5% pago con d\u00e9bito.<\/p>\n\n\n\n<p>Lunes a viernes de 8 a 17 y s\u00e1bados de 8 a 12.30 h.<\/p>\n\n\n\n<ul>\n<li><strong>Girolami &#8211; Naci\u00f3n 363<\/strong><\/li>\n<\/ul>\n\n\n\n<p>15% de descuento en pago en efectivo. V\u00e1lido los d\u00edas lunes, martes y mi\u00e9rcoles en horario comercial.&nbsp;<\/p>\n\n\n\n<ul>\n<li><strong>Planeta Surf &#8211;&nbsp;Urquiza 31 y Mitre 247<\/strong><\/li>\n<\/ul>\n\n\n\n<p>15% de descuento en pago en efectivo. V\u00e1lido los d\u00edas lunes, martes y mi\u00e9rcoles en horario comercial.&nbsp;<\/p>\n\n\n\n<ul>\n<li><strong>Audiovisi\u00f3n &#8211; Naci\u00f3n 737<\/strong><\/li>\n<\/ul>\n\n\n\n<p>25% de descuento sobre precio de lista por pago en contado, tanto en efectivo, como en d\u00e9bito o cr\u00e9dito en un pago.<\/p>\n\n\n\n<ul>\n<li><strong>Ensue\u00f1o Colchoner\u00eda &#8211;&nbsp; Av. Savio y Pellegrini<\/strong><\/li>\n<\/ul>\n\n\n\n<p>25% de descuento sobre precio de lista por pago en contado, tanto en efectivo, como en d\u00e9bito o cr\u00e9dito en un pago.<\/p>\n\n\n\n<ul>\n<li><strong>Ferraro Materiales SRL &#8211; D\u00e1maso Valdez 398 \/ Av. Savio 1425 (San Nicol\u00e1s) \/ Av. San Mart\u00edn 854\/860 (Villa Ramallo)<\/strong><\/li>\n<\/ul>\n\n\n\n<p>&nbsp;10 % de descuento por pago efectivo.&nbsp;Dichos descuentos se efectuar\u00e1n en cualquier sucursal de Ferraro Materiales SRL en los horarios en que el comercio se encuentre abierto con atenci\u00f3n al p\u00fablico.<\/p>\n\n\n\n<ul>\n<li><strong>Lubricentro Vercelli &#8211; Primavera 481<\/strong><\/li>\n<\/ul>\n\n\n\n<p>10% de descuento por pago con tarjeta de d\u00e9bito y un 15% de descuento por pago en efectivo de lubricantes, servicios y accesorios del automotor.<\/p>\n\n\n\n<ul>\n<li><strong>Vinoteca Yaguar\u00f3n &#8211; Av. Savio 650<\/strong><\/li>\n<\/ul>\n\n\n\n<p>10% de descuento por pago contado efectivo (no tarjetas) en alimentos y bebidas nacionales y un 15% por pago contado efectivo (no tarjetas) en art\u00edculos de regaler\u00eda (cuchiller\u00eda, tablas, mates, cristaler\u00eda, cocteler\u00eda y m\u00e1s).<\/p>\n\n\n\n<ul>\n<li><strong>Marga Maggi Tours<\/strong> &#8211;<strong> Mitre 115 &#8211; local 1<\/strong><\/li>\n<\/ul>\n\n\n\n<p>10% de descuento para servicio regular de Manuel tienda le\u00f3n de ida y vuelta desde parador de San Nicolas a Ezeiza o Aeroparque. 10% de descuento en coberturas medicas de Assist Card o Coris. Para los miembros de la comunidad \u201cU.T.N. &#8211; F.R.S.N.\u201d que contraten un viaje internacional que incluya: pasaje aereo y estadia terrestre con un minimo de 7 noches, la agencia dara un 50% de descuento en el traslado al aeropuerto de Ezeiza. Semestralmente pasaremos un catalogo con viajes en los que los miembros de la comunidad \u201cU.T.N. &#8211; F.R.S.N\u201d tendr\u00e1n un 10% de descuento. <\/p>\n\n\n\n<ul>\n<li><strong>Supermercado Jos\u00e9 (Av. Savio 451) y Market Express (Lavalle 71)<\/strong><\/li>\n<\/ul>\n\n\n\n<p>12% de descuento por pago contado efectivo y un 10% por pago con tarjeta de d\u00e9bito, de lunes a domingo y en compras superiores a $20.000 (sujetos a modificaci\u00f3n seg\u00fan inflaci\u00f3n el porcentaje y el importe de compra). Estos descuentos no son acumulables con otras promociones o descuentos.&nbsp;<\/p>\n\n\n\n<ul>\n<li><strong>Ferreter\u00eda Industrial Districon &#8211; Av. Savio 1715<\/strong><\/li>\n<\/ul>\n\n\n\n<p>10% de descuento por pago con tarjeta de d\u00e9bito y un 15% por pago en efectivo de cualquier producto. Estos descuentos no son acumulables con otras promociones o descuentos.&nbsp;<\/p>\n\n\n\n<ul>\n<li><strong>Mi peque\u00f1a cava &#8211; Maip\u00fa 365<\/strong><\/li>\n<\/ul>\n\n\n\n<p>25% de descuento por pago con todos los medios de pago.<\/p>\n\n\n\n<ul>\n<li><strong>Glitter Lencer\u00eda &#8211;  Av. Savio 59<\/strong><\/li>\n<\/ul>\n\n\n\n<p>10% de descuento por pago a trav\u00e9s de transferencia y un 15% por pago en efectivo. Estos descuentos no son acumulables con otras promociones o descuentos.<\/p>\n\n\n\n<ul>\n<li><strong>Raciones de salud &#8211; Alem 199<\/strong><\/li>\n<\/ul>\n\n\n\n<p>15% de descuento por pago con tarjeta de d\u00e9bito, efectivo o transferencia en viandas y productos. Estos descuentos no son acumulables con otras promociones o descuentos.<\/p>\n\n\n\n<ul>\n<li><strong>\u201cElectrical Store\u201d &#8211; Almafuerte 123<\/strong><\/li>\n<\/ul>\n\n\n\n<p>15% de descuento por pago con tarjeta de d\u00e9bito o QR y un 20% por pago en efectico en componentes el\u00e9ctricos y dem\u00e1s productos.<\/p>\n","protected":false},"excerpt":{"rendered":"<p>La Subsecretar\u00eda del Graduado trabaja para que todos los miembros de la comunidad universitaria FRSN tengan descuentos en comercios adheridos. Si a\u00fan no se ha tramitado la Tarjeta-Credencial Universitaria, consultar<\/p>\n","protected":false},"author":2,"featured_media":0,"parent":271,"menu_order":0,"comment_status":"closed","ping_status":"closed","template":"","meta":[],"_links":{"self":[{"href":"https:\/\/www.frsn.utn.edu.ar\/index.php?rest_route=\/wp\/v2\/pages\/627"}],"collection":[{"href":"https:\/\/www.frsn.utn.edu.ar\/index.php?rest_route=\/wp\/v2\/pages"}],"about":[{"href":"https:\/\/www.frsn.utn.edu.ar\/index.php?rest_route=\/wp\/v2\/types\/page"}],"author":[{"embeddable":true,"href":"https:\/\/www.frsn.utn.edu.ar\/index.php?rest_route=\/wp\/v2\/users\/2"}],"replies":[{"embeddable":true,"href":"https:\/\/www.frsn.utn.edu.ar\/index.php?rest_route=%2Fwp%2Fv2%2Fcomments&post=627"}],"version-history":[{"count":21,"href":"https:\/\/www.frsn.utn.edu.ar\/index.php?rest_route=\/wp\/v2\/pages\/627\/revisions"}],"predecessor-version":[{"id":6594,"href":"https:\/\/www.frsn.utn.edu.ar\/index.php?rest_route=\/wp\/v2\/pages\/627\/revisions\/6594"}],"up":[{"embeddable":true,"href":"https:\/\/www.frsn.utn.edu.ar\/index.php?rest_route=\/wp\/v2\/pages\/271"}],"wp:attachment":[{"href":"https:\/\/www.frsn.utn.edu.ar\/index.php?rest_route=%2Fwp%2Fv2%2Fmedia&parent=627"}],"curies":[{"name":"wp","href":"https:\/\/api.w.org\/{rel}","templated":true}]}}