{"id":589,"date":"2018-12-05T15:04:02","date_gmt":"2018-12-05T18:04:02","guid":{"rendered":"https:\/\/frsnweb2.frsn.utn.edu.ar\/?page_id=589"},"modified":"2025-10-07T09:37:51","modified_gmt":"2025-10-07T12:37:51","slug":"licenciatura-en-ensenanza-de-la-matematica","status":"publish","type":"page","link":"https:\/\/www.frsn.utn.edu.ar\/?page_id=589","title":{"rendered":"Licenciatura en Ense\u00f1anza de la Matem\u00e1tica"},"content":{"rendered":"<p>La carrera ofrece a los profesores actualizar sus conocimientos, ampliar su formaci\u00f3n en Matem\u00e1tica, mejorar la calidad de los docentes, generando esp\u00edritu y predisposici\u00f3n a la investigaci\u00f3n y permitiendo alcanzar un t\u00edtulo de grado.<\/p>\n<p><strong>T\u00edtulo que otorga<\/strong><\/p>\n<p>Licenciado en Ense\u00f1anza de la Matem\u00e1tica<\/p>\n<p><strong>Perfil del egresado<\/strong><\/p>\n<p>Las actividades de aprendizaje propuestas se sit\u00faan en un punto de articulaci\u00f3n entre la teor\u00eda y la pr\u00e1ctica y suministran a los docentes herramientas conceptuales y metodol\u00f3gicas adecuadas para su desempe\u00f1o profesional.<\/p>\n<ul>\n<li>Manejar\u00e1 las estructuras b\u00e1sicas de la Matem\u00e1tica distinguiendo la relaci\u00f3n entre lo puro y lo aplicado<\/li>\n<li>Participar\u00e1 en el campo acad\u00e9mico de instancias de an\u00e1lisis y actualizaci\u00f3n curricular<\/li>\n<li>Tendr\u00e1 una \u00f3ptima formaci\u00f3n para poder intervenir en planes de investigaci\u00f3n y desarrollo<\/li>\n<li>Promover\u00e1 la reflexi\u00f3n sobre los fundamentos e historia de la Matem\u00e1tica<\/li>\n<\/ul>\n<p><strong>Duraci\u00f3n<\/strong><\/p>\n<p>3\u00a0a\u00f1os<\/p>\n<div><strong>Admisi\u00f3n<\/strong><\/div>\n<div><\/div>\n<div>El aspirante debe poseer t\u00edtulo de Profesor otorgado por instituciones de Nivel Superior no Universitario reconocidas, p\u00fablicas o privadas, con planes de estudios de cuatro (4)\u00a0a\u00f1os o m\u00e1s de duraci\u00f3n. O bien, poseer t\u00edtulo universitario intermedio de las carreras de grado de la Universidad Tecnol\u00f3gica Nacional, u otra con una duraci\u00f3n no inferior a los tres a\u00f1os.<\/div>\n<p><strong>Informes e Inscripci\u00f3n<\/strong><\/p>\n<p>Secretar\u00eda de Posgrado y Educaci\u00f3n Continua<br \/>\nCol\u00f3n 332 &#8211; Tel.: 0336-4420830\/4425266 &#8211; int.:119<\/p>\n<p><strong>E-mail<\/strong>:\u00a0<a href=\"mailto:posgrado@frsn.utn.edu.ar\">posgrado@frsn.utn.edu.ar<\/a><\/p>\n<hr \/>\n<p><a href=\"https:\/\/www.frsn.utn.edu.ar\/wp-content\/uploads\/2023\/06\/Licenciatura-en-ensenanza-de-la-matematica.pdf\">Licenciatura en ense\u00f1anza de la matem\u00e1tica<\/a><\/p>\n","protected":false},"excerpt":{"rendered":"<p>La carrera ofrece a los profesores actualizar sus conocimientos, ampliar su formaci\u00f3n en Matem\u00e1tica, mejorar la calidad de los docentes, generando esp\u00edritu y predisposici\u00f3n a la investigaci\u00f3n y permitiendo alcanzar<\/p>\n","protected":false},"author":2,"featured_media":0,"parent":37,"menu_order":0,"comment_status":"closed","ping_status":"closed","template":"","meta":[],"_links":{"self":[{"href":"https:\/\/www.frsn.utn.edu.ar\/index.php?rest_route=\/wp\/v2\/pages\/589"}],"collection":[{"href":"https:\/\/www.frsn.utn.edu.ar\/index.php?rest_route=\/wp\/v2\/pages"}],"about":[{"href":"https:\/\/www.frsn.utn.edu.ar\/index.php?rest_route=\/wp\/v2\/types\/page"}],"author":[{"embeddable":true,"href":"https:\/\/www.frsn.utn.edu.ar\/index.php?rest_route=\/wp\/v2\/users\/2"}],"replies":[{"embeddable":true,"href":"https:\/\/www.frsn.utn.edu.ar\/index.php?rest_route=%2Fwp%2Fv2%2Fcomments&post=589"}],"version-history":[{"count":6,"href":"https:\/\/www.frsn.utn.edu.ar\/index.php?rest_route=\/wp\/v2\/pages\/589\/revisions"}],"predecessor-version":[{"id":6272,"href":"https:\/\/www.frsn.utn.edu.ar\/index.php?rest_route=\/wp\/v2\/pages\/589\/revisions\/6272"}],"up":[{"embeddable":true,"href":"https:\/\/www.frsn.utn.edu.ar\/index.php?rest_route=\/wp\/v2\/pages\/37"}],"wp:attachment":[{"href":"https:\/\/www.frsn.utn.edu.ar\/index.php?rest_route=%2Fwp%2Fv2%2Fmedia&parent=589"}],"curies":[{"name":"wp","href":"https:\/\/api.w.org\/{rel}","templated":true}]}}