{"id":586,"date":"2018-12-05T14:23:12","date_gmt":"2018-12-05T17:23:12","guid":{"rendered":"https:\/\/frsnweb2.frsn.utn.edu.ar\/?page_id=586"},"modified":"2025-10-07T09:37:00","modified_gmt":"2025-10-07T12:37:00","slug":"licenciatura-en-higiene-y-seguridad-en-el-trabajo","status":"publish","type":"page","link":"https:\/\/www.frsn.utn.edu.ar\/?page_id=586","title":{"rendered":"Licenciatura en Higiene y Seguridad en el Trabajo"},"content":{"rendered":"<p>La Licenciatura en Higiene y Seguridad en el Trabajo responde a la necesidad de formar profesionales capaces de cumplir funciones tanto en el campo de la gesti\u00f3n de evaluaci\u00f3n y an\u00e1lisis de riesgos, as\u00ed como en el desarrollo e implementaci\u00f3n de t\u00e9cnicas de prevenci\u00f3n y mitigaci\u00f3n de las distintas amenazas tecnol\u00f3gicas y ambiental.<\/p>\n<p><strong>T\u00edtulo que otorga<\/strong><\/p>\n<p>Licenciado en Higiene y Seguridad en el Trabajo<\/p>\n<p><strong>Perfil del egresado<\/strong><\/p>\n<p>Preparamos licenciados que estar\u00e1n aptos entre otros objetivos para:<\/p>\n<ul>\n<li>Prevenci\u00f3n y control de los riesgos laborales.<\/li>\n<li>Resolver problemas concretos de la gesti\u00f3n de la higiene, seguridad y medio ambiente del trabajo.<\/li>\n<li>Planificar, analizar, evaluar y desarrollar planes para el mejoramiento de las condiciones y medio ambiente del trabajo.<\/li>\n<\/ul>\n<p><strong>Duraci\u00f3n<\/strong><\/p>\n<p>La duraci\u00f3n de la carrera es de tres a\u00f1os.<\/p>\n<p><strong>Admisi\u00f3n<\/strong><\/p>\n<div>Para ingresar a la carrera el aspirante deber\u00e1 poseer T\u00edtulo de T\u00e9cnico Superior en Higiene y Seguridad en Trabajo.<\/div>\n<div><\/div>\n<div><strong>Documentaci\u00f3n requerida:<\/strong><\/div>\n<ul>\n<li>Fotocopia legalizada de t\u00edtulo<\/li>\n<li>Fotocopia de DNI (primera y segunda p\u00e1gina)<\/li>\n<li>Dos fotos 4 x 4<\/li>\n<li>Completar ficha de inscripci\u00f3n<\/li>\n<\/ul>\n<p><strong>Informes e Inscripci\u00f3n<\/strong><\/p>\n<p>Secretar\u00eda de Posgrado y Educaci\u00f3n Continua<br \/>\nCol\u00f3n 332- TE: 0336-4420830\/4425266 \u2013 int 119<br \/>\n<a href=\"mailto:posgrado@frsn.utn.edu.ar\">posgrado@frsn.utn.edu.ar<\/a><\/p>\n<hr \/>\n<p><a href=\"https:\/\/www.frsn.utn.edu.ar\/wp-content\/uploads\/2023\/06\/Licenciatura-en-Higiene-y-Seguridad-en-el-Trabajo.pdf\">Licenciatura en Higiene y Seguridad en el Trabajo<\/a><\/p>\n","protected":false},"excerpt":{"rendered":"<p>La Licenciatura en Higiene y Seguridad en el Trabajo responde a la necesidad de formar profesionales capaces de cumplir funciones tanto en el campo de la gesti\u00f3n de evaluaci\u00f3n y<\/p>\n","protected":false},"author":2,"featured_media":0,"parent":37,"menu_order":0,"comment_status":"closed","ping_status":"closed","template":"","meta":[],"_links":{"self":[{"href":"https:\/\/www.frsn.utn.edu.ar\/index.php?rest_route=\/wp\/v2\/pages\/586"}],"collection":[{"href":"https:\/\/www.frsn.utn.edu.ar\/index.php?rest_route=\/wp\/v2\/pages"}],"about":[{"href":"https:\/\/www.frsn.utn.edu.ar\/index.php?rest_route=\/wp\/v2\/types\/page"}],"author":[{"embeddable":true,"href":"https:\/\/www.frsn.utn.edu.ar\/index.php?rest_route=\/wp\/v2\/users\/2"}],"replies":[{"embeddable":true,"href":"https:\/\/www.frsn.utn.edu.ar\/index.php?rest_route=%2Fwp%2Fv2%2Fcomments&post=586"}],"version-history":[{"count":6,"href":"https:\/\/www.frsn.utn.edu.ar\/index.php?rest_route=\/wp\/v2\/pages\/586\/revisions"}],"predecessor-version":[{"id":6271,"href":"https:\/\/www.frsn.utn.edu.ar\/index.php?rest_route=\/wp\/v2\/pages\/586\/revisions\/6271"}],"up":[{"embeddable":true,"href":"https:\/\/www.frsn.utn.edu.ar\/index.php?rest_route=\/wp\/v2\/pages\/37"}],"wp:attachment":[{"href":"https:\/\/www.frsn.utn.edu.ar\/index.php?rest_route=%2Fwp%2Fv2%2Fmedia&parent=586"}],"curies":[{"name":"wp","href":"https:\/\/api.w.org\/{rel}","templated":true}]}}