{"id":582,"date":"2018-12-05T14:20:01","date_gmt":"2018-12-05T17:20:01","guid":{"rendered":"https:\/\/frsnweb2.frsn.utn.edu.ar\/?page_id=582"},"modified":"2024-12-19T11:10:41","modified_gmt":"2024-12-19T14:10:41","slug":"licenciatura-en-tecnologia-educativa","status":"publish","type":"page","link":"https:\/\/www.frsn.utn.edu.ar\/?page_id=582","title":{"rendered":"Licenciatura en Tecnolog\u00eda Educativa"},"content":{"rendered":"<p>La carrera busca que los egresados puedan planificar clases interesantes, ahondar en las capacidades que tiene que tener un docente en la Sociedad de la Informaci\u00f3n, evaluando y aprovechando las diferentes tecnolog\u00edas y produciendo recursos did\u00e1cticos.<\/p>\n<p><strong>T\u00edtulo que otorga<\/strong><\/p>\n<p>Licenciado en Tecnolog\u00eda Educativa<\/p>\n<p><strong>Perfil del egresado<\/strong><\/p>\n<p>A trav\u00e9s de la Licenciatura en Tecnolog\u00eda Educativa podr\u00e1n:<\/p>\n<ul>\n<li>Asesorar instituciones y a otros colegas en la selecci\u00f3n de recursos did\u00e1cticos.<\/li>\n<li>Participar en la evaluaci\u00f3n y dise\u00f1o de propuestas educativas para cualquier nivel de ense\u00f1anza.<\/li>\n<li>Investigar las diferentes dimensiones e impactos de las tecnolog\u00edas en la Educaci\u00f3n.<\/li>\n<li>Participar y\/o coordinar equipos interdisciplinarios especializados en el campo educativo.<\/li>\n<li>Ser autores de sus propias clases.<\/li>\n<li>Ser productores de recursos tecnol\u00f3gicos y de proyectos educativos.<\/li>\n<\/ul>\n<p><strong>Duraci\u00f3n<\/strong><\/p>\n<p>2\u00a0a\u00f1os<\/p>\n<p><strong>Admisi\u00f3n<\/strong><\/p>\n<ul>\n<li>T\u00edtulo de Profesor otorgado por instituciones de nivel superior reconocidas, p\u00fablicas o privadas, con cuatro (4) a\u00f1os de duraci\u00f3n.<\/li>\n<li>T\u00edtulo universitario con plan de estudio de cuatro o m\u00e1s a\u00f1os de duraci\u00f3n o:<\/li>\n<li>T\u00edtulo universitario intermedio de las carreras de grado de la Universidad Tecnol\u00f3gica NacionalEn caso de ser necesario, se ofrece un cursillo nivelatorio en habilidades vinculadas con la operaci\u00f3n de computadoras.<\/li>\n<\/ul>\n<p>I<strong>nformes e inscripci\u00f3n<\/strong><\/p>\n<p>Secretar\u00eda de Posgrado y Educaci\u00f3n Continua<br \/>\nTE: 0336-4425266 int : 119<\/p>\n<p>e-mail:\u00a0<a href=\"mailto:posgrado@frsn.utn.edu.ar\">posgrado@frsn.utn.edu.ar<\/a><\/p>\n<hr \/>\n<p><a href=\"https:\/\/www.frsn.utn.edu.ar\/wp-content\/uploads\/2023\/06\/Licenciatura-en-Tecnologia-Educativa.pdf\">Licenciatura en Tecnolog\u00eda Educativa<\/a><\/p>\n","protected":false},"excerpt":{"rendered":"<p>La carrera busca que los egresados puedan planificar clases interesantes, ahondar en las capacidades que tiene que tener un docente en la Sociedad de la Informaci\u00f3n, evaluando y aprovechando las<\/p>\n","protected":false},"author":2,"featured_media":0,"parent":37,"menu_order":0,"comment_status":"closed","ping_status":"closed","template":"","meta":[],"_links":{"self":[{"href":"https:\/\/www.frsn.utn.edu.ar\/index.php?rest_route=\/wp\/v2\/pages\/582"}],"collection":[{"href":"https:\/\/www.frsn.utn.edu.ar\/index.php?rest_route=\/wp\/v2\/pages"}],"about":[{"href":"https:\/\/www.frsn.utn.edu.ar\/index.php?rest_route=\/wp\/v2\/types\/page"}],"author":[{"embeddable":true,"href":"https:\/\/www.frsn.utn.edu.ar\/index.php?rest_route=\/wp\/v2\/users\/2"}],"replies":[{"embeddable":true,"href":"https:\/\/www.frsn.utn.edu.ar\/index.php?rest_route=%2Fwp%2Fv2%2Fcomments&post=582"}],"version-history":[{"count":4,"href":"https:\/\/www.frsn.utn.edu.ar\/index.php?rest_route=\/wp\/v2\/pages\/582\/revisions"}],"predecessor-version":[{"id":5368,"href":"https:\/\/www.frsn.utn.edu.ar\/index.php?rest_route=\/wp\/v2\/pages\/582\/revisions\/5368"}],"up":[{"embeddable":true,"href":"https:\/\/www.frsn.utn.edu.ar\/index.php?rest_route=\/wp\/v2\/pages\/37"}],"wp:attachment":[{"href":"https:\/\/www.frsn.utn.edu.ar\/index.php?rest_route=%2Fwp%2Fv2%2Fmedia&parent=582"}],"curies":[{"name":"wp","href":"https:\/\/api.w.org\/{rel}","templated":true}]}}