{"id":575,"date":"2018-12-04T14:56:23","date_gmt":"2018-12-04T17:56:23","guid":{"rendered":"https:\/\/frsnweb2.frsn.utn.edu.ar\/?page_id=575"},"modified":"2023-03-28T12:04:18","modified_gmt":"2023-03-28T15:04:18","slug":"tecnicatura-en-sistemas-informaticos","status":"publish","type":"page","link":"https:\/\/www.frsn.utn.edu.ar\/?page_id=575","title":{"rendered":"Tecnicatura  Universitaria en Sistemas Inform\u00e1ticos"},"content":{"rendered":"<p>Las nuevas necesidades laborales y el avance tecnol\u00f3gico impulsan la creaci\u00f3n de carreras cortas con niveles de capacitaci\u00f3n espec\u00edficos. La computadora como herramienta laboral se ha tornado esencial en todo tipo de organizaciones, requiriendo la presencia de personal capacitado en el an\u00e1lisis de datos, la programaci\u00f3n y el dise\u00f1o de sistemas. Esta carrera de corta duraci\u00f3n responde a esta necesidad espec\u00edfica y da la posibilidad de una pronta salida laboral.<\/p>\n<div><strong>T\u00edtulo que otorga<\/strong><\/div>\n<p>T\u00e9cnico Superior en Sistemas Inform\u00e1ticos<\/p>\n<p><strong>Perfil del egresado<\/strong><\/p>\n<p>Aquellas personas que obtengan el t\u00edtulo de T\u00e9cnico Superior en Programaci\u00f3n ser\u00e1n capaces de:<\/p>\n<ul>\n<li>Participar en Actividades relacionadas con el an\u00e1lisis, dise\u00f1o e implementaci\u00f3n de sistemas en equipamientos inform\u00e1ticos.<\/li>\n<li>Desarrollar programas de computadoras aplicando los distintos lenguajes de programaci\u00f3n con las diversas metodolog\u00edas y t\u00e9cnicas.<\/li>\n<li>Relevar, analizar, implementar, adaptar y controlar con eficiencia y habilidad t\u00e9cnica, la programaci\u00f3n de los sistemas inform\u00e1ticos.<\/li>\n<li>Crear, programar y mantener sistemas y redes de computadoras.<\/li>\n<li>Participar en la planificaci\u00f3n de proyectos inform\u00e1ticos.<\/li>\n<li>Participar en la instalaci\u00f3n de redes.<\/li>\n<li>Participar en la evaluaci\u00f3n e instalaci\u00f3n de sistemas operativos.<\/li>\n<\/ul>\n<p><strong>Duraci\u00f3n<\/strong><\/p>\n<p>La duraci\u00f3n de la carrera es de un a\u00f1o de clases te\u00f3ricas y pr\u00e1cticas, de acuerdo con el Plan de Estudio propuesto. Posteriormente se desarrollar\u00e1 una pasant\u00eda en entes oficiales o privados.<\/p>\n<p><strong>Admisi\u00f3n<\/strong><\/p>\n<p>Para ingresar a la carrera el aspirante deber\u00e1 poseer el t\u00edtulo de T\u00e9cnico Superior en Programaci\u00f3n.<\/p>\n<p><strong>Inscripci\u00f3n e Informes<\/strong><\/p>\n<p>Coordinadora acad\u00e9mica: Lic. Georgina Rodr\u00edguez<\/p>\n<p>Asistente Administrativa: Lic. Natalia Cabo<\/p>\n<p>Correo Electr\u00f3nico:&nbsp;<a href=\"mailto:tsp@frsn.utn.edu.ar?subject=consulta%20sobre%20la%20carrera\">tssi@frsn.utn.edu.ar<\/a><\/p>\n<hr>\n<p><a class=\"titulohome\" href=\"http:\/\/www.frsn.utn.edu.ar\/Frsn\/files\/Tecnicatura%20en%20sistemas%20inform%E1ticos.pdf\" target=\"_blank\" rel=\"noopener noreferrer\">Plan de Estudios&nbsp;<\/a><\/p>\n","protected":false},"excerpt":{"rendered":"<p>Las nuevas necesidades laborales y el avance tecnol\u00f3gico impulsan la creaci\u00f3n de carreras cortas con niveles de capacitaci\u00f3n espec\u00edficos. La computadora como herramienta laboral se ha tornado esencial en todo<\/p>\n","protected":false},"author":2,"featured_media":0,"parent":37,"menu_order":0,"comment_status":"closed","ping_status":"closed","template":"","meta":[],"_links":{"self":[{"href":"https:\/\/www.frsn.utn.edu.ar\/index.php?rest_route=\/wp\/v2\/pages\/575"}],"collection":[{"href":"https:\/\/www.frsn.utn.edu.ar\/index.php?rest_route=\/wp\/v2\/pages"}],"about":[{"href":"https:\/\/www.frsn.utn.edu.ar\/index.php?rest_route=\/wp\/v2\/types\/page"}],"author":[{"embeddable":true,"href":"https:\/\/www.frsn.utn.edu.ar\/index.php?rest_route=\/wp\/v2\/users\/2"}],"replies":[{"embeddable":true,"href":"https:\/\/www.frsn.utn.edu.ar\/index.php?rest_route=%2Fwp%2Fv2%2Fcomments&post=575"}],"version-history":[{"count":3,"href":"https:\/\/www.frsn.utn.edu.ar\/index.php?rest_route=\/wp\/v2\/pages\/575\/revisions"}],"predecessor-version":[{"id":2989,"href":"https:\/\/www.frsn.utn.edu.ar\/index.php?rest_route=\/wp\/v2\/pages\/575\/revisions\/2989"}],"up":[{"embeddable":true,"href":"https:\/\/www.frsn.utn.edu.ar\/index.php?rest_route=\/wp\/v2\/pages\/37"}],"wp:attachment":[{"href":"https:\/\/www.frsn.utn.edu.ar\/index.php?rest_route=%2Fwp%2Fv2%2Fmedia&parent=575"}],"curies":[{"name":"wp","href":"https:\/\/api.w.org\/{rel}","templated":true}]}}