{"id":567,"date":"2018-12-04T14:51:50","date_gmt":"2018-12-04T17:51:50","guid":{"rendered":"https:\/\/frsnweb2.frsn.utn.edu.ar\/?page_id=567"},"modified":"2025-12-16T10:04:19","modified_gmt":"2025-12-16T13:04:19","slug":"tecnicatura-en-mantenimiento-industrial","status":"publish","type":"page","link":"https:\/\/www.frsn.utn.edu.ar\/?page_id=567","title":{"rendered":"Tecnicatura  Universitaria en Mantenimiento Industrial"},"content":{"rendered":"\n<p><strong>Alcance<\/strong><\/p>\n\n\n\n<p>La carrera de T\u00e9cnico universitario en Mantenimiento Industrial capacita t\u00e9cnicos aptos para:<\/p>\n\n\n\n<ul>\n<li>Realizar actividades de auxiliar del Ingeniero en mantenimiento en el \u00e1rea de mantenimiento de una empresa.<\/li>\n\n\n\n<li>Supervisar y\/o ejecutar las actividades de la planificaci\u00f3n de Oficina T\u00e9cnica.<\/li>\n\n\n\n<li>Supervisar las tareas de los talleres mec\u00e1nicos, el\u00e9ctricos, electr\u00f3nicos, de instrumentos.<\/li>\n\n\n\n<li>Colaborar en la elaboraci\u00f3n de programas de mantenimiento predictivo, preventivo y correctivo.<\/li>\n\n\n\n<li>Calcular los costos de los mantenimientos.<\/li>\n\n\n\n<li>Participar en la confecci\u00f3n de los Manuales de Calidad.<\/li>\n\n\n\n<li>Colaborar con el sector de Seguridad Industrial.<\/li>\n\n\n\n<li>Realizar el mantenimiento en todo tipo de industrias.<\/li>\n<\/ul>\n\n\n\n<p><strong>Duraci\u00f3n<\/strong><\/p>\n\n\n\n<p>La Carrera tiene una duraci\u00f3n de DOS A\u00d1OS<\/p>\n\n\n\n<p><strong>Requisitos<\/strong><\/p>\n\n\n\n<p>T\u00edtulo secundario o polimodal expedido por organismo oficial o por establecimientos reconocidos o mediante el cumplimiento de los requisitos de ingreso para mayores de 25 a\u00f1os establecidos en la Ley de Ense\u00f1anza Superior.<\/p>\n\n\n\n<p><strong>Documentaci\u00f3n<\/strong><\/p>\n\n\n\n<p><a href=\"http:\/\/csu.rec.utn.edu.ar\/CSU\/ORD\/939.pdf\" target=\"_blank\" rel=\"noreferrer noopener\">Ordenanza CS N\u00ba 939<\/a><\/p>\n\n\n\n<p><a rel=\"noreferrer noopener\" href=\"https:\/\/utn.edu.ar\/images\/oferta_academica\/planes_estudio\/Plan-Estudio-TS-en-Mantenimiento-Industrial.pdf\" target=\"_blank\">Plan de estudio<\/a><\/p>\n\n\n\n<p><strong>Inscripci\u00f3n<\/strong><\/p>\n\n\n\n<p>El link para la inscripci\u00f3n es&nbsp;<a href=\"https:\/\/ingreso.frsn.utn.edu.ar\/\" target=\"_blank\" rel=\"noreferrer noopener\">https:\/\/ingreso.frsn.utn.edu.ar\/<\/a><\/p>\n\n\n\n<p>1 \u2013 Ingres\u00e1 al siguiente link:&nbsp;<a href=\"https:\/\/ingreso.frsn.utn.edu.ar\/\" target=\"_blank\" rel=\"noreferrer noopener\">Solicitud de Ingreso<\/a>&nbsp;y complet\u00e1 con tu n\u00famero de DNI y t\u00fa direcci\u00f3n de mail.<\/p>\n\n\n\n<p>Una vez que completaste esos datos&nbsp;<strong>te llegar\u00e1 un correo electr\u00f3nico<\/strong>&nbsp;a esa direcci\u00f3n de correo que colocaste anteriormente&nbsp;<strong>con un link<\/strong>&nbsp;para&nbsp;<strong>continuar<\/strong>&nbsp;con la&nbsp;<strong>inscripci\u00f3n<\/strong>.<\/p>\n\n\n\n<p>2 \u2013 Deber\u00e1s&nbsp;<strong>completar todos los datos solicitados<\/strong>&nbsp;y adjuntar la siguiente&nbsp;<strong>documentaci\u00f3n&nbsp;<\/strong>en formato&nbsp;<strong>.pdf<\/strong>&nbsp;(Los archivos deben ser guardados y adjuntados con el siguiente formato de nombre: ApellidoNombre_tipodedocumento (Ejemplo PerezJuan_Foto, PerezJuan_Partidadenac)<\/p>\n\n\n\n<ul>\n<li>El&nbsp;<strong>DNI&nbsp;<\/strong>de ambos lados<\/li>\n\n\n\n<li><strong>Constancia&nbsp;<\/strong>de&nbsp;<strong>CUIL&nbsp;<\/strong>(descargar de web de ANSES)<\/li>\n\n\n\n<li><strong>Acta<\/strong>&nbsp;o&nbsp;<strong>partida de nacimiento<\/strong><\/li>\n\n\n\n<li>Si a\u00fan estas cursando el \u00faltimo a\u00f1o de la Escuela Secundaria, el\u00a0<strong>Certificado de alumno regular\u00a0<\/strong>del \u00faltimo a\u00f1o del nivel medio.<br>Si ya terminaste la Escuela secundaria y estas recibido, el\u00a0<strong>T\u00edtulo o Certificado Anal\u00edtico de Estudios Secundarios<\/strong>, de lo contrario,\u00a0<strong>Certificado de T\u00edtulo en Tr\u00e1mite.<\/strong><\/li>\n<\/ul>\n\n\n\n<p><strong>Tutorial escaneo de documentos<\/strong><\/p>\n\n\n\n<p><a href=\"https:\/\/www.youtube.com\/watch?v=Va0s_i6FjDc\" target=\"_blank\" rel=\"noreferrer noopener\">https:\/\/www.youtube.com\/watch?v=Va0s_i6FjDc<\/a><\/p>\n\n\n\n<p><strong>CONSULTAS A: <\/strong><a href=\"mailto:posgrado@frsn.utn.edu.ar\"><strong>posgrado@frsn.utn.edu.ar<\/strong><\/a><strong><\/strong><\/p>\n","protected":false},"excerpt":{"rendered":"<p>Alcance La carrera de T\u00e9cnico universitario en Mantenimiento Industrial capacita t\u00e9cnicos aptos para: Duraci\u00f3n La Carrera tiene una duraci\u00f3n de DOS A\u00d1OS Requisitos T\u00edtulo secundario o polimodal expedido por organismo<\/p>\n","protected":false},"author":2,"featured_media":0,"parent":37,"menu_order":0,"comment_status":"closed","ping_status":"closed","template":"","meta":[],"_links":{"self":[{"href":"https:\/\/www.frsn.utn.edu.ar\/index.php?rest_route=\/wp\/v2\/pages\/567"}],"collection":[{"href":"https:\/\/www.frsn.utn.edu.ar\/index.php?rest_route=\/wp\/v2\/pages"}],"about":[{"href":"https:\/\/www.frsn.utn.edu.ar\/index.php?rest_route=\/wp\/v2\/types\/page"}],"author":[{"embeddable":true,"href":"https:\/\/www.frsn.utn.edu.ar\/index.php?rest_route=\/wp\/v2\/users\/2"}],"replies":[{"embeddable":true,"href":"https:\/\/www.frsn.utn.edu.ar\/index.php?rest_route=%2Fwp%2Fv2%2Fcomments&post=567"}],"version-history":[{"count":10,"href":"https:\/\/www.frsn.utn.edu.ar\/index.php?rest_route=\/wp\/v2\/pages\/567\/revisions"}],"predecessor-version":[{"id":6523,"href":"https:\/\/www.frsn.utn.edu.ar\/index.php?rest_route=\/wp\/v2\/pages\/567\/revisions\/6523"}],"up":[{"embeddable":true,"href":"https:\/\/www.frsn.utn.edu.ar\/index.php?rest_route=\/wp\/v2\/pages\/37"}],"wp:attachment":[{"href":"https:\/\/www.frsn.utn.edu.ar\/index.php?rest_route=%2Fwp%2Fv2%2Fmedia&parent=567"}],"curies":[{"name":"wp","href":"https:\/\/api.w.org\/{rel}","templated":true}]}}