{"id":552,"date":"2018-12-04T14:39:19","date_gmt":"2018-12-04T17:39:19","guid":{"rendered":"https:\/\/frsnweb2.frsn.utn.edu.ar\/?page_id=552"},"modified":"2025-10-07T09:17:21","modified_gmt":"2025-10-07T12:17:21","slug":"maestria-en-docencia-universitaria","status":"publish","type":"page","link":"https:\/\/www.frsn.utn.edu.ar\/?page_id=552","title":{"rendered":"Maestr\u00eda en Docencia Universitaria"},"content":{"rendered":"<p>La Maestr\u00eda en Docencia Universitaria propicia la formaci\u00f3n de docentes-investigadores en educaci\u00f3n superior con vistas al desarrollo de programas y proyectos de investigaci\u00f3n y su transferencia a la docencia universitaria. Tambi\u00e9n, contribuye a la profesionalizaci\u00f3n del ejercicio docente en la Educaci\u00f3n Superior, proveyendo a los maestrandos principios te\u00f3rico-epistemol\u00f3gicos y metodol\u00f3gicos que les permitan una mayor comprensi\u00f3n de la complejidad de la actividad acad\u00e9mica.<\/p>\n<p><strong>T\u00edtulo a otorgar<\/strong><\/p>\n<p>Mag\u00edster en Docencia Universitaria<\/p>\n<p><strong>Condiciones de ingreso<\/strong><\/p>\n<p>Podr\u00e1n ingresar, aquellos profesionales que posean t\u00edtulo Superior de Grado otorgado por Universidad reconocida. En todos los casos se realizar\u00e1 una evaluaci\u00f3n de los postulantes para determinar el grado de correspondencia entre su formaci\u00f3n, trayectoria y los requisitos de la carrera.<\/p>\n<p><strong>Perfil del Graduado<\/strong><\/p>\n<p>Se procura que el egresado de esta Maestr\u00eda sea un profesional con competencias para<\/p>\n<ul>\n<li>Integrar equipos de investigaci\u00f3n en el campo de la Educaci\u00f3n Superior, en funci\u00f3n de su formaci\u00f3n epistemol\u00f3gica, disciplinar y metodol\u00f3gica espec\u00edfica.<\/li>\n<li>Participar en investigaciones interdisciplinarias acerca de problemas universitarios relevantes.<\/li>\n<li>Dise\u00f1ar y desarrollar estrategias alternativas orientadas a dar respuesta a problem\u00e1ticas acad\u00e9mico-institucionales relevantes.<\/li>\n<li>Analizar y evaluar procesos educativos con relaci\u00f3n a su fundamentaci\u00f3n te\u00f3rico-epistemol\u00f3gica y a su implementaci\u00f3n en el \u00e1mbito institucional.<\/li>\n<li>Participar en el planeamiento, gesti\u00f3n, implementaci\u00f3n y evaluaci\u00f3n de programas y proyectos orientados a la innovaci\u00f3n en el \u00e1rea acad\u00e9mica.<\/li>\n<li>Orientar la selecci\u00f3n y gestionar la incorporaci\u00f3n de nuevas tecnolog\u00edas educativas.<\/li>\n<\/ul>\n<p><strong>Cursado<\/strong><\/p>\n<p>Presencial con un m\u00ednimo de 80% de asistencia a clases. Las clases se dictar\u00e1n los d\u00edas s\u00e1bados de 9 a 14 Hs<\/p>\n<p><strong>Requisitos de inscripci\u00f3n<\/strong><\/p>\n<ul>\n<li>Ficha de inscripci\u00f3n<\/li>\n<li>Fotocopia del DNI<\/li>\n<li>Fotocopia autenticada del t\u00edtulo de grado universitario<\/li>\n<li>Curr\u00edculum vitae<\/li>\n<li>2 fotos 4&#215;4<\/li>\n<li>Constancia del CUIL<\/li>\n<li>Partida de nacimiento<\/li>\n<\/ul>\n<p>Presentar la documentaci\u00f3n en la Oficina de Alumnado, de lunes a viernes de 18 a 20 Hs.<\/p>\n<p><strong>Informes e Inscripci\u00f3n<\/strong><\/p>\n<p>Secretar\u00eda de Posgrado y Educaci\u00f3n Continua<\/p>\n<p>Lunes a viernes de 18:00 a 21:00 hs.<\/p>\n<p>Te: 0336-4420830 &#8211; Int. 119 E-mail: posgrado@frsn.utn.edu.ar<\/p>\n<p><a href=\"https:\/\/www.frsn.utn.edu.ar\/wp-content\/uploads\/2023\/06\/Plan-de-Estudios-Maestria-en-Doc-Univ.pdf\">Plan de Estudios Maestr\u00eda en Doc Univ<\/a><\/p>\n","protected":false},"excerpt":{"rendered":"<p>La Maestr\u00eda en Docencia Universitaria propicia la formaci\u00f3n de docentes-investigadores en educaci\u00f3n superior con vistas al desarrollo de programas y proyectos de investigaci\u00f3n y su transferencia a la docencia universitaria.<\/p>\n","protected":false},"author":2,"featured_media":0,"parent":35,"menu_order":0,"comment_status":"closed","ping_status":"closed","template":"","meta":[],"_links":{"self":[{"href":"https:\/\/www.frsn.utn.edu.ar\/index.php?rest_route=\/wp\/v2\/pages\/552"}],"collection":[{"href":"https:\/\/www.frsn.utn.edu.ar\/index.php?rest_route=\/wp\/v2\/pages"}],"about":[{"href":"https:\/\/www.frsn.utn.edu.ar\/index.php?rest_route=\/wp\/v2\/types\/page"}],"author":[{"embeddable":true,"href":"https:\/\/www.frsn.utn.edu.ar\/index.php?rest_route=\/wp\/v2\/users\/2"}],"replies":[{"embeddable":true,"href":"https:\/\/www.frsn.utn.edu.ar\/index.php?rest_route=%2Fwp%2Fv2%2Fcomments&post=552"}],"version-history":[{"count":6,"href":"https:\/\/www.frsn.utn.edu.ar\/index.php?rest_route=\/wp\/v2\/pages\/552\/revisions"}],"predecessor-version":[{"id":6253,"href":"https:\/\/www.frsn.utn.edu.ar\/index.php?rest_route=\/wp\/v2\/pages\/552\/revisions\/6253"}],"up":[{"embeddable":true,"href":"https:\/\/www.frsn.utn.edu.ar\/index.php?rest_route=\/wp\/v2\/pages\/35"}],"wp:attachment":[{"href":"https:\/\/www.frsn.utn.edu.ar\/index.php?rest_route=%2Fwp%2Fv2%2Fmedia&parent=552"}],"curies":[{"name":"wp","href":"https:\/\/api.w.org\/{rel}","templated":true}]}}