{"id":5394,"date":"2024-12-20T12:13:43","date_gmt":"2024-12-20T15:13:43","guid":{"rendered":"https:\/\/www.frsn.utn.edu.ar\/?page_id=5394"},"modified":"2024-12-26T12:22:04","modified_gmt":"2024-12-26T15:22:04","slug":"ingenieria-en-sistemas-de-la-informacion","status":"publish","type":"page","link":"https:\/\/www.frsn.utn.edu.ar\/?page_id=5394","title":{"rendered":"Ingenier\u00eda en Sistemas de Informaci\u00f3n"},"content":{"rendered":"\n<figure class=\"wp-block-image size-full\"><img decoding=\"async\" loading=\"lazy\" width=\"600\" height=\"400\" src=\"https:\/\/www.frsn.utn.edu.ar\/wp-content\/uploads\/2024\/12\/INGENIERIA-EN-SISTEMAS-DE-INFORMACION.png\" alt=\"\" class=\"wp-image-5417\" srcset=\"https:\/\/www.frsn.utn.edu.ar\/wp-content\/uploads\/2024\/12\/INGENIERIA-EN-SISTEMAS-DE-INFORMACION.png 600w, https:\/\/www.frsn.utn.edu.ar\/wp-content\/uploads\/2024\/12\/INGENIERIA-EN-SISTEMAS-DE-INFORMACION-300x200.png 300w\" sizes=\"(max-width: 600px) 100vw, 600px\" \/><\/figure>\n\n\n\n<p>La Ingenier\u00eda&nbsp;en Sistemas de Informaci\u00f3n&nbsp;es la rama que se encarga de planificar, dirigir, ejecutar y controlar el revelamiento, an\u00e1lisis, dise\u00f1o, desarrollo, prueba, implementaci\u00f3n y mantenimiento de sistemas de informaci\u00f3n y de software.<\/p>\n\n\n\n<p><strong>T\u00edtulo que otorga<\/strong><\/p>\n\n\n\n<p><strong>Grado:<\/strong> Ingeniera en Sistemas de Informaci\u00f3n \/ Ingeniero en Sistemas de Informaci\u00f3n<\/p>\n\n\n\n<p><strong>Intermedio:<\/strong> Analista Desarrolladora Universitaria de Sistemas de Informaci\u00f3n \/ Analista Desarrollador Universitario de Sistemas de Informaci\u00f3n.<br><\/p>\n\n\n\n<p><strong>Perfil Profesional<\/strong><\/p>\n\n\n\n<p>El profesional en Ingenier\u00eda en Sistemas de Informaci\u00f3n tiene una s\u00f3lida formaci\u00f3n anal\u00edtica, que le permite la interpretaci\u00f3n y resoluci\u00f3n de problemas mediante el empleo de metodolog\u00edas de sistemas y tecnolog\u00edas de la informaci\u00f3n y las comunicaciones.<\/p>\n\n\n\n<p>Por su preparaci\u00f3n, resultan personas especialmente aptas para integrar la informaci\u00f3n proveniente de distintos campos disciplinarios concurrentes a un proyecto com\u00fan.<\/p>\n\n\n\n<p>La capacidad adquirida en la Universidad Tecnol\u00f3gica Nacional le permite afrontar con solvencia el planeamiento, desarrollo, direcci\u00f3n y control de los sistemas de informaci\u00f3n, sistemas de comunicaci\u00f3n de datos y de software.<\/p>\n\n\n\n<p>Su formaci\u00f3n profesional lo habilita para el desempe\u00f1o de funciones gerenciales con actitud proactiva.<\/p>\n\n\n\n<p>Las personas que se grad\u00faan en esta especialidad est\u00e1n capacitadas para emprender proyectos de innovaci\u00f3n y desarrollo, integrando equipos interdisciplinarios, asumiendo el liderazgo efectivo en la gesti\u00f3n t\u00e9cnica y metodol\u00f3gica, con compromiso en el avance local y regional.<\/p>\n\n\n\n<p>Las competencias adquiridas en su formaci\u00f3n habilitan, a quienes se grad\u00faan, para la comunicaci\u00f3n de los conocimientos involucrados en el desempe\u00f1o de la profesi\u00f3n.<\/p>\n\n\n\n<p>La preparaci\u00f3n integral posiciona, a quienes obtienen el t\u00edtulo de grado de la carrera de Ingenier\u00eda en Sistemas de Informaci\u00f3n, de manera relevante en un medio donde la sociedad demanda un gran compromiso con la preservaci\u00f3n del medio ambiente, el mejoramiento de la calidad de vida en general y responsabilidad en el quehacer profesional.<\/p>\n\n\n\n<p><strong>Duraci\u00f3n<\/strong><\/p>\n\n\n\n<p>5 a\u00f1os<\/p>\n\n\n\n<hr class=\"wp-block-separator has-alpha-channel-opacity\"\/>\n\n\n\n<p><a href=\"https:\/\/www.frsn.utn.edu.ar\/wp-content\/uploads\/2024\/12\/Ord1877-Diseno-ISI.pdf\" target=\"_blank\" rel=\"noreferrer noopener\">Ord. CSU 1877 \u2013 Dise\u00f1o curricular Ing. en Sistemas de Informaci\u00f3n<\/a><\/p>\n\n\n\n<p><a rel=\"noreferrer noopener\" href=\"https:\/\/www.frsn.utn.edu.ar\/wp-content\/uploads\/2024\/12\/Ord-1878-Homologacion-Equivalencias-ISI.pdf\" target=\"_blank\">Ord. CSU 1878 \u2013 R\u00e9gimen de Equivalencias<\/a><\/p>\n\n\n\n<p><a href=\"https:\/\/www.frsn.utn.edu.ar\/wp-content\/uploads\/2024\/12\/Plan-de-estudio-Ing-Sistemas.pdf\" target=\"_blank\" rel=\"noreferrer noopener\">Plan de Estudio &#8211; Ingenier\u00eda en Sistemas de Informaci\u00f3n &#8211; Plan 2023<\/a><\/p>\n\n\n\n<p><a href=\"https:\/\/www.frsn.utn.edu.ar\/wp-content\/uploads\/2024\/12\/Ord1910-Diseno-ADUSI.pdf\" target=\"_blank\" rel=\"noreferrer noopener\">Ord. CSU 1910 \u2013 Dise\u00f1o curricular Analista Desarrollador en Sistemas de Informaci\u00f3n<\/a><\/p>\n\n\n\n<p><a rel=\"noreferrer noopener\" href=\"https:\/\/www.frsn.utn.edu.ar\/wp-content\/uploads\/2024\/12\/Ord-1911-Homologacion-Equivalencias-ADUSI.pdf\" target=\"_blank\">Ord. CSU 1911 \u2013 R\u00e9gimen de Equivalencias<\/a><\/p>\n\n\n\n<p><a href=\"https:\/\/www.frsn.utn.edu.ar\/wp-content\/uploads\/2024\/12\/Plan-de-estudio-Analista-Desarrollador.pdf\" target=\"_blank\" rel=\"noreferrer noopener\">Plan de Estudio &#8211; Analista Desarrollador Universitario de Sistemas de Informaci\u00f3n &#8211; Plan 2023<\/a><\/p>\n","protected":false},"excerpt":{"rendered":"<p>La Ingenier\u00eda&nbsp;en Sistemas de Informaci\u00f3n&nbsp;es la rama que se encarga de planificar, dirigir, ejecutar y controlar el revelamiento, an\u00e1lisis, dise\u00f1o, desarrollo, prueba, implementaci\u00f3n y mantenimiento de sistemas de informaci\u00f3n y<\/p>\n","protected":false},"author":2,"featured_media":0,"parent":698,"menu_order":0,"comment_status":"closed","ping_status":"closed","template":"","meta":[],"_links":{"self":[{"href":"https:\/\/www.frsn.utn.edu.ar\/index.php?rest_route=\/wp\/v2\/pages\/5394"}],"collection":[{"href":"https:\/\/www.frsn.utn.edu.ar\/index.php?rest_route=\/wp\/v2\/pages"}],"about":[{"href":"https:\/\/www.frsn.utn.edu.ar\/index.php?rest_route=\/wp\/v2\/types\/page"}],"author":[{"embeddable":true,"href":"https:\/\/www.frsn.utn.edu.ar\/index.php?rest_route=\/wp\/v2\/users\/2"}],"replies":[{"embeddable":true,"href":"https:\/\/www.frsn.utn.edu.ar\/index.php?rest_route=%2Fwp%2Fv2%2Fcomments&post=5394"}],"version-history":[{"count":8,"href":"https:\/\/www.frsn.utn.edu.ar\/index.php?rest_route=\/wp\/v2\/pages\/5394\/revisions"}],"predecessor-version":[{"id":5437,"href":"https:\/\/www.frsn.utn.edu.ar\/index.php?rest_route=\/wp\/v2\/pages\/5394\/revisions\/5437"}],"up":[{"embeddable":true,"href":"https:\/\/www.frsn.utn.edu.ar\/index.php?rest_route=\/wp\/v2\/pages\/698"}],"wp:attachment":[{"href":"https:\/\/www.frsn.utn.edu.ar\/index.php?rest_route=%2Fwp%2Fv2%2Fmedia&parent=5394"}],"curies":[{"name":"wp","href":"https:\/\/api.w.org\/{rel}","templated":true}]}}