{"id":530,"date":"2018-12-04T14:23:51","date_gmt":"2018-12-04T17:23:51","guid":{"rendered":"https:\/\/frsnweb2.frsn.utn.edu.ar\/?page_id=530"},"modified":"2023-06-14T10:05:33","modified_gmt":"2023-06-14T13:05:33","slug":"licenciatura-en-administracion-rural","status":"publish","type":"page","link":"https:\/\/www.frsn.utn.edu.ar\/?page_id=530","title":{"rendered":"Licenciatura en Administraci\u00f3n Rural"},"content":{"rendered":"<p><img decoding=\"async\" loading=\"lazy\" class=\"aligncenter wp-image-2409 size-full\" src=\"https:\/\/www.frsn.utn.edu.ar\/wp-content\/uploads\/2019\/08\/LAR.png\" alt=\"\" width=\"652\" height=\"429\" srcset=\"https:\/\/www.frsn.utn.edu.ar\/wp-content\/uploads\/2019\/08\/LAR.png 652w, https:\/\/www.frsn.utn.edu.ar\/wp-content\/uploads\/2019\/08\/LAR-300x197.png 300w\" sizes=\"(max-width: 652px) 100vw, 652px\" \/><\/p>\n<p>(Se dicta en Chivilcoy y Chacabuco)<\/p>\n<p>Es la rama de la administraci\u00f3n que se ocupa de organizar y dirigir sistemas productivos agrarios y agroindustriales, o bien de participar en estudios o evaluaciones de los mismos. El objetivo de la administraci\u00f3n rural es mejorar la producci\u00f3n de alimentos y materias primas a partir de las actividades agr\u00edcolas y ganaderas.<\/p>\n<p><strong>T\u00edtulo que se otorga<\/strong><\/p>\n<p>Licenciado en Administraci\u00f3n Rural<\/p>\n<p><strong>Perfil del egresado<\/strong><\/p>\n<p>Con esta carrera, pueden obtenerse las competencias necesarias para el an\u00e1lisis de la empresa agraria y determinaci\u00f3n de su grado de eficiencia. Planeamiento de la empresa agraria. Organizaci\u00f3n, reorganizaci\u00f3n, manejo, gesti\u00f3n y control de la empresa agraria. Tareas de administraci\u00f3n agraria en organizaciones de productores que administran establecimientos rurales y empresas de administraci\u00f3n centralizada.<\/p>\n<p>Asimismo, investigaci\u00f3n en administraci\u00f3n agraria a nivel de predio y regi\u00f3n. Obtenci\u00f3n de informaci\u00f3n y su an\u00e1lisis para la planificaci\u00f3n y evaluaci\u00f3n de la eficiencia de la empresa agraria. Asesoramiento a los productores para el mejor uso de los recursos de la empresa.<\/p>\n<p>Efectuar an\u00e1lisis sobre la eficiencia en el uso de los recursos de la empresa agraria a nivel regional y nacional, que puedan servir de base al planeamiento de la pol\u00edtica agr\u00edcola o de orientaci\u00f3n a las Instituciones que se ocupan de la eficiencia de la producci\u00f3n.<\/p>\n<p>Extensi\u00f3n en el \u00e1rea de administraci\u00f3n rural. Estudio sobre comercializaci\u00f3n de productos agropecuarios y determinaci\u00f3n de costos. Capacitaci\u00f3n y asesoramiento a los productores y a sus asociaciones, en aspectos de la administraci\u00f3n agraria, relacionados con la producci\u00f3n y la comercializaci\u00f3n de los productos agropecuarios.<\/p>\n<p>Adem\u00e1s, docencia en la ense\u00f1anza secundaria de: contabilidad (otras asignaturas propias de la administraci\u00f3n Agraria), manejo de empresa, administraci\u00f3n agraria, trabajos agr\u00edcolas, cultivos, organizaci\u00f3n de la producci\u00f3n, costos, t\u00e9cnicas de la comercializaci\u00f3n, econom\u00eda pol\u00edtica, elementos de la econom\u00eda. Docencia universitaria en las asignaturas de: Contabilidad Agraria, Financiaci\u00f3n Agraria, Administraci\u00f3n Agraria.<\/p>\n<p><strong>Duraci\u00f3n\u00a0<\/strong><\/p>\n<p>4 a\u00f1os<\/p>\n<p><strong>Informes e inscripci\u00f3n<\/strong><\/p>\n<p>UTN Chacabuco, Av. Saavedra y 12 de Febrero (Escuela N\u00b0 14)<br \/>\nHorario:\u00a0de lunes a viernes de 19 a 21 hs<br \/>\nTel\u00e9fono:\u00a0(02352) 431251<br \/>\nE-mail:\u00a0utnchacabuco@gmail.com<\/p>\n<hr \/>\n<p><a href=\"https:\/\/www.frsn.utn.edu.ar\/wp-content\/uploads\/2023\/06\/Licenciatura-en-Administracion-Rural.pdf\">Licenciatura en Administraci\u00f3n Rural<\/a><\/p>\n","protected":false},"excerpt":{"rendered":"<p>(Se dicta en Chivilcoy y Chacabuco) Es la rama de la administraci\u00f3n que se ocupa de organizar y dirigir sistemas productivos agrarios y agroindustriales, o bien de participar en estudios<\/p>\n","protected":false},"author":2,"featured_media":0,"parent":33,"menu_order":0,"comment_status":"closed","ping_status":"closed","template":"","meta":[],"_links":{"self":[{"href":"https:\/\/www.frsn.utn.edu.ar\/index.php?rest_route=\/wp\/v2\/pages\/530"}],"collection":[{"href":"https:\/\/www.frsn.utn.edu.ar\/index.php?rest_route=\/wp\/v2\/pages"}],"about":[{"href":"https:\/\/www.frsn.utn.edu.ar\/index.php?rest_route=\/wp\/v2\/types\/page"}],"author":[{"embeddable":true,"href":"https:\/\/www.frsn.utn.edu.ar\/index.php?rest_route=\/wp\/v2\/users\/2"}],"replies":[{"embeddable":true,"href":"https:\/\/www.frsn.utn.edu.ar\/index.php?rest_route=%2Fwp%2Fv2%2Fcomments&post=530"}],"version-history":[{"count":4,"href":"https:\/\/www.frsn.utn.edu.ar\/index.php?rest_route=\/wp\/v2\/pages\/530\/revisions"}],"predecessor-version":[{"id":3372,"href":"https:\/\/www.frsn.utn.edu.ar\/index.php?rest_route=\/wp\/v2\/pages\/530\/revisions\/3372"}],"up":[{"embeddable":true,"href":"https:\/\/www.frsn.utn.edu.ar\/index.php?rest_route=\/wp\/v2\/pages\/33"}],"wp:attachment":[{"href":"https:\/\/www.frsn.utn.edu.ar\/index.php?rest_route=%2Fwp%2Fv2%2Fmedia&parent=530"}],"curies":[{"name":"wp","href":"https:\/\/api.w.org\/{rel}","templated":true}]}}