{"id":527,"date":"2018-12-04T14:22:06","date_gmt":"2018-12-04T17:22:06","guid":{"rendered":"https:\/\/frsnweb2.frsn.utn.edu.ar\/?page_id=527"},"modified":"2024-09-12T17:40:26","modified_gmt":"2024-09-12T20:40:26","slug":"ingenieria-metalurgica","status":"publish","type":"page","link":"https:\/\/www.frsn.utn.edu.ar\/?page_id=527","title":{"rendered":"Ingenier\u00eda Metal\u00fargica"},"content":{"rendered":"<p><img decoding=\"async\" loading=\"lazy\" class=\"aligncenter size-full wp-image-2450\" src=\"https:\/\/www.frsn.utn.edu.ar\/wp-content\/uploads\/2019\/09\/metalurgica.png\" alt=\"\" width=\"925\" height=\"596\" srcset=\"https:\/\/www.frsn.utn.edu.ar\/wp-content\/uploads\/2019\/09\/metalurgica.png 925w, https:\/\/www.frsn.utn.edu.ar\/wp-content\/uploads\/2019\/09\/metalurgica-300x193.png 300w, https:\/\/www.frsn.utn.edu.ar\/wp-content\/uploads\/2019\/09\/metalurgica-768x495.png 768w\" sizes=\"(max-width: 925px) 100vw, 925px\" \/><\/p>\n<p>Se ocupa del dise\u00f1o de aleaciones para formar diferentes productos \u00fatiles al hombre. Esta producci\u00f3n abarca desde el procesamiento de minerales, la fundici\u00f3n de metales ferrosos (hierro para la producci\u00f3n de acero, denominada siderurgia) para obtener materiales para construcci\u00f3n, la producci\u00f3n de aleaciones no ferrosas y la transformaci\u00f3n en productos finales (conformados de metales) o en insumos para la industria metal mec\u00e1nica, entre otras. Tambi\u00e9n desarrolla tratamientos t\u00e9rmicos y aspectos relacionados con los materiales resistentes al fuego o al calor, necesarios para los procesos de fusi\u00f3n.<\/p>\n<p><strong>T\u00edtulo que otorga<\/strong><\/p>\n<p>Ingeniera Metal\u00fargica \/ Ingeniero Metal\u00fargico<\/p>\n<p><strong>Perfil del egresado<\/strong><\/p>\n<p>El profesional estar\u00e1\u00a0profundamente comprometido con la realidad de su regi\u00f3n y de todo el pa\u00eds, teniendo conocimiento de los grandes temas estructurales que gobiernan nuestro desarrollo. Adem\u00e1s,\u00a0poseer\u00e1 conceptos claros sobre productividad y rentabilidad, ya que generalmente trabajar\u00e1 en las \u00e1reas ejecutivas de empresas medianas y peque\u00f1as.<\/p>\n<p>Es de suma importancia el amplio conocimiento adquirido sobre las herramientas econ\u00f3micas y financieras que modelan el racional crecimiento de una empresa, as\u00ed como el dominio de los conceptos b\u00e1sicos de comercializaci\u00f3n que definen la inserci\u00f3n de los productos y\/o servicios en el medio; en general en este plano, las tareas b\u00e1sicas de un ingeniero en funci\u00f3n de lo antes mencionado, es la racional y productiva administraci\u00f3n de los recursos materiales y humanos con que cuenta su empresa y el asesoramiento al respecto a los niveles ejecutivos superiores, para la fijaci\u00f3n de pautas b\u00e1sicas de desarrollo de las mismas.<\/p>\n<p>El alumno de esta carrera\u00a0poseer\u00e1 claros conceptos sobre los materiales y procesos en general, que\u00a0le permitir\u00e1n crear y elaborar dise\u00f1os ingeniosos que faciliten los procesos de obtenci\u00f3n y de tratamientos de metales. Los conocimientos de dise\u00f1os, procesos, tratamientos de minerales, fabricaci\u00f3n de hierro, acero y metales diversos, conformaci\u00f3n pl\u00e1stica de los metales, tecnolog\u00eda de las fundiciones, tratamientos t\u00e9rmicos, soldadura, ensayo y selecci\u00f3n de materiales,\u00a0le permitir\u00e1n resolver problemas con mayor eficiencia y lograr aumentos importantes de productividad de equipos, instalaciones y procesos.<\/p>\n<p><strong>Duraci\u00f3n<\/strong><\/p>\n<p>5 a\u00f1os<\/p>\n<hr \/>\n<p><a href=\"https:\/\/www.frsn.utn.edu.ar\/wp-content\/uploads\/2023\/06\/Ingenieria-Metalurgica-correlatividades.pdf\">Plan de estudio Ingenier\u00eda Metal\u00fargica &#8211; Plan 95<\/a><\/p>\n<p><a href=\"https:\/\/www.frsn.utn.edu.ar\/wp-content\/uploads\/2024\/09\/Plan-de-estudio-Ing-Metalurgica-2023.pdf\" target=\"_blank\" rel=\"noopener\">Plan de Estudio \u2013 Ingenier\u00eda Metal\u00fargica \u2013 Plan 2023<\/a><\/p>\n\n\n<p>Ord. CSU 1887 \u2013 Dise\u00f1o Curricular Ing. Metal\u00fargica (Plan 2023)<\/p>\n\n\n\n<p><a href=\"https:\/\/www.frsn.utn.edu.ar\/wp-content\/uploads\/2024\/09\/Ord.-1950-Modifica-Diseno-curricular-Ing.-Metalurgica.pdf\" target=\"_blank\" rel=\"noopener\" title=\"\">Ord. CSU 1950 \u2013 Modifica Dise\u00f1o Curricular Ing. Metal\u00fargica (Plan 2023)<\/a><\/p>\n\n\n\n<p><a href=\"https:\/\/www.frsn.utn.edu.ar\/wp-content\/uploads\/2024\/09\/Ord.-1938-Correlativas-Ing.-Metalurgica.pdf\" target=\"_blank\" rel=\"noopener\" title=\"\">Ord. CSU 1938 \u2013 R\u00e9gimen de Correlativas y Equivalencias<\/a><\/p>\n\n\n\n<p><\/p>\n","protected":false},"excerpt":{"rendered":"<p>Se ocupa del dise\u00f1o de aleaciones para formar diferentes productos \u00fatiles al hombre. Esta producci\u00f3n abarca desde el procesamiento de minerales, la fundici\u00f3n de metales ferrosos (hierro para la producci\u00f3n<\/p>\n","protected":false},"author":2,"featured_media":0,"parent":33,"menu_order":0,"comment_status":"closed","ping_status":"closed","template":"","meta":[],"_links":{"self":[{"href":"https:\/\/www.frsn.utn.edu.ar\/index.php?rest_route=\/wp\/v2\/pages\/527"}],"collection":[{"href":"https:\/\/www.frsn.utn.edu.ar\/index.php?rest_route=\/wp\/v2\/pages"}],"about":[{"href":"https:\/\/www.frsn.utn.edu.ar\/index.php?rest_route=\/wp\/v2\/types\/page"}],"author":[{"embeddable":true,"href":"https:\/\/www.frsn.utn.edu.ar\/index.php?rest_route=\/wp\/v2\/users\/2"}],"replies":[{"embeddable":true,"href":"https:\/\/www.frsn.utn.edu.ar\/index.php?rest_route=%2Fwp%2Fv2%2Fcomments&post=527"}],"version-history":[{"count":7,"href":"https:\/\/www.frsn.utn.edu.ar\/index.php?rest_route=\/wp\/v2\/pages\/527\/revisions"}],"predecessor-version":[{"id":4936,"href":"https:\/\/www.frsn.utn.edu.ar\/index.php?rest_route=\/wp\/v2\/pages\/527\/revisions\/4936"}],"up":[{"embeddable":true,"href":"https:\/\/www.frsn.utn.edu.ar\/index.php?rest_route=\/wp\/v2\/pages\/33"}],"wp:attachment":[{"href":"https:\/\/www.frsn.utn.edu.ar\/index.php?rest_route=%2Fwp%2Fv2%2Fmedia&parent=527"}],"curies":[{"name":"wp","href":"https:\/\/api.w.org\/{rel}","templated":true}]}}