{"id":523,"date":"2018-12-04T14:18:29","date_gmt":"2018-12-04T17:18:29","guid":{"rendered":"https:\/\/frsnweb2.frsn.utn.edu.ar\/?page_id=523"},"modified":"2024-09-10T10:47:39","modified_gmt":"2024-09-10T13:47:39","slug":"ingenieria-industrial","status":"publish","type":"page","link":"https:\/\/www.frsn.utn.edu.ar\/?page_id=523","title":{"rendered":"Ingenier\u00eda Industrial"},"content":{"rendered":"<p><img decoding=\"async\" loading=\"lazy\" class=\"aligncenter size-full wp-image-2446\" src=\"https:\/\/www.frsn.utn.edu.ar\/wp-content\/uploads\/2019\/09\/industrial.png\" alt=\"\" width=\"924\" height=\"607\" srcset=\"https:\/\/www.frsn.utn.edu.ar\/wp-content\/uploads\/2019\/09\/industrial.png 924w, https:\/\/www.frsn.utn.edu.ar\/wp-content\/uploads\/2019\/09\/industrial-300x197.png 300w, https:\/\/www.frsn.utn.edu.ar\/wp-content\/uploads\/2019\/09\/industrial-768x505.png 768w\" sizes=\"(max-width: 924px) 100vw, 924px\" \/><\/p>\n<p>Es la rama de la ingenier\u00eda que se ocupa de planificar y organizar plantas industriales y plantas de transformaci\u00f3n de recursos naturales en bienes industrializados y servicios, del desarrollo, mejora, implantaci\u00f3n y evaluaci\u00f3n de sistemas integrados de recursos humanos, recursos monetarios y financieros, conocimientos, informaci\u00f3n, equipamiento, energ\u00eda, materiales y procesos. Tambi\u00e9n trata sobre el dise\u00f1o de nuevos prototipos con el fin de aumentar la productividad.<\/p>\n<p><strong>T\u00edtulo que otorga<\/strong><\/p>\n<p>Ingeniera Industrial \/ Ingeniero Industrial<\/p>\n<p><strong>Perfil Profesional<\/strong><\/p>\n<p>La carrera de Ingenier\u00eda Industrial de la UTN forma profesionales con capacidad para cumplir funciones en el campo de la gesti\u00f3n organizativa y productiva. Sus capacidades cient\u00edficas, t\u00e9cnicas y profesionales les confieren aptitud para gerenciar organizaciones en forma integral, dise\u00f1ar, implementar, gestionar, evaluar y mejorar sistemas productivos, aplicando sus competencias en forma sist\u00e9mica, cr\u00edtica, creativa y \u00e9tica.<br \/>\nSon profesionales capaces de satisfacer y gestionar las necesidades presentes y futuras de la sociedad y de aquellas partes interesadas, en un marco de competitividad y mejora continua a trav\u00e9s de nuevas tecnolog\u00edas, reingenier\u00edas, liderazgo y gesti\u00f3n del cambio.<br \/>\nPor su formaci\u00f3n tienen capacidad para dirigir e integrar equipos multidisciplinarios de sectores productivos, administrativos, financieros y comerciales.<\/p>\n<p><strong>Duraci\u00f3n<\/strong><\/p>\n<p>5 a\u00f1os<\/p>\n<hr \/>\n<p><a href=\"https:\/\/www.frsn.utn.edu.ar\/wp-content\/uploads\/2024\/09\/Plan-de-estudio-Ing-Industrial-2007.pdf\" target=\"_blank\" rel=\"noopener\">Plan de Estudio Ingenier\u00eda Industrial \u2013 Plan 2007<\/a><\/p>\n<p><a href=\"https:\/\/www.frsn.utn.edu.ar\/wp-content\/uploads\/2024\/08\/Plan-de-estudio-Ing-Industrial.pdf\" target=\"_blank\" rel=\"noopener\">Plan de estudio &#8211; Ingenier\u00eda Industrial &#8211; Plan 2023<\/a><\/p>\n<p><a href=\"https:\/\/www.frsn.utn.edu.ar\/wp-content\/uploads\/2024\/08\/Ord-1908-Diseno-Curricular-Ing.-Industrial.pdf\" target=\"_blank\" rel=\"noopener\">Ord. CSU 1908 &#8211; Dise\u00f1o curricular Ing. Industrial<\/a><\/p>\n<p><a href=\"https:\/\/www.frsn.utn.edu.ar\/wp-content\/uploads\/2024\/08\/Ord-1909-Regimen-de-correlativas-1.pdf\" target=\"_blank\" rel=\"noopener\">Ord. CSU 1909 &#8211; R\u00e9gimen de Equivalencias<\/a><\/p>\n","protected":false},"excerpt":{"rendered":"<p>Es la rama de la ingenier\u00eda que se ocupa de planificar y organizar plantas industriales y plantas de transformaci\u00f3n de recursos naturales en bienes industrializados y servicios, del desarrollo, mejora,<\/p>\n","protected":false},"author":2,"featured_media":0,"parent":33,"menu_order":0,"comment_status":"closed","ping_status":"closed","template":"","meta":[],"_links":{"self":[{"href":"https:\/\/www.frsn.utn.edu.ar\/index.php?rest_route=\/wp\/v2\/pages\/523"}],"collection":[{"href":"https:\/\/www.frsn.utn.edu.ar\/index.php?rest_route=\/wp\/v2\/pages"}],"about":[{"href":"https:\/\/www.frsn.utn.edu.ar\/index.php?rest_route=\/wp\/v2\/types\/page"}],"author":[{"embeddable":true,"href":"https:\/\/www.frsn.utn.edu.ar\/index.php?rest_route=\/wp\/v2\/users\/2"}],"replies":[{"embeddable":true,"href":"https:\/\/www.frsn.utn.edu.ar\/index.php?rest_route=%2Fwp%2Fv2%2Fcomments&post=523"}],"version-history":[{"count":7,"href":"https:\/\/www.frsn.utn.edu.ar\/index.php?rest_route=\/wp\/v2\/pages\/523\/revisions"}],"predecessor-version":[{"id":4907,"href":"https:\/\/www.frsn.utn.edu.ar\/index.php?rest_route=\/wp\/v2\/pages\/523\/revisions\/4907"}],"up":[{"embeddable":true,"href":"https:\/\/www.frsn.utn.edu.ar\/index.php?rest_route=\/wp\/v2\/pages\/33"}],"wp:attachment":[{"href":"https:\/\/www.frsn.utn.edu.ar\/index.php?rest_route=%2Fwp%2Fv2%2Fmedia&parent=523"}],"curies":[{"name":"wp","href":"https:\/\/api.w.org\/{rel}","templated":true}]}}