{"id":5191,"date":"2024-11-18T20:22:47","date_gmt":"2024-11-18T23:22:47","guid":{"rendered":"https:\/\/www.frsn.utn.edu.ar\/?page_id=5191"},"modified":"2024-11-27T12:07:09","modified_gmt":"2024-11-27T15:07:09","slug":"tecnicatura-universitaria-en-programacion-modalidad-a-distancia","status":"publish","type":"page","link":"https:\/\/www.frsn.utn.edu.ar\/?page_id=5191","title":{"rendered":"Tecnicatura Universitaria en Programaci\u00f3n &#8211; Modalidad a distancia"},"content":{"rendered":"\n<p><strong>Admisi\u00f3n<\/strong><\/p>\n\n\n\n<p>Se realizar\u00e1 un examen de admisi\u00f3n para garantizar que los estudiantes que ingresan tienen los conocimientos m\u00ednimos necesarios para realizar la carrera. Previo al examen, se brindar\u00e1 un curso autogestionado en la plataforma, que pueden hacer para repasar los conceptos a evaluar.<\/p>\n\n\n\n<p>El examen se realizar\u00e1 los d\u00edas 17 y 18 de diciembre, en plataforma. Se confirmar\u00e1 oportunamente.<\/p>\n\n\n\n<p>El temario de la admisi\u00f3n es el siguiente:<\/p>\n\n\n\n<p><strong>Habilidades de resoluci\u00f3n de Problemas Matem\u00e1ticos:<\/strong><br>Problemas del mundo real: Plantear situaciones cotidianas que requieran la aplicaci\u00f3n de conceptos matem\u00e1ticos, como calcular costos, descuentos, porcentajes, etc.<br><strong>Habilidades de pensamiento L\u00f3gico y Abstracto:<\/strong><br>Juegos de l\u00f3gica: Resoluci\u00f3n de problemas, para desarrollar habilidades de razonamiento y an\u00e1lisis.<br>An\u00e1lisis de patrones: Identificar y continuar secuencias num\u00e9ricas o geom\u00e9tricas.<br><strong>Habilidades Num\u00e9ricas y Algebraicas:<\/strong><br>Pr\u00e1ctica de operaciones b\u00e1sicas: Ejercicios de suma, resta, multiplicaci\u00f3n y divisi\u00f3n con n\u00fameros enteros y decimales, priorizando jerarquizaci\u00f3n de resoluci\u00f3n de ejercicios combinados<br>Resoluci\u00f3n de ecuaciones: Ejercicios para resolver ecuaciones lineales y cuadr\u00e1ticas, simplificar expresiones algebraicas.<br><strong>Habilidades Geom\u00e9tricas:<\/strong><br>C\u00e1lculo de \u00e1reas y per\u00edmetros: Ejercicios con figuras geom\u00e9tricas b\u00e1sicas, resolviendo ecuaciones<\/p>\n\n\n\n<p><br><\/p>\n","protected":false},"excerpt":{"rendered":"<p>Admisi\u00f3n Se realizar\u00e1 un examen de admisi\u00f3n para garantizar que los estudiantes que ingresan tienen los conocimientos m\u00ednimos necesarios para realizar la carrera. Previo al examen, se brindar\u00e1 un curso<\/p>\n","protected":false},"author":4,"featured_media":0,"parent":0,"menu_order":0,"comment_status":"closed","ping_status":"closed","template":"","meta":[],"_links":{"self":[{"href":"https:\/\/www.frsn.utn.edu.ar\/index.php?rest_route=\/wp\/v2\/pages\/5191"}],"collection":[{"href":"https:\/\/www.frsn.utn.edu.ar\/index.php?rest_route=\/wp\/v2\/pages"}],"about":[{"href":"https:\/\/www.frsn.utn.edu.ar\/index.php?rest_route=\/wp\/v2\/types\/page"}],"author":[{"embeddable":true,"href":"https:\/\/www.frsn.utn.edu.ar\/index.php?rest_route=\/wp\/v2\/users\/4"}],"replies":[{"embeddable":true,"href":"https:\/\/www.frsn.utn.edu.ar\/index.php?rest_route=%2Fwp%2Fv2%2Fcomments&post=5191"}],"version-history":[{"count":2,"href":"https:\/\/www.frsn.utn.edu.ar\/index.php?rest_route=\/wp\/v2\/pages\/5191\/revisions"}],"predecessor-version":[{"id":5300,"href":"https:\/\/www.frsn.utn.edu.ar\/index.php?rest_route=\/wp\/v2\/pages\/5191\/revisions\/5300"}],"wp:attachment":[{"href":"https:\/\/www.frsn.utn.edu.ar\/index.php?rest_route=%2Fwp%2Fv2%2Fmedia&parent=5191"}],"curies":[{"name":"wp","href":"https:\/\/api.w.org\/{rel}","templated":true}]}}