{"id":516,"date":"2018-12-04T14:13:42","date_gmt":"2018-12-04T17:13:42","guid":{"rendered":"https:\/\/frsnweb2.frsn.utn.edu.ar\/?page_id=516"},"modified":"2024-09-12T17:38:12","modified_gmt":"2024-09-12T20:38:12","slug":"ingenieria-electrica","status":"publish","type":"page","link":"https:\/\/www.frsn.utn.edu.ar\/?page_id=516","title":{"rendered":"Ingenier\u00eda en Energ\u00eda El\u00e9ctrica"},"content":{"rendered":"<p><strong><img decoding=\"async\" loading=\"lazy\" class=\"aligncenter size-full wp-image-4927\" src=\"https:\/\/www.frsn.utn.edu.ar\/wp-content\/uploads\/2024\/09\/Imagen-de-WhatsApp-2024-08-26-a-las-13.20.37_868cd42a.jpg\" alt=\"\" width=\"1280\" height=\"852\" srcset=\"https:\/\/www.frsn.utn.edu.ar\/wp-content\/uploads\/2024\/09\/Imagen-de-WhatsApp-2024-08-26-a-las-13.20.37_868cd42a.jpg 1280w, https:\/\/www.frsn.utn.edu.ar\/wp-content\/uploads\/2024\/09\/Imagen-de-WhatsApp-2024-08-26-a-las-13.20.37_868cd42a-300x200.jpg 300w, https:\/\/www.frsn.utn.edu.ar\/wp-content\/uploads\/2024\/09\/Imagen-de-WhatsApp-2024-08-26-a-las-13.20.37_868cd42a-1024x682.jpg 1024w, https:\/\/www.frsn.utn.edu.ar\/wp-content\/uploads\/2024\/09\/Imagen-de-WhatsApp-2024-08-26-a-las-13.20.37_868cd42a-768x511.jpg 768w\" sizes=\"(max-width: 1280px) 100vw, 1280px\" \/> <\/strong><\/p>\n<p>Se ocupa del dise\u00f1o, la construcci\u00f3n y el mantenimiento de medios y mecanismos necesarios para la obtenci\u00f3n, generaci\u00f3n, transmisi\u00f3n, distribuci\u00f3n y utilizaci\u00f3n de la energ\u00eda el\u00e9ctrica. El manejo de la energ\u00eda el\u00e9ctrica requiere la m\u00e1xima confiabilidad y eficiencia de modo que resulten seguros los servicios que la proveen y las instalaciones y m\u00e1quinas que la utilizan. Tambi\u00e9n se ocupa de estudios de factibilidad, presupuestaci\u00f3n y direcci\u00f3n de proyectos vinculados con aplicaciones de la energ\u00eda el\u00e9ctrica.<\/p>\n<p><strong>T\u00edtulo que otorga<\/strong><\/p>\n<p>Grado: Ingeniera\/o en Energ\u00eda El\u00e9ctrica<\/p>\n<p><strong>Perfil Profesional <\/strong><\/p>\n<p>La Ingenier\u00eda en Energ\u00eda El\u00e9ctrica como disciplina ingenieril, lleva en su esencia la labor de brindar soluciones en ingenier\u00eda, relacionados con la producci\u00f3n o creaci\u00f3n de bienes y\/o servicios, vinculados con la energ\u00eda el\u00e9ctrica. Se ocupa del dise\u00f1o, la construcci\u00f3n y el mantenimiento de medios, dispositivos y servicios necesarios para la obtenci\u00f3n, generaci\u00f3n, transmisi\u00f3n, distribuci\u00f3n, conversi\u00f3n, utilizaci\u00f3n de la energ\u00eda el\u00e9ctrica y del aseguramiento de su disponibilidad, cualquiera sea su origen de producci\u00f3n convencional, renovable, nivel de tensi\u00f3n o frecuencia, actuando con eficiencia t\u00e9cnica, econ\u00f3mica y energ\u00e9tica, teniendo en cuenta el impacto ambiental de su actividad a fin de minimizar la influencia negativa de la fuente de los recursos para su creaci\u00f3n, transmisi\u00f3n, distribuci\u00f3n y utilizaci\u00f3n. La carrera de grado de Ingenier\u00eda en Energ\u00eda El\u00e9ctrica en la UTN forma profesionales con las competencias necesarias para abordar todos los aspectos relativos al dise\u00f1o, planificaci\u00f3n, construcci\u00f3n, operaci\u00f3n, control, protecci\u00f3n y mantenimiento de sistemas e instalaciones de generaci\u00f3n, transmisi\u00f3n y distribuci\u00f3n de energ\u00eda el\u00e9ctrica en cualquier nivel de tensi\u00f3n y frecuencia, independientemente del recurso primario de origen. Asimismo tiene las competencias para participar en el dise\u00f1o, construcci\u00f3n, utilizaci\u00f3n y mantenimiento de las m\u00e1quinas, aparatos, dispositivos y componentes asociados a la generaci\u00f3n, transmisi\u00f3n, distribuci\u00f3n y utilizaci\u00f3n de la energ\u00eda el\u00e9ctrica, tanto sea de origen tradicional como renovable, sustentable y de cualquier tipo de desarrollo tecnol\u00f3gico que confluya en energ\u00eda el\u00e9ctrica, vali\u00e9ndose de t\u00e9cnicas inform\u00e1ticas de tipo aplicativo para el proyecto de m\u00e1quinas, dispositivos, instalaciones y controles autom\u00e1ticos de los mismos. En los espacios de aprendizaje complementario y electivo, se consolida una formaci\u00f3n que responde a las demandas de la sociedad en base a los aspectos generales y espec\u00edficos de la gesti\u00f3n organizativa y productiva. Se considera el an\u00e1lisis t\u00e9cnico econ\u00f3mico, de la confiabilidad y seguridad de los sistemas el\u00e9ctricos, y los desarrollos en el campo de la electr\u00f3nica industrial, la rob\u00f3tica, las energ\u00edas renovables y en general, el control de los dispositivos electromec\u00e1nicos.<\/p>\n<p><strong>Duraci\u00f3n<\/strong><\/p>\n<p>5 a\u00f1os<\/p>\n<hr \/>\n<p><a href=\"https:\/\/www.frsn.utn.edu.ar\/wp-content\/uploads\/2024\/09\/Ingenieria-Electrica-correlatividades-95.pdf\" target=\"_blank\" rel=\"noopener\">Plan de Estudio \u2013 Ingenier\u00eda El\u00e9ctrica \u2013 Plan 95<\/a><\/p>\n<p><a href=\"https:\/\/www.frsn.utn.edu.ar\/wp-content\/uploads\/2024\/09\/Plan-de-estudio-Ing-Energia-Electrica.pdf\" target=\"_blank\" rel=\"noopener\">Plan de Estudio \u2013 Ingenier\u00eda en Energ\u00eda El\u00e9ctrica \u2013 Plan 2023<\/a><\/p>\n<p><a href=\"https:\/\/www.frsn.utn.edu.ar\/wp-content\/uploads\/2024\/09\/Ord-1873-Ingenieria-en-Energia-Electrica.pdf\" target=\"_blank\" rel=\"noopener\">Ord. CSU 1873 \u2013 Dise\u00f1o Curricular Ing. en Energ\u00eda El\u00e9ctrica (Plan 2023)<\/a><\/p>\n<p><a href=\"https:\/\/www.frsn.utn.edu.ar\/wp-content\/uploads\/2024\/09\/Ord-1874-Regimen-de-correlativas-Ing-EE.pdf\" target=\"_blank\" rel=\"noopener\">Ord. CSU 1874 \u2013 R\u00e9gimen de Equivalencias<\/a><\/p>\n","protected":false},"excerpt":{"rendered":"<p>Se ocupa del dise\u00f1o, la construcci\u00f3n y el mantenimiento de medios y mecanismos necesarios para la obtenci\u00f3n, generaci\u00f3n, transmisi\u00f3n, distribuci\u00f3n y utilizaci\u00f3n de la energ\u00eda el\u00e9ctrica. El manejo de la<\/p>\n","protected":false},"author":2,"featured_media":0,"parent":33,"menu_order":0,"comment_status":"closed","ping_status":"closed","template":"","meta":[],"_links":{"self":[{"href":"https:\/\/www.frsn.utn.edu.ar\/index.php?rest_route=\/wp\/v2\/pages\/516"}],"collection":[{"href":"https:\/\/www.frsn.utn.edu.ar\/index.php?rest_route=\/wp\/v2\/pages"}],"about":[{"href":"https:\/\/www.frsn.utn.edu.ar\/index.php?rest_route=\/wp\/v2\/types\/page"}],"author":[{"embeddable":true,"href":"https:\/\/www.frsn.utn.edu.ar\/index.php?rest_route=\/wp\/v2\/users\/2"}],"replies":[{"embeddable":true,"href":"https:\/\/www.frsn.utn.edu.ar\/index.php?rest_route=%2Fwp%2Fv2%2Fcomments&post=516"}],"version-history":[{"count":10,"href":"https:\/\/www.frsn.utn.edu.ar\/index.php?rest_route=\/wp\/v2\/pages\/516\/revisions"}],"predecessor-version":[{"id":4935,"href":"https:\/\/www.frsn.utn.edu.ar\/index.php?rest_route=\/wp\/v2\/pages\/516\/revisions\/4935"}],"up":[{"embeddable":true,"href":"https:\/\/www.frsn.utn.edu.ar\/index.php?rest_route=\/wp\/v2\/pages\/33"}],"wp:attachment":[{"href":"https:\/\/www.frsn.utn.edu.ar\/index.php?rest_route=%2Fwp%2Fv2%2Fmedia&parent=516"}],"curies":[{"name":"wp","href":"https:\/\/api.w.org\/{rel}","templated":true}]}}