{"id":5095,"date":"2024-11-11T15:43:26","date_gmt":"2024-11-11T18:43:26","guid":{"rendered":"https:\/\/www.frsn.utn.edu.ar\/?page_id=5095"},"modified":"2026-03-01T12:17:08","modified_gmt":"2026-03-01T15:17:08","slug":"tecnicatura-universitaria-en-programacion-modalidad-a-distancia","status":"publish","type":"page","link":"https:\/\/www.frsn.utn.edu.ar\/?page_id=5095","title":{"rendered":"Tecnicatura Universitaria en Programaci\u00f3n \u2013 Modalidad a Distancia"},"content":{"rendered":"\n<h3 class=\"wp-block-heading\"><strong>INSCRIPCI\u00d3N AGOSTO 2026<\/strong><mark style=\"background-color:rgba(0, 0, 0, 0)\" class=\"has-inline-color has-vivid-red-color\"> <strong><a href=\"https:\/\/www.frsn.utn.edu.ar\/?page_id=5724\">Cliquee aqu\u00ed<\/a><\/strong> <\/mark><\/h3>\n\n\n\n<p>Per\u00edodo de inscripci\u00f3n: desde el 1 de abril al 20 de mayo de 2026.<\/p>\n\n\n\n<p><\/p>\n\n\n\n<p class=\"has-text-align-left\">La Tecnicatura Universitaria en Programaci\u00f3n tiene como misi\u00f3n preparar al estudiantado en habilidades t\u00e9cnicas y conocimientos pr\u00e1cticos para trabajar en el campo de desarrollo y programaci\u00f3n de software.<\/p>\n\n\n\n<p><strong>T\u00edtulo que otorga<\/strong>: T\u00e9cnico Universitario en Programaci\u00f3n<\/p>\n\n\n\n<p><strong>Perfil del egresado<\/strong><\/p>\n\n\n\n<p>Esta carrera responde a la necesidad de formar profesionales aptos para cumplir funciones t\u00e9cnicas y espec\u00edficas en el campo de la programaci\u00f3n de software y sistemas con conocimientos y capacidades para trabajar conjuntamente con profesionales de grado en las \u00e1reas de TIC y Sistemas, enfocado en la implementaci\u00f3n y desarrollo de aplicaciones, programas y soluciones inform\u00e1ticas.<\/p>\n\n\n\n<p><strong>Alcances del t\u00edtulo<\/strong><\/p>\n\n\n\n<p>1. Colaborar en el desarrollo y la implementaci\u00f3n de programas, m\u00f3dulos o componentes de sistemas inform\u00e1ticos aplicando distintos lenguajes de programaci\u00f3n con diversas t\u00e9cnicas y metodolog\u00edas.<\/p>\n\n\n\n<p>2. Analizar, implementar y adaptar con eficiencia y habilidad t\u00e9cnica, la programaci\u00f3n de sistemas inform\u00e1ticos.<\/p>\n\n\n\n<p>3. Planificar su trabajo de programaci\u00f3n en el contexto del equipo de desarrollo del proyecto y de la tecnolog\u00eda a utilizar.<\/p>\n\n\n\n<p>4. Elaborar la documentaci\u00f3n t\u00e9cnica y de usuarios de acuerdo con los requerimientos funcionales y t\u00e9cnicos de las aplicaciones y sistemas.<\/p>\n\n\n\n<p><strong>Modalidad a distancia<\/strong><\/p>\n\n\n\n<p>Esta carrera se cursa totalmente a distancia, de forma asincr\u00f3nica, es decir, cada estudiante determina sus propios horarios para realizar las actividades de aprendizaje. Eventualmente se podr\u00e1n organizar reuniones sincr\u00f3nicas para consultas, o evaluaciones puntuales, mediante herramientas del tipo de Zoom. Estas no ser\u00e1n obligatorias, y se pondr\u00e1 a disposici\u00f3n la grabaci\u00f3n en el aula virtual.<\/p>\n\n\n\n<p><strong>Plan de estudio<\/strong><br><a href=\"https:\/\/www.frsn.utn.edu.ar\/wp-content\/uploads\/2024\/12\/CSU_ORD__0__2067.pdf\">Plan de estudio de la carrera <\/a><br><a href=\"https:\/\/www.frsn.utn.edu.ar\/wp-content\/uploads\/2024\/12\/CSU_ORD__0__2068.pdf\" target=\"_blank\" rel=\"noreferrer noopener\">Correlatividades<\/a><\/p>\n\n\n\n<p><strong>Duraci\u00f3n de la carrera<\/strong><\/p>\n\n\n\n<p>La duraci\u00f3n de la carrera es de 2 a\u00f1os, con un total de 1375 horas reloj.<\/p>\n\n\n\n<p><strong>Requerimiento para ingreso<\/strong><\/p>\n\n\n\n<p>Para ingresar a la carrera, el aspirante debe poseer t\u00edtulo secundario oficial, o t\u00edtulo extranjero convalidado por el ministerio de educaci\u00f3n, o certificado de estudios en tr\u00e1mite.<\/p>\n\n\n\n<p><strong>Documentaci\u00f3n a presentar<\/strong><\/p>\n\n\n\n<div class=\"wp-block-group is-layout-constrained\"><div class=\"wp-block-group__inner-container\">\n<ol>\n<li>Fotocopia frente y dorso DNI<\/li>\n\n\n\n<li>Fotocopia autenticada del anal\u00edtico o t\u00edtulo del secundario<\/li>\n\n\n\n<li>Constancia de CUIL<\/li>\n\n\n\n<li>Partida de nacimiento<\/li>\n\n\n\n<li>2 fotos 4&#215;4<\/li>\n<\/ol>\n\n\n\n<p>En caso de poseer t\u00edtulo secundario extranjero, debe estar convalidado por el Ministerio de Educaci\u00f3n.<\/p>\n<\/div><\/div>\n","protected":false},"excerpt":{"rendered":"<p>INSCRIPCI\u00d3N AGOSTO 2026 Cliquee aqu\u00ed Per\u00edodo de inscripci\u00f3n: desde el 1 de abril al 20 de mayo de 2026. La Tecnicatura Universitaria en Programaci\u00f3n tiene como misi\u00f3n preparar al estudiantado<\/p>\n","protected":false},"author":2,"featured_media":0,"parent":701,"menu_order":0,"comment_status":"closed","ping_status":"closed","template":"","meta":[],"_links":{"self":[{"href":"https:\/\/www.frsn.utn.edu.ar\/index.php?rest_route=\/wp\/v2\/pages\/5095"}],"collection":[{"href":"https:\/\/www.frsn.utn.edu.ar\/index.php?rest_route=\/wp\/v2\/pages"}],"about":[{"href":"https:\/\/www.frsn.utn.edu.ar\/index.php?rest_route=\/wp\/v2\/types\/page"}],"author":[{"embeddable":true,"href":"https:\/\/www.frsn.utn.edu.ar\/index.php?rest_route=\/wp\/v2\/users\/2"}],"replies":[{"embeddable":true,"href":"https:\/\/www.frsn.utn.edu.ar\/index.php?rest_route=%2Fwp%2Fv2%2Fcomments&post=5095"}],"version-history":[{"count":17,"href":"https:\/\/www.frsn.utn.edu.ar\/index.php?rest_route=\/wp\/v2\/pages\/5095\/revisions"}],"predecessor-version":[{"id":6631,"href":"https:\/\/www.frsn.utn.edu.ar\/index.php?rest_route=\/wp\/v2\/pages\/5095\/revisions\/6631"}],"up":[{"embeddable":true,"href":"https:\/\/www.frsn.utn.edu.ar\/index.php?rest_route=\/wp\/v2\/pages\/701"}],"wp:attachment":[{"href":"https:\/\/www.frsn.utn.edu.ar\/index.php?rest_route=%2Fwp%2Fv2%2Fmedia&parent=5095"}],"curies":[{"name":"wp","href":"https:\/\/api.w.org\/{rel}","templated":true}]}}