{"id":504,"date":"2018-12-04T13:53:31","date_gmt":"2018-12-04T16:53:31","guid":{"rendered":"https:\/\/frsnweb2.frsn.utn.edu.ar\/?page_id=504"},"modified":"2026-02-18T16:24:53","modified_gmt":"2026-02-18T19:24:53","slug":"departamento-industrial","status":"publish","type":"page","link":"https:\/\/www.frsn.utn.edu.ar\/?page_id=504","title":{"rendered":"Departamento Industrial"},"content":{"rendered":"<h3 style=\"text-align: center;\">Director<\/h3>\n<p style=\"text-align: center;\">Esp. Mar\u00eda Laura Gallegos<\/p>\n<p align=\"center\"><strong><u>Consejeros Docentes<\/u><\/strong><\/p>\n<table border=\"1\" cellspacing=\"0\" cellpadding=\"0\" align=\"center\">\n<tbody>\n<tr>\n<td>\n<p align=\"center\"><strong>Titulares<\/strong><\/p>\n<\/td>\n<td>\n<p align=\"center\"><strong>Suplentes<\/strong><\/p>\n<\/td>\n<\/tr>\n<tr>\n<td>RAMOS, Germ\u00e1n<\/td>\n<td>GALLEGOS, Mar\u00eda Laura<\/td>\n<\/tr>\n<tr>\n<td>BOTTERI, Gerardo<\/td>\n<td>G\u00d3MEZ, Leonardo<\/td>\n<\/tr>\n<tr>\n<td>TORCELLO, Carlos<\/td>\n<td>BAQUELA, Gabriel<\/td>\n<\/tr>\n<tr>\n<td>CINALLI, Marcelo<\/td>\n<td>MERETTA, Javier<\/td>\n<\/tr>\n<tr>\n<td>BARBARO, Laura<\/td>\n<td>STAREZEWSKI, Luciana<\/td>\n<\/tr>\n<\/tbody>\n<\/table>\n<p style=\"text-align: center;\">\u00a0<strong><u>Consejeros Graduados<\/u><\/strong><\/p>\n<table border=\"1\" cellspacing=\"0\" cellpadding=\"0\" align=\"center\">\n<tbody>\n<tr>\n<td>\n<p align=\"center\"><strong>Titulares<\/strong><\/p>\n<\/td>\n<td>\n<p align=\"center\"><strong>Suplentes<\/strong><\/p>\n<\/td>\n<\/tr>\n<tr>\n<td>CABO, Natalia<\/td>\n<td>FRONTERA, Keila<\/td>\n<\/tr>\n<tr>\n<td>ALAMOS, Andrea<\/td>\n<td>ROSELLI, Sebastian<\/td>\n<\/tr>\n<\/tbody>\n<\/table>\n<p align=\"center\"><strong><u>Consejeros Estudiantiles<\/u><\/strong><\/p>\n<table border=\"1\" cellspacing=\"0\" cellpadding=\"0\" align=\"center\">\n<tbody>\n<tr>\n<td>\n<p align=\"center\"><strong>Titulares<\/strong><\/p>\n<\/td>\n<td>\n<p align=\"center\"><strong>Suplentes<\/strong><\/p>\n<\/td>\n<\/tr>\n<tr>\n<td>FURLAN, Nahuel<\/td>\n<td>MARINI, Federico<\/td>\n<\/tr>\n<tr>\n<td>CHAPARRO, Sofia<\/td>\n<td>FULVI, Ambar<\/td>\n<\/tr>\n<tr>\n<td>PEREZ, Aitana<\/td>\n<td>ROMERO, Lucas<\/td>\n<\/tr>\n<\/tbody>\n<\/table>\n<hr \/>\n<ul>\n<li><a href=\"https:\/\/www.frsn.utn.edu.ar\/?page_id=507\">Docentes y Auxiliares<\/a><\/li>\n<\/ul>\n","protected":false},"excerpt":{"rendered":"<p>Director Esp. Mar\u00eda Laura Gallegos Consejeros Docentes Titulares Suplentes RAMOS, Germ\u00e1n GALLEGOS, Mar\u00eda Laura BOTTERI, Gerardo G\u00d3MEZ, Leonardo TORCELLO, Carlos BAQUELA, Gabriel CINALLI, Marcelo MERETTA, Javier BARBARO, Laura STAREZEWSKI, Luciana<\/p>\n","protected":false},"author":2,"featured_media":2514,"parent":26,"menu_order":0,"comment_status":"closed","ping_status":"closed","template":"","meta":[],"_links":{"self":[{"href":"https:\/\/www.frsn.utn.edu.ar\/index.php?rest_route=\/wp\/v2\/pages\/504"}],"collection":[{"href":"https:\/\/www.frsn.utn.edu.ar\/index.php?rest_route=\/wp\/v2\/pages"}],"about":[{"href":"https:\/\/www.frsn.utn.edu.ar\/index.php?rest_route=\/wp\/v2\/types\/page"}],"author":[{"embeddable":true,"href":"https:\/\/www.frsn.utn.edu.ar\/index.php?rest_route=\/wp\/v2\/users\/2"}],"replies":[{"embeddable":true,"href":"https:\/\/www.frsn.utn.edu.ar\/index.php?rest_route=%2Fwp%2Fv2%2Fcomments&post=504"}],"version-history":[{"count":6,"href":"https:\/\/www.frsn.utn.edu.ar\/index.php?rest_route=\/wp\/v2\/pages\/504\/revisions"}],"predecessor-version":[{"id":6610,"href":"https:\/\/www.frsn.utn.edu.ar\/index.php?rest_route=\/wp\/v2\/pages\/504\/revisions\/6610"}],"up":[{"embeddable":true,"href":"https:\/\/www.frsn.utn.edu.ar\/index.php?rest_route=\/wp\/v2\/pages\/26"}],"wp:featuredmedia":[{"embeddable":true,"href":"https:\/\/www.frsn.utn.edu.ar\/index.php?rest_route=\/wp\/v2\/media\/2514"}],"wp:attachment":[{"href":"https:\/\/www.frsn.utn.edu.ar\/index.php?rest_route=%2Fwp%2Fv2%2Fmedia&parent=504"}],"curies":[{"name":"wp","href":"https:\/\/api.w.org\/{rel}","templated":true}]}}