{"id":5015,"date":"2024-09-30T19:14:29","date_gmt":"2024-09-30T22:14:29","guid":{"rendered":"https:\/\/www.frsn.utn.edu.ar\/?page_id=5015"},"modified":"2024-09-30T19:14:32","modified_gmt":"2024-09-30T22:14:32","slug":"coordinacion-de-carreras","status":"publish","type":"page","link":"https:\/\/www.frsn.utn.edu.ar\/?page_id=5015","title":{"rendered":"Coordinaci\u00f3n de carreras"},"content":{"rendered":"\n<figure class=\"wp-block-table\"><table><tbody><tr><td colspan=\"2\"><strong>\u00a0 \u00a0 \u00a0 \u00a0 CICLO LECTIVO 2024- Secretar\u00eda de Posgrado y Educaci\u00f3n Continua<\/strong><\/td><\/tr><tr><td><strong>Lista de carreras<\/strong><\/td><td><strong>Dtor\/coordinadores\/Co-coord.<\/strong><\/td><\/tr><tr><td><strong>CARRERAS DE POSGRADO<\/strong><\/td><td><strong>&nbsp;<\/strong><\/td><\/tr><tr><td>Doctorado en Ingenier\u00eda- Menci\u00f3n Materiales<\/td><td>Dra. Elena Brandaleze<\/td><\/tr><tr><td>Maestr\u00eda en Docencia Universitaria<\/td><td>Mg. Mar\u00eda Eugenia Rodr\u00edguez<\/td><\/tr><tr><td>Maestr\u00eda en Administraci\u00f3n de Negocios<\/td><td>Mg. Gustavo Blanch<\/td><\/tr><tr><td>Especializaci\u00f3n en Docencia Universitaria<\/td><td>Mg. Mar\u00eda Eugenia Rodr\u00edguez<\/td><\/tr><tr><td>Especializaci\u00f3n en Ingenier\u00eda Gerencial<\/td><td>Mg. Gustavo Blanch<\/td><\/tr><tr><td>Especializaci\u00f3n en Ingenier\u00eda en Calidad<\/td><td>Esp. Osvaldo D\u00edaz<\/td><\/tr><tr><td><\/td><td><\/td><\/tr><tr><td><strong>CICLOS DE COMPLEMENTACI\u00d3N CURRICULAR<\/strong><\/td><td>&nbsp;<\/td><\/tr><tr><td>Lic. en Higiene y Seguridad enel Trabajo<\/td><td>Esp. Tom\u00e1s Avetta\/Ing. Jose Salafia<\/td><\/tr><tr><td>Lic. en Tecnolog\u00eda Educativa<\/td><td>Mg. Lucia Sacco<\/td><\/tr><tr><td>Lic. en Ense\u00f1anza de la Matem\u00e1tica<\/td><td>Mg. M.Elena Schivo<\/td><\/tr><tr><td>Lic. en Lengua Inglesa<\/td><td>Mg. Carla Bossus<\/td><\/tr><tr><td>Lic. en Administraci\u00f3n de Empresas<\/td><td>Mg. Alex Padov\u00e1n<\/td><\/tr><tr><td>Lic. en Automatizaci\u00f3n y control&nbsp;&nbsp;&nbsp;&nbsp;&nbsp;&nbsp;&nbsp;&nbsp;&nbsp;&nbsp;&nbsp;&nbsp;&nbsp;&nbsp;&nbsp;&nbsp;&nbsp;&nbsp;&nbsp;&nbsp;&nbsp;<\/td><td>Ing. Gianni Sp\u00e1rvoli<\/td><\/tr><tr><td>Lic. En ciencias Aplicadas<\/td><td>Mg. Valeria Sp\u00e1rvoli<\/td><\/tr><tr><td><\/td><td><\/td><\/tr><tr><td><strong>TECNICATURAS UNIVERSITARIAS<\/strong><\/td><td>&nbsp;<\/td><\/tr><tr><td>Tec. Superior en Programaci\u00f3n&nbsp;&nbsp;&nbsp;&nbsp;&nbsp;&nbsp;&nbsp;&nbsp;&nbsp;&nbsp;&nbsp;&nbsp;&nbsp;&nbsp;&nbsp;&nbsp;&nbsp;&nbsp;&nbsp;&nbsp;&nbsp;&nbsp;&nbsp;&nbsp;<\/td><td>Lic. Georgina Rodr\u00edguez<\/td><\/tr><tr><td>Tec. Un. En industrias alimentarias&nbsp;&nbsp;&nbsp;&nbsp;&nbsp;&nbsp;&nbsp;&nbsp;&nbsp;&nbsp;&nbsp;&nbsp;&nbsp;&nbsp;&nbsp;&nbsp;&nbsp;&nbsp;&nbsp;&nbsp;&nbsp;<\/td><td>Lic. Lucas Bettoli<\/td><\/tr><tr><td>Tec. Superior en Bromatolog\u00eda y medio ambiente<\/td><td>Lic.&nbsp; Nora Mazzini<\/td><\/tr><tr><td>Tec Univ. en Tecnolog\u00eda Agropecuaria (puentes)<\/td><td>Lic. Roxana Tange<\/td><\/tr><tr><td>Tec. Univ. en Administraci\u00f3n de empresas<\/td><td>Lic. Lucas Betoli<\/td><\/tr><tr><td>Tec Univ. en Higiene y Seguridad en el Trabajo<\/td><td>Lic. Marcelo Garc\u00eda<\/td><\/tr><tr><td>Tec. Univ. en Dise\u00f1o Industrial<\/td><td>Lic. Marcelo Garc\u00eda<\/td><\/tr><tr><td>Tec. Univ. en Mecatr\u00f3nica<\/td><td>Lic. Pablo Pannunzio<\/td><\/tr><tr><td>Tecnicatura Univ. en Mantenimiento Industrial<\/td><td>Ing. Rodolfo Poggi<\/td><\/tr><tr><td>Tecnicatura Univ. en Seguridad Vial<\/td><td>Esp. Cristina Quarti\/ T\u00e9c. H\u00e9ctor Escalera<\/td><\/tr><tr><td>&nbsp;<\/td><td>&nbsp;<\/td><\/tr><tr><td><strong>CARRERAS A DISTANCIA<\/strong><\/td><td>CONSORCIO sede<\/td><\/tr><tr><td>Tec. Univ. en Programaci\u00f3n<\/td><td>&nbsp;FRSan Nicol\u00e1s<\/td><\/tr><tr><td>Tec. Univ. en Tec Sistemas Inform\u00e1ticos<\/td><td>&nbsp;FRSanta Fe<\/td><\/tr><tr><td>Tec. Univ. en Administraci\u00f3n de Empresas<\/td><td>FRBA<\/td><\/tr><tr><td>Lic. En Administraci\u00f3n de Empresas<\/td><td>FRBA<\/td><\/tr><tr><td>Tec. Univ. en Higiene y Seguridad en el Trabajo<\/td><td>FRBA<\/td><\/tr><tr><td>Lic. en Higiene y Seguridad en el Trabajo<\/td><td>FRBA<\/td><\/tr><tr><td>Lic. en Tecnolog\u00eda Educativa<\/td><td>FRBA<\/td><\/tr><tr><td>Tec. Univ. en desarrollo y producci\u00f3n de videojuegos<\/td><td>FRBA<\/td><\/tr><tr><td>Tec. Univ. en Log\u00edstica<\/td><td>FRBA<\/td><\/tr><tr><td>Lic.&nbsp; En Log\u00edstica<\/td><td>&nbsp;FRVM<\/td><\/tr><tr><td>Lic. En Gesti\u00f3n Ambiental<\/td><td>&nbsp;FRT-FRMDP<\/td><\/tr><tr><td><\/td><td><\/td><\/tr><tr><td><strong>PROGRAMA PUENTES<\/strong><\/td><td>ciudades<\/td><\/tr><tr><td>Tec Univ. en Tecnolog\u00eda Agropecuaria<\/td><td>Gral Pinto- Lamadrid-Carlos Tejedor<\/td><\/tr><tr><td>Tec. Un. en industrias alimentarias&nbsp;&nbsp;&nbsp;&nbsp;&nbsp;&nbsp;&nbsp;&nbsp;&nbsp;&nbsp;&nbsp;&nbsp;&nbsp;&nbsp;&nbsp;&nbsp;&nbsp;&nbsp;&nbsp;&nbsp;&nbsp;<\/td><td>Las Flores<\/td><\/tr><\/tbody><\/table><\/figure>\n","protected":false},"excerpt":{"rendered":"<p>\u00a0 \u00a0 \u00a0 \u00a0 CICLO LECTIVO 2024- Secretar\u00eda de Posgrado y Educaci\u00f3n Continua Lista de carreras Dtor\/coordinadores\/Co-coord. CARRERAS DE POSGRADO &nbsp; Doctorado en Ingenier\u00eda- Menci\u00f3n Materiales Dra. Elena Brandaleze Maestr\u00eda<\/p>\n","protected":false},"author":2,"featured_media":0,"parent":0,"menu_order":0,"comment_status":"closed","ping_status":"closed","template":"","meta":[],"_links":{"self":[{"href":"https:\/\/www.frsn.utn.edu.ar\/index.php?rest_route=\/wp\/v2\/pages\/5015"}],"collection":[{"href":"https:\/\/www.frsn.utn.edu.ar\/index.php?rest_route=\/wp\/v2\/pages"}],"about":[{"href":"https:\/\/www.frsn.utn.edu.ar\/index.php?rest_route=\/wp\/v2\/types\/page"}],"author":[{"embeddable":true,"href":"https:\/\/www.frsn.utn.edu.ar\/index.php?rest_route=\/wp\/v2\/users\/2"}],"replies":[{"embeddable":true,"href":"https:\/\/www.frsn.utn.edu.ar\/index.php?rest_route=%2Fwp%2Fv2%2Fcomments&post=5015"}],"version-history":[{"count":1,"href":"https:\/\/www.frsn.utn.edu.ar\/index.php?rest_route=\/wp\/v2\/pages\/5015\/revisions"}],"predecessor-version":[{"id":5016,"href":"https:\/\/www.frsn.utn.edu.ar\/index.php?rest_route=\/wp\/v2\/pages\/5015\/revisions\/5016"}],"wp:attachment":[{"href":"https:\/\/www.frsn.utn.edu.ar\/index.php?rest_route=%2Fwp%2Fv2%2Fmedia&parent=5015"}],"curies":[{"name":"wp","href":"https:\/\/api.w.org\/{rel}","templated":true}]}}