{"id":499,"date":"2018-12-04T13:48:33","date_gmt":"2018-12-04T16:48:33","guid":{"rendered":"https:\/\/frsnweb2.frsn.utn.edu.ar\/?page_id=499"},"modified":"2018-12-04T13:48:33","modified_gmt":"2018-12-04T16:48:33","slug":"laboratorio-modelizacion","status":"publish","type":"page","link":"https:\/\/www.frsn.utn.edu.ar\/?page_id=499","title":{"rendered":"Laboratorio Modelizaci\u00f3n"},"content":{"rendered":"<p>En el laboratorio de modelizaci\u00f3n se trabaja con diferentes softwares y modelos f\u00edsicos para el estudio de fen\u00f3menos ligados a fluidos o s\u00f3lidos relacionados con diferentes procesos metal\u00fargicos. Se contempla adem\u00e1s el trabajo de fen\u00f3menos de combusti\u00f3n. Adem\u00e1s se cuenta con la posibilidad de realizar simulaciones termodin\u00e1micas en sistemas de \u00f3xidos, metales y aleaciones, carburos y nitruros.<\/p>\n<p><strong>Responsables:<\/strong><\/p>\n<p>Dra. Elena Brandaleze<\/p>\n<p>Dr. David Mariotti<\/p>\n<ul>\n<li>ANSYS &#8211; CFD<\/li>\n<li>ABAQUS<\/li>\n<li>SALOME (software libre bajo plataforma LINUX)<\/li>\n<li>FACT SAGE (para simulaci\u00f3n de sistemas de metales, \u00f3xidos complejos, carburos y nitruros)<\/li>\n<\/ul>\n<p><strong>Contacto<\/strong><\/p>\n<p><a href=\"mailto:metalurgia@frsn.utn.edu.ar\"><strong>metalurgia@frsn.utn.edu.ar<\/strong><\/a><\/p>\n","protected":false},"excerpt":{"rendered":"<p>En el laboratorio de modelizaci\u00f3n se trabaja con diferentes softwares y modelos f\u00edsicos para el estudio de fen\u00f3menos ligados a fluidos o s\u00f3lidos relacionados con diferentes procesos metal\u00fargicos. Se contempla<\/p>\n","protected":false},"author":2,"featured_media":0,"parent":26,"menu_order":0,"comment_status":"closed","ping_status":"closed","template":"","meta":[],"_links":{"self":[{"href":"https:\/\/www.frsn.utn.edu.ar\/index.php?rest_route=\/wp\/v2\/pages\/499"}],"collection":[{"href":"https:\/\/www.frsn.utn.edu.ar\/index.php?rest_route=\/wp\/v2\/pages"}],"about":[{"href":"https:\/\/www.frsn.utn.edu.ar\/index.php?rest_route=\/wp\/v2\/types\/page"}],"author":[{"embeddable":true,"href":"https:\/\/www.frsn.utn.edu.ar\/index.php?rest_route=\/wp\/v2\/users\/2"}],"replies":[{"embeddable":true,"href":"https:\/\/www.frsn.utn.edu.ar\/index.php?rest_route=%2Fwp%2Fv2%2Fcomments&post=499"}],"version-history":[{"count":1,"href":"https:\/\/www.frsn.utn.edu.ar\/index.php?rest_route=\/wp\/v2\/pages\/499\/revisions"}],"predecessor-version":[{"id":500,"href":"https:\/\/www.frsn.utn.edu.ar\/index.php?rest_route=\/wp\/v2\/pages\/499\/revisions\/500"}],"up":[{"embeddable":true,"href":"https:\/\/www.frsn.utn.edu.ar\/index.php?rest_route=\/wp\/v2\/pages\/26"}],"wp:attachment":[{"href":"https:\/\/www.frsn.utn.edu.ar\/index.php?rest_route=%2Fwp%2Fv2%2Fmedia&parent=499"}],"curies":[{"name":"wp","href":"https:\/\/api.w.org\/{rel}","templated":true}]}}