{"id":491,"date":"2018-12-04T13:44:50","date_gmt":"2018-12-04T16:44:50","guid":{"rendered":"https:\/\/frsnweb2.frsn.utn.edu.ar\/?page_id=491"},"modified":"2018-12-04T13:44:50","modified_gmt":"2018-12-04T16:44:50","slug":"laboratorio-metalurgia-fisica","status":"publish","type":"page","link":"https:\/\/www.frsn.utn.edu.ar\/?page_id=491","title":{"rendered":"Laboratorio Metalurgia F\u00edsica"},"content":{"rendered":"<p><strong>Introducci\u00f3n<\/strong><\/p>\n<p>En particular este grupo estudia el comportamiento de aleaciones sin y con recubrimientos frente a distintos solicitaciones mec\u00e1nicas y correlaciona a los mismos con diferentes aspectos de naturaleza estructural. Adem\u00e1s, durante largos a\u00f1os se han desarrollado numerosos trabajos asociados a la fragilizaci\u00f3n por hidr\u00f3geno sobre diferentes tipos de aceros analizando el impacto de dicho elemento sobre las respuestas a diferentes esfuerzos mec\u00e1nicos. A tal fin se trabaja realizando carga de H por v\u00eda electrol\u00edtica.<\/p>\n<p><strong>Responsables<\/strong><\/p>\n<p>Dra. Graciela Mansilla<\/p>\n<p>Ing. Mariano In\u00e9s<\/p>\n<p>Se realizan ensayos mec\u00e1nicos \u00a0sobre aleaciones. Se dispone de equipamiento y procedimiento para la determinaci\u00f3n de la curva l\u00edmite deformaci\u00f3n sobre material grillado, mediante proyector de perfiles, que cuenta con un sistema adquisidor de datos. Dicho equipo tambi\u00e9n permite medir espesores, deformaciones sobre materiales grillados, desgaste superficial, recubrimientos, curvaturas, etc. Dentro de los equipos m\u00e1s relevantes se cuenta con:<\/p>\n<ul>\n<li>Equipos para medici\u00f3n de perfiles, con adquisidor de datos \u00a0para muestras planas, cil\u00edndricas, alambres y alambrones, etc.<\/li>\n<li>Carga de H electrol\u00edtica sobre muestras met\u00e1licas. Identificaci\u00f3n de H en aleaciones mediante t\u00e9cnica de decoraci\u00f3n con plata.\u00a0Ensayos mec\u00e1nicos de tracci\u00f3n, fatiga y embutido profundo. Medici\u00f3n de curvaturas, deformaciones sobre material grillado mediante proyector de perfiles<\/li>\n<\/ul>\n<p><strong>Contacto<\/strong><\/p>\n<p><a href=\"mailto:metalurgia@frsn.utn.edu.ar\">metalurgia@frsn.utn.edu.ar<\/a><\/p>\n","protected":false},"excerpt":{"rendered":"<p>Introducci\u00f3n En particular este grupo estudia el comportamiento de aleaciones sin y con recubrimientos frente a distintos solicitaciones mec\u00e1nicas y correlaciona a los mismos con diferentes aspectos de naturaleza estructural.<\/p>\n","protected":false},"author":2,"featured_media":0,"parent":26,"menu_order":0,"comment_status":"closed","ping_status":"closed","template":"","meta":[],"_links":{"self":[{"href":"https:\/\/www.frsn.utn.edu.ar\/index.php?rest_route=\/wp\/v2\/pages\/491"}],"collection":[{"href":"https:\/\/www.frsn.utn.edu.ar\/index.php?rest_route=\/wp\/v2\/pages"}],"about":[{"href":"https:\/\/www.frsn.utn.edu.ar\/index.php?rest_route=\/wp\/v2\/types\/page"}],"author":[{"embeddable":true,"href":"https:\/\/www.frsn.utn.edu.ar\/index.php?rest_route=\/wp\/v2\/users\/2"}],"replies":[{"embeddable":true,"href":"https:\/\/www.frsn.utn.edu.ar\/index.php?rest_route=%2Fwp%2Fv2%2Fcomments&post=491"}],"version-history":[{"count":1,"href":"https:\/\/www.frsn.utn.edu.ar\/index.php?rest_route=\/wp\/v2\/pages\/491\/revisions"}],"predecessor-version":[{"id":492,"href":"https:\/\/www.frsn.utn.edu.ar\/index.php?rest_route=\/wp\/v2\/pages\/491\/revisions\/492"}],"up":[{"embeddable":true,"href":"https:\/\/www.frsn.utn.edu.ar\/index.php?rest_route=\/wp\/v2\/pages\/26"}],"wp:attachment":[{"href":"https:\/\/www.frsn.utn.edu.ar\/index.php?rest_route=%2Fwp%2Fv2%2Fmedia&parent=491"}],"curies":[{"name":"wp","href":"https:\/\/api.w.org\/{rel}","templated":true}]}}