{"id":485,"date":"2018-12-04T13:41:40","date_gmt":"2018-12-04T16:41:40","guid":{"rendered":"https:\/\/frsnweb2.frsn.utn.edu.ar\/?page_id=485"},"modified":"2018-12-04T13:41:40","modified_gmt":"2018-12-04T16:41:40","slug":"laboratorio-tecnologia-de-procesos","status":"publish","type":"page","link":"https:\/\/www.frsn.utn.edu.ar\/?page_id=485","title":{"rendered":"Laboratorio Tecnolog\u00eda de Procesos"},"content":{"rendered":"<p><strong>Introducci\u00f3n<\/strong><\/p>\n<p>Estudio de fen\u00f3menos asociados a procesos de alta deformaci\u00f3n, procesos de tratamientos t\u00e9rmicos y fundici\u00f3n. Estudios microestructurales de alta complejidad, cin\u00e9ticas de precipitaci\u00f3n y estabilidad, nanocompuestos y nanoprecipitados, influencia de la textura en el comportamiento de productos. Modelizaci\u00f3n de precipitados mediante Fact Sage.<\/p>\n<p><strong>Responsable<\/strong><\/p>\n<p>Dra. Elena Brandaleze<\/p>\n<p>En este laboratorio adem\u00e1s \u00a0se realizan caracterizaciones\u00a0<strong>bajo procedimientos<\/strong>\u00a0est\u00e1ndares o de dise\u00f1o propio sobre distintos tipos de componentes o productos, metales y aleaciones ferrosas y no ferrosas, materiales no met\u00e1licos, estudios de fallas, diagn\u00f3stico de problemas asociados a procesos industriales, nanomateriales, minerales y concentrados, materiales carbonosos, etc. Se realiza asistencia t\u00e9cnica y desarrollo tecnol\u00f3gico en temas:<\/p>\n<ul>\n<li>Procesos de conformado en general<\/li>\n<li>Diagn\u00f3stico de fallas de componentes<\/li>\n<li>Evaluaciones mediante ensayos no destructivos<\/li>\n<li>Trefilado y defectos de productos<\/li>\n<li>Tratamientos t\u00e9rmicos y procesos asociados<\/li>\n<li>Obtenci\u00f3n de curvas de transformaci\u00f3n (CCT)<\/li>\n<li>Fundiciones ferrosas y no ferrosas<\/li>\n<li>Recubrimientos.<\/li>\n<li>Proporciona capacitaci\u00f3n en las empresas o dentro de la Facultad<\/li>\n<\/ul>\n<p>Ensayos no destructivos: se dispone de un equipo de ultra sonido General Electric PHASED ARRAY Y TOFD (2010), tintas penetrantes, part\u00edculas magn\u00e9ticas.<\/p>\n<p><img decoding=\"async\" src=\"http:\/\/www.frsn.utn.edu.ar\/frsn\/imagenes\/tecnologia%20de%20procesos%20equipos.jpg\" alt=\"\" \/>Este laboratorio trabaja en interacci\u00f3n permanente con los restantes laboratorios del Departamento Metalurgia y centro DEYTEMA entrenando a alumnos y profesionales de nuestra especialidad e industrias que lo solicitan. Dentro de los principales ensayos tradicionales se cuenta con la posibilidad de realizar:<\/p>\n<table border=\"1\" width=\"100%\" cellspacing=\"0\" cellpadding=\"0\" align=\"center\">\n<tbody>\n<tr>\n<td>\u00a0<strong>Ensayos y estudios<\/strong><\/p>\n<p>Densidad y porosidad<\/p>\n<p>Resistencia a la compresi\u00f3n<\/p>\n<p>Resistencia a la flexi\u00f3n<\/p>\n<p>Ensayo de dilatometr\u00eda<\/p>\n<p>Ensayos de calcinaci\u00f3n<\/p>\n<p>Variaci\u00f3n lineal permanente (VLP)<\/p>\n<p>Determinaci\u00f3n de ensayos t\u00e9rmicos<\/p>\n<p>Choque t\u00e9rmico<\/p>\n<p>Estudios post mortem<\/td>\n<td><strong>Procesamiento de materias primas<\/strong><\/p>\n<p>Trituraci\u00f3n y molienda<\/p>\n<p>Caracterizaci\u00f3n granulom\u00e9trica<\/p>\n<p>Se dispone de una prensa hidr\u00e1ulica de precisi\u00f3n para realizar piezas o muestras compactadas<\/p>\n<p>Reciclado de materiales.<\/p>\n<p>&nbsp;<\/td>\n<td><strong>Tratamientos t\u00e9rmicos<\/strong><\/p>\n<p>Dise\u00f1o de tratamientos t\u00e9rmicos (sobre todo tipo de materiales)<\/p>\n<p>Determinaci\u00f3n de curvas CCT y correlaci\u00f3n con la estructura<\/p>\n<p>&nbsp;<\/p>\n<p>&nbsp;<\/td>\n<\/tr>\n<\/tbody>\n<\/table>\n<p>&nbsp;<\/p>\n<p><strong>Contacto<\/strong><\/p>\n<p><a href=\"mailto:metalurgia@frsn.utn.edu.ar\">metalurgia@frsn.utn.edu.ar<\/a><\/p>\n","protected":false},"excerpt":{"rendered":"<p>Introducci\u00f3n Estudio de fen\u00f3menos asociados a procesos de alta deformaci\u00f3n, procesos de tratamientos t\u00e9rmicos y fundici\u00f3n. Estudios microestructurales de alta complejidad, cin\u00e9ticas de precipitaci\u00f3n y estabilidad, nanocompuestos y nanoprecipitados, influencia<\/p>\n","protected":false},"author":2,"featured_media":0,"parent":26,"menu_order":0,"comment_status":"closed","ping_status":"closed","template":"","meta":[],"_links":{"self":[{"href":"https:\/\/www.frsn.utn.edu.ar\/index.php?rest_route=\/wp\/v2\/pages\/485"}],"collection":[{"href":"https:\/\/www.frsn.utn.edu.ar\/index.php?rest_route=\/wp\/v2\/pages"}],"about":[{"href":"https:\/\/www.frsn.utn.edu.ar\/index.php?rest_route=\/wp\/v2\/types\/page"}],"author":[{"embeddable":true,"href":"https:\/\/www.frsn.utn.edu.ar\/index.php?rest_route=\/wp\/v2\/users\/2"}],"replies":[{"embeddable":true,"href":"https:\/\/www.frsn.utn.edu.ar\/index.php?rest_route=%2Fwp%2Fv2%2Fcomments&post=485"}],"version-history":[{"count":1,"href":"https:\/\/www.frsn.utn.edu.ar\/index.php?rest_route=\/wp\/v2\/pages\/485\/revisions"}],"predecessor-version":[{"id":486,"href":"https:\/\/www.frsn.utn.edu.ar\/index.php?rest_route=\/wp\/v2\/pages\/485\/revisions\/486"}],"up":[{"embeddable":true,"href":"https:\/\/www.frsn.utn.edu.ar\/index.php?rest_route=\/wp\/v2\/pages\/26"}],"wp:attachment":[{"href":"https:\/\/www.frsn.utn.edu.ar\/index.php?rest_route=%2Fwp%2Fv2%2Fmedia&parent=485"}],"curies":[{"name":"wp","href":"https:\/\/api.w.org\/{rel}","templated":true}]}}