{"id":483,"date":"2018-12-04T13:40:15","date_gmt":"2018-12-04T16:40:15","guid":{"rendered":"https:\/\/frsnweb2.frsn.utn.edu.ar\/?page_id=483"},"modified":"2018-12-04T13:40:15","modified_gmt":"2018-12-04T16:40:15","slug":"laboratorio-microscopia-y-sala-de-preparacion-de-muestras","status":"publish","type":"page","link":"https:\/\/www.frsn.utn.edu.ar\/?page_id=483","title":{"rendered":"Laboratorio Microscop\u00eda y Sala de Preparaci\u00f3n de Muestras"},"content":{"rendered":"<p><strong>Introducci\u00f3n<\/strong><\/p>\n<p>El\u00a0estudio de la estructura de un material met\u00e1lico o no met\u00e1lico es necesario para transitar tanto las etapas de dise\u00f1o como para comprender en profundidad los comportamientos ante diferentes condiciones de aplicaci\u00f3n.<\/p>\n<p>El laboratorio de microscop\u00eda cuenta con la infraestructura necesaria para realizar la preparaci\u00f3n y observaci\u00f3n de muestras de todo tipo de materiales. Se realizan estudios mediante microscop\u00eda \u00f3ptica, estudios de defectos y fallas de productos o componentes. Asimismo, se dictan capacitaciones \u201c<em>in company<\/em>\u201d en nuestros laboratorios, incluyendo la certificaci\u00f3n pertinente.<\/p>\n<p><strong>Responsables de Laboratorio \u00a0 \u00a0 \u00a0 \u00a0\u00a0<\/strong><\/p>\n<p>Ing. Luis Reda<\/p>\n<p>Srta. Yamila Lagorio<\/p>\n<p><strong>Equipamiento \u00a0 \u00a0 \u00a0 \u00a0 \u00a0 \u00a0 \u00a0 \u00a0 \u00a0 \u00a0 \u00a0 \u00a0 \u00a0 \u00a0 \u00a0 \u00a0 \u00a0 \u00a0 \u00a0 \u00a0 \u00a0 \u00a0 \u00a0 \u00a0<\/strong><\/p>\n<table border=\"1\" width=\"100%\" cellspacing=\"0\" cellpadding=\"0\" align=\"center\">\n<tbody>\n<tr>\n<td><strong>Sala de preparaci\u00f3n de muestras<\/strong><\/td>\n<td><strong>Sala de observaci\u00f3n de muestras<\/strong><\/td>\n<\/tr>\n<tr>\n<td>1 Sierra de \u00faltima generaci\u00f3n y 2 cortadoras ultrarr\u00e1pidas para realizar cortes de piezas o muestras de dimensiones grandes y mediana.<\/td>\n<td>Lupa estereosc\u00f3pica hasta 60x, con sistema de iluminaci\u00f3n superior e inferior y c\u00e1mara digital para el registro de im\u00e1genes. Puede asociarse a sistema de proyecci\u00f3n para observaci\u00f3n en vivo.<\/td>\n<\/tr>\n<tr>\n<td>2 Cortadoras ultralentas, (Buheler y Leco, para cortes de precisi\u00f3n.<\/td>\n<td>Lupa estereosc\u00f3pica Olympus SX 61, con sistema de iluminaci\u00f3n superior e inferior, c\u00e1mara digital y software de an\u00e1lisis de im\u00e1genes.<\/td>\n<\/tr>\n<tr>\n<td>1 Incluidora (Buheler)<\/td>\n<td>5 Microscopios \u00f3pticos Olympus, para la realizaci\u00f3n de observaciones hasta 500x personalizadas<\/td>\n<\/tr>\n<tr>\n<td>5 Pulidoras de mesa, que operan si es necesario en forma simult\u00e1nea<\/td>\n<td>1 Microscopio \u00f3ptico Leitz, con sistema analizador de im\u00e1genes asociado a sistema de proyecci\u00f3n para observaci\u00f3n en vivo (1000x) en actividades de grado, posgrado o cursos de capacitaci\u00f3n.<\/td>\n<\/tr>\n<tr>\n<td>1 Pulidora de bandas<\/td>\n<td>Microscopio Olympus, GX51 hasta 1000x con analizador de im\u00e1genes LECO IA 32 que permite realizar observaciones, mediciones lineales, el\u00edpticas, de \u00e1ngulos, inclusiones, tama\u00f1o de grano, espesores de capa, fracci\u00f3n volum\u00e9trica, cuantificaci\u00f3n de fases, poros, n\u00f3dulos y fibras de grafito, entre otras facilidades. Posibilita el registro de im\u00e1genes, proporciona an\u00e1lisis estad\u00edsticos y mediciones bajo distintos tipos de normas vigentes.<\/td>\n<\/tr>\n<tr>\n<td>1 Pulidora autom\u00e1tica Struers, con capacidad de trabajo de dos platos y cabezales de trabajo de hasta 6 probetas simult\u00e1neas<\/td>\n<td>Microscopio de Fluorescencia aplicado a la observaci\u00f3n de materiales biol\u00f3gicos, aceites, minerales y \u00f3xidos.<\/td>\n<\/tr>\n<tr>\n<td>1 Lavadora ultras\u00f3nica<\/td>\n<td>Microdur\u00f3metro LECO LM 300 AT: \u00fatil en la identificaci\u00f3n de fases en distintos materiales, medici\u00f3n de perfiles de dureza, penetraci\u00f3n de tratamientos t\u00e9rmicos, etc.<\/td>\n<\/tr>\n<\/tbody>\n<\/table>\n<p>Se cuenta adem\u00e1s con la posibilidad de realizar estudios especiales aplicando diferentes t\u00e9cnicas de microscop\u00eda electr\u00f3nica tradicional (SEM incluyendo EDS) y no tradicional a trav\u00e9s de convenios con otras instituciones. Factibilidad en la identificaci\u00f3n de fases en distintos materiales, evaluaci\u00f3n de orientaciones cristalogr\u00e1fica (texturas), etc.<\/p>\n<p><strong>Contacto<\/strong><\/p>\n<p><a href=\"mailto:metalurgia@frsn.utn.edu.ar\"><strong>metalurgia@frsn.utn.edu.ar<\/strong><\/a><\/p>\n","protected":false},"excerpt":{"rendered":"<p>Introducci\u00f3n El\u00a0estudio de la estructura de un material met\u00e1lico o no met\u00e1lico es necesario para transitar tanto las etapas de dise\u00f1o como para comprender en profundidad los comportamientos ante diferentes<\/p>\n","protected":false},"author":2,"featured_media":0,"parent":26,"menu_order":0,"comment_status":"closed","ping_status":"closed","template":"","meta":[],"_links":{"self":[{"href":"https:\/\/www.frsn.utn.edu.ar\/index.php?rest_route=\/wp\/v2\/pages\/483"}],"collection":[{"href":"https:\/\/www.frsn.utn.edu.ar\/index.php?rest_route=\/wp\/v2\/pages"}],"about":[{"href":"https:\/\/www.frsn.utn.edu.ar\/index.php?rest_route=\/wp\/v2\/types\/page"}],"author":[{"embeddable":true,"href":"https:\/\/www.frsn.utn.edu.ar\/index.php?rest_route=\/wp\/v2\/users\/2"}],"replies":[{"embeddable":true,"href":"https:\/\/www.frsn.utn.edu.ar\/index.php?rest_route=%2Fwp%2Fv2%2Fcomments&post=483"}],"version-history":[{"count":1,"href":"https:\/\/www.frsn.utn.edu.ar\/index.php?rest_route=\/wp\/v2\/pages\/483\/revisions"}],"predecessor-version":[{"id":484,"href":"https:\/\/www.frsn.utn.edu.ar\/index.php?rest_route=\/wp\/v2\/pages\/483\/revisions\/484"}],"up":[{"embeddable":true,"href":"https:\/\/www.frsn.utn.edu.ar\/index.php?rest_route=\/wp\/v2\/pages\/26"}],"wp:attachment":[{"href":"https:\/\/www.frsn.utn.edu.ar\/index.php?rest_route=%2Fwp%2Fv2%2Fmedia&parent=483"}],"curies":[{"name":"wp","href":"https:\/\/api.w.org\/{rel}","templated":true}]}}