{"id":477,"date":"2018-12-04T13:34:25","date_gmt":"2018-12-04T16:34:25","guid":{"rendered":"https:\/\/frsnweb2.frsn.utn.edu.ar\/?page_id=477"},"modified":"2025-07-01T12:22:11","modified_gmt":"2025-07-01T15:22:11","slug":"departamento-metalurgia-2","status":"publish","type":"page","link":"https:\/\/www.frsn.utn.edu.ar\/?page_id=477","title":{"rendered":"Departamento Metalurgia"},"content":{"rendered":"<h3 style=\"text-align: center;\">Directora<\/h3>\n<div style=\"text-align: center;\">Dra. Elena Brandaleze<\/div>\n<div><\/div>\n<div>\n<p align=\"center\"><strong><u>Consejeros Docentes<\/u><\/strong><\/p>\n<table border=\"1\" cellspacing=\"0\" cellpadding=\"0\" align=\"center\">\n<tbody>\n<tr>\n<td>\n<p align=\"center\"><strong>Titulares<\/strong><\/p>\n<\/td>\n<td>\n<p align=\"center\"><strong>Suplentes<\/strong><\/p>\n<\/td>\n<\/tr>\n<tr>\n<td>AVETTA, Haroldo<\/td>\n<td>ROMANYUK, Mykhaylo<\/td>\n<\/tr>\n<tr>\n<td>VALENTINI, Marcelo<\/td>\n<td>RAMIREZ, Matias<\/td>\n<\/tr>\n<tr>\n<td>BENAVIDEZ, Edgardo<\/td>\n<td>CASTILLO, Mar\u00eda Jos\u00e9<\/td>\n<\/tr>\n<tr>\n<td>SANTINI, Leandro<\/td>\n<td>REDA, Luis<\/td>\n<\/tr>\n<tr>\n<td>AVETTA, Roc\u00edo<\/td>\n<td>MARTIN, Alejandro<\/td>\n<\/tr>\n<\/tbody>\n<\/table>\n<p style=\"text-align: center;\">\u00a0<strong><u>Consejeros Graduados<\/u><\/strong><\/p>\n<table border=\"1\" cellspacing=\"0\" cellpadding=\"0\" align=\"center\">\n<tbody>\n<tr>\n<td>\n<p align=\"center\"><strong>Titulares<\/strong><\/p>\n<\/td>\n<td>\n<p align=\"center\"><strong>Suplentes<\/strong><\/p>\n<\/td>\n<\/tr>\n<tr>\n<td>LOPEZ, Mar\u00eda Guadalupe<\/td>\n<td>MARTINEZ, Gabriel Eduardo<\/td>\n<\/tr>\n<tr>\n<td>PIANA, Julieta<\/td>\n<td>MUZINA, Marisa<\/td>\n<\/tr>\n<\/tbody>\n<\/table>\n<p style=\"text-align: center;\"><strong><u>Consejeros Estudiantiles<\/u><\/strong><\/p>\n<table border=\"1\" cellspacing=\"0\" cellpadding=\"0\" align=\"center\">\n<tbody>\n<tr>\n<td>\n<p align=\"center\"><strong>Titulares<\/strong><\/p>\n<\/td>\n<td>\n<p align=\"center\"><strong>Suplentes<\/strong><\/p>\n<\/td>\n<\/tr>\n<tr>\n<td>VALLEJOS, Priscila<\/td>\n<td>RISSO, Lorenzo<\/td>\n<\/tr>\n<tr>\n<td>MELON, Juli\u00e1n David<\/td>\n<td>YAPURA, Erica<\/td>\n<\/tr>\n<tr>\n<td>ZARATE, Camila<\/td>\n<td>SFILIGOY, Diego<\/td>\n<\/tr>\n<\/tbody>\n<\/table>\n<hr \/>\n<ul>\n<li><a href=\"https:\/\/www.frsn.utn.edu.ar\/?page_id=480\">Docentes y Auxiliares<\/a><\/li>\n<li><a href=\"https:\/\/www.frsn.utn.edu.ar\/?page_id=483\">Laboratorio Microscop\u00eda<\/a><\/li>\n<li><a href=\"https:\/\/www.frsn.utn.edu.ar\/?page_id=485\">Laboratorio Tecnolog\u00eda de Procesos<\/a><\/li>\n<li><a href=\"https:\/\/www.frsn.utn.edu.ar\/?page_id=489\">Laboratorio Fisicoqu\u00edmica de Alta Temperatura<\/a><\/li>\n<li><a href=\"https:\/\/www.frsn.utn.edu.ar\/?page_id=491\">Laboratorio Metalurgia F\u00edsica<\/a><\/li>\n<li><a href=\"https:\/\/www.frsn.utn.edu.ar\/?page_id=493\">Laboratorio Materias Primas<\/a><\/li>\n<li><a href=\"https:\/\/www.frsn.utn.edu.ar\/?page_id=495\">Laboratorio Hornos<\/a><\/li>\n<li><a href=\"https:\/\/www.frsn.utn.edu.ar\/?page_id=497\">Laboratorio Soldadura<\/a><\/li>\n<li><a href=\"https:\/\/www.frsn.utn.edu.ar\/?page_id=499\">Laboratorio Modelizaci\u00f3n<\/a><\/li>\n<li><a href=\"https:\/\/www.frsn.utn.edu.ar\/?page_id=501\">Jornadas<\/a><\/li>\n<\/ul>\n<\/div>\n","protected":false},"excerpt":{"rendered":"<p>Directora Dra. Elena Brandaleze Consejeros Docentes Titulares Suplentes AVETTA, Haroldo ROMANYUK, Mykhaylo VALENTINI, Marcelo RAMIREZ, Matias BENAVIDEZ, Edgardo CASTILLO, Mar\u00eda Jos\u00e9 SANTINI, Leandro REDA, Luis AVETTA, Roc\u00edo MARTIN, Alejandro \u00a0Consejeros<\/p>\n","protected":false},"author":2,"featured_media":2514,"parent":26,"menu_order":0,"comment_status":"closed","ping_status":"closed","template":"","meta":[],"_links":{"self":[{"href":"https:\/\/www.frsn.utn.edu.ar\/index.php?rest_route=\/wp\/v2\/pages\/477"}],"collection":[{"href":"https:\/\/www.frsn.utn.edu.ar\/index.php?rest_route=\/wp\/v2\/pages"}],"about":[{"href":"https:\/\/www.frsn.utn.edu.ar\/index.php?rest_route=\/wp\/v2\/types\/page"}],"author":[{"embeddable":true,"href":"https:\/\/www.frsn.utn.edu.ar\/index.php?rest_route=\/wp\/v2\/users\/2"}],"replies":[{"embeddable":true,"href":"https:\/\/www.frsn.utn.edu.ar\/index.php?rest_route=%2Fwp%2Fv2%2Fcomments&post=477"}],"version-history":[{"count":8,"href":"https:\/\/www.frsn.utn.edu.ar\/index.php?rest_route=\/wp\/v2\/pages\/477\/revisions"}],"predecessor-version":[{"id":5933,"href":"https:\/\/www.frsn.utn.edu.ar\/index.php?rest_route=\/wp\/v2\/pages\/477\/revisions\/5933"}],"up":[{"embeddable":true,"href":"https:\/\/www.frsn.utn.edu.ar\/index.php?rest_route=\/wp\/v2\/pages\/26"}],"wp:featuredmedia":[{"embeddable":true,"href":"https:\/\/www.frsn.utn.edu.ar\/index.php?rest_route=\/wp\/v2\/media\/2514"}],"wp:attachment":[{"href":"https:\/\/www.frsn.utn.edu.ar\/index.php?rest_route=%2Fwp%2Fv2%2Fmedia&parent=477"}],"curies":[{"name":"wp","href":"https:\/\/api.w.org\/{rel}","templated":true}]}}