{"id":469,"date":"2018-11-30T17:48:10","date_gmt":"2018-11-30T20:48:10","guid":{"rendered":"https:\/\/frsnweb2.frsn.utn.edu.ar\/?page_id=469"},"modified":"2023-02-07T10:18:14","modified_gmt":"2023-02-07T13:18:14","slug":"laboratorio-de-ensayo-de-materiales","status":"publish","type":"page","link":"https:\/\/www.frsn.utn.edu.ar\/?page_id=469","title":{"rendered":"Laboratorio de Ensayo de Materiales"},"content":{"rendered":"<p><b>Responsable: Ing. Claudio Gemme<\/b><\/p>\n<p style=\"text-align: left;\"><b>Introducci\u00f3n<\/b><\/p>\n<p style=\"text-align: left;\">El Laboratorio de Mec\u00e1nica de la F.R.S.N. funciona desde el a\u00f1o 1967. Desde su inicio lleva realizado m\u00e1s de 20.000 ensayos en sus diferentes tipos. Las actividades que se desarrollan tienen su aplicaci\u00f3n pr\u00e1ctica en las diferentes asignaturas de los Departamentos de Ingenier\u00eda Mec\u00e1nica, Metalurgia, El\u00e9ctrica, Electr\u00f3nica e Industrial de \u00e9sta Facultad, adem\u00e1s de Escuelas e Institutos Educativos y Servicios a Terceros para empresas de la zona. Entre sus ensayos m\u00e1s destacados figuran los realizados para la Justicia de la Pcia. de Buenos Aires, de respaldo a los Grupos de Investigaci\u00f3n de \u00e9sta Facultad y los de Servicio a las principales empresas metalmec\u00e1nicas de la zona.<\/p>\n<p><center><center><\/p>\n<p style=\"text-align: left;\"><strong>Acreditaci\u00f3n del laboratorio<\/strong><\/p>\n<p style=\"text-align: left;\">El Comit\u00e9 de Acreditaci\u00f3n de Laboratorios de Ensayos (CALE) perteneciente al Organismo Argentino de Acreditaci\u00f3n (OAA), m\u00e1ximo organismo de acreditaci\u00f3n en Argentina, en su reuni\u00f3n del d\u00eda 4 de octubre de 2005, ha otorgado la Acreditaci\u00f3n del Laboratorio bajo la denominaci\u00f3n LABORATORIO DE ENSAYO LE N\u00ba 068. De esta manera, nuestro Laboratorio pasa a integrar el Registro de Entidades Acreditadas. Ello representa el segundo Laboratorio de la UTN Acreditado por el OAA y el primero en su tipo dependiente de un Departamento Acad\u00e9mico de la Universidad.<\/p>\n<p style=\"text-align: left;\"><b>Trabajos que se realizan<\/b><\/p>\n<p style=\"text-align: left;\">\u00a0 \u00a0 \u00a0 \u00a0 \u00a0 \u00a0 \u00a0 \u00a0 a) En Laboratorio de Ensayos de Materiales:<\/p>\n<p style=\"text-align: left;\"><span style=\"font-size: revert; text-align: left; color: initial;\">I- Met\u00e1licos:<\/span><\/p>\n<p><center><center><center><center><center><center><\/p>\n<p style=\"text-align: left;\">&#8211; Tracci\u00f3n.<br \/>\n&#8211; Compresi\u00f3n.<br \/>\n&#8211; Doblado.<br \/>\n&#8211; Anisotrop\u00eda Pl\u00e1stica.<br \/>\n&#8211; Flexi\u00f3n.<br \/>\n&#8211; Torsi\u00f3n.<br \/>\n&#8211; Dureza Rockwell (B y C)<br \/>\n&#8211; Dureza Brinell 3000 kg -10 mm.<br \/>\n&#8211; Dureza Brinell con bloque patr\u00f3n port\u00e1til.<br \/>\n&#8211; Charpy.<br \/>\n&#8211; Flexi\u00f3n Rotativa.<br \/>\n&#8211; Embutido Erichsen.<\/p>\n<p style=\"text-align: left;\"><span style=\"font-size: revert; text-align: left; color: initial;\">II- No Met\u00e1licos:<\/span><\/p>\n<p><center><\/p>\n<p style=\"text-align: left;\">&#8211; Compresi\u00f3n a probetas de hormig\u00f3n, di\u00e1m. 150 mm &#8211; 300 mm altura.<br \/>\n&#8211; Dureza en gomas.<br \/>\n&#8211; Fotoelasticidad.<br \/>\n&#8211; Proyecci\u00f3n de perfiles.<\/p>\n<p style=\"text-align: left;\">b) En Laboratorio de Termo-fluidos:<\/p>\n<p style=\"text-align: left;\"><span style=\"font-size: revert; text-align: left; color: initial;\">I- Mec\u00e1nica de los Fluidos:<\/span><\/p>\n<p><center><center><\/p>\n<p style=\"text-align: left;\">&#8211; Tensi\u00f3n Superficial.<br \/>\n&#8211; Viscosidad Cinem\u00e1tica (Saybolt Universal y Furol).<br \/>\n&#8211; \u00cdndice de Viscosidad.<br \/>\n&#8211; Determinaci\u00f3n de P\u00e9rdidas de Carga en ca\u00f1er\u00edas.<br \/>\n&#8211; Determinaci\u00f3n del coeficiente de P\u00e9rdidas de Carga en accesorios.<br \/>\n&#8211; Determinaci\u00f3n de caudal.<br \/>\n&#8211; Determinaci\u00f3n de curvas caracter\u00edsticas en bombas centr\u00edfugas.<br \/>\n&#8211; Determinaci\u00f3n de ANPA (NPSH) de una bomba.<\/p>\n<p style=\"text-align: left;\"><span style=\"font-size: revert; text-align: left; color: initial;\">II- Automaci\u00f3n Industrial:<\/span><\/p>\n<p><center><\/p>\n<p style=\"text-align: left;\">1) Neum\u00e1tica:<br \/>\n&#8211; Control de cilindros.<br \/>\n&#8211; M\u00e9todos sistem\u00e1ticos (conexionado de memorias en cascada y paso a paso).<br \/>\n&#8211; Pr\u00e1cticas en tablero neum\u00e1tico.<\/p>\n<p><center><\/p>\n<p style=\"text-align: left;\">2) Hidr\u00e1ulica:<br \/>\n&#8211; Control de cilindros con el gobierno de electrov\u00e1lvulas.<br \/>\n&#8211; Pr\u00e1cticas en tablero hidr\u00e1ulico<\/p>\n<p><center><\/p>\n<p style=\"text-align: left;\">III- Calor:<br \/>\n&#8211; En preparaci\u00f3n: ensayos de Calorimetr\u00eda.<br \/>\n&#8211; Determinaci\u00f3n en Aire H\u00famedo.<\/p>\n<p><center><\/p>\n<p style=\"text-align: left;\">&#8211; Psicr\u00f3metro: temperatura a bulbo h\u00famedo y bulbo seco.<\/p>\n<p><center><\/p>\n<p style=\"text-align: left;\">c) Laboratorio de Metrolog\u00eda<\/p>\n<p><center><\/p>\n<p style=\"text-align: left;\"><strong>Equipamiento<\/strong><\/p>\n<p><center><center><\/p>\n<p style=\"text-align: left;\">&#8211; M\u00e1quina Universal de Ensayos Cific 30 Ton, con Celda de Carga digital asistida por computadora.<br \/>\n&#8211; Instrumento de marcaci\u00f3n de probetas para tracci\u00f3n Cific M5-1.<br \/>\n&#8211; Celda de Carga Patr\u00f3n digital Cific para 50 Ton.<br \/>\n&#8211; Celda de Carga Patr\u00f3n digital Cific 200 ton.<br \/>\n&#8211; M\u00e1quina de Flexi\u00f3n Rotativa Cific.<br \/>\n&#8211; Dur\u00f3metro Cific<br \/>\n&#8211; Dur\u00f3metro port\u00e1til DUROAR.<br \/>\n&#8211; Fotoelastic\u00edmetro<br \/>\n&#8211; Instrumento de medici\u00f3n Erichsen Cific,<br \/>\n&#8211; Instrumento de medici\u00f3n Charpy Cesare Galdavini hasta 30 Kgm.<br \/>\n&#8211; Tensi\u00f3n Superficial<br \/>\n&#8211; M\u00e1quina Universal de Ensayos Cesare Galdavini, 50 Ton. con regulaci\u00f3n por contrapeso.<br \/>\n&#8211; Calibres, micr\u00f3metros de interior, exterior, de profundidad, juego de bloques patrones de 86 unidades.<br \/>\n&#8211; Regla de Senos.<br \/>\n&#8211; Prensa de ensayos de Compresi\u00f3n de Hormig\u00f3n.<br \/>\n&#8211; Torno 900 mm. entre puntas.<br \/>\n&#8211; Proyector de perfiles.<br \/>\n&#8211; Calor\u00edmetro Labor TYP OQ-101, N\u00ba459\/68.<br \/>\n&#8211; Parrales de ca\u00f1er\u00edas para determinaciones en l\u00edquidos.<br \/>\n&#8211; Tableros para determinaciones de hidr\u00e1ulica.<br \/>\n&#8211; Tableros para determinaciones de neum\u00e1tica.<\/p>\n<p><center><\/p>\n<p style=\"text-align: left;\"><strong>Servicios externos<\/strong><\/p>\n<p><center><\/p>\n<p style=\"text-align: left;\">A &#8211; EMPRESAS ASISTIDAS<\/p>\n<p><center><\/p>\n<p style=\"text-align: left;\">&#8211;\u00a0ARCOR S.A.<br \/>\n&#8211; ADMINISTRACION NACIONAL DE PUERTOS.<br \/>\n&#8211; CARDECO S.A.<br \/>\n&#8211; CENTRAL PLASTIC SUDAMERICANA.<br \/>\n&#8211; CLUB DE REGATAS SAN NICOLAS.<br \/>\n&#8211; COCIVIAL S.A.<br \/>\n&#8211; COMASIDER.<br \/>\n&#8211; DEYTEMA FRSN<br \/>\n&#8211; DURMETAL S.A.<br \/>\n&#8211; ESTABL. MET. UNIVERSAL.<br \/>\n&#8211; ESTELA S.A.<br \/>\n&#8211; FAMEIN S.A.<br \/>\n&#8211; FARPE S.A.I.C.<br \/>\n&#8211; FIPLASTO S.A.<br \/>\n&#8211; FORTUNATO BONELLI Y CIA. S.A.<br \/>\n&#8211; GLAUCO VAZQUEZ.<br \/>\n&#8211; GREFAR S.A.<br \/>\n&#8211; HORIZONTE.<br \/>\n&#8211; I.A.S.<br \/>\n&#8211; INARMO.<br \/>\n&#8211; ING. PETRELLA.<br \/>\n&#8211; ING. SALCEDO Y FALCONET.<br \/>\n&#8211; LEVAL S.A.<br \/>\n&#8211; MANTELLO S.R.L.<br \/>\n&#8211; METALVOS S.R.L.<br \/>\n&#8211; MUSSO HNOS.<br \/>\n&#8211; PEREZ Y PARADELL S.A.<br \/>\n&#8211; PERFORMA S.A:<br \/>\n&#8211; PIMA IND. Y COM.<br \/>\n&#8211; PROARMET<br \/>\n&#8211; PROCTOR S.A.<br \/>\n&#8211; PROTTO<br \/>\n&#8211; PUNTA HORMIGON S.A.<br \/>\n&#8211; ROSATTI Y CRISTOFARO (RYCSA)<br \/>\n&#8211; SADE CACCIFIM<br \/>\n&#8211; SCAC S.A.<br \/>\n&#8211; SEMANPI BAG.<br \/>\n&#8211; SERVIACERO.<br \/>\n&#8211; SIDERAR<br \/>\n&#8211; SIDEREC<br \/>\n&#8211; SIDERSA S.A.<br \/>\n&#8211; SOMET (SAMPA S.A. &#8211; ACINDAR S.A.)<br \/>\n&#8211; TEC NAC S.A.<\/p>\n<p><center><center><center><\/p>\n<p style=\"text-align: left;\">B &#8211; INSTITUTOS EDUCACIONALES:<\/p>\n<p><center><\/p>\n<p style=\"text-align: left;\">&#8211; ESCUELA DE EDUCACION TECNICA N\u00ba2 GRAL ING. MANUEL N.SAVIO (EX ENET N\u00ba1) &#8211; SAN NICOLAS.<br \/>\n&#8211; ESCUELA DE EDUCACION TECNICA N\u00ba 6 (EX PRIVADA DE FABRICA) &#8211; B\u00ba SOMISA &#8211; S NICOLAS.<br \/>\n&#8211; INSTITUTO PRIVADO FRAY LUIS BELTRAN DIPREGEP N\u00ba 4979 &#8211; SAN NICOLAS.<br \/>\n&#8211; ESCUELA DE EDUCACION TECNICA PARTICULAR INCORPORADA N\u00ba 2073 SAN PABLO &#8211; VILLA CONSTITUCION.<br \/>\n&#8211; ESCUELA DE EDUCACION TECNICA N\u00ba 3 JUAN BAUTISTA ALBERDI (EX ENET N\u00ba 2) &#8211; SAN NICOLAS.<br \/>\n&#8211; ESCUELA DE EDUCACION TECNICA N\u00ba 1 BONIFACIO VELAZQUEZ &#8211; VILLA RAMALLO<br \/>\n&#8211; ESCUELA DE EDUCACION TECNICA N\u00ba1 JUAN BAUTISTA ALBERDI &#8211; CONESA.<\/p>\n<p><center><\/p>\n<p style=\"text-align: left;\"><strong>Referente dentas de normas<\/strong><\/p>\n<p style=\"text-align: left;\">Brindamos\u00a0informaci\u00f3n para la\u00a0adquisici\u00f3n de normas DIN,\u00a0ASTM,\u00a0IRAM y sus representaciones internacionales.<\/p>\n<p><center><center><\/p>\n<p style=\"text-align: left;\"><b>Horario de Atenci\u00f3n<\/b><\/p>\n<p style=\"text-align: left;\">Lunes a Viernes de\u00a008:00 a 13:00 hs. y de 18:30 a 21 Hs.<\/p>\n<p style=\"text-align: left;\"><strong>Contacto<\/strong><\/p>\n<p style=\"text-align: left;\">E-mail:\u00a0<a href=\"mailto:labmec@frsn.utn.edu.ar\">labmec@frsn.utn.edu.ar<\/a><\/p>\n<p style=\"text-align: left;\">Tel: 54-03461-425266 int 123<\/p>\n<p><\/center><\/center><\/center><\/center><\/center><\/center><\/center><\/center><\/center><\/center><\/center><\/center><\/center><\/center><\/center><\/center><\/center><\/center><\/center><\/center><\/center><\/center><\/center><\/center><\/center><\/center><\/center><\/center><\/center><\/p>\n","protected":false},"excerpt":{"rendered":"<p>Responsable: Ing. Claudio Gemme Introducci\u00f3n El Laboratorio de Mec\u00e1nica de la F.R.S.N. funciona desde el a\u00f1o 1967. Desde su inicio lleva realizado m\u00e1s de 20.000 ensayos en sus diferentes tipos.<\/p>\n","protected":false},"author":2,"featured_media":0,"parent":463,"menu_order":0,"comment_status":"closed","ping_status":"closed","template":"","meta":[],"_links":{"self":[{"href":"https:\/\/www.frsn.utn.edu.ar\/index.php?rest_route=\/wp\/v2\/pages\/469"}],"collection":[{"href":"https:\/\/www.frsn.utn.edu.ar\/index.php?rest_route=\/wp\/v2\/pages"}],"about":[{"href":"https:\/\/www.frsn.utn.edu.ar\/index.php?rest_route=\/wp\/v2\/types\/page"}],"author":[{"embeddable":true,"href":"https:\/\/www.frsn.utn.edu.ar\/index.php?rest_route=\/wp\/v2\/users\/2"}],"replies":[{"embeddable":true,"href":"https:\/\/www.frsn.utn.edu.ar\/index.php?rest_route=%2Fwp%2Fv2%2Fcomments&post=469"}],"version-history":[{"count":2,"href":"https:\/\/www.frsn.utn.edu.ar\/index.php?rest_route=\/wp\/v2\/pages\/469\/revisions"}],"predecessor-version":[{"id":2890,"href":"https:\/\/www.frsn.utn.edu.ar\/index.php?rest_route=\/wp\/v2\/pages\/469\/revisions\/2890"}],"up":[{"embeddable":true,"href":"https:\/\/www.frsn.utn.edu.ar\/index.php?rest_route=\/wp\/v2\/pages\/463"}],"wp:attachment":[{"href":"https:\/\/www.frsn.utn.edu.ar\/index.php?rest_route=%2Fwp%2Fv2%2Fmedia&parent=469"}],"curies":[{"name":"wp","href":"https:\/\/api.w.org\/{rel}","templated":true}]}}