{"id":463,"date":"2018-11-30T17:45:37","date_gmt":"2018-11-30T20:45:37","guid":{"rendered":"https:\/\/frsnweb2.frsn.utn.edu.ar\/?page_id=463"},"modified":"2025-07-01T12:17:20","modified_gmt":"2025-07-01T15:17:20","slug":"departamento-mecanica","status":"publish","type":"page","link":"https:\/\/www.frsn.utn.edu.ar\/?page_id=463","title":{"rendered":"Departamento Mec\u00e1nica"},"content":{"rendered":"<h3 style=\"text-align: center;\">Director<\/h3>\n<div style=\"text-align: center;\">Ing. Neoren Germ\u00e1n Franco<\/div>\n<div style=\"text-align: center;\"><\/div>\n<div style=\"text-align: center;\"><strong><u>Consejeros Docentes<\/u><\/strong><\/div>\n<div>\n<table border=\"1\" cellspacing=\"0\" cellpadding=\"0\" align=\"center\">\n<tbody>\n<tr>\n<td>\n<p align=\"center\"><strong>Titulares<\/strong><\/p>\n<\/td>\n<td>\n<p align=\"center\"><strong>Suplentes<\/strong><\/p>\n<\/td>\n<\/tr>\n<tr>\n<td>LOPEZ, Ra\u00fal D.<\/td>\n<td>CATENA, Daniel<\/td>\n<\/tr>\n<tr>\n<td>REINA, N\u00e9stor F.<\/td>\n<td>CHIAPAROLI, Wadi<\/td>\n<\/tr>\n<tr>\n<td>GIORDANO, Walter<\/td>\n<td>WOJCZYS, Hugo<\/td>\n<\/tr>\n<tr>\n<td>DOMINGUEZ, Cristian<\/td>\n<td>GIOVANOLI, Francisco<\/td>\n<\/tr>\n<tr>\n<td>PALMIERI, Fernando<\/td>\n<td>RACOSEVICH, Emilio<\/td>\n<\/tr>\n<\/tbody>\n<\/table>\n<p style=\"text-align: center;\"><u><strong>Consejeros Graduados<\/strong><\/u><\/p>\n<table border=\"1\" cellspacing=\"0\" cellpadding=\"0\" align=\"center\">\n<tbody>\n<tr>\n<td>\n<p align=\"center\"><strong>Titulares<\/strong><\/p>\n<\/td>\n<td>\n<p align=\"center\"><strong>Suplentes<\/strong><\/p>\n<\/td>\n<\/tr>\n<tr>\n<td>BIAVA, Silvia<\/td>\n<td>SOSA, Sebastian<\/td>\n<\/tr>\n<tr>\n<td>LERCHUNDI, Ra\u00fal<\/td>\n<td>SALAFIA, Julian<\/td>\n<\/tr>\n<\/tbody>\n<\/table>\n<p style=\"text-align: center;\">\u00a0<strong><u>Consejeros Estudiantiles<\/u><\/strong><\/p>\n<table border=\"1\" cellspacing=\"0\" cellpadding=\"0\" align=\"center\">\n<tbody>\n<tr>\n<td>\n<p align=\"center\"><strong>Titulares<\/strong><\/p>\n<\/td>\n<td>\n<p align=\"center\"><strong>Suplentes<\/strong><\/p>\n<\/td>\n<\/tr>\n<tr>\n<td>MENENDEZ, Iv\u00e1n<\/td>\n<td>ANGELICO, Nicolas<\/td>\n<\/tr>\n<tr>\n<td>ANDERMATER, Juan Cruz<\/td>\n<td>NANNINI, Leandro<\/td>\n<\/tr>\n<tr>\n<td>FERRACUTI, Federico<\/td>\n<td>GOMEZ, Sebastian<\/td>\n<\/tr>\n<\/tbody>\n<\/table>\n<hr \/>\n<\/div>\n<ul>\n<li><a href=\"https:\/\/www.frsn.utn.edu.ar\/?page_id=466\">Docentes y Auxiliares<\/a><\/li>\n<li><a href=\"https:\/\/www.frsn.utn.edu.ar\/?page_id=469\">Laboratorio de Ensayos de Materiales<\/a><\/li>\n<li>Laboratorio de Vibraciones Mec\u00e1nicas<\/li>\n<li>Laboratorio de Flu\u00eddos<\/li>\n<li>Laboratorio de Mec\u00e1nica Computacional<\/li>\n<li>Laboratorio de Termodin\u00e1mica<\/li>\n<li>Aula Festo<\/li>\n<\/ul>\n","protected":false},"excerpt":{"rendered":"<p>Director Ing. Neoren Germ\u00e1n Franco Consejeros Docentes Titulares Suplentes LOPEZ, Ra\u00fal D. CATENA, Daniel REINA, N\u00e9stor F. CHIAPAROLI, Wadi GIORDANO, Walter WOJCZYS, Hugo DOMINGUEZ, Cristian GIOVANOLI, Francisco PALMIERI, Fernando RACOSEVICH,<\/p>\n","protected":false},"author":2,"featured_media":2514,"parent":26,"menu_order":0,"comment_status":"closed","ping_status":"closed","template":"","meta":[],"_links":{"self":[{"href":"https:\/\/www.frsn.utn.edu.ar\/index.php?rest_route=\/wp\/v2\/pages\/463"}],"collection":[{"href":"https:\/\/www.frsn.utn.edu.ar\/index.php?rest_route=\/wp\/v2\/pages"}],"about":[{"href":"https:\/\/www.frsn.utn.edu.ar\/index.php?rest_route=\/wp\/v2\/types\/page"}],"author":[{"embeddable":true,"href":"https:\/\/www.frsn.utn.edu.ar\/index.php?rest_route=\/wp\/v2\/users\/2"}],"replies":[{"embeddable":true,"href":"https:\/\/www.frsn.utn.edu.ar\/index.php?rest_route=%2Fwp%2Fv2%2Fcomments&post=463"}],"version-history":[{"count":10,"href":"https:\/\/www.frsn.utn.edu.ar\/index.php?rest_route=\/wp\/v2\/pages\/463\/revisions"}],"predecessor-version":[{"id":5931,"href":"https:\/\/www.frsn.utn.edu.ar\/index.php?rest_route=\/wp\/v2\/pages\/463\/revisions\/5931"}],"up":[{"embeddable":true,"href":"https:\/\/www.frsn.utn.edu.ar\/index.php?rest_route=\/wp\/v2\/pages\/26"}],"wp:featuredmedia":[{"embeddable":true,"href":"https:\/\/www.frsn.utn.edu.ar\/index.php?rest_route=\/wp\/v2\/media\/2514"}],"wp:attachment":[{"href":"https:\/\/www.frsn.utn.edu.ar\/index.php?rest_route=%2Fwp%2Fv2%2Fmedia&parent=463"}],"curies":[{"name":"wp","href":"https:\/\/api.w.org\/{rel}","templated":true}]}}