{"id":451,"date":"2018-11-15T14:59:35","date_gmt":"2018-11-15T17:59:35","guid":{"rendered":"https:\/\/frsnweb2.frsn.utn.edu.ar\/?page_id=451"},"modified":"2018-11-15T14:59:35","modified_gmt":"2018-11-15T17:59:35","slug":"laboratorio-de-ensayos-de-dispositivos-biomedicos","status":"publish","type":"page","link":"https:\/\/www.frsn.utn.edu.ar\/?page_id=451","title":{"rendered":"Laboratorio de Ensayos de Dispositivos Biom\u00e9dicos"},"content":{"rendered":"<p>Fue creado en el a\u00f1o 2004 con la finalidad de ser un laboratorio especializado en el \u00e1rea de equipamiento electrom\u00e9dico. Su objetivo es proteger a pacientes y usuarios mediante el control peri\u00f3dico de los dispositivos biom\u00e9dicos. Forma parte del programa de Ingenier\u00eda Cl\u00ednica y Bioingenier\u00eda de la Secretaria de Ciencia y Tecnolog\u00eda de la UTN.<\/p>\n<p>La seguridad de los dispositivos biom\u00e9dicos debe ser considerada de gran importancia para proteger a pacientes y tambi\u00e9n al personal que los utiliza.\u00a0Los equipos electrom\u00e9dicos son utilizados para diagnostico, monitoreo y tratamiento de pacientes. La interacci\u00f3n entre equipo \u2013 paciente y personal de asistencia sanitaria se encuentra expuesta a diversos riesgos de origen tecnol\u00f3gico que deben ser minimizados para evitar accidentes.\u00a0Es necesaria la evaluaci\u00f3n peri\u00f3dica de estos equipos, la cual debe realizarse teniendo en cuenta los requisitos de seguridad y performance.<\/p>\n<p><strong>Ensayos\u00a0<\/strong><\/p>\n<p>Seguridad El\u00e9ctrica<\/p>\n<ul>\n<li>Limitaci\u00f3n de tensi\u00f3n y de energ\u00eda.<\/li>\n<li>Puesta a tierra de protecci\u00f3n, funcional y compensaci\u00f3n de potencial.<\/li>\n<li>Corriente de fuga y corrientes auxiliares de paciente.<\/li>\n<\/ul>\n<p>Cardiodesfibriladores<\/p>\n<ul>\n<li>Revisi\u00f3n de equipo.<\/li>\n<li>Control de energ\u00eda.<\/li>\n<li>Revisi\u00f3n de monitor.<\/li>\n<li>Tiempo de carga y descarga.<\/li>\n<li>Alarmas.<\/li>\n<li>Verificaci\u00f3n en modo cardioversion.<\/li>\n<\/ul>\n<p>Electrobistur\u00ed<\/p>\n<ul>\n<li>Revisi\u00f3n general del equipo y accesorios.<\/li>\n<li>Control de alarmas.<\/li>\n<li>Verificaci\u00f3n de funcionamiento en modo monopolar y bipolar.<\/li>\n<li>Verificaci\u00f3n en modo corte y coagulaci\u00f3n.<\/li>\n<li>Ensayos de corrientes.<\/li>\n<\/ul>\n<p>Monitores mult\u00edparam\u00e9tricos<\/p>\n<ul>\n<li>Control de temperatura.<\/li>\n<li>ECG.<\/li>\n<li>Gasto card\u00edaco.<\/li>\n<li>Presi\u00f3n invasiva y no invasiva.<\/li>\n<\/ul>\n<p>Respiradores<\/p>\n<ul>\n<li>Revisi\u00f3n general del equipo y accesorios.<\/li>\n<li>Control de alarmas.<\/li>\n<li>Control de frecuencia respiratorias, relaci\u00f3n I:E, vol\u00famenes, tiempos, presiones, flujo, compliance, FiO2.<\/li>\n<li>Ensayos en los distintos modos de ventilatorios.<\/li>\n<\/ul>\n<p>Mesa de anestesia<\/p>\n<ul>\n<li>Control de conexiones de gases, circuito paciente, flujimetros.<\/li>\n<li>Verificaci\u00f3n de funcionamiento del respirador.<\/li>\n<li>Control de alarmas.<\/li>\n<li>Ensayos de estanqueidad.<\/li>\n<\/ul>\n<p><strong>\u00a0Servicios<\/strong><\/p>\n<ul>\n<li>Ensayos de seguridad el\u00e9ctrica y performance de equipamiento electrom\u00e9dico.<\/li>\n<li>Colaboraci\u00f3n con los centros de salud en la planificaci\u00f3n y selecci\u00f3n de nuevas tecnolog\u00edas.<\/li>\n<li>Asesoramiento en la elaboraci\u00f3n de pliegos t\u00e9cnicos de licitaciones referidos a equipamiento electrom\u00e9dico.<\/li>\n<li>Capacitaci\u00f3n de usuario para la puesta en funcionamiento de nuevos equipos.<\/li>\n<\/ul>\n<p><strong>Contacto<\/strong><\/p>\n<p>Director de laboratorio: Ing. Sergio Ponce<br \/>\nE-mail:\u00a0sponce@frsn.utn.edu.ar<\/p>\n<p>Jefe de Laboratorio:\u00a0Bioing. D\u00e9bora Rubio<br \/>\nE-mail:\u00a0drubio@frsn.utn.edu.ar<\/p>\n<p>LEDIB<br \/>\nFacultad Regional San Nicol\u00e1s<br \/>\nUniversidad Tecnol\u00f3gica Nacional<br \/>\nDirecci\u00f3n: Colon 332 &#8211;\u00a0CP: 2900<br \/>\nE-mail:\u00a0ledib@frsn.utn.edu.ar<br \/>\nSan Nicol\u00e1s de los Arroyos<\/p>\n","protected":false},"excerpt":{"rendered":"<p>Fue creado en el a\u00f1o 2004 con la finalidad de ser un laboratorio especializado en el \u00e1rea de equipamiento electrom\u00e9dico. Su objetivo es proteger a pacientes y usuarios mediante el<\/p>\n","protected":false},"author":2,"featured_media":0,"parent":441,"menu_order":0,"comment_status":"closed","ping_status":"closed","template":"","meta":[],"_links":{"self":[{"href":"https:\/\/www.frsn.utn.edu.ar\/index.php?rest_route=\/wp\/v2\/pages\/451"}],"collection":[{"href":"https:\/\/www.frsn.utn.edu.ar\/index.php?rest_route=\/wp\/v2\/pages"}],"about":[{"href":"https:\/\/www.frsn.utn.edu.ar\/index.php?rest_route=\/wp\/v2\/types\/page"}],"author":[{"embeddable":true,"href":"https:\/\/www.frsn.utn.edu.ar\/index.php?rest_route=\/wp\/v2\/users\/2"}],"replies":[{"embeddable":true,"href":"https:\/\/www.frsn.utn.edu.ar\/index.php?rest_route=%2Fwp%2Fv2%2Fcomments&post=451"}],"version-history":[{"count":1,"href":"https:\/\/www.frsn.utn.edu.ar\/index.php?rest_route=\/wp\/v2\/pages\/451\/revisions"}],"predecessor-version":[{"id":452,"href":"https:\/\/www.frsn.utn.edu.ar\/index.php?rest_route=\/wp\/v2\/pages\/451\/revisions\/452"}],"up":[{"embeddable":true,"href":"https:\/\/www.frsn.utn.edu.ar\/index.php?rest_route=\/wp\/v2\/pages\/441"}],"wp:attachment":[{"href":"https:\/\/www.frsn.utn.edu.ar\/index.php?rest_route=%2Fwp%2Fv2%2Fmedia&parent=451"}],"curies":[{"name":"wp","href":"https:\/\/api.w.org\/{rel}","templated":true}]}}