{"id":448,"date":"2018-11-15T14:54:35","date_gmt":"2018-11-15T17:54:35","guid":{"rendered":"https:\/\/frsnweb2.frsn.utn.edu.ar\/?page_id=448"},"modified":"2023-07-04T12:54:20","modified_gmt":"2023-07-04T15:54:20","slug":"laboratorio-electronica","status":"publish","type":"page","link":"https:\/\/www.frsn.utn.edu.ar\/?page_id=448","title":{"rendered":"Laboratorio Electr\u00f3nica"},"content":{"rendered":"<p><strong>Introducci\u00f3n\u00a0<\/strong><\/p>\n<p>En nuestro Laboratorio se realizan todas las actividades pr\u00e1cticas de la carrera Ing. Electr\u00f3nica, en un ambiente ameno, de compa\u00f1erismo y de gente joven con inquietudes y deseos de aprender e investigar.\u00a0Adem\u00e1s es el \u00e1mbito donde los alumnos realizan proyectos personales, dise\u00f1os, prototipos, etc., pudiendo utilizar todos los recursos existentes en el Laboratorio, apoyados y acompa\u00f1ados por todo el personal docente de la Facultad.<\/p>\n<p><strong>Personal<\/strong><\/p>\n<p>Jefe de Departamento: Ing. Guillermo Campomar<\/p>\n<p>Jefe de Laboratorio: Ing. Germ\u00e1n Gozdziewski<\/p>\n<p><strong>Ayudantes<\/strong><\/p>\n<p>Ing. Julio Perez<\/p>\n<p>Sr. Fernando Albertario<\/p>\n<p><strong>Instalaciones<\/strong><\/p>\n<p>Las instalaciones del Laboratorio se encuentran divididas en tres secciones para mayor comodidad y operatividad.<\/p>\n<ul>\n<li>Oficina y Biblioteca:\u00a0Se cuenta con una biblioteca para consulta de alumnos y profesores, con ediciones t\u00e9cnicas, cat\u00e1logos y revistas.<\/li>\n<li>Laboratorio materias iniciales:\u00a0La secci\u00f3n del laboratorio dispuesto a las materias de los primeros niveles de la Carrera, cuenta con seis bancos de trabajo debidamente equipados con todo el instrumental necesario para la realizaci\u00f3n de trabajos pr\u00e1cticos y desarrollos diversos.<\/li>\n<li>Laboratorio materias finales de la carrera:\u00a0Esta secci\u00f3n es destinada a la elaboraci\u00f3n de proyectos para las materias finales de la carrera, Software en Tiempo Real, Proyecto Final.<\/li>\n<\/ul>\n<p><strong>Equipamiento<\/strong><\/p>\n<ul>\n<li>6 bancos de trabajo equipos con osciloscopio de dos canales, generador de funciones y fuente dual de tensi\u00f3n de alimentaci\u00f3n.<\/li>\n<li>2 Contadores universales<\/li>\n<li>8 multimetros digitales<\/li>\n<li>4 osciloscopios 20Mhz<\/li>\n<li>1 osciloscopio digital<\/li>\n<li>1 medidor de potencia Bird<\/li>\n<li>1 medidor de antenas<\/li>\n<li>1 generador de RF<\/li>\n<li>1 medidor RCL<\/li>\n<li>1 generador funciones<\/li>\n<li>1 programador universal de memorias<\/li>\n<li>Driver de corriente alterna WEG<\/li>\n<li>PLC Modicon Micro<\/li>\n<li>PLC Compac 984<\/li>\n<li>PLC Siemens S5<\/li>\n<li>PLC Momentum Telemecanique<\/li>\n<li>2 PLC Modulares Modicon M-340<\/li>\n<li>8 computadoras en red con software de programaci\u00f3n industrial<\/li>\n<\/ul>\n<p><strong>Horario de Atenci\u00f3n<\/strong><\/p>\n<p>Lunes a Viernes de 14:30 a 22 hs.<\/p>\n","protected":false},"excerpt":{"rendered":"<p>Introducci\u00f3n\u00a0 En nuestro Laboratorio se realizan todas las actividades pr\u00e1cticas de la carrera Ing. Electr\u00f3nica, en un ambiente ameno, de compa\u00f1erismo y de gente joven con inquietudes y deseos de<\/p>\n","protected":false},"author":2,"featured_media":0,"parent":441,"menu_order":0,"comment_status":"closed","ping_status":"closed","template":"","meta":[],"_links":{"self":[{"href":"https:\/\/www.frsn.utn.edu.ar\/index.php?rest_route=\/wp\/v2\/pages\/448"}],"collection":[{"href":"https:\/\/www.frsn.utn.edu.ar\/index.php?rest_route=\/wp\/v2\/pages"}],"about":[{"href":"https:\/\/www.frsn.utn.edu.ar\/index.php?rest_route=\/wp\/v2\/types\/page"}],"author":[{"embeddable":true,"href":"https:\/\/www.frsn.utn.edu.ar\/index.php?rest_route=\/wp\/v2\/users\/2"}],"replies":[{"embeddable":true,"href":"https:\/\/www.frsn.utn.edu.ar\/index.php?rest_route=%2Fwp%2Fv2%2Fcomments&post=448"}],"version-history":[{"count":2,"href":"https:\/\/www.frsn.utn.edu.ar\/index.php?rest_route=\/wp\/v2\/pages\/448\/revisions"}],"predecessor-version":[{"id":3085,"href":"https:\/\/www.frsn.utn.edu.ar\/index.php?rest_route=\/wp\/v2\/pages\/448\/revisions\/3085"}],"up":[{"embeddable":true,"href":"https:\/\/www.frsn.utn.edu.ar\/index.php?rest_route=\/wp\/v2\/pages\/441"}],"wp:attachment":[{"href":"https:\/\/www.frsn.utn.edu.ar\/index.php?rest_route=%2Fwp%2Fv2%2Fmedia&parent=448"}],"curies":[{"name":"wp","href":"https:\/\/api.w.org\/{rel}","templated":true}]}}