{"id":422,"date":"2018-11-13T14:46:17","date_gmt":"2018-11-13T17:46:17","guid":{"rendered":"https:\/\/frsnweb2.frsn.utn.edu.ar\/?page_id=422"},"modified":"2023-02-06T19:14:29","modified_gmt":"2023-02-06T22:14:29","slug":"laboratorio-de-fisica","status":"publish","type":"page","link":"https:\/\/www.frsn.utn.edu.ar\/?page_id=422","title":{"rendered":"Laboratorio de F\u00edsica"},"content":{"rendered":"<p><strong>Introducci\u00f3n<\/strong><\/p>\n<p>El Laboratorio de F\u00edsica de la F.R.S.N. desarrolla sus actividades desde el a\u00f1o 1970. Antes de ocupar el sitio actual en el edificio de nuestra Facultad, funcion\u00f3 en la Ex ENET N\u00ba 1, actualmente Escuela de Educaci\u00f3n T\u00e9cnica N\u00ba 2.<br \/>\nSus actividades est\u00e1n directamente relacionadas con trabajos pr\u00e1cticos y experiencias demostrativas que complementan las clases te\u00f3ricas de F\u00edsica I, II, y III correspondientes a las distintas especialidades de Ingenier\u00eda (Mec\u00e1nica, Metalurgia, El\u00e9ctrica, Electr\u00f3nica e Industrial), que se cursan en esta Facultad.<br \/>\nDurante la semana de la ciencia, que se llevan a cabo todos los a\u00f1os, se realizan diversas experiencias demostrativas con alumnos de establecimientos educativos de nivel secundario.<br \/>\n<strong>Personal<\/strong><\/p>\n<p><strong>Directora del Departamento:\u00a0<\/strong>Mg. Mar\u00eda Elena Schivo<\/p>\n<p><strong>Director del \u00c1rea F\u00edsica de Departamento:<\/strong>\u00a0Lic. Gerardo Botteri<\/p>\n<p><strong>Jefe de Trabajos Pr\u00e1cticos de Laboratorios:<\/strong>\u00a0Ing. Walter Meonis<\/p>\n<p><strong>Ayudante de Primera:<\/strong>\u00a0Ing. Marcelo Filisteo<\/p>\n<p><strong>Trabajos que se realizan<\/strong><\/p>\n<p>MEC\u00c1NICA<\/p>\n<ul>\n<li>Mediciones con calibres y micr\u00f3metros.<\/li>\n<li>Movimiento rectil\u00edneo con velocidad constante.<\/li>\n<li>Movimiento rectil\u00edneo con aceleraci\u00f3n constante.<\/li>\n<li>Movimiento de un proyectil.<\/li>\n<li>Segunda ley de Newton.<\/li>\n<li>Tercera ley de Newton.<\/li>\n<li>Plano inclinado y coeficiente de rozamiento.<\/li>\n<li>El coeficiente de fricci\u00f3n din\u00e1mica.<\/li>\n<li>Trabajo y energ\u00eda cin\u00e9tica.<\/li>\n<li>Conservaci\u00f3n de la energ\u00eda.<\/li>\n<li>Colisiones.<\/li>\n<li>Momento de inercia de diferentes objetos.<\/li>\n<li>M\u00e1quina de Atwood.<\/li>\n<li>Ley de Hooke. Energ\u00eda potencial el\u00e1stica de un resorte.<\/li>\n<li>Movimiento arm\u00f3nico simple.<\/li>\n<li>Principio de Arqu\u00edmedes.<\/li>\n<li>Medida de la densidad de un l\u00edquido.<\/li>\n<\/ul>\n<p>TERMODIN\u00c1MICA<\/p>\n<ul>\n<li>Dilataci\u00f3n de s\u00f3lidos y l\u00edquidos.<\/li>\n<li>Calorimetr\u00eda. Determinaci\u00f3n del calor espec\u00edfico.<\/li>\n<\/ul>\n<p>\u00d3PTICA<\/p>\n<ul>\n<li>Determinaci\u00f3n de la distancia focal en espejos curvos.<\/li>\n<li>Comportamiento de los espejos planos.<\/li>\n<li>Reflexi\u00f3n de la luz.<\/li>\n<li>Comprobaci\u00f3n de las leyes de la refracci\u00f3n y \u00e1ngulo l\u00edmite.<\/li>\n<li>Determinaci\u00f3n de la distancia focal de lentes convergentes y divergentes.<\/li>\n<li>Reversibilidad de un haz de luz.<\/li>\n<li>C\u00e1mara oscura.<\/li>\n<li>Descomposici\u00f3n de la luz mediante un prisma.<\/li>\n<li>Dispersi\u00f3n de la luz.<\/li>\n<li>Interferencia y difracci\u00f3n en rendijas simples y dobles.<\/li>\n<li>Redes de difracci\u00f3n<\/li>\n<li>Adici\u00f3n de colores.<\/li>\n<\/ul>\n<p>ELECTROMAGNETISMO<\/p>\n<ul>\n<li>Generador de Van de Graff.<\/li>\n<li>Electroscopios.<\/li>\n<li>Electrizaci\u00f3n por frotamiento, conducci\u00f3n e inducci\u00f3n.<\/li>\n<li>Apantallado electrost\u00e1tico.<\/li>\n<li>Campo el\u00e9ctrico uniforme y radial.<\/li>\n<li>P\u00e9ndulo el\u00e9ctrico.<\/li>\n<li>Molinillo El\u00e9ctrico- Efecto de Puntas<\/li>\n<li>Botella de Leyden.<\/li>\n<li>Capacitores en serie y en paralelo.<\/li>\n<li>Carga y descarga de un capacitor.<\/li>\n<li>Comprobaci\u00f3n de la ley de Ohm.<\/li>\n<li>Resistencias en serie y en paralelo.<\/li>\n<li>Voltajes y corrientes en circuitos.<\/li>\n<li>Comprobaci\u00f3n de las leyes de Kirchhoff.<\/li>\n<li>Puente de Wheatstone y puente de hilo.<\/li>\n<li>Divisor de tensi\u00f3n.<\/li>\n<li>Resistencia interna de una fuente.<\/li>\n<li>Campos magn\u00e9ticos creados por corrientes<\/li>\n<li>Electroimanes.<\/li>\n<li>Interacci\u00f3n entre dos corrientes el\u00e9ctricas.<\/li>\n<li>Corrientes par\u00e1sitas.<\/li>\n<li>Producci\u00f3n de corriente el\u00e9ctrica.<\/li>\n<li>Inducci\u00f3n electromagn\u00e9tica y leyes de Faraday.<\/li>\n<li>Transformadores. Principio de funcionamiento.<\/li>\n<li>Circuitos RL, RC y RLC en corriente alterna.<\/li>\n<li>Medici\u00f3n de inductancia y capacidad.<\/li>\n<\/ul>\n<p>F\u00cdSICA MODERNA<\/p>\n<ul>\n<li>Tubo de Crookes.<\/li>\n<li>Relaci\u00f3n e\/m.<\/li>\n<li>Difracci\u00f3n de electrones.<\/li>\n<li>Efecto fotoel\u00e9ctrico.<\/li>\n<\/ul>\n<p><strong>Equipamiento<\/strong><\/p>\n<p>Entre los principales equipos con que cuenta nuestro laboratorio podemos mencionar los siguientes.<\/p>\n<table border=\"1\" width=\"84%\" cellpadding=\"0\">\n<tbody>\n<tr>\n<td>\n<p align=\"center\"><strong>Cantidad<\/strong><\/p>\n<\/td>\n<td>\n<p align=\"center\"><strong>Descripci\u00f3n<\/strong><\/p>\n<\/td>\n<\/tr>\n<tr>\n<td>\n<p align=\"center\">1<\/p>\n<\/td>\n<td>Conjunto base para la ense\u00f1anza de la F\u00edsica con asistencia computadorizada. COD: CA-7600B.<\/td>\n<\/tr>\n<tr>\n<td>\n<p align=\"center\">1<\/p>\n<\/td>\n<td>PC completa con interfase y todos los accesorios necesarios para la conexi\u00f3n de los distintos sensores requeridos para la realizaci\u00f3n de experiencias con el equipo base CA-7600B.<\/td>\n<\/tr>\n<tr>\n<td>\n<p align=\"center\">1<\/p>\n<\/td>\n<td>Fuente para tubos espectrales.<\/td>\n<\/tr>\n<tr>\n<td>\n<p align=\"center\">1<\/p>\n<\/td>\n<td>Tubo de vac\u00edo para estudiar la difracci\u00f3n de electrones.<\/td>\n<\/tr>\n<tr>\n<td>\n<p align=\"center\">1<\/p>\n<\/td>\n<td>Equipo completo para experiencias de din\u00e1mica.<\/td>\n<\/tr>\n<tr>\n<td>\n<p align=\"center\">1<\/p>\n<\/td>\n<td>Equipo demostrador de movimiento de ondas.<\/td>\n<\/tr>\n<tr>\n<td>\n<p align=\"center\">1<\/p>\n<\/td>\n<td>Equipo impulsor de ondas mec\u00e1nicas.<\/td>\n<\/tr>\n<tr>\n<td>\n<p align=\"center\">3<\/p>\n<\/td>\n<td>Bancos \u00f3pticos con accesorios para experiencias de \u00f3ptica geom\u00e9trica.<\/td>\n<\/tr>\n<tr>\n<td>\n<p align=\"center\">2<\/p>\n<\/td>\n<td>Equipos para experiencias de interferencia y difracci\u00f3n.<\/td>\n<\/tr>\n<tr>\n<td>\n<p align=\"center\">11<\/p>\n<\/td>\n<td>Mult\u00edmetros digitales.<\/td>\n<\/tr>\n<tr>\n<td>\n<p align=\"center\">3<\/p>\n<\/td>\n<td>Mult\u00edmetros anal\u00f3gicos.<\/td>\n<\/tr>\n<tr>\n<td>\n<p align=\"center\">4<\/p>\n<\/td>\n<td>Instrumentos de bovina m\u00f3vil con escalas cambiables.<\/td>\n<\/tr>\n<tr>\n<td>\n<p align=\"center\">1<\/p>\n<\/td>\n<td>Fuente de alimentaci\u00f3n regulada de 30V &#8211; 3A.<\/td>\n<\/tr>\n<tr>\n<td>\n<p align=\"center\">2<\/p>\n<\/td>\n<td>Fuentes de alimentaci\u00f3n CA\/CC, 0 a 25V &#8211; 12A.<\/td>\n<\/tr>\n<tr>\n<td>\n<p align=\"center\">2<\/p>\n<\/td>\n<td>Fuentes de alimentaci\u00f3n de tensiones m\u00faltiples.<\/td>\n<\/tr>\n<tr>\n<td>\n<p align=\"center\">2<\/p>\n<\/td>\n<td>Potenci\u00f3metros para medici\u00f3n de fem.<\/td>\n<\/tr>\n<tr>\n<td>\n<p align=\"center\">1<\/p>\n<\/td>\n<td>Generador de Van de Graff con accesorios para experiencias de electrost\u00e1tica.<\/td>\n<\/tr>\n<tr>\n<td>\n<p align=\"center\">1<\/p>\n<\/td>\n<td>Electroscopio.<\/td>\n<\/tr>\n<tr>\n<td>\n<p align=\"center\">1<\/p>\n<\/td>\n<td>Molinillo El\u00e9ctrico<\/td>\n<\/tr>\n<tr>\n<td>\n<p align=\"center\">1<\/p>\n<\/td>\n<td>Botella de Leyden.<\/td>\n<\/tr>\n<tr>\n<td>\n<p align=\"center\">1<\/p>\n<\/td>\n<td>Tubos de rayos filiformes.<\/td>\n<\/tr>\n<tr>\n<td>\n<p align=\"center\">1<\/p>\n<\/td>\n<td>Juego de Bobinas de Helmholtz.<\/td>\n<\/tr>\n<tr>\n<td>\n<p align=\"center\">1<\/p>\n<\/td>\n<td>Juego de tubos de vac\u00edo Cross.<\/td>\n<\/tr>\n<tr>\n<td>\n<p align=\"center\">1<\/p>\n<\/td>\n<td>Tubo de rayos cat\u00f3licos con cruz de sombra.<\/td>\n<\/tr>\n<tr>\n<td>\n<p align=\"center\">1<\/p>\n<\/td>\n<td>Tubo de rayos cat\u00f3licos con accesorios.<\/td>\n<\/tr>\n<tr>\n<td>\n<p align=\"center\">20<\/p>\n<\/td>\n<td>Tubos espectrales<\/td>\n<\/tr>\n<tr>\n<td>\n<p align=\"center\">1<\/p>\n<\/td>\n<td>Juego de n\u00facleos bobinas para experiencias de CA.<\/td>\n<\/tr>\n<tr>\n<td>\n<p align=\"center\">17<\/p>\n<\/td>\n<td>Resistencias variables de alambre de 600 watts.<\/td>\n<\/tr>\n<tr>\n<td>\n<p align=\"center\">2<\/p>\n<\/td>\n<td>Tableros experimentales para CC.<\/td>\n<\/tr>\n<tr>\n<td>\n<p align=\"center\">1<\/p>\n<\/td>\n<td>Equipo para microondas.<\/td>\n<\/tr>\n<tr>\n<td>\n<p align=\"center\">1<\/p>\n<\/td>\n<td>Caja de resistencias patrones de 1 a 100 ohms.<\/td>\n<\/tr>\n<tr>\n<td>\n<p align=\"center\">2<\/p>\n<\/td>\n<td>Puentes de hilo.<\/td>\n<\/tr>\n<tr>\n<td>\n<p align=\"center\">7<\/p>\n<\/td>\n<td>Calibres.<\/td>\n<\/tr>\n<tr>\n<td>\n<p align=\"center\">3<\/p>\n<\/td>\n<td>Micr\u00f3metros.<\/td>\n<\/tr>\n<tr>\n<td>\n<p align=\"center\">2<\/p>\n<\/td>\n<td>Cron\u00f3metros digitales.<\/td>\n<\/tr>\n<tr>\n<td>\n<p align=\"center\">1<\/p>\n<\/td>\n<td>Balanza digital.<\/td>\n<\/tr>\n<tr>\n<td>\n<p align=\"center\">4<\/p>\n<\/td>\n<td>Calor\u00edmetros con term\u00f3metro y agitador.<\/td>\n<\/tr>\n<tr>\n<td>\n<p align=\"center\">1<\/p>\n<\/td>\n<td>Watt\u00edmetro Electrodin\u00e1mico<\/td>\n<\/tr>\n<tr>\n<td>\n<p align=\"center\">1<\/p>\n<\/td>\n<td>Bobina de RunkFord<\/td>\n<\/tr>\n<tr>\n<td>\n<p align=\"center\">1<\/p>\n<\/td>\n<td>Equipo para estudiar el Efecto Fotoel\u00e9ctrico<\/td>\n<\/tr>\n<tr>\n<td>\n<p align=\"center\">1<\/p>\n<\/td>\n<td>P\u00e9ndulo Bal\u00edstico con lanza proyectiles<\/td>\n<\/tr>\n<tr>\n<td>\n<p align=\"center\">1<\/p>\n<\/td>\n<td>M\u00e1quina t\u00e9rmica para comprobar Ley de los Gases<\/td>\n<\/tr>\n<tr>\n<td>\n<p align=\"center\">1<\/p>\n<\/td>\n<td>Analizador y Graficador de Funciones M\u00faltiples<\/td>\n<\/tr>\n<\/tbody>\n<\/table>\n<p align=\"right\">\n<p><strong>Horario de Atenci\u00f3n<\/strong><\/p>\n<p>Lunes de 17 a 19.<\/p>\n<p>Mi\u00e9rcoles de 14 a 16:30.<\/p>\n<p>Jueves de 14 a 16:30 y de 17 a 19.<\/p>\n<p>Viernes de 18 a 20.<\/p>\n<p><strong>Contacto<\/strong><\/p>\n<p><strong>E-mail:\u00a0<\/strong>matbasicas@frsn.utn.edu.ar<br \/>\n<strong>Tel:\u00a0<\/strong>0336-4420820\/4425266\u00a0 int.226<\/p>\n","protected":false},"excerpt":{"rendered":"<p>Introducci\u00f3n El Laboratorio de F\u00edsica de la F.R.S.N. desarrolla sus actividades desde el a\u00f1o 1970. Antes de ocupar el sitio actual en el edificio de nuestra Facultad, funcion\u00f3 en la<\/p>\n","protected":false},"author":2,"featured_media":0,"parent":414,"menu_order":0,"comment_status":"closed","ping_status":"closed","template":"","meta":[],"_links":{"self":[{"href":"https:\/\/www.frsn.utn.edu.ar\/index.php?rest_route=\/wp\/v2\/pages\/422"}],"collection":[{"href":"https:\/\/www.frsn.utn.edu.ar\/index.php?rest_route=\/wp\/v2\/pages"}],"about":[{"href":"https:\/\/www.frsn.utn.edu.ar\/index.php?rest_route=\/wp\/v2\/types\/page"}],"author":[{"embeddable":true,"href":"https:\/\/www.frsn.utn.edu.ar\/index.php?rest_route=\/wp\/v2\/users\/2"}],"replies":[{"embeddable":true,"href":"https:\/\/www.frsn.utn.edu.ar\/index.php?rest_route=%2Fwp%2Fv2%2Fcomments&post=422"}],"version-history":[{"count":2,"href":"https:\/\/www.frsn.utn.edu.ar\/index.php?rest_route=\/wp\/v2\/pages\/422\/revisions"}],"predecessor-version":[{"id":2878,"href":"https:\/\/www.frsn.utn.edu.ar\/index.php?rest_route=\/wp\/v2\/pages\/422\/revisions\/2878"}],"up":[{"embeddable":true,"href":"https:\/\/www.frsn.utn.edu.ar\/index.php?rest_route=\/wp\/v2\/pages\/414"}],"wp:attachment":[{"href":"https:\/\/www.frsn.utn.edu.ar\/index.php?rest_route=%2Fwp%2Fv2%2Fmedia&parent=422"}],"curies":[{"name":"wp","href":"https:\/\/api.w.org\/{rel}","templated":true}]}}