{"id":419,"date":"2018-11-13T14:44:22","date_gmt":"2018-11-13T17:44:22","guid":{"rendered":"https:\/\/frsnweb2.frsn.utn.edu.ar\/?page_id=419"},"modified":"2026-03-09T12:52:51","modified_gmt":"2026-03-09T15:52:51","slug":"docentes-y-auxiliares","status":"publish","type":"page","link":"https:\/\/www.frsn.utn.edu.ar\/?page_id=419","title":{"rendered":"Docentes y Auxiliares"},"content":{"rendered":"<p align=\"center\"><u>CONSTITUCI\u00d3N DEL DEPARTAMENTO DE MATERIAS B\u00c1SICAS<\/u><\/p>\n<p align=\"center\">\n<table style=\"height: 5335px;\" border=\"1\" width=\"578\" cellspacing=\"0\" cellpadding=\"0\">\n<tbody>\n<tr>\n<td>C\u00c1TEDRA<\/td>\n<td>EQUIPO DOCENTE<\/td>\n<td>DIRECTOR DE \u00c1REA<\/td>\n<\/tr>\n<tr>\n<td>AN\u00c1LISIS MATEM\u00c1TICO I<\/td>\n<td>\n<div class=\"x_elementToProof\"><span data-olk-copy-source=\"MessageBody\">Mg. Carina Pacini<\/span><\/div>\n<div class=\"x_elementToProof\">Lic. Mar\u00eda\u00a0Celeste Gonz\u00e1lez<\/div>\n<div class=\"x_elementToProof\">Prof. Sandra Prevedi<\/div>\n<div class=\"x_elementToProof\">Ing. Gabriel Bertero<\/div>\n<div class=\"x_elementToProof\">Ing. Daniel Barbieri<\/div>\n<div class=\"x_elementToProof\">Lic. Pablo Rossi<\/div>\n<\/td>\n<td rowspan=\"4\">\n<p align=\"center\">Mg. Schivo, Ma. E.<\/p>\n<\/td>\n<\/tr>\n<tr>\n<td>AN\u00c1LISIS MATEM\u00c1TICO II<\/td>\n<td>\n<div class=\"x_elementToProof\"><span data-olk-copy-source=\"MessageBody\">Ing. Prof. Hernan Mart\u00ednez<br \/>\nMg. Luc\u00eda Sacco<br \/>\nIng. Gabriel Bertero<br \/>\nMg. Humberto Magnasco<br \/>\nLic. Juan Ignacio Gamito<br \/>\nIng. Rub\u00e9n L\u00f3pez<br \/>\nDr. Alexis Sparapani<\/span><\/div>\n<\/td>\n<\/tr>\n<tr>\n<td>\u00c1LGEBRA Y GEOMETR\u00cdA ANAL\u00cdTICA<\/td>\n<td>\n<div class=\"x_elementToProof\"><span data-olk-copy-source=\"MessageBody\">Lic. Adriana Cometto<\/span><\/div>\n<div class=\"x_elementToProof\">Lic. Liliana Tatangelo<\/div>\n<div class=\"x_elementToProof\">Ing. Mat\u00edas Menchise<\/div>\n<div class=\"x_elementToProof\">Ing. Nicol\u00e1s Fabbi<\/div>\n<div class=\"x_elementToProof\">Ing. Guadalupe L\u00f3pez<\/div>\n<div class=\"x_elementToProof\">Ing. Andrea Mart\u00ednez<\/div>\n<\/td>\n<\/tr>\n<tr>\n<td>PROBABILIDAD Y ESTAD\u00cdSTICA<\/td>\n<td>Ing. Ram\u00edrez, M.<\/p>\n<p>Ing. Filisteo, M<\/p>\n<p>Ing. Berthet, G<\/td>\n<\/tr>\n<tr>\n<td>QU\u00cdMICA GENERAL<\/td>\n<td>Ing. Zubillaga, C.Esp. Despuy, G.Lic. Regondi, M<\/p>\n<p>Ing. Casella, M<\/p>\n<p>Ing. Spadaro, L<\/td>\n<td rowspan=\"2\">\n<p align=\"center\">Esp. Despuy, G<\/p>\n<\/td>\n<\/tr>\n<tr>\n<td>QU\u00cdMICA INORGANICA Y ORGANICA<\/td>\n<td>Ing. Peirani, V.<\/p>\n<p>Ing. Zubillaga, C.<\/p>\n<p>Ing. Casella, M.<\/td>\n<\/tr>\n<tr>\n<td>F\u00cdSICA I<\/td>\n<td>Lic. Botteri, G.<\/p>\n<p>Mg. Sparvoli, V.<\/p>\n<p>Ing. Biasoli, S<\/p>\n<p>Ing. Grassi, M.<\/p>\n<p>Ing. Ramirez, M.<\/p>\n<p>Ing. Meonis, W.<\/td>\n<td rowspan=\"4\">\n<p align=\"center\">Lic. Botteri G.<\/p>\n<\/td>\n<\/tr>\n<tr>\n<td>F\u00cdSICA II<\/td>\n<td>Lic. Frattini, A.<\/p>\n<p>Lic. Botteri, G.<\/p>\n<p>Ing. Biasoli, S<\/p>\n<p>Lic. Di Loreto, A.<\/p>\n<p>Ing. Meonis, W.<\/td>\n<\/tr>\n<tr>\n<td>FISICA III<\/td>\n<td>Ing. Barolin, S.<\/td>\n<\/tr>\n<tr>\n<td>F\u00cdSICA ELECTR\u00d3NICA<\/td>\n<td>Lic. Botteri, G.<\/p>\n<p>Ing. Ramirez, M.<\/td>\n<\/tr>\n<tr>\n<td>ECONOM\u00cdA<\/td>\n<td>Esp. Bruno, C.CPN Nallino, J.<\/p>\n<p>CPN Carvajal, G.<\/td>\n<td rowspan=\"12\"><\/td>\n<\/tr>\n<tr>\n<td>SISTEMAS DE REPRESENTACI\u00d3N<\/td>\n<td>Ing. Sosa, D.Ing. Cerella, M.Ing. Marcangelo, L.<\/p>\n<p>Ing. Pavetti, L.<\/td>\n<\/tr>\n<tr>\n<td>INGENIER\u00cdA Y SOCIEDAD<\/td>\n<td>Abg. Carvajal, Ma. F.Lic. Gomez, L.Esp. Mart\u00edn, J.<\/p>\n<p>Abg. Spadaro, L<\/td>\n<\/tr>\n<tr>\n<td>LEGISLACI\u00d3N<\/td>\n<td>Abg. Avetta, JD.<\/p>\n<p>Abg. Guadagnoli, J.<\/p>\n<p>Abg. Kozicki, F.<\/p>\n<p>Abg. Vergillito, F.<\/td>\n<\/tr>\n<tr>\n<td>INGL\u00c9S I<\/td>\n<td>Lic. Garc\u00eda, M.Trad. Andr\u00edn, L.Prof. Cardozo, C<\/td>\n<\/tr>\n<tr>\n<td>INGL\u00c9S II<\/td>\n<td>Trad. Andr\u00edn, L.Prof. Agusti C.Lic. Garc\u00eda, M.<\/p>\n<p>Prof. Cardozo, C<\/td>\n<\/tr>\n<tr>\n<td>INGL\u00c9S III<\/td>\n<td>Trad. Andr\u00edn, L<\/p>\n<p>Lic. Garc\u00eda, M<\/p>\n<p>Lic. Cardozo, C.<\/td>\n<\/tr>\n<tr>\n<td>INGL\u00c9S IV<\/td>\n<td>Trad. Andr\u00edn, LLic. Garc\u00eda, M.Lic. Cardozo, C.<\/td>\n<\/tr>\n<tr>\n<td>INGL\u00c9S V<\/td>\n<td>Trad. Andr\u00edn, L.<\/td>\n<\/tr>\n<tr>\n<td>FUNDAMENTOS DE INFORM\u00c1TICA<\/td>\n<td>Ing. Cecchi, D.Lic. Mutti, A.Lic. Rolandelli, J.<\/p>\n<p>Ing. Depaoli, I<\/td>\n<\/tr>\n<tr>\n<td>INFORM\u00c1TICA I<\/td>\n<td>Ing. Franch\u00edn, J.<\/p>\n<p>Ing. Marina, R.<\/p>\n<p>Lic. Rolandelli, J.<\/p>\n<p>Ing. Reynoso, W.<\/td>\n<\/tr>\n<tr>\n<td>INFORM\u00c1TICA II<\/td>\n<td>Lic. Mutti, A.<\/p>\n<p>Ing. Vota, R<\/p>\n<p>Ing. Marina, R<\/p>\n<p>Ing. Carranza, R.<\/td>\n<\/tr>\n<\/tbody>\n<\/table>\n<p style=\"text-align: center;\">\n","protected":false},"excerpt":{"rendered":"<p>CONSTITUCI\u00d3N DEL DEPARTAMENTO DE MATERIAS B\u00c1SICAS C\u00c1TEDRA EQUIPO DOCENTE DIRECTOR DE \u00c1REA AN\u00c1LISIS MATEM\u00c1TICO I Mg. Carina Pacini Lic. Mar\u00eda\u00a0Celeste Gonz\u00e1lez Prof. Sandra Prevedi Ing. Gabriel Bertero Ing. Daniel Barbieri<\/p>\n","protected":false},"author":2,"featured_media":0,"parent":414,"menu_order":0,"comment_status":"closed","ping_status":"closed","template":"","meta":[],"_links":{"self":[{"href":"https:\/\/www.frsn.utn.edu.ar\/index.php?rest_route=\/wp\/v2\/pages\/419"}],"collection":[{"href":"https:\/\/www.frsn.utn.edu.ar\/index.php?rest_route=\/wp\/v2\/pages"}],"about":[{"href":"https:\/\/www.frsn.utn.edu.ar\/index.php?rest_route=\/wp\/v2\/types\/page"}],"author":[{"embeddable":true,"href":"https:\/\/www.frsn.utn.edu.ar\/index.php?rest_route=\/wp\/v2\/users\/2"}],"replies":[{"embeddable":true,"href":"https:\/\/www.frsn.utn.edu.ar\/index.php?rest_route=%2Fwp%2Fv2%2Fcomments&post=419"}],"version-history":[{"count":7,"href":"https:\/\/www.frsn.utn.edu.ar\/index.php?rest_route=\/wp\/v2\/pages\/419\/revisions"}],"predecessor-version":[{"id":6682,"href":"https:\/\/www.frsn.utn.edu.ar\/index.php?rest_route=\/wp\/v2\/pages\/419\/revisions\/6682"}],"up":[{"embeddable":true,"href":"https:\/\/www.frsn.utn.edu.ar\/index.php?rest_route=\/wp\/v2\/pages\/414"}],"wp:attachment":[{"href":"https:\/\/www.frsn.utn.edu.ar\/index.php?rest_route=%2Fwp%2Fv2%2Fmedia&parent=419"}],"curies":[{"name":"wp","href":"https:\/\/api.w.org\/{rel}","templated":true}]}}