{"id":414,"date":"2018-11-13T14:41:37","date_gmt":"2018-11-13T17:41:37","guid":{"rendered":"https:\/\/frsnweb2.frsn.utn.edu.ar\/?page_id=414"},"modified":"2026-03-09T12:53:49","modified_gmt":"2026-03-09T15:53:49","slug":"materias-basicas","status":"publish","type":"page","link":"https:\/\/www.frsn.utn.edu.ar\/?page_id=414","title":{"rendered":"Materias B\u00e1sicas"},"content":{"rendered":"<h3 style=\"text-align: center;\">Director<\/h3>\n<p style=\"text-align: center;\">Mg. Mar\u00eda Elena Schivo<\/p>\n<p style=\"text-align: center;\"><strong>Secretaria<\/strong><\/p>\n<p style=\"text-align: center;\">Esp. Gonz\u00e1lez, Ma. Celeste<\/p>\n<p style=\"text-align: center;\"><strong>U.D.B. F\u00edsica<\/strong><br \/>\nLic. Botteri, Gerardo<\/p>\n<p style=\"text-align: center;\"><strong>U.D.B. Qu\u00edmica<\/strong><br \/>\nMg. Despuy, Gabriela<\/p>\n<p style=\"text-align: center;\"><strong>U.D.B. Matem\u00e1tica<\/strong><br \/>\n<span data-olk-copy-source=\"MessageBody\">Ing. Prof. Hernan Mart\u00ednez<\/span><\/p>\n<p align=\"center\"><u><strong>Consejeros Docentes<\/strong><\/u><\/p>\n<table border=\"1\" cellspacing=\"0\" cellpadding=\"0\" align=\"center\">\n<tbody>\n<tr>\n<td>\n<p align=\"center\"><strong>Titulares<\/strong><\/p>\n<\/td>\n<td>\n<p align=\"center\"><strong>Suplentes<\/strong><\/p>\n<\/td>\n<\/tr>\n<tr>\n<td>ROMITI, Mar\u00eda Rosa<\/td>\n<td>MARTINEZ, Hern\u00e1n<\/td>\n<\/tr>\n<tr>\n<td>DESPUY, Gabriela<\/td>\n<td>PACINI, Carina<\/td>\n<\/tr>\n<tr>\n<td>GARC\u00cdA, Mariel<\/td>\n<td>BIASOLI, Santiago<\/td>\n<\/tr>\n<tr>\n<td>GONZALEZ, Mar\u00eda Celeste<\/td>\n<td>CARVAJAL, Mar\u00eda Florencia<\/td>\n<\/tr>\n<tr>\n<td>SOSA, Daniel<\/td>\n<td>MUTTI, Ana<\/td>\n<\/tr>\n<\/tbody>\n<\/table>\n<p style=\"text-align: center;\"><u><strong>Consejeros Graduados<\/strong><\/u><\/p>\n<table border=\"1\" cellspacing=\"0\" cellpadding=\"0\" align=\"center\">\n<tbody>\n<tr>\n<td>\n<p align=\"center\"><strong>Titulares<\/strong><\/p>\n<\/td>\n<td>\n<p align=\"center\"><strong>Suplentes<\/strong><\/p>\n<\/td>\n<\/tr>\n<tr>\n<td>QUARTI, Cristina<\/td>\n<td>PEREZ, Silvia<\/td>\n<\/tr>\n<tr>\n<td>SANTA CRUZ, Agust\u00edn<\/td>\n<td>ARCE, Sebastian<\/td>\n<\/tr>\n<\/tbody>\n<\/table>\n<p style=\"text-align: center;\"><u><strong>Consejeros Estudiantiles<\/strong><\/u><\/p>\n<table border=\"1\" cellspacing=\"0\" cellpadding=\"0\" align=\"center\">\n<tbody>\n<tr>\n<td>\n<p align=\"center\"><strong>Titulares<\/strong><\/p>\n<\/td>\n<td>\n<p align=\"center\"><strong>Suplentes<\/strong><\/p>\n<\/td>\n<\/tr>\n<tr>\n<td>DORSCH, Mauro<\/td>\n<td>SANCHEZ, Gonzalo<\/td>\n<\/tr>\n<tr>\n<td>MINGRONI, German<\/td>\n<td>SANCHEZ CHIQUETA, Benjamin<\/td>\n<\/tr>\n<tr>\n<td>VASQUEZ CORRALES, Luz Andrea<\/td>\n<td>CAFFIERO, Nazareno<\/td>\n<\/tr>\n<\/tbody>\n<\/table>\n<hr \/>\n<ul>\n<li><a href=\"https:\/\/www.frsn.utn.edu.ar\/?page_id=419\" data-wplink-edit=\"true\">Listado de docentes y auxiliares<\/a><\/li>\n<li><a href=\"https:\/\/www.frsn.utn.edu.ar\/?page_id=422\">Laboratorio F\u00edsica<\/a><\/li>\n<li><a href=\"https:\/\/www.frsn.utn.edu.ar\/?page_id=424\">Laboratorio Qu\u00edmica<\/a><\/li>\n<\/ul>\n","protected":false},"excerpt":{"rendered":"<p>Director Mg. Mar\u00eda Elena Schivo Secretaria Esp. Gonz\u00e1lez, Ma. Celeste U.D.B. F\u00edsica Lic. Botteri, Gerardo U.D.B. Qu\u00edmica Mg. Despuy, Gabriela U.D.B. Matem\u00e1tica Ing. Prof. Hernan Mart\u00ednez Consejeros Docentes Titulares Suplentes<\/p>\n","protected":false},"author":2,"featured_media":2514,"parent":26,"menu_order":0,"comment_status":"closed","ping_status":"closed","template":"","meta":[],"_links":{"self":[{"href":"https:\/\/www.frsn.utn.edu.ar\/index.php?rest_route=\/wp\/v2\/pages\/414"}],"collection":[{"href":"https:\/\/www.frsn.utn.edu.ar\/index.php?rest_route=\/wp\/v2\/pages"}],"about":[{"href":"https:\/\/www.frsn.utn.edu.ar\/index.php?rest_route=\/wp\/v2\/types\/page"}],"author":[{"embeddable":true,"href":"https:\/\/www.frsn.utn.edu.ar\/index.php?rest_route=\/wp\/v2\/users\/2"}],"replies":[{"embeddable":true,"href":"https:\/\/www.frsn.utn.edu.ar\/index.php?rest_route=%2Fwp%2Fv2%2Fcomments&post=414"}],"version-history":[{"count":9,"href":"https:\/\/www.frsn.utn.edu.ar\/index.php?rest_route=\/wp\/v2\/pages\/414\/revisions"}],"predecessor-version":[{"id":6683,"href":"https:\/\/www.frsn.utn.edu.ar\/index.php?rest_route=\/wp\/v2\/pages\/414\/revisions\/6683"}],"up":[{"embeddable":true,"href":"https:\/\/www.frsn.utn.edu.ar\/index.php?rest_route=\/wp\/v2\/pages\/26"}],"wp:featuredmedia":[{"embeddable":true,"href":"https:\/\/www.frsn.utn.edu.ar\/index.php?rest_route=\/wp\/v2\/media\/2514"}],"wp:attachment":[{"href":"https:\/\/www.frsn.utn.edu.ar\/index.php?rest_route=%2Fwp%2Fv2%2Fmedia&parent=414"}],"curies":[{"name":"wp","href":"https:\/\/api.w.org\/{rel}","templated":true}]}}