{"id":4015,"date":"2024-02-19T00:24:40","date_gmt":"2024-02-19T03:24:40","guid":{"rendered":"https:\/\/www.frsn.utn.edu.ar\/?page_id=4015"},"modified":"2026-03-30T12:34:00","modified_gmt":"2026-03-30T15:34:00","slug":"pasantias-educativas","status":"publish","type":"page","link":"https:\/\/www.frsn.utn.edu.ar\/?page_id=4015","title":{"rendered":"Pasant\u00edas"},"content":{"rendered":"\n<p>En el caso de que la solicitud corresponda a una pasant\u00eda educativa, las empresas deber\u00e1n comunicarse a la misma direcci\u00f3n de correo electr\u00f3nico SE@frsn.utn.edu.ar para iniciar el procedimiento formal.<\/p>\n\n\n\n<p>En este marco, se solicitar\u00e1:<\/p>\n\n\n\n<ul>\n<li>Presentaci\u00f3n de la documentaci\u00f3n institucional correspondiente.<\/li>\n\n\n\n<li>Cumplimiento de los requisitos establecidos por la Ley 26.427 (R\u00e9gimen de Pasant\u00edas Educativas).<\/li>\n\n\n\n<li>Confecci\u00f3n y suscripci\u00f3n del Convenio Marco y del Convenio Particular de Pasant\u00eda.<\/li>\n<\/ul>\n\n\n\n<p>La Facultad brinda asesoramiento a empresas y estudiantes durante todo el proceso administrativo, garantizando el cumplimiento normativo y la correcta gesti\u00f3n de pr\u00e1cticas profesionales.<\/p>\n\n\n\n<p>Es importante distinguir que la PPS (Pr\u00e1ctica Profesional Supervisada) es una instancia acad\u00e9mica obligatoria del plan de estudios para obtener el t\u00edtulo, mientras que la Pasant\u00eda es una actividad extracurricular y remunerada (Ley 26.427), con un m\u00e1ximo de 20 horas semanales, orientada a la formaci\u00f3n laboral voluntaria.<\/p>\n\n\n\n<p>Formulario para cargar Curriculums Vitaes, con el fin de agilizar la b\u00fasqueda laboral (los incorporaremos al banco de curr\u00edculums de la Facultad Regional de San Nicol\u00e1s)<\/p>\n\n\n\n<p><a href=\"https:\/\/forms.office.com\/Pages\/ResponsePage.aspx?id=RIBp8ps87E6vt0k9EPWlHs62xfWeh4pIhz0DzpTTnp9UNlk3OEpNSkRTSzFFWk82UzRFWlpTWlJYUC4u\" target=\"_blank\" rel=\"noreferrer noopener\">CURRICULUM VITAE: Rellenar formulario<\/a><\/p>\n\n\n\n<p><strong>Consultas y Contacto<br><\/strong>Para m\u00e1s informaci\u00f3n, asesoramiento o consultas relacionadas con b\u00fasquedas laborales y pasant\u00edas, pueden comunicarse con la Secretar\u00eda de Estudiantes a trav\u00e9s de los siguientes canales oficiales:<\/p>\n\n\n\n<p><strong>Correo electr\u00f3nico<\/strong>: SE@frsn.utn.edu.ar<\/p>\n","protected":false},"excerpt":{"rendered":"<p>En el caso de que la solicitud corresponda a una pasant\u00eda educativa, las empresas deber\u00e1n comunicarse a la misma direcci\u00f3n de correo electr\u00f3nico SE@frsn.utn.edu.ar para iniciar el procedimiento formal. En<\/p>\n","protected":false},"author":2,"featured_media":4390,"parent":267,"menu_order":0,"comment_status":"closed","ping_status":"closed","template":"","meta":[],"_links":{"self":[{"href":"https:\/\/www.frsn.utn.edu.ar\/index.php?rest_route=\/wp\/v2\/pages\/4015"}],"collection":[{"href":"https:\/\/www.frsn.utn.edu.ar\/index.php?rest_route=\/wp\/v2\/pages"}],"about":[{"href":"https:\/\/www.frsn.utn.edu.ar\/index.php?rest_route=\/wp\/v2\/types\/page"}],"author":[{"embeddable":true,"href":"https:\/\/www.frsn.utn.edu.ar\/index.php?rest_route=\/wp\/v2\/users\/2"}],"replies":[{"embeddable":true,"href":"https:\/\/www.frsn.utn.edu.ar\/index.php?rest_route=%2Fwp%2Fv2%2Fcomments&post=4015"}],"version-history":[{"count":6,"href":"https:\/\/www.frsn.utn.edu.ar\/index.php?rest_route=\/wp\/v2\/pages\/4015\/revisions"}],"predecessor-version":[{"id":6779,"href":"https:\/\/www.frsn.utn.edu.ar\/index.php?rest_route=\/wp\/v2\/pages\/4015\/revisions\/6779"}],"up":[{"embeddable":true,"href":"https:\/\/www.frsn.utn.edu.ar\/index.php?rest_route=\/wp\/v2\/pages\/267"}],"wp:featuredmedia":[{"embeddable":true,"href":"https:\/\/www.frsn.utn.edu.ar\/index.php?rest_route=\/wp\/v2\/media\/4390"}],"wp:attachment":[{"href":"https:\/\/www.frsn.utn.edu.ar\/index.php?rest_route=%2Fwp%2Fv2%2Fmedia&parent=4015"}],"curies":[{"name":"wp","href":"https:\/\/api.w.org\/{rel}","templated":true}]}}