{"id":398,"date":"2018-11-13T14:29:00","date_gmt":"2018-11-13T17:29:00","guid":{"rendered":"https:\/\/frsnweb2.frsn.utn.edu.ar\/?page_id=398"},"modified":"2026-02-18T16:20:50","modified_gmt":"2026-02-18T19:20:50","slug":"secretaria-de-posgrado-y-educacion-continua","status":"publish","type":"page","link":"https:\/\/www.frsn.utn.edu.ar\/?page_id=398","title":{"rendered":"Secretar\u00eda de Educaci\u00f3n Continua y Posgrado"},"content":{"rendered":"<p><strong>SECRETARIA DE EDUCACI\u00d3N CONTINUA Y POSGRADO<\/strong><\/p>\n<p>Ing. Laura B\u00e1rbaro<\/p>\n<p><b>MISI\u00d3N<\/b><\/p>\n<ul>\n<li>Centralizar acad\u00e9micamente las tecnicaturas, licenciatura y posgrados<\/li>\n<li>Mejorar la administraci\u00f3n haci\u00e9ndola productiva<\/li>\n<li>Formalizar el seguimiento de las carreras autofinanciadas<\/li>\n<li>Adecuar su funcionamiento a las nuevas estructuras de gobierno.<\/li>\n<\/ul>\n<p><strong>VISI\u00d3N<\/strong><\/p>\n<p>La gesti\u00f3n de la Direcci\u00f3n de Posgrado y Educaci\u00f3n Continua, est\u00e1 organizada sobre la base de un plan de estudios flexible y especializado: adaptado a las necesidades profesionales de cada uno de los alumnos que concurrir\u00e1n a las diferentes carreras que se han de implementar durante los a\u00f1os venideros, con tutor\u00edas y asesoramiento de los profesores de cada asignatura e invitados nacionales e internacionales. Cada docente, ofrecer\u00e1 su experiencia y conocimientos respecto a una visi\u00f3n actualizada de los estudios, adem\u00e1s de fortalecer el sistema cient\u00edfico-tecnol\u00f3gico-universitario. Se proyecta en esta \u00e1rea un trabajo en colaboraci\u00f3n con los Directores de departamentos y con la Asociaci\u00f3n de Docentes y Graduados ya que ellos aportar\u00edan las debilidades de las carreras cuando el graduado se inserta en la sociedad. Se descuenta el compromiso, para trabajar en las peque\u00f1as o grandes innovaciones que se formular\u00e1n, implementando un sistema de calidad en cada uno de los procesos,\u00a0siendo este un objetivo indeclinable de la nueva gesti\u00f3n.<\/p>\n<p><strong>OBJETIVOS<\/strong><\/p>\n<ul>\n<li>Centralizar acad\u00e9micamente las tecnicaturas, licenciatura y posgrados.<\/li>\n<li>Mejorar la administraci\u00f3n haci\u00e9ndola productiva.<\/li>\n<li>Formalizar el seguimiento de las carreras autofinanciadas.<\/li>\n<li>Adecuar su funcionamiento a las nuevas estructuras de gobierno.<\/li>\n<\/ul>\n<p><a href=\"https:\/\/www.frsn.utn.edu.ar\/?page_id=5015\" target=\"_blank\" rel=\"noopener\">Coordinaci\u00f3n de carreras<\/a><\/p>\n","protected":false},"excerpt":{"rendered":"<p>SECRETARIA DE EDUCACI\u00d3N CONTINUA Y POSGRADO Ing. Laura B\u00e1rbaro MISI\u00d3N Centralizar acad\u00e9micamente las tecnicaturas, licenciatura y posgrados Mejorar la administraci\u00f3n haci\u00e9ndola productiva Formalizar el seguimiento de las carreras autofinanciadas Adecuar<\/p>\n","protected":false},"author":2,"featured_media":2514,"parent":24,"menu_order":0,"comment_status":"closed","ping_status":"closed","template":"","meta":[],"_links":{"self":[{"href":"https:\/\/www.frsn.utn.edu.ar\/index.php?rest_route=\/wp\/v2\/pages\/398"}],"collection":[{"href":"https:\/\/www.frsn.utn.edu.ar\/index.php?rest_route=\/wp\/v2\/pages"}],"about":[{"href":"https:\/\/www.frsn.utn.edu.ar\/index.php?rest_route=\/wp\/v2\/types\/page"}],"author":[{"embeddable":true,"href":"https:\/\/www.frsn.utn.edu.ar\/index.php?rest_route=\/wp\/v2\/users\/2"}],"replies":[{"embeddable":true,"href":"https:\/\/www.frsn.utn.edu.ar\/index.php?rest_route=%2Fwp%2Fv2%2Fcomments&post=398"}],"version-history":[{"count":7,"href":"https:\/\/www.frsn.utn.edu.ar\/index.php?rest_route=\/wp\/v2\/pages\/398\/revisions"}],"predecessor-version":[{"id":6607,"href":"https:\/\/www.frsn.utn.edu.ar\/index.php?rest_route=\/wp\/v2\/pages\/398\/revisions\/6607"}],"up":[{"embeddable":true,"href":"https:\/\/www.frsn.utn.edu.ar\/index.php?rest_route=\/wp\/v2\/pages\/24"}],"wp:featuredmedia":[{"embeddable":true,"href":"https:\/\/www.frsn.utn.edu.ar\/index.php?rest_route=\/wp\/v2\/media\/2514"}],"wp:attachment":[{"href":"https:\/\/www.frsn.utn.edu.ar\/index.php?rest_route=%2Fwp%2Fv2%2Fmedia&parent=398"}],"curies":[{"name":"wp","href":"https:\/\/api.w.org\/{rel}","templated":true}]}}