{"id":388,"date":"2018-11-13T14:20:37","date_gmt":"2018-11-13T17:20:37","guid":{"rendered":"https:\/\/frsnweb2.frsn.utn.edu.ar\/?page_id=388"},"modified":"2026-03-30T12:10:55","modified_gmt":"2026-03-30T15:10:55","slug":"secretaria-de-asuntos-estudiantiles","status":"publish","type":"page","link":"https:\/\/www.frsn.utn.edu.ar\/?page_id=388","title":{"rendered":"Secretar\u00eda de Estudiantes"},"content":{"rendered":"<p><strong>SECRETARIO DE ESTUDIANTES<\/strong><\/p>\n<p>Sr. Ayrton Keller<\/p>\n<p>La Secretar\u00eda de Estudiantes es el \u00e1rea encargada de acompa\u00f1ar la trayectoria acad\u00e9mica y el desarrollo integral de los alumnos de la Facultad, promoviendo iniciativas que fortalezcan su formaci\u00f3n profesional y personal.<\/p>\n<p><strong>MISI\u00d3N:<\/strong><\/p>\n<p>Nuestra misi\u00f3n es acompa\u00f1ar y potenciar la vida universitaria de cada estudiante. Buscamos que el estudiante transite su carrera de la mejor manera, brind\u00e1ndole un espacio de contenci\u00f3n y crecimiento a trav\u00e9s de actividades acad\u00e9micas, deportivas, culturales y tecnol\u00f3gicas que complementen su formaci\u00f3n profesional.<\/p>\n<p><strong>OBJETIVOS ESTRAT\u00c9GICOS:<\/strong><\/p>\n<ul>\n<li><strong>Acompa\u00f1amiento continuo<\/strong>: Brindar herramientas y contenci\u00f3n que faciliten el ingreso, la permanencia y el egreso de los estudiantes.<\/li>\n<li><strong>Desarrollo<\/strong> i<strong>ntegral<\/strong>: Fomentar el equilibrio entre el estudio y la vida personal mediante programas de deportes, cultura y recreaci\u00f3n.<\/li>\n<li><strong>Impulso tecnol\u00f3gico<\/strong>: Promover espacios de innovaci\u00f3n y formaci\u00f3n t\u00e9cnica complementaria que preparen a los alumnos para los desaf\u00edos del futuro.<\/li>\n<li><strong>Vinculaci\u00f3n<\/strong> <strong>y<\/strong> s<strong>entido<\/strong> <strong>de<\/strong> p<strong>ertenencia<\/strong>: Crear lazos s\u00f3lidos entre los estudiantes, la facultad y el entorno social, incentivando la participaci\u00f3n y el trabajo en equipo.<\/li>\n<li><strong>Gesti\u00f3n eficiente de recursos<\/strong>: Administrar becas y apoyos de manera transparente para asegurar que las dificultades econ\u00f3micas no sean una barrera para el estudio.<\/li>\n<li><strong>Vinculaci\u00f3n profesional y pasant\u00edas<\/strong>: Facilitar la inserci\u00f3n laboral de nuestros estudiantes mediante convenios con empresas e instituciones, gestionando pasant\u00edas que les permitan aplicar sus conocimientos en entornos reales y adquirir su primera experiencia profesional.<\/li>\n<\/ul>\n<p><strong>LA SECRETAR\u00cdA EST\u00c1 COMPUESTA POR 4 \u00c1REAS<\/strong><\/p>\n<ul>\n<li>\u00c1rea de deportes<\/li>\n<li>\u00c1rea de pasant\u00edas<\/li>\n<li>\u00c1rea de becas<\/li>\n<li>\u00c1rea de gesti\u00f3n estudiantil<\/li>\n<\/ul>\n","protected":false},"excerpt":{"rendered":"<p>SECRETARIO DE ESTUDIANTES Sr. Ayrton Keller La Secretar\u00eda de Estudiantes es el \u00e1rea encargada de acompa\u00f1ar la trayectoria acad\u00e9mica y el desarrollo integral de los alumnos de la Facultad, promoviendo<\/p>\n","protected":false},"author":2,"featured_media":4446,"parent":24,"menu_order":0,"comment_status":"closed","ping_status":"closed","template":"","meta":[],"_links":{"self":[{"href":"https:\/\/www.frsn.utn.edu.ar\/index.php?rest_route=\/wp\/v2\/pages\/388"}],"collection":[{"href":"https:\/\/www.frsn.utn.edu.ar\/index.php?rest_route=\/wp\/v2\/pages"}],"about":[{"href":"https:\/\/www.frsn.utn.edu.ar\/index.php?rest_route=\/wp\/v2\/types\/page"}],"author":[{"embeddable":true,"href":"https:\/\/www.frsn.utn.edu.ar\/index.php?rest_route=\/wp\/v2\/users\/2"}],"replies":[{"embeddable":true,"href":"https:\/\/www.frsn.utn.edu.ar\/index.php?rest_route=%2Fwp%2Fv2%2Fcomments&post=388"}],"version-history":[{"count":14,"href":"https:\/\/www.frsn.utn.edu.ar\/index.php?rest_route=\/wp\/v2\/pages\/388\/revisions"}],"predecessor-version":[{"id":6773,"href":"https:\/\/www.frsn.utn.edu.ar\/index.php?rest_route=\/wp\/v2\/pages\/388\/revisions\/6773"}],"up":[{"embeddable":true,"href":"https:\/\/www.frsn.utn.edu.ar\/index.php?rest_route=\/wp\/v2\/pages\/24"}],"wp:featuredmedia":[{"embeddable":true,"href":"https:\/\/www.frsn.utn.edu.ar\/index.php?rest_route=\/wp\/v2\/media\/4446"}],"wp:attachment":[{"href":"https:\/\/www.frsn.utn.edu.ar\/index.php?rest_route=%2Fwp%2Fv2%2Fmedia&parent=388"}],"curies":[{"name":"wp","href":"https:\/\/api.w.org\/{rel}","templated":true}]}}