{"id":3711,"date":"2023-08-31T13:18:22","date_gmt":"2023-08-31T16:18:22","guid":{"rendered":"https:\/\/www.frsn.utn.edu.ar\/?page_id=3711"},"modified":"2025-11-12T19:53:59","modified_gmt":"2025-11-12T22:53:59","slug":"examenes-libres","status":"publish","type":"page","link":"https:\/\/www.frsn.utn.edu.ar\/?page_id=3711","title":{"rendered":"Ex\u00e1menes Libres"},"content":{"rendered":"<div class=\"wp-block-image\">\n<figure class=\"aligncenter size-full\"><img decoding=\"async\" loading=\"lazy\" width=\"400\" height=\"400\" src=\"https:\/\/www.frsn.utn.edu.ar\/wp-content\/uploads\/2025\/11\/Examen_libre_feb25.png\" alt=\"\" class=\"wp-image-6369\" srcset=\"https:\/\/www.frsn.utn.edu.ar\/wp-content\/uploads\/2025\/11\/Examen_libre_feb25.png 400w, https:\/\/www.frsn.utn.edu.ar\/wp-content\/uploads\/2025\/11\/Examen_libre_feb25-300x300.png 300w, https:\/\/www.frsn.utn.edu.ar\/wp-content\/uploads\/2025\/11\/Examen_libre_feb25-150x150.png 150w\" sizes=\"(max-width: 400px) 100vw, 400px\" \/><\/figure><\/div>\n\n\n<hr class=\"wp-block-separator has-alpha-channel-opacity\"\/>\n\n\n\n<figure class=\"wp-block-image size-full is-resized\"><img decoding=\"async\" loading=\"lazy\" src=\"https:\/\/www.frsn.utn.edu.ar\/wp-content\/uploads\/2024\/12\/aviso-importante-1.jpg\" alt=\"\" class=\"wp-image-5387\" width=\"142\" height=\"70\" srcset=\"https:\/\/www.frsn.utn.edu.ar\/wp-content\/uploads\/2024\/12\/aviso-importante-1.jpg 600w, https:\/\/www.frsn.utn.edu.ar\/wp-content\/uploads\/2024\/12\/aviso-importante-1-300x148.jpg 300w\" sizes=\"(max-width: 142px) 100vw, 142px\" \/><\/figure>\n\n\n\n<p>Para poder presentarte a rendir los <strong>ex\u00e1menes libres<\/strong> de nivelaci\u00f3n de <strong>f\u00edsica y matem\u00e1tica<\/strong> como requisito debes estar<strong> Inscripto al Seminario Introductorio<\/strong>. El material de estudio lo pueden encontrar en Ingreso Ingenier\u00eda -&gt;&nbsp;<a rel=\"noreferrer noopener\" href=\"https:\/\/www.frsn.utn.edu.ar\/?page_id=258\" target=\"_blank\">Asignatura<\/a><\/p>\n\n\n\n<hr class=\"wp-block-separator has-alpha-channel-opacity\"\/>\n\n\n\n<p><\/p>\n\n\n\n<p>En el Curso 2 y Curso 3 del SIN tienen la posibilidad de realizar dos Ex\u00e1menes libres de F\u00edsica y de Matem\u00e1tica. Los temas que se incluyen en el examen los vas a encontrar en el bot\u00f3n Asignaturas dentro de Ingreso a Ingenier\u00eda.<\/p>\n\n\n\n<p>Para acceder a rendir los ex\u00e1menes libres debes:<\/p>\n\n\n\n<p>1 &#8211; Estar inscriptos en el Seminario Introductorio de Nivelaci\u00f3n:<\/p>\n\n\n\n<ul>\n<li>Si ya cursaste (Curso 1 o el Curso 2), y no aprobaste esas asignaturas, podes rendir el examen libre.<\/li>\n\n\n\n<li>Si a\u00fan no te inscribiste, una vez que realices la inscripci\u00f3n, podes rendir el examen libre.<\/li>\n<\/ul>\n\n\n\n<p>2 &#8211; Enviar un mail a <a href=\"mailto:ingreso.frsn@frsn.utn.edu.ar\" target=\"_blank\" rel=\"noopener\" title=\"\">ingreso.frsn@frsn.utn.edu.ar<\/a> con tu nombre completo, nro. de DNI y materia\/s que vas a rendir libre.<br><\/p>\n\n\n\n<p>Si aprobas dichos ex\u00e1menes no deber\u00e1s cursar esas asignaturas en el Seminario Introductorio de Nivelaci\u00f3n.<\/p>\n\n\n\n<p><\/p>\n\n\n\n<p>Podr\u00e1n ver en el <strong>cronograma <\/strong>de cursado de los distintos cursos del Seminario Introductorio, las <strong>fechas <\/strong>en las que se rinden los <strong>ex\u00e1menes libres<\/strong>, <a href=\"https:\/\/www.frsn.utn.edu.ar\/frsn\/\" target=\"_blank\" rel=\"noopener\" title=\"\">https:\/\/www.frsn.utn.edu.ar\/frsn\/<\/a> en la pesta\u00f1a CRONOGRAMAS, dentro de INGRESO INGENIERIA.<\/p>\n\n\n\n<p><\/p>\n","protected":false},"excerpt":{"rendered":"<p>Para poder presentarte a rendir los ex\u00e1menes libres de nivelaci\u00f3n de f\u00edsica y matem\u00e1tica como requisito debes estar Inscripto al Seminario Introductorio. El material de estudio lo pueden encontrar en<\/p>\n","protected":false},"author":6,"featured_media":2174,"parent":0,"menu_order":0,"comment_status":"closed","ping_status":"closed","template":"","meta":[],"_links":{"self":[{"href":"https:\/\/www.frsn.utn.edu.ar\/index.php?rest_route=\/wp\/v2\/pages\/3711"}],"collection":[{"href":"https:\/\/www.frsn.utn.edu.ar\/index.php?rest_route=\/wp\/v2\/pages"}],"about":[{"href":"https:\/\/www.frsn.utn.edu.ar\/index.php?rest_route=\/wp\/v2\/types\/page"}],"author":[{"embeddable":true,"href":"https:\/\/www.frsn.utn.edu.ar\/index.php?rest_route=\/wp\/v2\/users\/6"}],"replies":[{"embeddable":true,"href":"https:\/\/www.frsn.utn.edu.ar\/index.php?rest_route=%2Fwp%2Fv2%2Fcomments&post=3711"}],"version-history":[{"count":10,"href":"https:\/\/www.frsn.utn.edu.ar\/index.php?rest_route=\/wp\/v2\/pages\/3711\/revisions"}],"predecessor-version":[{"id":6370,"href":"https:\/\/www.frsn.utn.edu.ar\/index.php?rest_route=\/wp\/v2\/pages\/3711\/revisions\/6370"}],"wp:featuredmedia":[{"embeddable":true,"href":"https:\/\/www.frsn.utn.edu.ar\/index.php?rest_route=\/wp\/v2\/media\/2174"}],"wp:attachment":[{"href":"https:\/\/www.frsn.utn.edu.ar\/index.php?rest_route=%2Fwp%2Fv2%2Fmedia&parent=3711"}],"curies":[{"name":"wp","href":"https:\/\/api.w.org\/{rel}","templated":true}]}}