{"id":360,"date":"2018-11-08T14:37:38","date_gmt":"2018-11-08T17:37:38","guid":{"rendered":"https:\/\/frsnweb2.frsn.utn.edu.ar\/?page_id=360"},"modified":"2019-10-03T13:42:30","modified_gmt":"2019-10-03T16:42:30","slug":"ciencia-y-tecnologia","status":"publish","type":"page","link":"https:\/\/www.frsn.utn.edu.ar\/?page_id=360","title":{"rendered":"Ciencia y Tecnolog\u00eda"},"content":{"rendered":"<p><strong>SECRETARIO DE CIENCIA Y TECNOLOG\u00cdA<\/strong><\/p>\n<p>Dr. Edgardo Roque Benavidez<\/p>\n<p><strong>MISI\u00d3N<\/strong><\/p>\n<p>Lograr una concientizaci\u00f3n en la sociedad de la importancia del desarrollo cient\u00edfico y tecnol\u00f3gico para su progreso y bienestar. Concretar, a trav\u00e9s de la ejecuci\u00f3n de proyectos de desarrollo tecnol\u00f3gico y social, dicho progreso y bienestar para la sociedad.<\/p>\n<p><strong>VISI\u00d3N<\/strong><\/p>\n<p>Concretar la misi\u00f3n a trav\u00e9s de un ambiente de relaciones armoniosas, donde se destaquen la cordialidad y solidaridad, evitando los protagonismos e individualidades entre los integrantes de los distintos grupos de investigaci\u00f3n. Que se destaque el esp\u00edritu de colaboraci\u00f3n ente pares para poder transmitir esas impresiones a los investigadores m\u00e1s j\u00f3venes y a toda la sociedad. Destacar de los investigadores, desarrollistas e innovadores no solo el aspecto t\u00e9cnico sino tambi\u00e9n el aspecto humano.<\/p>\n<p><strong>OBJETIVOS<\/strong><\/p>\n<ul>\n<li>Investigaci\u00f3n en los Departamentos: fomentar la producci\u00f3n de investigaci\u00f3n y desarrollo de cada departamento de carrera de la Facultad, con el aval de los Consejos Departamentales a las iniciativas respectivas.<\/li>\n<li>Consolidaci\u00f3n de Grupos de Investigaci\u00f3n: consolidar grupos de investigaci\u00f3n en las \u00e1reas tem\u00e1ticas de inter\u00e9s de las Carreras, planificando el desarrollo y sustento de los mismos.<\/li>\n<li>Formaci\u00f3n de Recursos Humanos: elevar la participaci\u00f3n de estudiantes de grado, graduados y docentes en las actividades de investigaci\u00f3n, desarrollo e innovaci\u00f3n (I+D+i) y favorecer la permanencia de los recursos en formaci\u00f3n.<\/li>\n<li>Integraci\u00f3n de los Grupos de Investigaci\u00f3n: propiciar interacciones entre los investigadores de las distintas carreras con el objetivo de lograr actividades integradoras que potencien la calidad de la producci\u00f3n cient\u00edfica.<\/li>\n<li>Vinculaci\u00f3n con el Sector Productivo: favorecer una fuerte interacci\u00f3n con el sector productivo de bienes y servicios, en especial con el medio industrial de la regi\u00f3n, con el fin de aplicar, en favor de la comunidad, los resultados obtenidos en los diversos trabajos de investigaci\u00f3n y desarrollo.<\/li>\n<li>Interacci\u00f3n con otras Instituciones: lograr una fuerte sinergia en la infraestructura, equipamientos y bibliograf\u00eda disponibles para avanzar en los distintos proyectos pudiendo de este modo brindar nuestras instalaciones y contar con aquellas pertenecientes a las distintas instituciones e industrias vinculadas.<\/li>\n<li>Difusi\u00f3n de las Actividades de Investigaci\u00f3n y Desarrollo: poner a disposici\u00f3n, de toda la comunidad universitaria, la informaci\u00f3n y el conocimiento alcanzados a partir de los diversos proyectos que se desarrollen, abriendo las puertas incluso a la participaci\u00f3n del medio industrial y social.<\/li>\n<\/ul>\n<p><strong>FUNCIONES<\/strong><\/p>\n<ul>\n<li>Establecer disposiciones generales para la organizaci\u00f3n de las actividades de Ciencia y Tecnolog\u00eda de la Facultad.<\/li>\n<li>Formalizar la creaci\u00f3n de grupos de investigaci\u00f3n y planificar el seguimiento de sus actividades.<\/li>\n<li>Administrar la distribuci\u00f3n de los fondos del presupuesto de la Universidad destinado al desarrollo de las actividades cient\u00edfico-tecnol\u00f3gicas.<\/li>\n<li>Organizar instancias de capacitaci\u00f3n para contribuir con el perfeccionamiento y actualizaci\u00f3n de los grupos de investigaci\u00f3n y la comunidad universitaria.<\/li>\n<li>Generar actividades para la difusi\u00f3n de los resultados generados en los distintos Grupos de Investigaci\u00f3n.<\/li>\n<li>Informar sobre convocatorias de financiamiento de proyectos cient\u00edficos-tecnol\u00f3gicos en el orden nacional e internacional.<\/li>\n<li>Accionar en favor de la cooperaci\u00f3n entre los investigadores.<\/li>\n<li>Coordinar los mecanismos para la incorporaci\u00f3n y promoci\u00f3n de investigadores y becarios a la carrera de Docente Investigador UTN.<\/li>\n<\/ul>\n","protected":false},"excerpt":{"rendered":"<p>SECRETARIO DE CIENCIA Y TECNOLOG\u00cdA Dr. Edgardo Roque Benavidez MISI\u00d3N Lograr una concientizaci\u00f3n en la sociedad de la importancia del desarrollo cient\u00edfico y tecnol\u00f3gico para su progreso y bienestar. Concretar,<\/p>\n","protected":false},"author":2,"featured_media":2514,"parent":24,"menu_order":0,"comment_status":"closed","ping_status":"closed","template":"","meta":[],"_links":{"self":[{"href":"https:\/\/www.frsn.utn.edu.ar\/index.php?rest_route=\/wp\/v2\/pages\/360"}],"collection":[{"href":"https:\/\/www.frsn.utn.edu.ar\/index.php?rest_route=\/wp\/v2\/pages"}],"about":[{"href":"https:\/\/www.frsn.utn.edu.ar\/index.php?rest_route=\/wp\/v2\/types\/page"}],"author":[{"embeddable":true,"href":"https:\/\/www.frsn.utn.edu.ar\/index.php?rest_route=\/wp\/v2\/users\/2"}],"replies":[{"embeddable":true,"href":"https:\/\/www.frsn.utn.edu.ar\/index.php?rest_route=%2Fwp%2Fv2%2Fcomments&post=360"}],"version-history":[{"count":2,"href":"https:\/\/www.frsn.utn.edu.ar\/index.php?rest_route=\/wp\/v2\/pages\/360\/revisions"}],"predecessor-version":[{"id":456,"href":"https:\/\/www.frsn.utn.edu.ar\/index.php?rest_route=\/wp\/v2\/pages\/360\/revisions\/456"}],"up":[{"embeddable":true,"href":"https:\/\/www.frsn.utn.edu.ar\/index.php?rest_route=\/wp\/v2\/pages\/24"}],"wp:featuredmedia":[{"embeddable":true,"href":"https:\/\/www.frsn.utn.edu.ar\/index.php?rest_route=\/wp\/v2\/media\/2514"}],"wp:attachment":[{"href":"https:\/\/www.frsn.utn.edu.ar\/index.php?rest_route=%2Fwp%2Fv2%2Fmedia&parent=360"}],"curies":[{"name":"wp","href":"https:\/\/api.w.org\/{rel}","templated":true}]}}