{"id":355,"date":"2018-11-08T14:34:21","date_gmt":"2018-11-08T17:34:21","guid":{"rendered":"https:\/\/frsnweb2.frsn.utn.edu.ar\/?page_id=355"},"modified":"2023-05-10T10:49:17","modified_gmt":"2023-05-10T13:49:17","slug":"administrativa","status":"publish","type":"page","link":"https:\/\/www.frsn.utn.edu.ar\/?page_id=355","title":{"rendered":"Administrativa"},"content":{"rendered":"<div>\n<p><strong>SECRETARIO ADMINISTRATIVO<\/strong><\/p>\n<p>Ing. Gabriel Lescano<\/p>\n<p><strong>SUBSECRETARIO ADMINISTRATIVO<\/strong><\/p>\n<p>Cdor. Germ\u00e1n Ramos<\/p>\n<\/div>\n<div><strong>MISI\u00d3N<\/strong><\/div>\n<div><\/div>\n<div>Entender en la fijaci\u00f3n de objetivos y pol\u00edticas econ\u00f3mico-financiera, la tramitaci\u00f3n, estudio, resoluci\u00f3n y ejecuci\u00f3n de los asuntos relacionados con el planeamiento f\u00edsico de obras de infraestructura y la gesti\u00f3n y fiscalizaci\u00f3n de los recursos humanos de la Facultad, con el fin de lograr la articulaci\u00f3n t\u00e9cnica y operativa de las actividades esenciales y el cumplimiento de sus objetivos y metas conforme a la normatividad aplicable.<\/div>\n<div><\/div>\n<div><strong>VISI\u00d3N<\/strong><\/div>\n<div><\/div>\n<div>Ser una organizaci\u00f3n Administrativa&nbsp;eficiente y coordinada, que brinde el apoyo correspondiente a las actividades esenciales de la facultad, promoviendo la calidad de los servicios institucionales que presta y&nbsp;en la que se administren en forma \u00f3ptima los recursos humanos, presupuestales y financieros.<\/div>\n\n\n<p><strong>Objetivos<\/strong><\/p>\n\n\n\n<ul>\n<li>Cumplir y hacer cumplir los lineamientos de gesti\u00f3n establecidos por el Decano de la Facultad.<\/li>\n<\/ul>\n\n\n\n<ul>\n<li>Asesorar en la programaci\u00f3n, ejecuci\u00f3n, control y evaluaci\u00f3n del presupuesto anual de la Facultad.<\/li>\n<\/ul>\n\n\n\n<ul>\n<li>Intervenir en el registro y control del patrimonio.<\/li>\n<\/ul>\n\n\n\n<ul>\n<li>Intervenir en la programaci\u00f3n, organizaci\u00f3n y control de los actos y procedimientos administrativos.<\/li>\n<\/ul>\n\n\n\n<ul>\n<li>Promover la racionalizaci\u00f3n administrativa permanente de la Facultad.<\/li>\n<\/ul>\n\n\n\n<ul>\n<li>Promover la formaci\u00f3n, est\u00edmulo y jerarquizaci\u00f3n de los RRHH de la Facultad.<\/li>\n<\/ul>\n\n\n\n<ul>\n<li>Entender en la administraci\u00f3n de los servicios generales, el mantenimiento y conservaci\u00f3n de los bienes muebles e inmuebles de la Facultad.<\/li>\n<\/ul>\n\n\n\n<ul>\n<li>Efectuar el estudio de las necesidades edilicias, de ordenamiento espacial y paisaj\u00edstico de la Facultad.<\/li>\n<\/ul>\n\n\n\n<ul>\n<li>Coordinar la elaboraci\u00f3n del proyecto de presupuesto de la Facultad.<\/li>\n<\/ul>\n\n\n\n<p><strong>Funciones<\/strong><\/p>\n\n\n\n<ul>\n<li>Gestionar y ejecutar resoluciones de presupuesto asignadas por Rectorado y de los producidos propios de la Facultad.<\/li>\n<\/ul>\n\n\n\n<ul>\n<li>Generar y\/o actualizar procedimientos administrativos para optimizar la gesti\u00f3n de la Secretar\u00eda.<\/li>\n<\/ul>\n\n\n\n<ul>\n<li>Entender en la administraci\u00f3n de los RRHH de la Facultad.<\/li>\n<\/ul>\n\n\n\n<ul>\n<li>Establecer planes de mantenimiento preventivo y cuidado de las instalaciones, contemplando las normas de higiene y seguridad en todos los \u00e1mbitos.<\/li>\n<\/ul>\n\n\n\n<ul>\n<li>Relevar de forma permanente las necesidades de infraestructura a causa del crecimiento institucional a fin de planificar ampliaciones y\/o modificaciones.<\/li>\n<\/ul>\n\n\n\n<ul>\n<li>Dise\u00f1ar dispositivos que faciliten la elaboraci\u00f3n de presupuestos por parte de las diversas \u00e1reas que componen la Facultad, para luego generar documento con presupuesto anual institucional.<\/li>\n<\/ul>\n","protected":false},"excerpt":{"rendered":"<p>SECRETARIO ADMINISTRATIVO Ing. Gabriel Lescano SUBSECRETARIO ADMINISTRATIVO Cdor. Germ\u00e1n Ramos MISI\u00d3N Entender en la fijaci\u00f3n de objetivos y pol\u00edticas econ\u00f3mico-financiera, la tramitaci\u00f3n, estudio, resoluci\u00f3n y ejecuci\u00f3n de los asuntos relacionados<\/p>\n","protected":false},"author":2,"featured_media":2514,"parent":24,"menu_order":0,"comment_status":"closed","ping_status":"closed","template":"","meta":[],"_links":{"self":[{"href":"https:\/\/www.frsn.utn.edu.ar\/index.php?rest_route=\/wp\/v2\/pages\/355"}],"collection":[{"href":"https:\/\/www.frsn.utn.edu.ar\/index.php?rest_route=\/wp\/v2\/pages"}],"about":[{"href":"https:\/\/www.frsn.utn.edu.ar\/index.php?rest_route=\/wp\/v2\/types\/page"}],"author":[{"embeddable":true,"href":"https:\/\/www.frsn.utn.edu.ar\/index.php?rest_route=\/wp\/v2\/users\/2"}],"replies":[{"embeddable":true,"href":"https:\/\/www.frsn.utn.edu.ar\/index.php?rest_route=%2Fwp%2Fv2%2Fcomments&post=355"}],"version-history":[{"count":6,"href":"https:\/\/www.frsn.utn.edu.ar\/index.php?rest_route=\/wp\/v2\/pages\/355\/revisions"}],"predecessor-version":[{"id":3096,"href":"https:\/\/www.frsn.utn.edu.ar\/index.php?rest_route=\/wp\/v2\/pages\/355\/revisions\/3096"}],"up":[{"embeddable":true,"href":"https:\/\/www.frsn.utn.edu.ar\/index.php?rest_route=\/wp\/v2\/pages\/24"}],"wp:featuredmedia":[{"embeddable":true,"href":"https:\/\/www.frsn.utn.edu.ar\/index.php?rest_route=\/wp\/v2\/media\/2514"}],"wp:attachment":[{"href":"https:\/\/www.frsn.utn.edu.ar\/index.php?rest_route=%2Fwp%2Fv2%2Fmedia&parent=355"}],"curies":[{"name":"wp","href":"https:\/\/api.w.org\/{rel}","templated":true}]}}