{"id":352,"date":"2018-11-08T14:31:57","date_gmt":"2018-11-08T17:31:57","guid":{"rendered":"https:\/\/frsnweb2.frsn.utn.edu.ar\/?page_id=352"},"modified":"2023-09-26T11:25:33","modified_gmt":"2023-09-26T14:25:33","slug":"apoyo-academico","status":"publish","type":"page","link":"https:\/\/www.frsn.utn.edu.ar\/?page_id=352","title":{"rendered":"Apoyo Acad\u00e9mico"},"content":{"rendered":"<div class=\"x_elementToProof\">\n<p class=\"x_MsoNormal\"><b><span class=\"x_ContentPasted0\">Programa Institucional de Tutor\u00edas<\/span><\/b><\/p>\n<p class=\"x_MsoNormal\"><span class=\"x_ContentPasted0\">Equipo Interdisciplinario de Apoyo Acad\u00e9mico<\/span><\/p>\n<p class=\"x_MsoNormal\"><b><span class=\"x_ContentPasted0\">Funciones<\/span><\/b><\/p>\n<ul>\n<li class=\"x_MsoNormal\"><span class=\"x_ContentPasted0\">Coordinar el trabajo del Programa de Tutor\u00edas.<\/span><\/li>\n<li class=\"x_MsoNormal\"><span class=\"x_ContentPasted0\">Analizar las variaciones en el rendimiento acad\u00e9mico de las\/los alumnos.<\/span><\/li>\n<li class=\"x_MsoNormal\"><span class=\"x_ContentPasted0\">Proporcionar acompa\u00f1amiento acad\u00e9mico y profesional para favorecer la inserci\u00f3n del estudiantado en el nivel universitario.<\/span><\/li>\n<li class=\"x_MsoNormal\"><span class=\"x_ContentPasted0\">Organizar instancias de interacci\u00f3n con docentes de los diversos departamentos para el an\u00e1lisis de los problemas de rendimiento de los y las alumnas.<\/span><\/li>\n<\/ul>\n<p class=\"x_MsoListParagraphCxSpFirst\"><span class=\"x_ContentPasted0\">La modalidad adoptada son&nbsp;<b><i class=\"x_ContentPasted0\">tutor\u00edas motivacionales.&nbsp;<\/i><\/b>El horizonte de las acciones tutoriales est\u00e1 basada en los objetivos de obtener alumnos y alumnas aut\u00f3nomos\/as, protagonistas de su aprendizaje y su proyecto personal, con herramientas necesarias para disponer, decidir y armar un plan propio para lograr sus metas en el menor tiempo posible.<\/span><\/p>\n<p class=\"x_MsoListParagraphCxSpLast\"><span class=\"x_ContentPasted0\">Los tutores y las tutoras son alumnos avanzados, a quienes denominamos \u201ctutores pares\u201d. Est\u00e1n legitimados en esta funci\u00f3n, son un puntal, tienen cercan\u00eda generacional, mismos c\u00f3digos y se forman y capacitan para la acci\u00f3n tutorial.<\/span><\/p>\n<p class=\"x_MsoNormal\"><b><span class=\"x_ContentPasted0\">Responsable:&nbsp;<\/span><\/b><span class=\"x_ContentPasted0\">Dra. Graciela Mansilla<\/span><\/p>\n<p class=\"x_MsoNormal\"><b><span class=\"x_ContentPasted0\">Coordinaci\u00f3n general<\/span><\/b><span class=\"x_ContentPasted0\">: Psic. Mar\u00eda Jos\u00e9 Cardini<\/span><\/p>\n<p class=\"x_MsoNormal\"><span class=\"x_ContentPasted0\"><strong>Ing. Electr\u00f3nica:<\/strong> Ing. Humberto Magnasco<\/span><\/p>\n<p class=\"x_MsoNormal\"><span class=\"x_ContentPasted0\"><strong>Ing. Industrial:<\/strong> Psic. Luciana Starezewski<\/span><\/p>\n<p class=\"x_MsoNormal\"><span class=\"x_ContentPasted0\"><strong>Ing. Mec\u00e1nica:<\/strong> Asistente Social Graciela Silva<\/span><\/p>\n<p class=\"x_MsoNormal\"><span class=\"x_ContentPasted0\"><strong>Ing. El\u00e9ctrica:<\/strong> Psic. Mar\u00eda Jos\u00e9 Cardini<\/span><\/p>\n<p><span class=\"x_ContentPasted0\"><strong>Ing. Metal\u00fargica:<\/strong> Ing. Matias Ramirez<\/span><\/p><\/div>\n<div class=\"x_elementToProof\"><\/div>\n\n\n<p><strong>Gabinete de comunicaci\u00f3n oral y escrita<\/strong><\/p>\n","protected":false},"excerpt":{"rendered":"<p>Programa Institucional de Tutor\u00edas Equipo Interdisciplinario de Apoyo Acad\u00e9mico Funciones Coordinar el trabajo del Programa de Tutor\u00edas. Analizar las variaciones en el rendimiento acad\u00e9mico de las\/los alumnos. Proporcionar acompa\u00f1amiento acad\u00e9mico<\/p>\n","protected":false},"author":2,"featured_media":0,"parent":341,"menu_order":0,"comment_status":"closed","ping_status":"closed","template":"","meta":[],"_links":{"self":[{"href":"https:\/\/www.frsn.utn.edu.ar\/index.php?rest_route=\/wp\/v2\/pages\/352"}],"collection":[{"href":"https:\/\/www.frsn.utn.edu.ar\/index.php?rest_route=\/wp\/v2\/pages"}],"about":[{"href":"https:\/\/www.frsn.utn.edu.ar\/index.php?rest_route=\/wp\/v2\/types\/page"}],"author":[{"embeddable":true,"href":"https:\/\/www.frsn.utn.edu.ar\/index.php?rest_route=\/wp\/v2\/users\/2"}],"replies":[{"embeddable":true,"href":"https:\/\/www.frsn.utn.edu.ar\/index.php?rest_route=%2Fwp%2Fv2%2Fcomments&post=352"}],"version-history":[{"count":5,"href":"https:\/\/www.frsn.utn.edu.ar\/index.php?rest_route=\/wp\/v2\/pages\/352\/revisions"}],"predecessor-version":[{"id":3786,"href":"https:\/\/www.frsn.utn.edu.ar\/index.php?rest_route=\/wp\/v2\/pages\/352\/revisions\/3786"}],"up":[{"embeddable":true,"href":"https:\/\/www.frsn.utn.edu.ar\/index.php?rest_route=\/wp\/v2\/pages\/341"}],"wp:attachment":[{"href":"https:\/\/www.frsn.utn.edu.ar\/index.php?rest_route=%2Fwp%2Fv2%2Fmedia&parent=352"}],"curies":[{"name":"wp","href":"https:\/\/api.w.org\/{rel}","templated":true}]}}