{"id":35,"date":"2018-10-04T14:50:39","date_gmt":"2018-10-04T17:50:39","guid":{"rendered":"http:\/\/wordpress-test.frsn.utn.edu.ar\/?page_id=35"},"modified":"2025-12-17T19:14:17","modified_gmt":"2025-12-17T22:14:17","slug":"carreras-de-posgrado","status":"publish","type":"page","link":"https:\/\/www.frsn.utn.edu.ar\/?page_id=35","title":{"rendered":"Carreras de Posgrado"},"content":{"rendered":"<p>En cada ciclo lectivo ofrecemos una variada cantidad de&nbsp;carreras que tienen como finalidad el perfeccionamiento y actualizaci\u00f3n de los saberes obtenidos en la formaci\u00f3n de grado.<\/p>\n<p>Nuestras carreras ofrecen ampliaci\u00f3n y profundizaci\u00f3n de los conocimientos adquiridos en el cursado de las carreras de grado; actualizaci\u00f3n de los nuevos avances cient\u00edficos y tecnol\u00f3gicos y capacitaci\u00f3n en tem\u00e1ticas no contempladas o superadoras de la formaci\u00f3n de grado.<\/p>\n<p><strong>Especializaciones<\/strong><\/p>\n<ul>\n<li><a href=\"https:\/\/www.frsn.utn.edu.ar\/?page_id=539\">Ingenier\u00eda Gerencial<\/a><\/li>\n<li><a href=\"https:\/\/www.frsn.utn.edu.ar\/?page_id=543\">Docencia Universitaria<\/a><\/li>\n<li><a href=\"https:\/\/www.frsn.utn.edu.ar\/?page_id=2899\">Ingenier\u00eda en Calidad<\/a><\/li>\n<\/ul>\n<p><strong>Maestr\u00edas<\/strong><\/p>\n<ul>\n<li><a href=\"https:\/\/www.frsn.utn.edu.ar\/?page_id=550\">Administraci\u00f3n de Negocios<\/a><\/li>\n<li><a href=\"https:\/\/www.frsn.utn.edu.ar\/?page_id=552\">Docencia Universitaria<\/a><\/li>\n<\/ul>\n<p><strong>Doctorado<\/strong><\/p>\n<ul>\n<li><a href=\"https:\/\/www.frsn.utn.edu.ar\/?page_id=555\">Ingenier\u00eda Menci\u00f3n Materiales<\/a><\/li>\n<\/ul>\n\n\n<p><strong>Requisitos y pasos de inscripci\u00f3n<\/strong><\/p>\n\n\n\n<ul>\n<li>Fotocopia de DNI de ambos lados<\/li>\n<\/ul>\n\n\n\n<ul>\n<li>Fotocopia de la partida de nacimiento<\/li>\n<\/ul>\n\n\n\n<ul>\n<li>Constancia de CUIL<\/li>\n<\/ul>\n\n\n\n<ul>\n<li>T\u00edtulo de grado<\/li>\n<\/ul>\n\n\n\n<p><\/p>\n","protected":false},"excerpt":{"rendered":"<p>En cada ciclo lectivo ofrecemos una variada cantidad de&nbsp;carreras que tienen como finalidad el perfeccionamiento y actualizaci\u00f3n de los saberes obtenidos en la formaci\u00f3n de grado. Nuestras carreras ofrecen ampliaci\u00f3n<\/p>\n","protected":false},"author":2,"featured_media":2514,"parent":30,"menu_order":2,"comment_status":"closed","ping_status":"closed","template":"","meta":[],"_links":{"self":[{"href":"https:\/\/www.frsn.utn.edu.ar\/index.php?rest_route=\/wp\/v2\/pages\/35"}],"collection":[{"href":"https:\/\/www.frsn.utn.edu.ar\/index.php?rest_route=\/wp\/v2\/pages"}],"about":[{"href":"https:\/\/www.frsn.utn.edu.ar\/index.php?rest_route=\/wp\/v2\/types\/page"}],"author":[{"embeddable":true,"href":"https:\/\/www.frsn.utn.edu.ar\/index.php?rest_route=\/wp\/v2\/users\/2"}],"replies":[{"embeddable":true,"href":"https:\/\/www.frsn.utn.edu.ar\/index.php?rest_route=%2Fwp%2Fv2%2Fcomments&post=35"}],"version-history":[{"count":15,"href":"https:\/\/www.frsn.utn.edu.ar\/index.php?rest_route=\/wp\/v2\/pages\/35\/revisions"}],"predecessor-version":[{"id":6554,"href":"https:\/\/www.frsn.utn.edu.ar\/index.php?rest_route=\/wp\/v2\/pages\/35\/revisions\/6554"}],"up":[{"embeddable":true,"href":"https:\/\/www.frsn.utn.edu.ar\/index.php?rest_route=\/wp\/v2\/pages\/30"}],"wp:featuredmedia":[{"embeddable":true,"href":"https:\/\/www.frsn.utn.edu.ar\/index.php?rest_route=\/wp\/v2\/media\/2514"}],"wp:attachment":[{"href":"https:\/\/www.frsn.utn.edu.ar\/index.php?rest_route=%2Fwp%2Fv2%2Fmedia&parent=35"}],"curies":[{"name":"wp","href":"https:\/\/api.w.org\/{rel}","templated":true}]}}