{"id":3445,"date":"2023-07-04T13:00:29","date_gmt":"2023-07-04T16:00:29","guid":{"rendered":"https:\/\/www.frsn.utn.edu.ar\/?page_id=3445"},"modified":"2023-07-04T13:00:42","modified_gmt":"2023-07-04T16:00:42","slug":"grupo-de-robotica-y-vision-artificial-grova","status":"publish","type":"page","link":"https:\/\/www.frsn.utn.edu.ar\/?page_id=3445","title":{"rendered":"Grupo de Rob\u00f3tica y Visi\u00f3n Artificial &#8211; GROVA"},"content":{"rendered":"\n<p><strong>Integrantes de GROVA<\/strong><\/p>\n\n\n\n<p><strong>Coordinador:<\/strong><\/p>\n\n\n\n<p>Ing. Ricardo Mart\u00edn Fernandez<\/p>\n\n\n\n<p><strong>Docentes Investigadores:<\/strong><\/p>\n\n\n\n<p>Ing. Germ\u00e1n Plattoni<\/p>\n\n\n\n<p>Ing. Walter Pechin<\/p>\n\n\n\n<p>Sra. Andrea Ciz<\/p>\n\n\n\n<p>Sr. Federico Cuccioletta<\/p>\n\n\n\n<p>El grupo est\u00e1 integrado por j\u00f3venes profesionales con dilatada<br>experiencia en el dise\u00f1o y desarrollo de proyectos tecnol\u00f3gicos e<br>investigaci\u00f3n en las siguientes \u00e1reas de inter\u00e9s:<\/p>\n\n\n\n<ul>\n<li>Rob\u00f3tica industrial (brazo robots manipuladores) <\/li>\n\n\n\n<li>Brazo impreso en 3D con dise\u00f1o de algoritmo de control<\/li>\n\n\n\n<li>Bases m\u00f3viles (uso industrial y agropecuario) <\/li>\n\n\n\n<li>Aplicaciones para invernaderos<\/li>\n\n\n\n<li>Dise\u00f1o electr\u00f3nico (dise\u00f1o de placas de control electr\u00f3nicas)<\/li>\n\n\n\n<li>Equipos de telemetr\u00eda (arquitecturas para la recolecci\u00f3n de datos y su posterior procesamiento) <\/li>\n\n\n\n<li>Equipo en fase de patente y protecci\u00f3n Intelectual<\/li>\n\n\n\n<li>Dise\u00f1o mec\u00e1nico (dise\u00f1o de estructuras y mecanismos)<\/li>\n\n\n\n<li>Impresi\u00f3n 3D (modelado 3D, escaneo e impresi\u00f3n 3D).<\/li>\n\n\n\n<li>Dise\u00f1o y construcci\u00f3n de kits educativos de rob\u00f3tica<\/li>\n<\/ul>\n","protected":false},"excerpt":{"rendered":"<p>Integrantes de GROVA Coordinador: Ing. Ricardo Mart\u00edn Fernandez Docentes Investigadores: Ing. Germ\u00e1n Plattoni Ing. Walter Pechin Sra. Andrea Ciz Sr. Federico Cuccioletta El grupo est\u00e1 integrado por j\u00f3venes profesionales con<\/p>\n","protected":false},"author":2,"featured_media":0,"parent":0,"menu_order":0,"comment_status":"closed","ping_status":"closed","template":"","meta":[],"_links":{"self":[{"href":"https:\/\/www.frsn.utn.edu.ar\/index.php?rest_route=\/wp\/v2\/pages\/3445"}],"collection":[{"href":"https:\/\/www.frsn.utn.edu.ar\/index.php?rest_route=\/wp\/v2\/pages"}],"about":[{"href":"https:\/\/www.frsn.utn.edu.ar\/index.php?rest_route=\/wp\/v2\/types\/page"}],"author":[{"embeddable":true,"href":"https:\/\/www.frsn.utn.edu.ar\/index.php?rest_route=\/wp\/v2\/users\/2"}],"replies":[{"embeddable":true,"href":"https:\/\/www.frsn.utn.edu.ar\/index.php?rest_route=%2Fwp%2Fv2%2Fcomments&post=3445"}],"version-history":[{"count":1,"href":"https:\/\/www.frsn.utn.edu.ar\/index.php?rest_route=\/wp\/v2\/pages\/3445\/revisions"}],"predecessor-version":[{"id":3446,"href":"https:\/\/www.frsn.utn.edu.ar\/index.php?rest_route=\/wp\/v2\/pages\/3445\/revisions\/3446"}],"wp:attachment":[{"href":"https:\/\/www.frsn.utn.edu.ar\/index.php?rest_route=%2Fwp%2Fv2%2Fmedia&parent=3445"}],"curies":[{"name":"wp","href":"https:\/\/api.w.org\/{rel}","templated":true}]}}