{"id":341,"date":"2018-11-08T14:12:08","date_gmt":"2018-11-08T17:12:08","guid":{"rendered":"https:\/\/frsnweb2.frsn.utn.edu.ar\/?page_id=341"},"modified":"2024-08-07T14:24:26","modified_gmt":"2024-08-07T17:24:26","slug":"academica-y-de-planeamiento","status":"publish","type":"page","link":"https:\/\/www.frsn.utn.edu.ar\/?page_id=341","title":{"rendered":"Acad\u00e9mica y de Planeamiento"},"content":{"rendered":"<p><strong>SECRETARIA ACAD\u00c9MICA Y DE PLANEAMIENTO<\/strong><\/p>\n<p>Dra. Graciela Anal\u00eda Mansilla<\/p>\n<p><strong>SUBSECRETARIA<\/strong><\/p>\n<p>Esp. Natalia Cabo<\/p>\n<p><strong>MISI\u00d3N<\/strong><\/p>\n<p>Entender en el planeamiento, tramitaci\u00f3n, estudio, resoluci\u00f3n y ejecuci\u00f3n de los asuntos relativos a la docencia, alumnos y graduados, a fin de asegurar la formaci\u00f3n integral de profesionales responsables y tendientes al compromiso social y medioambiental.<\/p>\n<p><strong>VISI\u00d3N<\/strong><\/p>\n<p>Alcanzar la formaci\u00f3n de profesionales en las diversas especialidades de la ingenier\u00eda, consistente con los perfiles estrat\u00e9gicos definidos por cada carrera, con alto nivel de conocimientos disciplinares, comprometidos con el medio social y respetuosos del medio ambiente.<\/p>\n<p><strong>OBJETIVOS<\/strong><\/p>\n<ul>\n<li>Trabajar sostenidamente en los procesos de certificaci\u00f3n nacional e internacional de la calidad acad\u00e9mica de las carreras.<\/li>\n<li>Intervenir en la formaci\u00f3n de objetivos y pol\u00edticas relativas de la ense\u00f1anza a trav\u00e9s de la definici\u00f3n de perfiles estrat\u00e9gicos de las carreras. Es decir, colaborando con los departamentos para que desde la primera a la \u00faltima asignatura se visualice el distingo definido, que la formaci\u00f3n de los alumnos favorezca el desarrollo de los proyectos de investigaci\u00f3n y la prestaci\u00f3n de servicios orientados en esa misma direcci\u00f3n.<\/li>\n<li>Trabajar de manera continua las cuestiones acad\u00e9micas relacionadas con el perfeccionamiento y la actualizaci\u00f3n del personal docente de grado, as\u00ed como coordinar la realizaci\u00f3n y tramitaci\u00f3n de los concursos, carrera acad\u00e9mica, designaciones, contrataciones y renovaciones de profesores y auxiliares de docencia.<\/li>\n<li>Planificar, desarrollar, coordinar y efectuar el Seminario Universitario de ingreso a la Facultad Regional San Nicol\u00e1s en sus carreras de grado, atendiendo particularmente a establecer acciones de articulaci\u00f3n acad\u00e9mica con la ense\u00f1anza Media y Superior.<\/li>\n<li>Coordinar el proceso administrativo de admisi\u00f3n, inscripci\u00f3n y las tareas inherentes al registro acad\u00e9mico de los alumnos, hasta la expedici\u00f3n de t\u00edtulos.<\/li>\n<li>Monitorear el rendimiento acad\u00e9mico de los alumnos y adoptar pol\u00edticas en consecuencia a fin de facilitar el proceso de aprendizaje.<\/li>\n<li>Entender en las actividades concernientes al Servicio de Biblioteca y a la difusi\u00f3n de informaci\u00f3n.<\/li>\n<\/ul>\n<p><strong>FUNCIONES<\/strong><\/p>\n<ul>\n<li>Intervenir en la formaci\u00f3n de objetivos y pol\u00edticas relativas de la ense\u00f1anza.<\/li>\n<li>Entender en las cuestiones acad\u00e9micas relacionadas con el personal docente y de investigaci\u00f3n.<\/li>\n<li>Planificar, desarrollar, coordinar y efectuar el Seminario Universitario de ingreso a la Facultad Regional San Nicol\u00e1s en sus carreras de grado.<\/li>\n<li>Coordinar la realizaci\u00f3n y tramitaci\u00f3n de los concursos, designaciones, contrataciones y renovaciones de profesores y auxiliares de docencia.<\/li>\n<li>Promover y coordinar los estudios y actividades relacionadas con la pedagog\u00eda y el perfeccionamiento docente.<\/li>\n<li>Entender en las actividades concernientes al Servicio de Biblioteca y a\u00a0la difusi\u00f3n de informaci\u00f3n acad\u00e9mica.<\/li>\n<li>Coordinar el proceso de admisi\u00f3n, inscripci\u00f3n y las tareas inherentes al registro de alumnos e intervenir en la expedici\u00f3n de diplomas, rev\u00e1lidas y habilitaci\u00f3n de t\u00edtulos, suscribiendo conjuntamente con el Decano, los expedidos por la Facultad.<\/li>\n<li>Entender en la elaboraci\u00f3n, modificaci\u00f3n y cambio de los planes de estudio y r\u00e9gimen de ense\u00f1anza.<\/li>\n<li>Planificar, desarrollar, coordinar y efectuar acciones de articulaci\u00f3n acad\u00e9mica con niveles de ense\u00f1anza Media y Superior no universitaria.<\/li>\n<\/ul>\n<p><strong>\u00c1REAS Y DEPENDENCIAS<\/strong><\/p>\n<ul>\n<li>Departamento Ingreso<\/li>\n<li><a href=\"https:\/\/www.frsn.utn.edu.ar\/?page_id=350\">Direcci\u00f3n Concursos y Carrera Acad\u00e9mica<\/a><\/li>\n<li><a href=\"https:\/\/www.frsn.utn.edu.ar\/?page_id=352\">Apoyo Acad\u00e9mico\u00a0<\/a><\/li>\n<li><a href=\"https:\/\/www.frsn.utn.edu.ar\/?page_id=3270\">Orientaci\u00f3n y apoyo a la diversidad<\/a><\/li>\n<\/ul>\n","protected":false},"excerpt":{"rendered":"<p>SECRETARIA ACAD\u00c9MICA Y DE PLANEAMIENTO Dra. Graciela Anal\u00eda Mansilla SUBSECRETARIA Esp. Natalia Cabo MISI\u00d3N Entender en el planeamiento, tramitaci\u00f3n, estudio, resoluci\u00f3n y ejecuci\u00f3n de los asuntos relativos a la docencia,<\/p>\n","protected":false},"author":2,"featured_media":2514,"parent":24,"menu_order":0,"comment_status":"closed","ping_status":"closed","template":"","meta":[],"_links":{"self":[{"href":"https:\/\/www.frsn.utn.edu.ar\/index.php?rest_route=\/wp\/v2\/pages\/341"}],"collection":[{"href":"https:\/\/www.frsn.utn.edu.ar\/index.php?rest_route=\/wp\/v2\/pages"}],"about":[{"href":"https:\/\/www.frsn.utn.edu.ar\/index.php?rest_route=\/wp\/v2\/types\/page"}],"author":[{"embeddable":true,"href":"https:\/\/www.frsn.utn.edu.ar\/index.php?rest_route=\/wp\/v2\/users\/2"}],"replies":[{"embeddable":true,"href":"https:\/\/www.frsn.utn.edu.ar\/index.php?rest_route=%2Fwp%2Fv2%2Fcomments&post=341"}],"version-history":[{"count":14,"href":"https:\/\/www.frsn.utn.edu.ar\/index.php?rest_route=\/wp\/v2\/pages\/341\/revisions"}],"predecessor-version":[{"id":4795,"href":"https:\/\/www.frsn.utn.edu.ar\/index.php?rest_route=\/wp\/v2\/pages\/341\/revisions\/4795"}],"up":[{"embeddable":true,"href":"https:\/\/www.frsn.utn.edu.ar\/index.php?rest_route=\/wp\/v2\/pages\/24"}],"wp:featuredmedia":[{"embeddable":true,"href":"https:\/\/www.frsn.utn.edu.ar\/index.php?rest_route=\/wp\/v2\/media\/2514"}],"wp:attachment":[{"href":"https:\/\/www.frsn.utn.edu.ar\/index.php?rest_route=%2Fwp%2Fv2%2Fmedia&parent=341"}],"curies":[{"name":"wp","href":"https:\/\/api.w.org\/{rel}","templated":true}]}}