{"id":33,"date":"2018-10-04T14:49:49","date_gmt":"2018-10-04T17:49:49","guid":{"rendered":"http:\/\/wordpress-test.frsn.utn.edu.ar\/?page_id=33"},"modified":"2024-12-20T12:15:23","modified_gmt":"2024-12-20T15:15:23","slug":"carreras-de-grado","status":"publish","type":"page","link":"https:\/\/www.frsn.utn.edu.ar\/?page_id=33","title":{"rendered":"Carreras de Grado"},"content":{"rendered":"<p>La Facultad Regional San Nicol\u00e1s ofrece carreras de grado relacionadas con las necesidades sociales y empresariales de la regi\u00f3n, con un alto nivel de excelencia acad\u00e9mica y una gran demanda laboral de los estudiantes y\u00a0 graduados.\u00a0<\/p>\n<p><strong>Ingenier\u00edas<\/strong><\/p>\n<ul>\n<li><a href=\"https:\/\/www.frsn.utn.edu.ar\/?page_id=516\">Ingenier\u00eda en Energ\u00eda El\u00e9ctrica <\/a>(5 a\u00f1os)<\/li>\n<li><a href=\"https:\/\/www.frsn.utn.edu.ar\/?page_id=521\">Ingenier\u00eda Electr\u00f3nica <\/a>(5 a\u00f1os y medio)<\/li>\n<li><a href=\"https:\/\/www.frsn.utn.edu.ar\/?page_id=5394\" target=\"_blank\" rel=\"noopener\">Ingenier\u00eda en Sistemas de Informaci\u00f3n<\/a> (5 a\u00f1os)<\/li>\n<li><a href=\"https:\/\/www.frsn.utn.edu.ar\/?page_id=523\">Ingenier\u00eda Industrial<\/a> (5 a\u00f1os)<\/li>\n<li><a href=\"https:\/\/www.frsn.utn.edu.ar\/?page_id=525\">Ingenier\u00eda Mec\u00e1nica <\/a>(5 a\u00f1os)<\/li>\n<li><a href=\"https:\/\/www.frsn.utn.edu.ar\/?page_id=527\">Ingenier\u00eda Metal\u00fargica (<\/a>5 a\u00f1os)<\/li>\n<\/ul>\n<p><strong>Perfil del Ingeniero y la Ingeniera de la UTN<\/strong><\/p>\n<p>Quienes se grad\u00faan en la UTN se han formado para ejercer su profesi\u00f3n con idoneidad, \u00e9tica y competencia en cualquier lugar del mundo y, especialmente, en cualquiera de los pa\u00edses de la regi\u00f3n debido a su comprensi\u00f3n de los valores hist\u00f3ricos, culturales y sociales que nos identifican. Su formaci\u00f3n est\u00e1 orientada al manejo, aprovechamiento, cuidado y conocimiento de los recursos, en base a las expectativas y necesidades de la regi\u00f3n iberoamericana. La competencia de autoformaci\u00f3n y la flexibilidad para aceptar la naturaleza permanente de los cambios son parte de su formaci\u00f3n como profesional con capacidad de innovaci\u00f3n para atender el impacto que tienen en la regi\u00f3n los din\u00e1micos cambios del conocimiento, la obsolescencia de las tareas profesionales, los virajes en la orientaci\u00f3n geoecon\u00f3mica, los acuerdos sobre protecci\u00f3n del ambiente y las crecientes demandas de participaci\u00f3n democr\u00e1tica y desarrollo sostenido.<\/p>\n<p>Se caracterizan por enfocarse en la producci\u00f3n sostenible preservando los recursos naturales para las generaciones futuras y la responsabilidad de mantener el equilibrio entre la protecci\u00f3n de estos recursos y la satisfacci\u00f3n de las necesidades b\u00e1sicas de la poblaci\u00f3n. Asumen la responsabilidad de resolver los problemas de las comunidades y de las regiones o territorios a las que pertenecen.<\/p>\n<p>En resumen, se forman profesionales globales con compromiso y pertinencia local, con s\u00f3lidas bases cient\u00edficas, t\u00e9cnicas, tecnol\u00f3gicas, culturales y con arraigados valores y principios, conscientes de la importancia y significado de sus nexos con la historia y el desarrollo regional, fieles a sus compromisos sociales y ambientales, con capacidad para identificar los problemas y oportunidades del entorno para actuar de manera responsable y competente en cualquier escenario nacional e internacional.<\/p>\n<p><strong>Licenciaturas<\/strong><\/p>\n<ul>\n<li><a href=\"https:\/\/www.frsn.utn.edu.ar\/?page_id=530\">Licenciatura en Administraci\u00f3n Rural <\/a>(4 a\u00f1os &#8211; se dicta en Chivilcoy y Chacabuco)<\/li>\n<li><a href=\"https:\/\/www.frsn.utn.edu.ar\/?page_id=532\">Licenciatura en Organizaci\u00f3n Industrial<\/a>\u00a0(4 a\u00f1os &#8211; se dicta en Chivilcoy y Chacabuco)<\/li>\n<\/ul>\n\n\n<p><strong>Informes e Inscripci\u00f3n<\/strong><\/p>\n\n\n\n<p>Departamento Alumnado<\/p>\n\n\n\n<p>Lunes a viernes de 17 a 21 hs.<\/p>\n\n\n\n<p>Col\u00f3n 332- TE: 0336-4420830\/4425266 \u2013 int 117<\/p>\n","protected":false},"excerpt":{"rendered":"<p>La Facultad Regional San Nicol\u00e1s ofrece carreras de grado relacionadas con las necesidades sociales y empresariales de la regi\u00f3n, con un alto nivel de excelencia acad\u00e9mica y una gran demanda<\/p>\n","protected":false},"author":2,"featured_media":2514,"parent":30,"menu_order":1,"comment_status":"closed","ping_status":"closed","template":"","meta":[],"_links":{"self":[{"href":"https:\/\/www.frsn.utn.edu.ar\/index.php?rest_route=\/wp\/v2\/pages\/33"}],"collection":[{"href":"https:\/\/www.frsn.utn.edu.ar\/index.php?rest_route=\/wp\/v2\/pages"}],"about":[{"href":"https:\/\/www.frsn.utn.edu.ar\/index.php?rest_route=\/wp\/v2\/types\/page"}],"author":[{"embeddable":true,"href":"https:\/\/www.frsn.utn.edu.ar\/index.php?rest_route=\/wp\/v2\/users\/2"}],"replies":[{"embeddable":true,"href":"https:\/\/www.frsn.utn.edu.ar\/index.php?rest_route=%2Fwp%2Fv2%2Fcomments&post=33"}],"version-history":[{"count":14,"href":"https:\/\/www.frsn.utn.edu.ar\/index.php?rest_route=\/wp\/v2\/pages\/33\/revisions"}],"predecessor-version":[{"id":5397,"href":"https:\/\/www.frsn.utn.edu.ar\/index.php?rest_route=\/wp\/v2\/pages\/33\/revisions\/5397"}],"up":[{"embeddable":true,"href":"https:\/\/www.frsn.utn.edu.ar\/index.php?rest_route=\/wp\/v2\/pages\/30"}],"wp:featuredmedia":[{"embeddable":true,"href":"https:\/\/www.frsn.utn.edu.ar\/index.php?rest_route=\/wp\/v2\/media\/2514"}],"wp:attachment":[{"href":"https:\/\/www.frsn.utn.edu.ar\/index.php?rest_route=%2Fwp%2Fv2%2Fmedia&parent=33"}],"curies":[{"name":"wp","href":"https:\/\/api.w.org\/{rel}","templated":true}]}}