{"id":3275,"date":"2023-06-08T19:00:55","date_gmt":"2023-06-08T22:00:55","guid":{"rendered":"https:\/\/www.frsn.utn.edu.ar\/?page_id=3275"},"modified":"2025-07-10T10:10:55","modified_gmt":"2025-07-10T13:10:55","slug":"cursos-2o-cuatrimestre","status":"publish","type":"page","link":"https:\/\/www.frsn.utn.edu.ar\/?page_id=3275","title":{"rendered":"Cursos 2\u00ba Cuatrimestre 2025"},"content":{"rendered":"\n<p><strong>Cursos del 2do CUATRIMESTRE 2025: <\/strong>del lunes 11 de agosto al viernes 28 de noviembre<\/p>\n\n\n\n<ul>\n<li><strong>\u00c1REA ARTE AUDIOVISUAL<\/strong><\/li>\n<\/ul>\n\n\n\n<p><strong>HISTORIA DEL ARTE: Un viaje en el tiempo: desde la prehistoria a las primeras civilizaciones<br><\/strong>Curso 111: lunes de 14:30 a 16:30 hs<\/p>\n\n\n\n<p><a href=\"https:\/\/www.frsn.utn.edu.ar\/wp-content\/uploads\/2025\/07\/Curso-111-HISTORIA-DEL-ARTE-2do.-C-2025.doc\" target=\"_blank\" rel=\"noreferrer noopener\">Ver programa&#8230;<\/a><\/p>\n\n\n\n<p>Curso 112: s\u00e1bado de 9:00 a 11:30 hs (virtual) NUEVO<\/p>\n\n\n\n<p><a href=\"https:\/\/www.frsn.utn.edu.ar\/wp-content\/uploads\/2025\/07\/Curso-112-HISTORIA-DEL-ARTE-2doC-VIRTUAL-1.doc\" target=\"_blank\" rel=\"noreferrer noopener\">Ver programa\u2026<br><\/a>Prof. MATHIEU, Silvia y BALBIS, Pablo<\/p>\n\n\n\n<p><\/p>\n\n\n\n<p><strong>TALLER DIBUJO Y PINTURA: pongamos color a nuestras vidas<br><\/strong>Curso 115: martes de 9:30 a 11:30 hs NUEVO<\/p>\n\n\n\n<p><a href=\"https:\/\/www.frsn.utn.edu.ar\/wp-content\/uploads\/2025\/07\/Curso-115-TALLER-DE-DIBUJO-Y-PINTURA.docx\" target=\"_blank\" rel=\"noreferrer noopener\">Ver programa\u2026<br><\/a>Curso 116: viernes de 14:30 a 16:30 hs<\/p>\n\n\n\n<p><a href=\"https:\/\/www.frsn.utn.edu.ar\/wp-content\/uploads\/2025\/07\/Curso-116-TALLER-DE-DIBUJO-Y-PINTURA.docx\" target=\"_blank\" rel=\"noreferrer noopener\">Ver programa\u2026<br><\/a>Prof. BALBIS, Pablo<\/p>\n\n\n\n<p><strong>TALLER DE TEATRO: del juego a la escena<br><\/strong>Curso 123: jueves de 14:30 a 16:30 hs<br>Prof. GARC\u00cdA LAPLAZA, Ramiro<\/p>\n\n\n\n<p><a href=\"https:\/\/www.frsn.utn.edu.ar\/wp-content\/uploads\/2025\/07\/Curso-123-TALLER-DE-TEATRO-tecnicas-teatrales.docx\" target=\"_blank\" rel=\"noreferrer noopener\">Ver programa\u2026<\/a><\/p>\n\n\n\n<hr class=\"wp-block-separator has-alpha-channel-opacity\"\/>\n\n\n\n<ul>\n<li><strong>\u00c1REA M\u00daSICA Y DANZA <\/strong><\/li>\n<\/ul>\n\n\n\n<p><strong>CORO: TALLER DE CANTO CORAL<br><\/strong>Curso 130: mi\u00e9rcoles de 14:30 a 16:30 hs<br>Prof. MART\u00cdN, Gonzalo<\/p>\n\n\n\n<p><a href=\"https:\/\/www.frsn.utn.edu.ar\/wp-content\/uploads\/2025\/07\/Curso-130-TALLER-DE-CANTO-CORAL.docx\" target=\"_blank\" rel=\"noreferrer noopener\">Ver programa\u2026<\/a><\/p>\n\n\n\n<p><strong>TALLER DE T\u00c9CNICA VOCAL<br><\/strong>Curso 131: viernes de 14 a 16 hs<br>Prof. MANSILLA, Eduardo<\/p>\n\n\n\n<p><a href=\"https:\/\/www.frsn.utn.edu.ar\/wp-content\/uploads\/2025\/07\/Curso-131-TALLER-DE-TECNICA-VOCAL.docx\" target=\"_blank\" rel=\"noreferrer noopener\">Ver programa\u2026<\/a><\/p>\n\n\n\n<p><strong>TALLER DE GUITARRA CRIOLLA: nunca es tarde para aprender.<br><\/strong>Curso 132 Inicial 1: lunes de 15 a 17 hs<\/p>\n\n\n\n<p><a href=\"https:\/\/www.frsn.utn.edu.ar\/wp-content\/uploads\/2025\/07\/Curso-132-GUITARRA-inicial.docx\" target=\"_blank\" rel=\"noreferrer noopener\">Ver programa\u2026<br><\/a>Curso 133 Inicial 2: martes de 15 a 17 hs<\/p>\n\n\n\n<p><a href=\"https:\/\/www.frsn.utn.edu.ar\/wp-content\/uploads\/2025\/07\/Curso-133-GUITARRA-inicial-2.docx\" target=\"_blank\" rel=\"noreferrer noopener\">Ver programa\u2026<br><\/a>Curso 134 Inicial 3: viernes de 15 a 17 hs<\/p>\n\n\n\n<p><a href=\"https:\/\/www.frsn.utn.edu.ar\/wp-content\/uploads\/2025\/07\/Curso-134-GUITARRA-inicial-3.docx\" target=\"_blank\" rel=\"noreferrer noopener\">Ver programa\u2026<br><\/a>Curso 135 Intermedio: jueves de 15 a 17 hs<\/p>\n\n\n\n<p><a href=\"https:\/\/www.frsn.utn.edu.ar\/wp-content\/uploads\/2025\/07\/Curso-135-GUITARRA-intermedia.docx\" target=\"_blank\" rel=\"noreferrer noopener\">Ver programa\u2026<br><\/a>Curso 136 Avanzado: mi\u00e9rcoles 15 a 17 hs<\/p>\n\n\n\n<p><a href=\"https:\/\/www.frsn.utn.edu.ar\/wp-content\/uploads\/2025\/07\/Curso-136-GUITARRA-avanzada.docx\">Ver programa\u2026<br><\/a>Prof. SCORCHELLI, Silvio<\/p>\n\n\n\n<p><strong>TALLER DE FOLKLORE: los ritmos de mi tierra<br><\/strong>Curso 137 Inicial: martes de 10,15 a 12 hs<\/p>\n\n\n\n<p>Ver <a href=\"https:\/\/www.frsn.utn.edu.ar\/wp-content\/uploads\/2025\/07\/Curso-137-FOLKLORE-inicial-1.docx\" target=\"_blank\" rel=\"noreferrer noopener\">programa<\/a>\u2026<br>Curso 138 Intermedio: viernes de 10 a 12 hs<\/p>\n\n\n\n<p><a href=\"https:\/\/www.frsn.utn.edu.ar\/wp-content\/uploads\/2025\/07\/Curso-138-FOLKLORE-TM-Nivel-Intermedio.docx\" target=\"_blank\" rel=\"noreferrer noopener\">Ver programa\u2026<br><\/a>Curso 139 Intermedio: viernes de 14 a 16 hs<\/p>\n\n\n\n<p>Ver <a href=\"https:\/\/www.frsn.utn.edu.ar\/wp-content\/uploads\/2025\/07\/Curso-139-FOLKLORE-TT.docx\" target=\"_blank\" rel=\"noreferrer noopener\">programa<\/a>\u2026<br>Prof. SCHNACK, Carina<\/p>\n\n\n\n<hr class=\"wp-block-separator has-alpha-channel-opacity\"\/>\n\n\n\n<ul>\n<li><strong>\u00c1REA DISE\u00d1O Y ARTESAN\u00cdAS<\/strong><\/li>\n<\/ul>\n\n\n\n<p><strong>PAISAJISMO\/HUERTA<br><\/strong>Curso 145: Nivel 1: viernes de 14 a 16 hs<\/p>\n\n\n\n<p><a href=\"https:\/\/www.frsn.utn.edu.ar\/wp-content\/uploads\/2025\/07\/Curso-145-PAISAJISMO-y-HUERTA-I.docx\" target=\"_blank\" rel=\"noreferrer noopener\">Ver programa\u2026<br><\/a>Curso 146: Nivel 2: viernes de 9 a 11 hs<\/p>\n\n\n\n<p><a href=\"https:\/\/www.frsn.utn.edu.ar\/wp-content\/uploads\/2025\/07\/Curso-146-PAISAJISMO-II.docx\" target=\"_blank\" rel=\"noreferrer noopener\">Ver programa\u2026<br><\/a>Prof. MADARIAGA CARRE\u00d1O, Margarita<\/p>\n\n\n\n<p><strong>TALLER DE MARROQUINER\u00cdA<br><\/strong>Curso 151: jueves de 9:30 a 11:30 hs<\/p>\n\n\n\n<p><a href=\"https:\/\/www.frsn.utn.edu.ar\/wp-content\/uploads\/2025\/07\/Curso-151-MARROQUINERIA.docx\" target=\"_blank\" rel=\"noreferrer noopener\">Ver programa\u2026<br><\/a>Prof. MU\u00d1OZ, Anal\u00eda<\/p>\n\n\n\n<hr class=\"wp-block-separator has-alpha-channel-opacity\"\/>\n\n\n\n<ul>\n<li><strong>\u00c1REA LITERATURA, REFLEXI\u00d3N Y COMUNICACI\u00d3N<\/strong><\/li>\n<\/ul>\n\n\n\n<p><strong>BIENESTAR EMOCIONAL Y MEDITACI\u00d3N<br><\/strong>Curso 401: mi\u00e9rcoles de 14,30 a 16,30 hs<\/p>\n\n\n\n<p>Ver <a href=\"https:\/\/www.frsn.utn.edu.ar\/wp-content\/uploads\/2025\/07\/Curso-401-Proyecto-de-Bienestar-Emocional-y-Meditacion-2do-C.docx\" target=\"_blank\" rel=\"noreferrer noopener\">programa<\/a>\u2026<br>Prof. NOZZI, Domingo <\/p>\n\n\n\n<p><strong>TALLER DE NARRACI\u00d3N ORAL \u201cCuento con voz\u201d<br><\/strong>Curso 402: martes de 14,30 a 16,30 hs<\/p>\n\n\n\n<p>Ver <a href=\"https:\/\/www.frsn.utn.edu.ar\/wp-content\/uploads\/2025\/07\/Curso-402-TALLER-DE-NARRACION-ORAL-Cuento-con-voz.docx\" target=\"_blank\" rel=\"noreferrer noopener\">programa<\/a>\u2026<br>Prof. ROTEMBERG, Irene<\/p>\n\n\n\n<p><strong>LITERATURA: An\u00e1lisis Literario: el lector cr\u00edtico<br><\/strong>Curso 403: jueves de 15 a 17 hs<\/p>\n\n\n\n<p>Ver <a href=\"https:\/\/www.frsn.utn.edu.ar\/wp-content\/uploads\/2025\/07\/Curso-403-ANALISIS-LITERARIO.docx\" target=\"_blank\" rel=\"noreferrer noopener\">programa<\/a>\u2026<br>Prof. CAIRO, Miriam<\/p>\n\n\n\n<p><strong>EL TALLER DE LA RISA: juegos de improvisaci\u00f3n<br><\/strong>Curso 404: jueves de 15 a 17 hs<\/p>\n\n\n\n<p><a href=\"https:\/\/www.frsn.utn.edu.ar\/wp-content\/uploads\/2025\/07\/Curso-404-TALLER-DE-LA-RISA.docx\" target=\"_blank\" rel=\"noreferrer noopener\">Ver programa\u2026<br><\/a>Prof. GIROLAMI, Bel\u00e9n<\/p>\n\n\n\n<p><strong>RECORRIENDO ARGENTINA: experiencia Ruta 40; la leyenda contin\u00faa. Regi\u00f3n NOA.<br><\/strong>Curso 410: martes de 14:45 a 16:45 hs<\/p>\n\n\n\n<p><a href=\"https:\/\/www.frsn.utn.edu.ar\/wp-content\/uploads\/2025\/07\/Curso-410-RECORRIENDO-ARGENTINA.docx\" target=\"_blank\" rel=\"noreferrer noopener\">Ver programa\u2026<br><\/a>Prof. ARIAS, Miriam Beatriz<\/p>\n\n\n\n<hr class=\"wp-block-separator has-alpha-channel-opacity\"\/>\n\n\n\n<ul>\n<li><strong>\u00c1REA IDIOMA INGL\u00c9S continuaci\u00f3n del 1er Cuatrimestre<\/strong><\/li>\n<\/ul>\n\n\n\n<p>Curso 501 Inicial 1: mi\u00e9rcoles de 9,30 a 11,30 hs<\/p>\n\n\n\n<p><a href=\"https:\/\/www.frsn.utn.edu.ar\/wp-content\/uploads\/2025\/07\/Curso-501-Ingles-Inicial-ENRICO.docx\" target=\"_blank\" rel=\"noreferrer noopener\">Ver programa\u2026<br><\/a>Prof. ENRICO, Alejandra<\/p>\n\n\n\n<p>Curso 502 Inicial 2: jueves de 14:30 a 16:30 hs<\/p>\n\n\n\n<p><a href=\"https:\/\/www.frsn.utn.edu.ar\/wp-content\/uploads\/2025\/07\/Curso-502-INGLES-Inicial-2-Agusti.docx\" target=\"_blank\" rel=\"noreferrer noopener\">Ver programa\u2026<br><\/a>Prof. AGUSTI, Candela<br><\/p>\n\n\n\n<p>Curso 504 Intermedio: jueves de 14 a 16 hs<\/p>\n\n\n\n<p><a rel=\"noreferrer noopener\" href=\"https:\/\/www.frsn.utn.edu.ar\/wp-content\/uploads\/2025\/07\/Curso-504-Ingles-Intermedio.pdf\" target=\"_blank\">Ver programa\u2026<br><\/a>Prof. GENOVESI, Valeria<\/p>\n\n\n\n<p>Curso 505 intermedio: martes de 14,15 a 16,15 hs<\/p>\n\n\n\n<p><a rel=\"noreferrer noopener\" href=\"https:\/\/www.frsn.utn.edu.ar\/wp-content\/uploads\/2025\/07\/Curso-505-INGLES-INTERMEDIO-Agusti.docx\" target=\"_blank\">Ver programa\u2026<br><\/a>Prof. AGUSTI, Candela<\/p>\n\n\n\n<p>Curso 506 Intermedio: jueves de 14 a 16 hs<\/p>\n\n\n\n<p><a rel=\"noreferrer noopener\" href=\"https:\/\/www.frsn.utn.edu.ar\/wp-content\/uploads\/2025\/07\/Curso-506-Ingles-Intermedio-ENRICO.docx\" target=\"_blank\">Ver programa\u2026<br><\/a>Prof. ENRICO, Alejandra<\/p>\n\n\n\n<p>Curso 507 Intermedio: viernes de 9,30 a 11,30 hs<\/p>\n\n\n\n<p><a href=\"https:\/\/www.frsn.utn.edu.ar\/wp-content\/uploads\/2025\/07\/Curso-507-Ingles-Intermedio-ENRICO.docx\" target=\"_blank\" rel=\"noreferrer noopener\">Ver programa&#8230;<br><\/a>Prof. ENRICO, Alejandra<\/p>\n\n\n\n<ul>\n<li><strong>\u00c1REA IDIOMA ITALIANO continuaci\u00f3n del 1er Cuatrimestre<\/strong><\/li>\n<\/ul>\n\n\n\n<p>Curso 521 Inicial 1: lunes 9,30 a 11,30 hs<\/p>\n\n\n\n<p><a href=\"https:\/\/www.frsn.utn.edu.ar\/wp-content\/uploads\/2025\/07\/Curso-521-ITALIANO-Inicial-1-Perez-S.docx\" target=\"_blank\" rel=\"noreferrer noopener\">Ver programa\u2026<br><\/a>Prof. PEREZ, Serena<\/p>\n\n\n\n<p>Curso 522 Inicial 2: viernes 9,30 a 11,30 hs<\/p>\n\n\n\n<p><a href=\"https:\/\/www.frsn.utn.edu.ar\/wp-content\/uploads\/2025\/07\/Curso-522-ITALIANO-Inicial-2-Perez-S.docx\" target=\"_blank\" rel=\"noreferrer noopener\">Ver programa\u2026<br><\/a>Prof. PEREZ, Serena<\/p>\n\n\n\n<p>Curso 524 Inicial 3: jueves de 9 a 11 hs<\/p>\n\n\n\n<p><a href=\"https:\/\/www.frsn.utn.edu.ar\/wp-content\/uploads\/2025\/07\/Curso-524-ITALIANO-Inicial-3-Perez-S.docx\" target=\"_blank\" rel=\"noreferrer noopener\">Ver programa\u2026<br><\/a>Prof. PEREZ, Serena<\/p>\n\n\n\n<p>Curso 525 Intermedio: martes de 14 a 16 hs<\/p>\n\n\n\n<p><a href=\"https:\/\/www.frsn.utn.edu.ar\/wp-content\/uploads\/2025\/07\/Curso-525-Italiano-Intermedio-CLERICI.docx\" target=\"_blank\" rel=\"noreferrer noopener\">Ver programa\u2026<br><\/a>Prof. CLERICI Luisa<\/p>\n\n\n\n<p>Curso 526 Intermedio: mi\u00e9rcoles de 9:30 a 11:30 hs<\/p>\n\n\n\n<p><a href=\"https:\/\/www.frsn.utn.edu.ar\/wp-content\/uploads\/2025\/07\/Curso-526-ITALIANO-Intermedio-3-Perez-S.docx\" target=\"_blank\" rel=\"noreferrer noopener\">Ver programa\u2026<br><\/a>Prof. PEREZ, Serena<\/p>\n\n\n\n<p>Curso 527 Intermedio: jueves de 14 a 16 hs<\/p>\n\n\n\n<p><a href=\"https:\/\/www.frsn.utn.edu.ar\/wp-content\/uploads\/2025\/07\/Curso-527-ITALIANO-Intermedio-4-Perez-S.docx\" target=\"_blank\" rel=\"noreferrer noopener\">Ver programa\u2026<br><\/a>Prof. PEREZ, Serena<\/p>\n\n\n\n<ul>\n<li><strong>\u00c1REA IDIOMA FRANC\u00c9S continuaci\u00f3n del 1er Cuatrimestre<\/strong><\/li>\n<\/ul>\n\n\n\n<p>Curso 533 Intermedio: mi\u00e9rcoles de 14:30 a 16:30 hs<\/p>\n\n\n\n<p>Ver <a href=\"https:\/\/www.frsn.utn.edu.ar\/wp-content\/uploads\/2025\/07\/Curso-533-FRANCES-Intermedio.docx\" target=\"_blank\" rel=\"noreferrer noopener\">programa<\/a>\u2026<br>Prof. GARC\u00cdA Sof\u00eda<\/p>\n\n\n\n<hr class=\"wp-block-separator has-alpha-channel-opacity\"\/>\n\n\n\n<ul>\n<li><strong>\u00c1REA INFORM\u00c1TICA<\/strong><\/li>\n<\/ul>\n\n\n\n<p><strong>USO CELULARES ANDROID<br><\/strong>Curso 601: lunes 9,30 a 11,30 hs<\/p>\n\n\n\n<p>Ver <a href=\"https:\/\/www.frsn.utn.edu.ar\/wp-content\/uploads\/2025\/07\/Curso-601-Uso-de-celulares-Android-Menin.docx\" target=\"_blank\" rel=\"noreferrer noopener\">programa<\/a>\u2026<br>Prof. MENIN, Esteban Jos\u00e9<\/p>\n\n\n\n<p>Curso 602: martes de 14 a 16 hs<\/p>\n\n\n\n<p><a href=\"https:\/\/www.frsn.utn.edu.ar\/wp-content\/uploads\/2025\/07\/Curso-602-Uso-de-Celulares-Android-Filipelli.docx\" target=\"_blank\" rel=\"noreferrer noopener\">Ver programa\u2026<br><\/a>Prof. FILIPELLI, Taiel<\/p>\n\n\n\n<p><strong>TALLER DE FOTOGRAF\u00cdA CON SMARTPHONE: tu celular es una c\u00e1mara de foto<br><\/strong>Curso 604: mi\u00e9rcoles 14 a 16 hs<\/p>\n\n\n\n<p><a href=\"https:\/\/www.frsn.utn.edu.ar\/wp-content\/uploads\/2025\/07\/Curso-604-TALLER-DE-FOTOGRAFIA-CON-CELULAR.docx\" target=\"_blank\" rel=\"noreferrer noopener\">Ver programa\u2026<br><\/a>Prof. ABAD, Mariano<\/p>\n\n\n\n<hr class=\"wp-block-separator has-alpha-channel-opacity\"\/>\n\n\n\n<ul>\n<li><strong>\u00c1REA SALUD FISICA Y MENTAL <\/strong><\/li>\n<\/ul>\n\n\n\n<p><strong>MEMORIA SIEMPRE JOVEN<br><\/strong>Curso 701 Nivel 1: martes 14:30 a 16:30 hs NUEVO<\/p>\n\n\n\n<p><a href=\"https:\/\/www.frsn.utn.edu.ar\/wp-content\/uploads\/2025\/07\/Curso-701-MEMORIA-SIEMPRE-JOVEN-1.docx\" target=\"_blank\" rel=\"noreferrer noopener\">Ver programa\u2026<br><\/a>Curso 702 Nivel 2: mi\u00e9rcoles 14:30 a 16:30 hs<\/p>\n\n\n\n<p><a href=\"https:\/\/www.frsn.utn.edu.ar\/wp-content\/uploads\/2025\/07\/Curso-702-MEMORIA-SIEMPRE-JOVEN-2.docx\" target=\"_blank\" rel=\"noreferrer noopener\">Ver programa\u2026<br><\/a>Prof. BANDE, Alejandra<\/p>\n\n\n\n<p><strong>RECUERDOS Continuaci\u00f3n: Taller de Estimulaci\u00f3n Cognitiva<br><\/strong>Curso 703: martes de 9,30 a 11,30 hs<\/p>\n\n\n\n<p><a href=\"https:\/\/www.frsn.utn.edu.ar\/wp-content\/uploads\/2025\/07\/Curso-703-RECUERDOS.docx\" target=\"_blank\" rel=\"noreferrer noopener\">Ver programa\u2026<br><\/a>Prof. BONAVIDE, Mar\u00eda del Carmen<\/p>\n\n\n\n<p><strong>GIMNASIA DE FUERZA MUSCULAR Y MOVILIDAD GENERAL<br><\/strong>Curso 721: Mar y Jue de 10:20 a 11:20 hs<\/p>\n\n\n\n<p>Ver <a href=\"https:\/\/www.frsn.utn.edu.ar\/wp-content\/uploads\/2025\/07\/Curso-721-GIMNASIA-CARDIO.docx\" target=\"_blank\" rel=\"noreferrer noopener\">programa<\/a>\u2026<br>Prof. BALDARENAS, Jessica<\/p>\n\n\n\n<p><strong>GIMNASIA Y BAILE: actividades f\u00edsicas adaptadas<br><\/strong>Curso 722: mi\u00e9rcoles de 10 a 12 hs<\/p>\n\n\n\n<p><a href=\"https:\/\/www.frsn.utn.edu.ar\/wp-content\/uploads\/2025\/07\/Curso-722-GIMNASIA-Y-BAILE.docx\" target=\"_blank\" rel=\"noreferrer noopener\">Ver programa\u2026<br><\/a>Curso 723: mi\u00e9rcoles de 14:30 a 16:30 hs<\/p>\n\n\n\n<p><a href=\"https:\/\/www.frsn.utn.edu.ar\/wp-content\/uploads\/2025\/07\/Curso-723-GIMNASIA-Y-BAILE-actividades-fisicas-adaptadas.docx\" target=\"_blank\" rel=\"noreferrer noopener\">Ver programa\u2026<br><\/a>Prof. PRIMO, Laura<\/p>\n\n\n\n<p><strong>GYROKINESIS en silla: estimulaci\u00f3n de los sentidos a trav\u00e9s del movimiento<br><\/strong>Curso 724: lunes de 10 a 12 hs<\/p>\n\n\n\n<p><a href=\"https:\/\/www.frsn.utn.edu.ar\/wp-content\/uploads\/2025\/07\/Curso-724-GYROKINESIS-EN-SILLA.docx\" target=\"_blank\" rel=\"noreferrer noopener\">Ver programa\u2026<\/a><\/p>\n\n\n\n<p>Curso 725: lunes de 14.30 a 16.30 hs<\/p>\n\n\n\n<p><a href=\"https:\/\/www.frsn.utn.edu.ar\/wp-content\/uploads\/2025\/07\/Curso-725-GYROKINESIS-EN-SILLA.docx\" target=\"_blank\" rel=\"noreferrer noopener\">Ver programa\u2026<br><\/a>Prof. PRIMO, Laura<\/p>\n\n\n\n<p><strong>YOGA Y BIENESTAR<br><\/strong>Curso 732: martes y jueves de 9 a 10 hs<\/p>\n\n\n\n<p><a href=\"https:\/\/www.frsn.utn.edu.ar\/wp-content\/uploads\/2025\/07\/Curso-732-YOGA-Y-BIENESTAR.docx\" target=\"_blank\" rel=\"noreferrer noopener\">Ver programa\u2026<br><\/a>Curso 733: martes y jueves de 15,45 a 16,45 hs<\/p>\n\n\n\n<p><a href=\"https:\/\/www.frsn.utn.edu.ar\/wp-content\/uploads\/2025\/07\/Curso-733-YOGA-Y-BIENESTAR.docx\" target=\"_blank\" rel=\"noreferrer noopener\">Ver programa\u2026<br><\/a>Prof. HERRERA, Silvana<\/p>\n\n\n\n<p><strong>TALLER DE TAI CHI<br><\/strong>Curso 741: martes y jueves de 14:30 a 15:30 hs<\/p>\n\n\n\n<p><a href=\"https:\/\/www.frsn.utn.edu.ar\/wp-content\/uploads\/2025\/07\/Curso-741-TALLER-DE-TAI-CHI.docx\" target=\"_blank\" rel=\"noreferrer noopener\">Ver programa\u2026<br><\/a>Prof. FRITZLER, Fabiana<\/p>\n\n\n\n<p><\/p>\n\n\n\n<p><\/p>\n\n\n\n<p><\/p>\n\n\n\n<p><\/p>\n\n\n\n<p><\/p>\n\n\n\n<p><\/p>\n\n\n\n<p><\/p>\n\n\n\n<p><\/p>\n\n\n\n<p><\/p>\n\n\n\n<p><\/p>\n\n\n\n<p><\/p>\n\n\n\n<p><\/p>\n\n\n\n<p><\/p>\n\n\n\n<p><\/p>\n\n\n\n<p><\/p>\n\n\n\n<p><\/p>\n\n\n\n<p><\/p>\n\n\n\n<p><\/p>\n\n\n\n<p><\/p>\n","protected":false},"excerpt":{"rendered":"<p>Cursos del 2do CUATRIMESTRE 2025: del lunes 11 de agosto al viernes 28 de noviembre HISTORIA DEL ARTE: Un viaje en el tiempo: desde la prehistoria a las primeras civilizacionesCurso<\/p>\n","protected":false},"author":2,"featured_media":0,"parent":0,"menu_order":0,"comment_status":"closed","ping_status":"closed","template":"","meta":[],"_links":{"self":[{"href":"https:\/\/www.frsn.utn.edu.ar\/index.php?rest_route=\/wp\/v2\/pages\/3275"}],"collection":[{"href":"https:\/\/www.frsn.utn.edu.ar\/index.php?rest_route=\/wp\/v2\/pages"}],"about":[{"href":"https:\/\/www.frsn.utn.edu.ar\/index.php?rest_route=\/wp\/v2\/types\/page"}],"author":[{"embeddable":true,"href":"https:\/\/www.frsn.utn.edu.ar\/index.php?rest_route=\/wp\/v2\/users\/2"}],"replies":[{"embeddable":true,"href":"https:\/\/www.frsn.utn.edu.ar\/index.php?rest_route=%2Fwp%2Fv2%2Fcomments&post=3275"}],"version-history":[{"count":31,"href":"https:\/\/www.frsn.utn.edu.ar\/index.php?rest_route=\/wp\/v2\/pages\/3275\/revisions"}],"predecessor-version":[{"id":6021,"href":"https:\/\/www.frsn.utn.edu.ar\/index.php?rest_route=\/wp\/v2\/pages\/3275\/revisions\/6021"}],"wp:attachment":[{"href":"https:\/\/www.frsn.utn.edu.ar\/index.php?rest_route=%2Fwp%2Fv2%2Fmedia&parent=3275"}],"curies":[{"name":"wp","href":"https:\/\/api.w.org\/{rel}","templated":true}]}}