{"id":322,"date":"2018-11-08T14:02:23","date_gmt":"2018-11-08T17:02:23","guid":{"rendered":"https:\/\/frsnweb2.frsn.utn.edu.ar\/?page_id=322"},"modified":"2024-03-20T06:15:49","modified_gmt":"2024-03-20T09:15:49","slug":"practica-profesional-supervisada","status":"publish","type":"page","link":"https:\/\/www.frsn.utn.edu.ar\/?page_id=322","title":{"rendered":"Practica Profesional Supervisada"},"content":{"rendered":"\n<figure class=\"wp-block-table\"><table><tbody><tr><td>Se entiende como Pr\u00e1ctica Profesional Supervisada a la extensi\u00f3n org\u00e1nica de la Facultad Regional San Nicol\u00e1s en el \u00e1mbito de sectores productivos y\/o de servicios, o bien en proyectos concretos desarrollados por la instituci\u00f3n para sectores o en cooperaci\u00f3n con ellos, donde los alumnos realizar\u00e1n actividades formativas que lo acerquen al rol profesional, en donde aplicar\u00e1n integradamente los conocimientos adquiridos a trav\u00e9s de la formaci\u00f3n acad\u00e9mica relacionados con su especialidad. <\/td><\/tr><\/tbody><\/table><\/figure>\n\n\n\n<h4 class=\"wp-block-heading\">Material de descarga<\/h4>\n\n\n\n<h4 class=\"wp-block-heading\"><strong>Formularios<\/strong><\/h4>\n\n\n\n<h4 class=\"wp-block-heading\"><a href=\"https:\/\/www.frsn.utn.edu.ar\/wp-content\/uploads\/2019\/04\/formacreditacion.zip\">Acreditaci\u00f3n <\/a><br><a href=\"https:\/\/www.frsn.utn.edu.ar\/wp-content\/uploads\/2023\/08\/formrealizacion.zip\" target=\"_blank\" rel=\"noopener\" title=\"\">Realizaci\u00f3n <\/a><\/h4>\n\n\n\n<p><strong>Reglamento<\/strong><\/p>\n\n\n\n<div class=\"wp-block-file\"><object class=\"wp-block-file__embed\" data=\"https:\/\/www.frsn.utn.edu.ar\/wp-content\/uploads\/2024\/03\/0500-2023-RECD-Reglamento-Practica-Supervisada-1_compressed-1.pdf\" type=\"application\/pdf\" style=\"width:100%;height:600px\" aria-label=\"Incrustado de 0500-2023-RECD-Reglamento-Practica-Supervisada-1_compressed-1.\"><\/object><a id=\"wp-block-file--media-a1089cb4-3101-4659-bbb0-17bea2e31d15\" href=\"https:\/\/www.frsn.utn.edu.ar\/wp-content\/uploads\/2024\/03\/0500-2023-RECD-Reglamento-Practica-Supervisada-1_compressed-1.pdf\">0500-2023-RECD-Reglamento-Practica-Supervisada-1_compressed-1<\/a><a href=\"https:\/\/www.frsn.utn.edu.ar\/wp-content\/uploads\/2024\/03\/0500-2023-RECD-Reglamento-Practica-Supervisada-1_compressed-1.pdf\" class=\"wp-block-file__button wp-element-button\" download aria-describedby=\"wp-block-file--media-a1089cb4-3101-4659-bbb0-17bea2e31d15\">Descarga<\/a><\/div>\n","protected":false},"excerpt":{"rendered":"<p>Se entiende como Pr\u00e1ctica Profesional Supervisada a la extensi\u00f3n org\u00e1nica de la Facultad Regional San Nicol\u00e1s en el \u00e1mbito de sectores productivos y\/o de servicios, o bien en proyectos concretos<\/p>\n","protected":false},"author":2,"featured_media":2462,"parent":267,"menu_order":0,"comment_status":"closed","ping_status":"closed","template":"","meta":[],"_links":{"self":[{"href":"https:\/\/www.frsn.utn.edu.ar\/index.php?rest_route=\/wp\/v2\/pages\/322"}],"collection":[{"href":"https:\/\/www.frsn.utn.edu.ar\/index.php?rest_route=\/wp\/v2\/pages"}],"about":[{"href":"https:\/\/www.frsn.utn.edu.ar\/index.php?rest_route=\/wp\/v2\/types\/page"}],"author":[{"embeddable":true,"href":"https:\/\/www.frsn.utn.edu.ar\/index.php?rest_route=\/wp\/v2\/users\/2"}],"replies":[{"embeddable":true,"href":"https:\/\/www.frsn.utn.edu.ar\/index.php?rest_route=%2Fwp%2Fv2%2Fcomments&post=322"}],"version-history":[{"count":7,"href":"https:\/\/www.frsn.utn.edu.ar\/index.php?rest_route=\/wp\/v2\/pages\/322\/revisions"}],"predecessor-version":[{"id":4289,"href":"https:\/\/www.frsn.utn.edu.ar\/index.php?rest_route=\/wp\/v2\/pages\/322\/revisions\/4289"}],"up":[{"embeddable":true,"href":"https:\/\/www.frsn.utn.edu.ar\/index.php?rest_route=\/wp\/v2\/pages\/267"}],"wp:featuredmedia":[{"embeddable":true,"href":"https:\/\/www.frsn.utn.edu.ar\/index.php?rest_route=\/wp\/v2\/media\/2462"}],"wp:attachment":[{"href":"https:\/\/www.frsn.utn.edu.ar\/index.php?rest_route=%2Fwp%2Fv2%2Fmedia&parent=322"}],"curies":[{"name":"wp","href":"https:\/\/api.w.org\/{rel}","templated":true}]}}