{"id":320,"date":"2018-11-08T14:02:04","date_gmt":"2018-11-08T17:02:04","guid":{"rendered":"https:\/\/frsnweb2.frsn.utn.edu.ar\/?page_id=320"},"modified":"2026-03-30T12:14:03","modified_gmt":"2026-03-30T15:14:03","slug":"deportes","status":"publish","type":"page","link":"https:\/\/www.frsn.utn.edu.ar\/?page_id=320","title":{"rendered":"Deportes"},"content":{"rendered":"\n<p>La Secretar\u00eda de Estudiantes, a trav\u00e9s de su \u00e1rea de Deportes, fomenta una pol\u00edtica de incentivo al ejercicio f\u00edsico y la recreaci\u00f3n, buscando una mayor integraci\u00f3n del estudiante y promoviendo habilidades grupales, el trabajo en equipo y el compa\u00f1erismo. Sabemos que estos valores son altamente valorados en el \u00e1mbito laboral, y por eso trabajamos constantemente en fortalecerlos.<\/p>\n\n\n\n<p>La Facultad impulsa el desarrollo integral de sus estudiantes mediante la pr\u00e1ctica deportiva, ofreciendo las siguientes disciplinas:<\/p>\n\n\n\n<ul>\n<li>Ajedrez<\/li>\n\n\n\n<li>F\u00fatbol Masculino<\/li>\n\n\n\n<li>F\u00fatbol Femenino<\/li>\n\n\n\n<li>V\u00f3ley Masculino<\/li>\n\n\n\n<li>V\u00f3ley Femenino<\/li>\n\n\n\n<li>B\u00e1squet Masculino<\/li>\n\n\n\n<li>B\u00e1squet Femenino<\/li>\n\n\n\n<li>Handball Masculino<\/li>\n\n\n\n<li>Handball Femenino<\/li>\n\n\n\n<li>E-Sports<\/li>\n<\/ul>\n\n\n\n<p>Asimismo, la Secretar\u00eda acompa\u00f1a a los estudiantes que representan a la Facultad en torneos y competencias locales y regionales, fortaleciendo el sentido de pertenencia institucional.<\/p>\n\n\n\n<p>Complementariamente, se desarrollan actividades vinculadas a la salud y el deporte, abordando tem\u00e1ticas como primeros auxilios, RCP y prevenci\u00f3n de adicciones relacionadas con la pr\u00e1ctica deportiva, promoviendo una formaci\u00f3n responsable y consciente.<\/p>\n\n\n\n<figure class=\"wp-block-image size-large\"><img decoding=\"async\" loading=\"lazy\" width=\"1024\" height=\"724\" src=\"https:\/\/www.frsn.utn.edu.ar\/wp-content\/uploads\/2026\/03\/WhatsApp-Image-2026-03-25-at-9.38.55-AM-1024x724.jpeg\" alt=\"\" class=\"wp-image-6775\" srcset=\"https:\/\/www.frsn.utn.edu.ar\/wp-content\/uploads\/2026\/03\/WhatsApp-Image-2026-03-25-at-9.38.55-AM-1024x724.jpeg 1024w, https:\/\/www.frsn.utn.edu.ar\/wp-content\/uploads\/2026\/03\/WhatsApp-Image-2026-03-25-at-9.38.55-AM-300x212.jpeg 300w, https:\/\/www.frsn.utn.edu.ar\/wp-content\/uploads\/2026\/03\/WhatsApp-Image-2026-03-25-at-9.38.55-AM-768x543.jpeg 768w, https:\/\/www.frsn.utn.edu.ar\/wp-content\/uploads\/2026\/03\/WhatsApp-Image-2026-03-25-at-9.38.55-AM-1536x1086.jpeg 1536w, https:\/\/www.frsn.utn.edu.ar\/wp-content\/uploads\/2026\/03\/WhatsApp-Image-2026-03-25-at-9.38.55-AM.jpeg 1600w\" sizes=\"(max-width: 1024px) 100vw, 1024px\" \/><\/figure>\n\n\n\n<p><\/p>\n\n\n\n<p><\/p>\n\n\n\n<p><\/p>\n","protected":false},"excerpt":{"rendered":"<p>La Secretar\u00eda de Estudiantes, a trav\u00e9s de su \u00e1rea de Deportes, fomenta una pol\u00edtica de incentivo al ejercicio f\u00edsico y la recreaci\u00f3n, buscando una mayor integraci\u00f3n del estudiante y promoviendo<\/p>\n","protected":false},"author":2,"featured_media":4414,"parent":267,"menu_order":0,"comment_status":"closed","ping_status":"closed","template":"","meta":[],"_links":{"self":[{"href":"https:\/\/www.frsn.utn.edu.ar\/index.php?rest_route=\/wp\/v2\/pages\/320"}],"collection":[{"href":"https:\/\/www.frsn.utn.edu.ar\/index.php?rest_route=\/wp\/v2\/pages"}],"about":[{"href":"https:\/\/www.frsn.utn.edu.ar\/index.php?rest_route=\/wp\/v2\/types\/page"}],"author":[{"embeddable":true,"href":"https:\/\/www.frsn.utn.edu.ar\/index.php?rest_route=\/wp\/v2\/users\/2"}],"replies":[{"embeddable":true,"href":"https:\/\/www.frsn.utn.edu.ar\/index.php?rest_route=%2Fwp%2Fv2%2Fcomments&post=320"}],"version-history":[{"count":12,"href":"https:\/\/www.frsn.utn.edu.ar\/index.php?rest_route=\/wp\/v2\/pages\/320\/revisions"}],"predecessor-version":[{"id":6776,"href":"https:\/\/www.frsn.utn.edu.ar\/index.php?rest_route=\/wp\/v2\/pages\/320\/revisions\/6776"}],"up":[{"embeddable":true,"href":"https:\/\/www.frsn.utn.edu.ar\/index.php?rest_route=\/wp\/v2\/pages\/267"}],"wp:featuredmedia":[{"embeddable":true,"href":"https:\/\/www.frsn.utn.edu.ar\/index.php?rest_route=\/wp\/v2\/media\/4414"}],"wp:attachment":[{"href":"https:\/\/www.frsn.utn.edu.ar\/index.php?rest_route=%2Fwp%2Fv2%2Fmedia&parent=320"}],"curies":[{"name":"wp","href":"https:\/\/api.w.org\/{rel}","templated":true}]}}